{"id":37289,"date":"2025-03-25T01:09:15","date_gmt":"2025-03-25T04:09:15","guid":{"rendered":"https:\/\/faacz.com.br\/portal\/?page_id=37289"},"modified":"2025-03-26T20:01:48","modified_gmt":"2025-03-26T23:01:48","slug":"edicoes","status":"publish","type":"page","link":"https:\/\/faacz.com.br\/portal\/edicoes\/","title":{"rendered":"Edi\u00e7\u00f5es"},"content":{"rendered":"\t\t<div data-elementor-type=\"wp-page\" data-elementor-id=\"37289\" class=\"elementor elementor-37289\" data-elementor-settings=\"{&quot;ha_cmc_init_switcher&quot;:&quot;no&quot;}\" data-elementor-post-type=\"page\">\n\t\t\t\t<div class=\"elementor-element elementor-element-e42afb1 e-con-full e-flex wpr-particle-no wpr-jarallax-no wpr-parallax-no wpr-sticky-section-no e-con e-parent\" data-id=\"e42afb1\" data-element_type=\"container\" data-settings=\"{&quot;background_background&quot;:&quot;classic&quot;}\">\n\t\t<div class=\"elementor-element elementor-element-5186b5d e-flex e-con-boxed wpr-particle-no wpr-jarallax-no wpr-parallax-no wpr-sticky-section-no e-con e-child\" data-id=\"5186b5d\" data-element_type=\"container\">\n\t\t\t\t\t<div class=\"e-con-inner\">\n\t\t<div class=\"elementor-element elementor-element-57c4c44 e-con-full e-flex wpr-particle-no wpr-jarallax-no wpr-parallax-no wpr-sticky-section-no elementor-invisible e-con e-child\" data-id=\"57c4c44\" data-element_type=\"container\" data-settings=\"{&quot;animation&quot;:&quot;fadeInLeft&quot;}\">\n\t\t<div class=\"elementor-element elementor-element-b1f5afc e-flex e-con-boxed wpr-particle-no wpr-jarallax-no wpr-parallax-no wpr-sticky-section-no e-con e-child\" data-id=\"b1f5afc\" data-element_type=\"container\">\n\t\t\t\t\t<div class=\"e-con-inner\">\n\t\t\t\t<div class=\"elementor-element elementor-element-48b774c elementor-hidden-tablet elementor-widget elementor-widget-image\" data-id=\"48b774c\" data-element_type=\"widget\" data-widget_type=\"image.default\">\n\t\t\t\t<div class=\"elementor-widget-container\">\n\t\t\t\t\t\t\t\t\t\t\t\t\t\t\t<img decoding=\"async\" width=\"76\" height=\"36\" src=\"https:\/\/faacz.com.br\/portal\/wp-content\/uploads\/2025\/03\/logo_faacz_transp-2.png\" class=\"attachment-large size-large wp-image-36825\" alt=\"\" srcset=\"https:\/\/faacz.com.br\/portal\/wp-content\/uploads\/2025\/03\/logo_faacz_transp-2.png 76w, https:\/\/faacz.com.br\/portal\/wp-content\/uploads\/2025\/03\/logo_faacz_transp-2-24x11.png 24w, https:\/\/faacz.com.br\/portal\/wp-content\/uploads\/2025\/03\/logo_faacz_transp-2-36x17.png 36w, https:\/\/faacz.com.br\/portal\/wp-content\/uploads\/2025\/03\/logo_faacz_transp-2-48x23.png 48w\" sizes=\"(max-width: 76px) 100vw, 76px\" \/>\t\t\t\t\t\t\t\t\t\t\t\t\t\t\t<\/div>\n\t\t\t\t<\/div>\n\t\t\t\t<div class=\"elementor-element elementor-element-743f8cc elementor-widget__width-initial elementor-hidden-tablet elementor-widget elementor-widget-spacer\" data-id=\"743f8cc\" data-element_type=\"widget\" data-widget_type=\"spacer.default\">\n\t\t\t\t<div class=\"elementor-widget-container\">\n\t\t\t\t\t\t\t<div class=\"elementor-spacer\">\n\t\t\t<div class=\"elementor-spacer-inner\"><\/div>\n\t\t<\/div>\n\t\t\t\t\t\t<\/div>\n\t\t\t\t<\/div>\n\t\t\t\t<div class=\"elementor-element elementor-element-e1311a3 elementor-widget elementor-widget-heading\" data-id=\"e1311a3\" data-element_type=\"widget\" data-widget_type=\"heading.default\">\n\t\t\t\t<div class=\"elementor-widget-container\">\n\t\t\t\t\t<h2 class=\"elementor-heading-title elementor-size-default\">EDUTEC<\/h2>\t\t\t\t<\/div>\n\t\t\t\t<\/div>\n\t\t\t\t<div class=\"elementor-element elementor-element-4563eb3 elementor-hidden-desktop elementor-hidden-laptop elementor-hidden-tablet wpr-main-menu-align-left wpr-main-menu-align--laptopleft wpr-main-menu-align--tabletleft wpr-pointer-underline wpr-pointer-line-fx wpr-pointer-fx-fade wpr-sub-icon-caret-down wpr-sub-menu-fx-fade wpr-nav-menu-bp-mobile wpr-mobile-menu-full-width wpr-mobile-menu-item-align-center wpr-mobile-toggle-v1 wpr-sub-divider-yes wpr-mobile-divider-yes elementor-widget elementor-widget-wpr-nav-menu\" data-id=\"4563eb3\" data-element_type=\"widget\" data-settings=\"{&quot;menu_layout&quot;:&quot;horizontal&quot;}\" data-widget_type=\"wpr-nav-menu.default\">\n\t\t\t\t<div class=\"elementor-widget-container\">\n\t\t\t\t\t<nav class=\"wpr-nav-menu-container wpr-nav-menu-horizontal\" data-trigger=\"hover\"><ul id=\"menu-1-4563eb3\" class=\"wpr-nav-menu\"><li class=\"menu-item menu-item-type-post_type menu-item-object-page menu-item-37223\"><a href=\"https:\/\/faacz.com.br\/portal\/a-edutec\/\" class=\"wpr-menu-item wpr-pointer-item\">APRESENTA\u00c7\u00c3O<\/a><\/li>\n<li class=\"menu-item menu-item-type-post_type menu-item-object-page menu-item-37244\"><a href=\"https:\/\/faacz.com.br\/portal\/areas-tematicas\/\" class=\"wpr-menu-item wpr-pointer-item\">\u00c1REAS TEM\u00c1TICAS E CAMPOS DE ATUA\u00c7\u00c3O<\/a><\/li>\n<li class=\"menu-item menu-item-type-post_type menu-item-object-page menu-item-37293\"><a href=\"https:\/\/faacz.com.br\/portal\/edicoes\/\" class=\"wpr-menu-item wpr-pointer-item\">EDI\u00c7\u00d5ES<\/a><\/li>\n<li class=\"menu-item menu-item-type-post_type menu-item-object-page menu-item-37245\"><a href=\"https:\/\/faacz.com.br\/portal\/conselho-editorial\/\" class=\"wpr-menu-item wpr-pointer-item\">CONSELHO EDITORIAL<\/a><\/li>\n<li class=\"menu-item menu-item-type-post_type menu-item-object-page menu-item-37247\"><a href=\"https:\/\/faacz.com.br\/portal\/declaracao-de-missao\/\" class=\"wpr-menu-item wpr-pointer-item\">DECLARA\u00c7\u00c3O DE MISS\u00c3O<\/a><\/li>\n<li class=\"menu-item menu-item-type-post_type menu-item-object-page menu-item-37246\"><a href=\"https:\/\/faacz.com.br\/portal\/diretrizes-da-revista-edutec\/\" class=\"wpr-menu-item wpr-pointer-item\">DIRETRIZES DA REVISTA EDUTEC<\/a><\/li>\n<li class=\"menu-item menu-item-type-post_type menu-item-object-page menu-item-37243\"><a href=\"https:\/\/faacz.com.br\/portal\/procedimentos-de-revisao-da-revista-cientifica\/\" class=\"wpr-menu-item wpr-pointer-item\">PROCEDIMENTOS DE REVIS\u00c3O DE REVISTA CIENT\u00cdFICA<\/a><\/li>\n<li class=\"menu-item menu-item-type-post_type menu-item-object-page menu-item-37242\"><a href=\"https:\/\/faacz.com.br\/portal\/edital-fale-conosco\/\" class=\"wpr-menu-item wpr-pointer-item\">FALE CONOSCO<\/a><\/li>\n<\/ul><\/nav><nav class=\"wpr-mobile-nav-menu-container\"><div class=\"wpr-mobile-toggle-wrap\"><div class=\"wpr-mobile-toggle\"><span class=\"wpr-mobile-toggle-line\"><\/span><span class=\"wpr-mobile-toggle-line\"><\/span><span class=\"wpr-mobile-toggle-line\"><\/span><\/div><\/div><ul id=\"mobile-menu-2-4563eb3\" class=\"wpr-mobile-nav-menu\"><li class=\"menu-item menu-item-type-post_type menu-item-object-page menu-item-37223\"><a href=\"https:\/\/faacz.com.br\/portal\/a-edutec\/\" class=\"wpr-mobile-menu-item\">APRESENTA\u00c7\u00c3O<\/a><\/li>\n<li class=\"menu-item menu-item-type-post_type menu-item-object-page menu-item-37244\"><a href=\"https:\/\/faacz.com.br\/portal\/areas-tematicas\/\" class=\"wpr-mobile-menu-item\">\u00c1REAS TEM\u00c1TICAS E CAMPOS DE ATUA\u00c7\u00c3O<\/a><\/li>\n<li class=\"menu-item menu-item-type-post_type menu-item-object-page menu-item-37293\"><a href=\"https:\/\/faacz.com.br\/portal\/edicoes\/\" class=\"wpr-mobile-menu-item\">EDI\u00c7\u00d5ES<\/a><\/li>\n<li class=\"menu-item menu-item-type-post_type menu-item-object-page menu-item-37245\"><a href=\"https:\/\/faacz.com.br\/portal\/conselho-editorial\/\" class=\"wpr-mobile-menu-item\">CONSELHO EDITORIAL<\/a><\/li>\n<li class=\"menu-item menu-item-type-post_type menu-item-object-page menu-item-37247\"><a href=\"https:\/\/faacz.com.br\/portal\/declaracao-de-missao\/\" class=\"wpr-mobile-menu-item\">DECLARA\u00c7\u00c3O DE MISS\u00c3O<\/a><\/li>\n<li class=\"menu-item menu-item-type-post_type menu-item-object-page menu-item-37246\"><a href=\"https:\/\/faacz.com.br\/portal\/diretrizes-da-revista-edutec\/\" class=\"wpr-mobile-menu-item\">DIRETRIZES DA REVISTA EDUTEC<\/a><\/li>\n<li class=\"menu-item menu-item-type-post_type menu-item-object-page menu-item-37243\"><a href=\"https:\/\/faacz.com.br\/portal\/procedimentos-de-revisao-da-revista-cientifica\/\" class=\"wpr-mobile-menu-item\">PROCEDIMENTOS DE REVIS\u00c3O DE REVISTA CIENT\u00cdFICA<\/a><\/li>\n<li class=\"menu-item menu-item-type-post_type menu-item-object-page menu-item-37242\"><a href=\"https:\/\/faacz.com.br\/portal\/edital-fale-conosco\/\" class=\"wpr-mobile-menu-item\">FALE CONOSCO<\/a><\/li>\n<\/ul><\/nav>\t\t\t\t<\/div>\n\t\t\t\t<\/div>\n\t\t\t\t\t<\/div>\n\t\t\t\t<\/div>\n\t\t<div class=\"elementor-element elementor-element-4b34aa2 elementor-hidden-tablet elementor-hidden-mobile e-flex e-con-boxed wpr-particle-no wpr-jarallax-no wpr-parallax-no wpr-sticky-section-no e-con e-child\" data-id=\"4b34aa2\" data-element_type=\"container\" data-settings=\"{&quot;background_background&quot;:&quot;classic&quot;}\">\n\t\t\t\t\t<div class=\"e-con-inner\">\n\t\t\t\t<div class=\"elementor-element elementor-element-543ec31 elementor-position-left elementor-view-default elementor-mobile-position-top elementor-widget elementor-widget-icon-box\" data-id=\"543ec31\" data-element_type=\"widget\" data-widget_type=\"icon-box.default\">\n\t\t\t\t<div class=\"elementor-widget-container\">\n\t\t\t\t\t\t\t<div class=\"elementor-icon-box-wrapper\">\n\n\t\t\t\t\t\t<div class=\"elementor-icon-box-icon\">\n\t\t\t\t<span  class=\"elementor-icon\">\n\t\t\t\t<svg aria-hidden=\"true\" class=\"e-font-icon-svg e-fas-bell\" viewBox=\"0 0 448 512\" xmlns=\"http:\/\/www.w3.org\/2000\/svg\"><path d=\"M224 512c35.32 0 63.97-28.65 63.97-64H160.03c0 35.35 28.65 64 63.97 64zm215.39-149.71c-19.32-20.76-55.47-51.99-55.47-154.29 0-77.7-54.48-139.9-127.94-155.16V32c0-17.67-14.32-32-31.98-32s-31.98 14.33-31.98 32v20.84C118.56 68.1 64.08 130.3 64.08 208c0 102.3-36.15 133.53-55.47 154.29-6 6.45-8.66 14.16-8.61 21.71.11 16.4 12.98 32 32.1 32h383.8c19.12 0 32-15.6 32.1-32 .05-7.55-2.61-15.27-8.61-21.71z\"><\/path><\/svg>\t\t\t\t<\/span>\n\t\t\t<\/div>\n\t\t\t\n\t\t\t\t\t\t<div class=\"elementor-icon-box-content\">\n\n\t\t\t\t\t\t\t\t\t<h3 class=\"elementor-icon-box-title\">\n\t\t\t\t\t\t<span  >\n\t\t\t\t\t\t\tNenhuma nota dispon\u00edvel\t\t\t\t\t\t<\/span>\n\t\t\t\t\t<\/h3>\n\t\t\t\t\n\t\t\t\t\n\t\t\t<\/div>\n\t\t\t\n\t\t<\/div>\n\t\t\t\t\t\t<\/div>\n\t\t\t\t<\/div>\n\t\t\t\t\t<\/div>\n\t\t\t\t<\/div>\n\t\t<div class=\"elementor-element elementor-element-f6e6726 elementor-hidden-mobile e-flex e-con-boxed wpr-particle-no wpr-jarallax-no wpr-parallax-no wpr-sticky-section-no e-con e-child\" data-id=\"f6e6726\" data-element_type=\"container\">\n\t\t\t\t\t<div class=\"e-con-inner\">\n\t\t\t\t<div class=\"elementor-element elementor-element-a411c69 elementor-widget elementor-widget-jet-custom-menu\" data-id=\"a411c69\" data-element_type=\"widget\" data-widget_type=\"jet-custom-menu.default\">\n\t\t\t\t<div class=\"elementor-widget-container\">\n\t\t\t\t\t<div class=\"menu-menu-edutec-container\"><div class=\"jet-custom-nav jet-custom-nav--dropdown-right-side jet-custom-nav--animation-fade\"><div class=\"menu-item menu-item-type-post_type menu-item-object-page jet-custom-nav__item jet-custom-nav__item-37223\"><a href=\"https:\/\/faacz.com.br\/portal\/a-edutec\/\" class=\"jet-custom-nav__item-link\"><span class=\"jet-menu-link-text\"><span class=\"jet-custom-item-label top-level-label\">APRESENTA\u00c7\u00c3O<\/span><\/span><\/a><\/div>\n<div class=\"menu-item menu-item-type-post_type menu-item-object-page jet-custom-nav__item jet-custom-nav__item-37244\"><a href=\"https:\/\/faacz.com.br\/portal\/areas-tematicas\/\" class=\"jet-custom-nav__item-link\"><span class=\"jet-menu-link-text\"><span class=\"jet-custom-item-label top-level-label\">\u00c1REAS TEM\u00c1TICAS E CAMPOS DE ATUA\u00c7\u00c3O<\/span><\/span><\/a><\/div>\n<div class=\"menu-item menu-item-type-post_type menu-item-object-page jet-custom-nav__item jet-custom-nav__item-37293\"><a href=\"https:\/\/faacz.com.br\/portal\/edicoes\/\" class=\"jet-custom-nav__item-link\"><span class=\"jet-menu-link-text\"><span class=\"jet-custom-item-label top-level-label\">EDI\u00c7\u00d5ES<\/span><\/span><\/a><\/div>\n<div class=\"menu-item menu-item-type-post_type menu-item-object-page jet-custom-nav__item jet-custom-nav__item-37245\"><a href=\"https:\/\/faacz.com.br\/portal\/conselho-editorial\/\" class=\"jet-custom-nav__item-link\"><span class=\"jet-menu-link-text\"><span class=\"jet-custom-item-label top-level-label\">CONSELHO EDITORIAL<\/span><\/span><\/a><\/div>\n<div class=\"menu-item menu-item-type-post_type menu-item-object-page jet-custom-nav__item jet-custom-nav__item-37247\"><a href=\"https:\/\/faacz.com.br\/portal\/declaracao-de-missao\/\" class=\"jet-custom-nav__item-link\"><span class=\"jet-menu-link-text\"><span class=\"jet-custom-item-label top-level-label\">DECLARA\u00c7\u00c3O DE MISS\u00c3O<\/span><\/span><\/a><\/div>\n<div class=\"menu-item menu-item-type-post_type menu-item-object-page jet-custom-nav__item jet-custom-nav__item-37246\"><a href=\"https:\/\/faacz.com.br\/portal\/diretrizes-da-revista-edutec\/\" class=\"jet-custom-nav__item-link\"><span class=\"jet-menu-link-text\"><span class=\"jet-custom-item-label top-level-label\">DIRETRIZES DA REVISTA EDUTEC<\/span><\/span><\/a><\/div>\n<div class=\"menu-item menu-item-type-post_type menu-item-object-page jet-custom-nav__item jet-custom-nav__item-37243\"><a href=\"https:\/\/faacz.com.br\/portal\/procedimentos-de-revisao-da-revista-cientifica\/\" class=\"jet-custom-nav__item-link\"><span class=\"jet-menu-link-text\"><span class=\"jet-custom-item-label top-level-label\">PROCEDIMENTOS DE REVIS\u00c3O DE REVISTA CIENT\u00cdFICA<\/span><\/span><\/a><\/div>\n<div class=\"menu-item menu-item-type-post_type menu-item-object-page jet-custom-nav__item jet-custom-nav__item-37242\"><a href=\"https:\/\/faacz.com.br\/portal\/edital-fale-conosco\/\" class=\"jet-custom-nav__item-link\"><span class=\"jet-menu-link-text\"><span class=\"jet-custom-item-label top-level-label\">FALE CONOSCO<\/span><\/span><\/a><\/div>\n<\/div><\/div>\t\t\t\t<\/div>\n\t\t\t\t<\/div>\n\t\t\t\t\t<\/div>\n\t\t\t\t<\/div>\n\t\t<div class=\"elementor-element elementor-element-731771d elementor-hidden-tablet elementor-hidden-mobile e-flex e-con-boxed wpr-particle-no wpr-jarallax-no wpr-parallax-no wpr-sticky-section-no e-con e-child\" data-id=\"731771d\" data-element_type=\"container\">\n\t\t\t\t\t<div class=\"e-con-inner\">\n\t\t\t\t<div class=\"elementor-element elementor-element-1c43009 elementor-widget__width-initial elementor-widget elementor-widget-text-editor\" data-id=\"1c43009\" data-element_type=\"widget\" data-widget_type=\"text-editor.default\">\n\t\t\t\t<div class=\"elementor-widget-container\">\n\t\t\t\t\t\t\t\t\t<p>FAACZ &#8211; Faculdades Integradas\u00a0de Aracruz &#8211; Tel.: (27) 3302-8000<\/p>\t\t\t\t\t\t\t\t<\/div>\n\t\t\t\t<\/div>\n\t\t\t\t\t<\/div>\n\t\t\t\t<\/div>\n\t\t\t\t<\/div>\n\t\t<div class=\"elementor-element elementor-element-9225f32 e-flex e-con-boxed wpr-particle-no wpr-jarallax-no wpr-parallax-no wpr-sticky-section-no elementor-invisible e-con e-child\" data-id=\"9225f32\" data-element_type=\"container\" data-settings=\"{&quot;background_background&quot;:&quot;classic&quot;,&quot;animation&quot;:&quot;fadeInRight&quot;}\">\n\t\t\t\t\t<div class=\"e-con-inner\">\n\t\t\t\t<div class=\"elementor-element elementor-element-6ad34fd elementor-invisible elementor-widget elementor-widget-heading\" data-id=\"6ad34fd\" data-element_type=\"widget\" data-settings=\"{&quot;_animation&quot;:&quot;fadeInDown&quot;}\" data-widget_type=\"heading.default\">\n\t\t\t\t<div class=\"elementor-widget-container\">\n\t\t\t\t\t<h2 class=\"elementor-heading-title elementor-size-default\">Edi\u00e7\u00f5es<\/h2>\t\t\t\t<\/div>\n\t\t\t\t<\/div>\n\t\t<div class=\"elementor-element elementor-element-b4bf12f e-grid e-con-boxed wpr-particle-no wpr-jarallax-no wpr-parallax-no wpr-sticky-section-no elementor-invisible e-con e-child\" data-id=\"b4bf12f\" data-element_type=\"container\" data-settings=\"{&quot;animation&quot;:&quot;fadeInUp&quot;,&quot;animation_delay&quot;:250}\">\n\t\t\t\t\t<div class=\"e-con-inner\">\n\t\t\t\t<div class=\"elementor-element elementor-element-d7baad1 elementor-widget elementor-widget-eael-creative-button\" data-id=\"d7baad1\" data-element_type=\"widget\" data-widget_type=\"eael-creative-button.default\">\n\t\t\t\t<div class=\"elementor-widget-container\">\n\t\t\t\t\t        <div class=\"eael-creative-button-wrapper\">\n\n            <a class=\"eael-creative-button eael-creative-button--default\" href=\"#\" data-text=\"\">\n            \t    \n                <div class=\"creative-button-inner\">\n\n                    \n                    <span class=\"cretive-button-text\">Ano 2018 - n\u00ba 01<\/span>\n\n                                            <span class=\"eael-creative-button-icon-right\"><i aria-hidden=\"true\" class=\"hm hm-download\"><\/i><\/span>                                    <\/div>\n\t                        <\/a>\n        <\/div>\n        \t\t\t\t<\/div>\n\t\t\t\t<\/div>\n\t\t\t\t<div class=\"elementor-element elementor-element-06c3003 elementor-widget elementor-widget-eael-creative-button\" data-id=\"06c3003\" data-element_type=\"widget\" data-widget_type=\"eael-creative-button.default\">\n\t\t\t\t<div class=\"elementor-widget-container\">\n\t\t\t\t\t        <div class=\"eael-creative-button-wrapper\">\n\n            <a class=\"eael-creative-button eael-creative-button--default\" href=\"#\" data-text=\"\">\n            \t    \n                <div class=\"creative-button-inner\">\n\n                    \n                    <span class=\"cretive-button-text\">Ano 2017 - n\u00ba 01<\/span>\n\n                                            <span class=\"eael-creative-button-icon-right\"><i aria-hidden=\"true\" class=\"hm hm-download\"><\/i><\/span>                                    <\/div>\n\t                        <\/a>\n        <\/div>\n        \t\t\t\t<\/div>\n\t\t\t\t<\/div>\n\t\t\t\t<div class=\"elementor-element elementor-element-ebb52fc elementor-widget elementor-widget-eael-creative-button\" data-id=\"ebb52fc\" data-element_type=\"widget\" data-widget_type=\"eael-creative-button.default\">\n\t\t\t\t<div class=\"elementor-widget-container\">\n\t\t\t\t\t        <div class=\"eael-creative-button-wrapper\">\n\n            <a class=\"eael-creative-button eael-creative-button--default\" href=\"#\" data-text=\"\">\n            \t    \n                <div class=\"creative-button-inner\">\n\n                    \n                    <span class=\"cretive-button-text\">Ano 2016 - n\u00ba 01<\/span>\n\n                                            <span class=\"eael-creative-button-icon-right\"><i aria-hidden=\"true\" class=\"hm hm-download\"><\/i><\/span>                                    <\/div>\n\t                        <\/a>\n        <\/div>\n        \t\t\t\t<\/div>\n\t\t\t\t<\/div>\n\t\t\t\t<div class=\"elementor-element elementor-element-88888a9 elementor-widget elementor-widget-eael-creative-button\" data-id=\"88888a9\" data-element_type=\"widget\" data-widget_type=\"eael-creative-button.default\">\n\t\t\t\t<div class=\"elementor-widget-container\">\n\t\t\t\t\t        <div class=\"eael-creative-button-wrapper\">\n\n            <a class=\"eael-creative-button eael-creative-button--default\" href=\"#\" data-text=\"\">\n            \t    \n                <div class=\"creative-button-inner\">\n\n                    \n                    <span class=\"cretive-button-text\">Ano 2014 - n\u00ba 01<\/span>\n\n                                            <span class=\"eael-creative-button-icon-right\"><i aria-hidden=\"true\" class=\"hm hm-download\"><\/i><\/span>                                    <\/div>\n\t                        <\/a>\n        <\/div>\n        \t\t\t\t<\/div>\n\t\t\t\t<\/div>\n\t\t\t\t<div class=\"elementor-element elementor-element-9f1c6ca elementor-widget elementor-widget-eael-creative-button\" data-id=\"9f1c6ca\" data-element_type=\"widget\" data-widget_type=\"eael-creative-button.default\">\n\t\t\t\t<div class=\"elementor-widget-container\">\n\t\t\t\t\t        <div class=\"eael-creative-button-wrapper\">\n\n            <a class=\"eael-creative-button eael-creative-button--default\" href=\"#\" data-text=\"\">\n            \t    \n                <div class=\"creative-button-inner\">\n\n                    \n                    <span class=\"cretive-button-text\">Ano 2006 - n\u00ba 02<\/span>\n\n                                            <span class=\"eael-creative-button-icon-right\"><i aria-hidden=\"true\" class=\"hm hm-download\"><\/i><\/span>                                    <\/div>\n\t                        <\/a>\n        <\/div>\n        \t\t\t\t<\/div>\n\t\t\t\t<\/div>\n\t\t\t\t<div class=\"elementor-element elementor-element-1ffa602 elementor-widget elementor-widget-eael-creative-button\" data-id=\"1ffa602\" data-element_type=\"widget\" data-widget_type=\"eael-creative-button.default\">\n\t\t\t\t<div class=\"elementor-widget-container\">\n\t\t\t\t\t        <div class=\"eael-creative-button-wrapper\">\n\n            <a class=\"eael-creative-button eael-creative-button--default\" href=\"#\" data-text=\"\">\n            \t    \n                <div class=\"creative-button-inner\">\n\n                    \n                    <span class=\"cretive-button-text\">Ano 2006 - n\u00ba 01<\/span>\n\n                                            <span class=\"eael-creative-button-icon-right\"><i aria-hidden=\"true\" class=\"hm hm-download\"><\/i><\/span>                                    <\/div>\n\t                        <\/a>\n        <\/div>\n        \t\t\t\t<\/div>\n\t\t\t\t<\/div>\n\t\t\t\t<div class=\"elementor-element elementor-element-179b3aa elementor-widget elementor-widget-eael-creative-button\" data-id=\"179b3aa\" data-element_type=\"widget\" data-widget_type=\"eael-creative-button.default\">\n\t\t\t\t<div class=\"elementor-widget-container\">\n\t\t\t\t\t        <div class=\"eael-creative-button-wrapper\">\n\n            <a class=\"eael-creative-button eael-creative-button--default\" href=\"#\" data-text=\"\">\n            \t    \n                <div class=\"creative-button-inner\">\n\n                    \n                    <span class=\"cretive-button-text\">Ano 2005 - n\u00ba 02<\/span>\n\n                                            <span class=\"eael-creative-button-icon-right\"><i aria-hidden=\"true\" class=\"hm hm-download\"><\/i><\/span>                                    <\/div>\n\t                        <\/a>\n        <\/div>\n        \t\t\t\t<\/div>\n\t\t\t\t<\/div>\n\t\t\t\t<div class=\"elementor-element elementor-element-699fd0b elementor-widget elementor-widget-eael-creative-button\" data-id=\"699fd0b\" data-element_type=\"widget\" data-widget_type=\"eael-creative-button.default\">\n\t\t\t\t<div class=\"elementor-widget-container\">\n\t\t\t\t\t        <div class=\"eael-creative-button-wrapper\">\n\n            <a class=\"eael-creative-button eael-creative-button--default\" href=\"#\" data-text=\"\">\n            \t    \n                <div class=\"creative-button-inner\">\n\n                    \n                    <span class=\"cretive-button-text\">Ano 2005 - n\u00ba 01<\/span>\n\n                                            <span class=\"eael-creative-button-icon-right\"><i aria-hidden=\"true\" class=\"hm hm-download\"><\/i><\/span>                                    <\/div>\n\t                        <\/a>\n        <\/div>\n        \t\t\t\t<\/div>\n\t\t\t\t<\/div>\n\t\t\t\t\t<\/div>\n\t\t\t\t<\/div>\n\t\t\t\t\t<\/div>\n\t\t\t\t<\/div>\n\t\t\t\t\t<\/div>\n\t\t\t\t<\/div>\n\t\t\t\t<\/div>\n\t\t\t\t<\/div>\n\t\t","protected":false},"excerpt":{"rendered":"<p>EDUTEC APRESENTA\u00c7\u00c3O \u00c1REAS TEM\u00c1TICAS E CAMPOS DE ATUA\u00c7\u00c3O EDI\u00c7\u00d5ES CONSELHO EDITORIAL DECLARA\u00c7\u00c3O DE MISS\u00c3O DIRETRIZES DA REVISTA EDUTEC PROCEDIMENTOS DE REVIS\u00c3O DE REVISTA CIENT\u00cdFICA FALE CONOSCO APRESENTA\u00c7\u00c3O \u00c1REAS TEM\u00c1TICAS E CAMPOS DE ATUA\u00c7\u00c3O EDI\u00c7\u00d5ES CONSELHO EDITORIAL DECLARA\u00c7\u00c3O DE MISS\u00c3O DIRETRIZES DA REVISTA EDUTEC PROCEDIMENTOS DE REVIS\u00c3O DE REVISTA CIENT\u00cdFICA FALE CONOSCO Nenhuma nota dispon\u00edvel APRESENTA\u00c7\u00c3O \u00c1REAS TEM\u00c1TICAS E CAMPOS DE ATUA\u00c7\u00c3O EDI\u00c7\u00d5ES CONSELHO EDITORIAL DECLARA\u00c7\u00c3O DE MISS\u00c3O DIRETRIZES DA REVISTA EDUTEC PROCEDIMENTOS DE REVIS\u00c3O DE REVISTA CIENT\u00cdFICA FALE CONOSCO FAACZ &#8211; Faculdades Integradas\u00a0de Aracruz &#8211; Tel.: (27) 3302-8000 Edi\u00e7\u00f5es Ano 2018 &#8211; n\u00ba 01 Ano 2017 &#8211; n\u00ba 01 Ano 2016 &#8211; n\u00ba 01 Ano 2014 &#8211; n\u00ba 01 Ano 2006 &#8211; n\u00ba 02 Ano 2006 &#8211; n\u00ba 01 Ano 2005 &#8211; n\u00ba 02 Ano 2005 &#8211; n\u00ba 01<\/p>\n","protected":false},"author":8,"featured_media":0,"parent":0,"menu_order":3,"comment_status":"closed","ping_status":"closed","template":"","meta":{"_exactmetrics_skip_tracking":false,"_exactmetrics_sitenote_active":false,"_exactmetrics_sitenote_note":"","_exactmetrics_sitenote_category":0,"footnotes":""},"class_list":["post-37289","page","type-page","status-publish","hentry"],"aioseo_notices":[],"_links":{"self":[{"href":"https:\/\/faacz.com.br\/portal\/wp-json\/wp\/v2\/pages\/37289"}],"collection":[{"href":"https:\/\/faacz.com.br\/portal\/wp-json\/wp\/v2\/pages"}],"about":[{"href":"https:\/\/faacz.com.br\/portal\/wp-json\/wp\/v2\/types\/page"}],"author":[{"embeddable":true,"href":"https:\/\/faacz.com.br\/portal\/wp-json\/wp\/v2\/users\/8"}],"replies":[{"embeddable":true,"href":"https:\/\/faacz.com.br\/portal\/wp-json\/wp\/v2\/comments?post=37289"}],"version-history":[{"count":21,"href":"https:\/\/faacz.com.br\/portal\/wp-json\/wp\/v2\/pages\/37289\/revisions"}],"predecessor-version":[{"id":37434,"href":"https:\/\/faacz.com.br\/portal\/wp-json\/wp\/v2\/pages\/37289\/revisions\/37434"}],"wp:attachment":[{"href":"https:\/\/faacz.com.br\/portal\/wp-json\/wp\/v2\/media?parent=37289"}],"curies":[{"name":"wp","href":"https:\/\/api.w.org\/{rel}","templated":true}]}}