{"id":37196,"date":"2025-03-24T02:21:06","date_gmt":"2025-03-24T05:21:06","guid":{"rendered":"https:\/\/faacz.com.br\/portal\/?page_id=37196"},"modified":"2025-03-26T19:26:26","modified_gmt":"2025-03-26T22:26:26","slug":"edital-fale-conosco","status":"publish","type":"page","link":"https:\/\/faacz.com.br\/portal\/edital-fale-conosco\/","title":{"rendered":"Fale Conosco"},"content":{"rendered":"\t\t<div data-elementor-type=\"wp-page\" data-elementor-id=\"37196\" class=\"elementor elementor-37196\" data-elementor-settings=\"{&quot;ha_cmc_init_switcher&quot;:&quot;no&quot;}\" data-elementor-post-type=\"page\">\n\t\t\t\t<div class=\"elementor-element elementor-element-28f19cc e-con-full e-flex wpr-particle-no wpr-jarallax-no wpr-parallax-no wpr-sticky-section-no e-con e-parent\" data-id=\"28f19cc\" data-element_type=\"container\" data-settings=\"{&quot;background_background&quot;:&quot;classic&quot;}\">\n\t\t<div class=\"elementor-element elementor-element-a00ca6c e-flex e-con-boxed wpr-particle-no wpr-jarallax-no wpr-parallax-no wpr-sticky-section-no e-con e-child\" data-id=\"a00ca6c\" data-element_type=\"container\">\n\t\t\t\t\t<div class=\"e-con-inner\">\n\t\t<div class=\"elementor-element elementor-element-a888e24 e-con-full e-flex wpr-particle-no wpr-jarallax-no wpr-parallax-no wpr-sticky-section-no elementor-invisible e-con e-child\" data-id=\"a888e24\" data-element_type=\"container\" data-settings=\"{&quot;animation&quot;:&quot;fadeInLeft&quot;}\">\n\t\t<div class=\"elementor-element elementor-element-822ffd1 e-flex e-con-boxed wpr-particle-no wpr-jarallax-no wpr-parallax-no wpr-sticky-section-no e-con e-child\" data-id=\"822ffd1\" data-element_type=\"container\">\n\t\t\t\t\t<div class=\"e-con-inner\">\n\t\t\t\t<div class=\"elementor-element elementor-element-cb055dc elementor-hidden-tablet elementor-widget elementor-widget-image\" data-id=\"cb055dc\" data-element_type=\"widget\" data-widget_type=\"image.default\">\n\t\t\t\t<div class=\"elementor-widget-container\">\n\t\t\t\t\t\t\t\t\t\t\t\t\t\t\t<img decoding=\"async\" width=\"76\" height=\"36\" src=\"https:\/\/faacz.com.br\/portal\/wp-content\/uploads\/2025\/03\/logo_faacz_transp-2.png\" class=\"attachment-large size-large wp-image-36825\" alt=\"\" srcset=\"https:\/\/faacz.com.br\/portal\/wp-content\/uploads\/2025\/03\/logo_faacz_transp-2.png 76w, https:\/\/faacz.com.br\/portal\/wp-content\/uploads\/2025\/03\/logo_faacz_transp-2-24x11.png 24w, https:\/\/faacz.com.br\/portal\/wp-content\/uploads\/2025\/03\/logo_faacz_transp-2-36x17.png 36w, https:\/\/faacz.com.br\/portal\/wp-content\/uploads\/2025\/03\/logo_faacz_transp-2-48x23.png 48w\" sizes=\"(max-width: 76px) 100vw, 76px\" \/>\t\t\t\t\t\t\t\t\t\t\t\t\t\t\t<\/div>\n\t\t\t\t<\/div>\n\t\t\t\t<div class=\"elementor-element elementor-element-95d4d9b elementor-widget__width-initial elementor-hidden-tablet elementor-widget elementor-widget-spacer\" data-id=\"95d4d9b\" data-element_type=\"widget\" data-widget_type=\"spacer.default\">\n\t\t\t\t<div class=\"elementor-widget-container\">\n\t\t\t\t\t\t\t<div class=\"elementor-spacer\">\n\t\t\t<div class=\"elementor-spacer-inner\"><\/div>\n\t\t<\/div>\n\t\t\t\t\t\t<\/div>\n\t\t\t\t<\/div>\n\t\t\t\t<div class=\"elementor-element elementor-element-ab1837e elementor-widget elementor-widget-heading\" data-id=\"ab1837e\" data-element_type=\"widget\" data-widget_type=\"heading.default\">\n\t\t\t\t<div class=\"elementor-widget-container\">\n\t\t\t\t\t<h2 class=\"elementor-heading-title elementor-size-default\">EDUTEC<\/h2>\t\t\t\t<\/div>\n\t\t\t\t<\/div>\n\t\t\t\t<div class=\"elementor-element elementor-element-4fcffd5 elementor-hidden-desktop elementor-hidden-laptop elementor-hidden-tablet wpr-main-menu-align-left wpr-main-menu-align--laptopleft wpr-main-menu-align--tabletleft wpr-pointer-underline wpr-pointer-line-fx wpr-pointer-fx-fade wpr-sub-icon-caret-down wpr-sub-menu-fx-fade wpr-nav-menu-bp-mobile wpr-mobile-menu-full-width wpr-mobile-menu-item-align-center wpr-mobile-toggle-v1 wpr-sub-divider-yes wpr-mobile-divider-yes elementor-widget elementor-widget-wpr-nav-menu\" data-id=\"4fcffd5\" data-element_type=\"widget\" data-settings=\"{&quot;menu_layout&quot;:&quot;horizontal&quot;}\" data-widget_type=\"wpr-nav-menu.default\">\n\t\t\t\t<div class=\"elementor-widget-container\">\n\t\t\t\t\t<nav class=\"wpr-nav-menu-container wpr-nav-menu-horizontal\" data-trigger=\"hover\"><ul id=\"menu-1-4fcffd5\" class=\"wpr-nav-menu\"><li class=\"menu-item menu-item-type-post_type menu-item-object-page menu-item-37223\"><a href=\"https:\/\/faacz.com.br\/portal\/a-edutec\/\" class=\"wpr-menu-item wpr-pointer-item\">APRESENTA\u00c7\u00c3O<\/a><\/li>\n<li class=\"menu-item menu-item-type-post_type menu-item-object-page menu-item-37244\"><a href=\"https:\/\/faacz.com.br\/portal\/areas-tematicas\/\" class=\"wpr-menu-item wpr-pointer-item\">\u00c1REAS TEM\u00c1TICAS E CAMPOS DE ATUA\u00c7\u00c3O<\/a><\/li>\n<li class=\"menu-item menu-item-type-post_type menu-item-object-page menu-item-37293\"><a href=\"https:\/\/faacz.com.br\/portal\/edicoes\/\" class=\"wpr-menu-item wpr-pointer-item\">EDI\u00c7\u00d5ES<\/a><\/li>\n<li class=\"menu-item menu-item-type-post_type menu-item-object-page menu-item-37245\"><a href=\"https:\/\/faacz.com.br\/portal\/conselho-editorial\/\" class=\"wpr-menu-item wpr-pointer-item\">CONSELHO EDITORIAL<\/a><\/li>\n<li class=\"menu-item menu-item-type-post_type menu-item-object-page menu-item-37247\"><a href=\"https:\/\/faacz.com.br\/portal\/declaracao-de-missao\/\" class=\"wpr-menu-item wpr-pointer-item\">DECLARA\u00c7\u00c3O DE MISS\u00c3O<\/a><\/li>\n<li class=\"menu-item menu-item-type-post_type menu-item-object-page menu-item-37246\"><a href=\"https:\/\/faacz.com.br\/portal\/diretrizes-da-revista-edutec\/\" class=\"wpr-menu-item wpr-pointer-item\">DIRETRIZES DA REVISTA EDUTEC<\/a><\/li>\n<li class=\"menu-item menu-item-type-post_type menu-item-object-page menu-item-37243\"><a href=\"https:\/\/faacz.com.br\/portal\/procedimentos-de-revisao-da-revista-cientifica\/\" class=\"wpr-menu-item wpr-pointer-item\">PROCEDIMENTOS DE REVIS\u00c3O DE REVISTA CIENT\u00cdFICA<\/a><\/li>\n<li class=\"menu-item menu-item-type-post_type menu-item-object-page menu-item-37242\"><a href=\"https:\/\/faacz.com.br\/portal\/edital-fale-conosco\/\" class=\"wpr-menu-item wpr-pointer-item\">FALE CONOSCO<\/a><\/li>\n<\/ul><\/nav><nav class=\"wpr-mobile-nav-menu-container\"><div class=\"wpr-mobile-toggle-wrap\"><div class=\"wpr-mobile-toggle\"><span class=\"wpr-mobile-toggle-line\"><\/span><span class=\"wpr-mobile-toggle-line\"><\/span><span class=\"wpr-mobile-toggle-line\"><\/span><\/div><\/div><ul id=\"mobile-menu-2-4fcffd5\" class=\"wpr-mobile-nav-menu\"><li class=\"menu-item menu-item-type-post_type menu-item-object-page menu-item-37223\"><a href=\"https:\/\/faacz.com.br\/portal\/a-edutec\/\" class=\"wpr-mobile-menu-item\">APRESENTA\u00c7\u00c3O<\/a><\/li>\n<li class=\"menu-item menu-item-type-post_type menu-item-object-page menu-item-37244\"><a href=\"https:\/\/faacz.com.br\/portal\/areas-tematicas\/\" class=\"wpr-mobile-menu-item\">\u00c1REAS TEM\u00c1TICAS E CAMPOS DE ATUA\u00c7\u00c3O<\/a><\/li>\n<li class=\"menu-item menu-item-type-post_type menu-item-object-page menu-item-37293\"><a href=\"https:\/\/faacz.com.br\/portal\/edicoes\/\" class=\"wpr-mobile-menu-item\">EDI\u00c7\u00d5ES<\/a><\/li>\n<li class=\"menu-item menu-item-type-post_type menu-item-object-page menu-item-37245\"><a href=\"https:\/\/faacz.com.br\/portal\/conselho-editorial\/\" class=\"wpr-mobile-menu-item\">CONSELHO EDITORIAL<\/a><\/li>\n<li class=\"menu-item menu-item-type-post_type menu-item-object-page menu-item-37247\"><a href=\"https:\/\/faacz.com.br\/portal\/declaracao-de-missao\/\" class=\"wpr-mobile-menu-item\">DECLARA\u00c7\u00c3O DE MISS\u00c3O<\/a><\/li>\n<li class=\"menu-item menu-item-type-post_type menu-item-object-page menu-item-37246\"><a href=\"https:\/\/faacz.com.br\/portal\/diretrizes-da-revista-edutec\/\" class=\"wpr-mobile-menu-item\">DIRETRIZES DA REVISTA EDUTEC<\/a><\/li>\n<li class=\"menu-item menu-item-type-post_type menu-item-object-page menu-item-37243\"><a href=\"https:\/\/faacz.com.br\/portal\/procedimentos-de-revisao-da-revista-cientifica\/\" class=\"wpr-mobile-menu-item\">PROCEDIMENTOS DE REVIS\u00c3O DE REVISTA CIENT\u00cdFICA<\/a><\/li>\n<li class=\"menu-item menu-item-type-post_type menu-item-object-page menu-item-37242\"><a href=\"https:\/\/faacz.com.br\/portal\/edital-fale-conosco\/\" class=\"wpr-mobile-menu-item\">FALE CONOSCO<\/a><\/li>\n<\/ul><\/nav>\t\t\t\t<\/div>\n\t\t\t\t<\/div>\n\t\t\t\t\t<\/div>\n\t\t\t\t<\/div>\n\t\t<div class=\"elementor-element elementor-element-9f4eb14 elementor-hidden-tablet elementor-hidden-mobile e-flex e-con-boxed wpr-particle-no wpr-jarallax-no wpr-parallax-no wpr-sticky-section-no e-con e-child\" data-id=\"9f4eb14\" data-element_type=\"container\" data-settings=\"{&quot;background_background&quot;:&quot;classic&quot;}\">\n\t\t\t\t\t<div class=\"e-con-inner\">\n\t\t\t\t<div class=\"elementor-element elementor-element-b3843f0 elementor-position-left elementor-view-default elementor-mobile-position-top elementor-widget elementor-widget-icon-box\" data-id=\"b3843f0\" data-element_type=\"widget\" data-widget_type=\"icon-box.default\">\n\t\t\t\t<div class=\"elementor-widget-container\">\n\t\t\t\t\t\t\t<div class=\"elementor-icon-box-wrapper\">\n\n\t\t\t\t\t\t<div class=\"elementor-icon-box-icon\">\n\t\t\t\t<span  class=\"elementor-icon\">\n\t\t\t\t<svg aria-hidden=\"true\" class=\"e-font-icon-svg e-fas-bell\" viewBox=\"0 0 448 512\" xmlns=\"http:\/\/www.w3.org\/2000\/svg\"><path d=\"M224 512c35.32 0 63.97-28.65 63.97-64H160.03c0 35.35 28.65 64 63.97 64zm215.39-149.71c-19.32-20.76-55.47-51.99-55.47-154.29 0-77.7-54.48-139.9-127.94-155.16V32c0-17.67-14.32-32-31.98-32s-31.98 14.33-31.98 32v20.84C118.56 68.1 64.08 130.3 64.08 208c0 102.3-36.15 133.53-55.47 154.29-6 6.45-8.66 14.16-8.61 21.71.11 16.4 12.98 32 32.1 32h383.8c19.12 0 32-15.6 32.1-32 .05-7.55-2.61-15.27-8.61-21.71z\"><\/path><\/svg>\t\t\t\t<\/span>\n\t\t\t<\/div>\n\t\t\t\n\t\t\t\t\t\t<div class=\"elementor-icon-box-content\">\n\n\t\t\t\t\t\t\t\t\t<h3 class=\"elementor-icon-box-title\">\n\t\t\t\t\t\t<span  >\n\t\t\t\t\t\t\tNenhuma nota dispon\u00edvel\t\t\t\t\t\t<\/span>\n\t\t\t\t\t<\/h3>\n\t\t\t\t\n\t\t\t\t\n\t\t\t<\/div>\n\t\t\t\n\t\t<\/div>\n\t\t\t\t\t\t<\/div>\n\t\t\t\t<\/div>\n\t\t\t\t\t<\/div>\n\t\t\t\t<\/div>\n\t\t<div class=\"elementor-element elementor-element-8412bd5 elementor-hidden-mobile e-flex e-con-boxed wpr-particle-no wpr-jarallax-no wpr-parallax-no wpr-sticky-section-no e-con e-child\" data-id=\"8412bd5\" data-element_type=\"container\">\n\t\t\t\t\t<div class=\"e-con-inner\">\n\t\t\t\t<div class=\"elementor-element elementor-element-cc85e5f elementor-widget elementor-widget-jet-custom-menu\" data-id=\"cc85e5f\" data-element_type=\"widget\" data-widget_type=\"jet-custom-menu.default\">\n\t\t\t\t<div class=\"elementor-widget-container\">\n\t\t\t\t\t<div class=\"menu-menu-edutec-container\"><div class=\"jet-custom-nav jet-custom-nav--dropdown-right-side jet-custom-nav--animation-fade\"><div class=\"menu-item menu-item-type-post_type menu-item-object-page jet-custom-nav__item jet-custom-nav__item-37223\"><a href=\"https:\/\/faacz.com.br\/portal\/a-edutec\/\" class=\"jet-custom-nav__item-link\"><span class=\"jet-menu-link-text\"><span class=\"jet-custom-item-label top-level-label\">APRESENTA\u00c7\u00c3O<\/span><\/span><\/a><\/div>\n<div class=\"menu-item menu-item-type-post_type menu-item-object-page jet-custom-nav__item jet-custom-nav__item-37244\"><a href=\"https:\/\/faacz.com.br\/portal\/areas-tematicas\/\" class=\"jet-custom-nav__item-link\"><span class=\"jet-menu-link-text\"><span class=\"jet-custom-item-label top-level-label\">\u00c1REAS TEM\u00c1TICAS E CAMPOS DE ATUA\u00c7\u00c3O<\/span><\/span><\/a><\/div>\n<div class=\"menu-item menu-item-type-post_type menu-item-object-page jet-custom-nav__item jet-custom-nav__item-37293\"><a href=\"https:\/\/faacz.com.br\/portal\/edicoes\/\" class=\"jet-custom-nav__item-link\"><span class=\"jet-menu-link-text\"><span class=\"jet-custom-item-label top-level-label\">EDI\u00c7\u00d5ES<\/span><\/span><\/a><\/div>\n<div class=\"menu-item menu-item-type-post_type menu-item-object-page jet-custom-nav__item jet-custom-nav__item-37245\"><a href=\"https:\/\/faacz.com.br\/portal\/conselho-editorial\/\" class=\"jet-custom-nav__item-link\"><span class=\"jet-menu-link-text\"><span class=\"jet-custom-item-label top-level-label\">CONSELHO EDITORIAL<\/span><\/span><\/a><\/div>\n<div class=\"menu-item menu-item-type-post_type menu-item-object-page jet-custom-nav__item jet-custom-nav__item-37247\"><a href=\"https:\/\/faacz.com.br\/portal\/declaracao-de-missao\/\" class=\"jet-custom-nav__item-link\"><span class=\"jet-menu-link-text\"><span class=\"jet-custom-item-label top-level-label\">DECLARA\u00c7\u00c3O DE MISS\u00c3O<\/span><\/span><\/a><\/div>\n<div class=\"menu-item menu-item-type-post_type menu-item-object-page jet-custom-nav__item jet-custom-nav__item-37246\"><a href=\"https:\/\/faacz.com.br\/portal\/diretrizes-da-revista-edutec\/\" class=\"jet-custom-nav__item-link\"><span class=\"jet-menu-link-text\"><span class=\"jet-custom-item-label top-level-label\">DIRETRIZES DA REVISTA EDUTEC<\/span><\/span><\/a><\/div>\n<div class=\"menu-item menu-item-type-post_type menu-item-object-page jet-custom-nav__item jet-custom-nav__item-37243\"><a href=\"https:\/\/faacz.com.br\/portal\/procedimentos-de-revisao-da-revista-cientifica\/\" class=\"jet-custom-nav__item-link\"><span class=\"jet-menu-link-text\"><span class=\"jet-custom-item-label top-level-label\">PROCEDIMENTOS DE REVIS\u00c3O DE REVISTA CIENT\u00cdFICA<\/span><\/span><\/a><\/div>\n<div class=\"menu-item menu-item-type-post_type menu-item-object-page jet-custom-nav__item jet-custom-nav__item-37242\"><a href=\"https:\/\/faacz.com.br\/portal\/edital-fale-conosco\/\" class=\"jet-custom-nav__item-link\"><span class=\"jet-menu-link-text\"><span class=\"jet-custom-item-label top-level-label\">FALE CONOSCO<\/span><\/span><\/a><\/div>\n<\/div><\/div>\t\t\t\t<\/div>\n\t\t\t\t<\/div>\n\t\t\t\t\t<\/div>\n\t\t\t\t<\/div>\n\t\t<div class=\"elementor-element elementor-element-1226eeb elementor-hidden-tablet elementor-hidden-mobile e-flex e-con-boxed wpr-particle-no wpr-jarallax-no wpr-parallax-no wpr-sticky-section-no e-con e-child\" data-id=\"1226eeb\" data-element_type=\"container\">\n\t\t\t\t\t<div class=\"e-con-inner\">\n\t\t\t\t<div class=\"elementor-element elementor-element-e50f527 elementor-widget__width-initial elementor-widget elementor-widget-text-editor\" data-id=\"e50f527\" data-element_type=\"widget\" data-widget_type=\"text-editor.default\">\n\t\t\t\t<div class=\"elementor-widget-container\">\n\t\t\t\t\t\t\t\t\t<p>FAACZ &#8211; Faculdades Integradas\u00a0de Aracruz &#8211; Tel.: (27) 3302-8000<\/p>\t\t\t\t\t\t\t\t<\/div>\n\t\t\t\t<\/div>\n\t\t\t\t\t<\/div>\n\t\t\t\t<\/div>\n\t\t\t\t<\/div>\n\t\t<div class=\"elementor-element elementor-element-9152d2c e-flex e-con-boxed wpr-particle-no wpr-jarallax-no wpr-parallax-no wpr-sticky-section-no elementor-invisible e-con e-child\" data-id=\"9152d2c\" data-element_type=\"container\" data-settings=\"{&quot;background_background&quot;:&quot;classic&quot;,&quot;animation&quot;:&quot;fadeInRight&quot;}\">\n\t\t\t\t\t<div class=\"e-con-inner\">\n\t\t<div class=\"elementor-element elementor-element-c5d1ef6 e-flex e-con-boxed wpr-particle-no wpr-jarallax-no wpr-parallax-no wpr-sticky-section-no e-con e-child\" data-id=\"c5d1ef6\" data-element_type=\"container\" data-settings=\"{&quot;background_background&quot;:&quot;classic&quot;}\">\n\t\t\t\t\t<div class=\"e-con-inner\">\n\t\t\t\t<div class=\"elementor-element elementor-element-97b19d8 elementor-widget elementor-widget-heading\" data-id=\"97b19d8\" data-element_type=\"widget\" data-widget_type=\"heading.default\">\n\t\t\t\t<div class=\"elementor-widget-container\">\n\t\t\t\t\t<h2 class=\"elementor-heading-title elementor-size-default\">Fale Conosco<\/h2>\t\t\t\t<\/div>\n\t\t\t\t<\/div>\n\t\t\t\t<div class=\"elementor-element elementor-element-d808c2b elementor-widget elementor-widget-heading\" data-id=\"d808c2b\" data-element_type=\"widget\" data-widget_type=\"heading.default\">\n\t\t\t\t<div class=\"elementor-widget-container\">\n\t\t\t\t\t<h2 class=\"elementor-heading-title elementor-size-default\">Envie suas d\u00favidas para o conselho editorial<\/h2>\t\t\t\t<\/div>\n\t\t\t\t<\/div>\n\t\t\t\t<div class=\"elementor-element elementor-element-627aa21 elementor-widget elementor-widget-heading\" data-id=\"627aa21\" data-element_type=\"widget\" data-widget_type=\"heading.default\">\n\t\t\t\t<div class=\"elementor-widget-container\">\n\t\t\t\t\t<h2 class=\"elementor-heading-title elementor-size-default\">ou ligue para (27) 3302-8000<\/h2>\t\t\t\t<\/div>\n\t\t\t\t<\/div>\n\t\t\t\t<div class=\"elementor-element elementor-element-27a15c3 elementor-widget elementor-widget-ha-cf7 happy-addon ha-cf7\" data-id=\"27a15c3\" data-element_type=\"widget\" data-widget_type=\"ha-cf7.default\">\n\t\t\t\t<div class=\"elementor-widget-container\">\n\t\t\t\t\t\n<div class=\"wpcf7 no-js\" id=\"wpcf7-f37305-o1\" lang=\"pt-BR\" dir=\"ltr\" data-wpcf7-id=\"37305\">\n<div class=\"screen-reader-response\"><p role=\"status\" aria-live=\"polite\" aria-atomic=\"true\"><\/p> <ul><\/ul><\/div>\n<form action=\"\/portal\/wp-json\/wp\/v2\/pages\/37196#wpcf7-f37305-o1\" method=\"post\" class=\"wpcf7-form init ha-cf7-form\" aria-label=\"Formul\u00e1rios de contato\" novalidate=\"novalidate\" data-status=\"init\">\n<div style=\"display: none;\">\n<input type=\"hidden\" name=\"_wpcf7\" value=\"37305\" \/>\n<input type=\"hidden\" name=\"_wpcf7_version\" value=\"6.0.5\" \/>\n<input type=\"hidden\" name=\"_wpcf7_locale\" value=\"pt_BR\" \/>\n<input type=\"hidden\" name=\"_wpcf7_unit_tag\" value=\"wpcf7-f37305-o1\" \/>\n<input type=\"hidden\" name=\"_wpcf7_container_post\" value=\"0\" \/>\n<input type=\"hidden\" name=\"_wpcf7_posted_data_hash\" value=\"\" \/>\n<\/div>\n<p><span class=\"wpcf7-form-control-wrap\" data-name=\"nome\"><input size=\"40\" maxlength=\"400\" class=\"wpcf7-form-control wpcf7-text wpcf7-validates-as-required\" aria-required=\"true\" aria-invalid=\"false\" placeholder=\"Seu nome*\" value=\"\" type=\"text\" name=\"nome\" \/><\/span>\n<\/p>\n<p><span class=\"wpcf7-form-control-wrap\" data-name=\"email\"><input size=\"40\" maxlength=\"400\" class=\"wpcf7-form-control wpcf7-email wpcf7-validates-as-required wpcf7-text wpcf7-validates-as-email\" aria-required=\"true\" aria-invalid=\"false\" placeholder=\"Seu e-mail*\" value=\"\" type=\"email\" name=\"email\" \/><\/span>\n<\/p>\n<p><span class=\"wpcf7-form-control-wrap\" data-name=\"assunto\"><input size=\"40\" maxlength=\"400\" class=\"wpcf7-form-control wpcf7-text wpcf7-validates-as-required\" aria-required=\"true\" aria-invalid=\"false\" placeholder=\"Assunto*\" value=\"\" type=\"text\" name=\"assunto\" \/><\/span>\n<\/p>\n<p><span class=\"wpcf7-form-control-wrap\" data-name=\"mensagem\"><textarea cols=\"40\" rows=\"10\" maxlength=\"2000\" class=\"wpcf7-form-control wpcf7-textarea\" aria-invalid=\"false\" placeholder=\"Mensagem\" name=\"mensagem\"><\/textarea><\/span><br \/>\n<label style=\"font-family: 'Roboto'; font-size: 14px; font-weight: 400; line-height: 1.2em; color: #292929;\">Ao preencher este formul\u00e1rio estou ciente e autorizo por livre e espont\u00e2nea vontade a coleta, armazenamento e tratamento de meus dados pessoais aqui informados, em aten\u00e7\u00e3o ao que disp\u00f5e a Lei 13.709\/2018 (Lei Geral de Prote\u00e7\u00e3o de Dados Pessoais) <\/label>\n<\/p>\n<p><input class=\"wpcf7-form-control wpcf7-submit has-spinner\" type=\"submit\" value=\"Enviar\" \/>\n<\/p><div class=\"wpcf7-response-output\" aria-hidden=\"true\"><\/div>\n<\/form>\n<\/div>\n\t\t\t\t<\/div>\n\t\t\t\t<\/div>\n\t\t\t\t\t<\/div>\n\t\t\t\t<\/div>\n\t\t\t\t\t<\/div>\n\t\t\t\t<\/div>\n\t\t\t\t\t<\/div>\n\t\t\t\t<\/div>\n\t\t\t\t<\/div>\n\t\t\t\t<\/div>\n\t\t","protected":false},"excerpt":{"rendered":"<p>EDUTEC APRESENTA\u00c7\u00c3O \u00c1REAS TEM\u00c1TICAS E CAMPOS DE ATUA\u00c7\u00c3O EDI\u00c7\u00d5ES CONSELHO EDITORIAL DECLARA\u00c7\u00c3O DE MISS\u00c3O DIRETRIZES DA REVISTA EDUTEC PROCEDIMENTOS DE REVIS\u00c3O DE REVISTA CIENT\u00cdFICA FALE CONOSCO APRESENTA\u00c7\u00c3O \u00c1REAS TEM\u00c1TICAS E CAMPOS DE ATUA\u00c7\u00c3O EDI\u00c7\u00d5ES CONSELHO EDITORIAL DECLARA\u00c7\u00c3O DE MISS\u00c3O DIRETRIZES DA REVISTA EDUTEC PROCEDIMENTOS DE REVIS\u00c3O DE REVISTA CIENT\u00cdFICA FALE CONOSCO Nenhuma nota dispon\u00edvel APRESENTA\u00c7\u00c3O \u00c1REAS TEM\u00c1TICAS E CAMPOS DE ATUA\u00c7\u00c3O EDI\u00c7\u00d5ES CONSELHO EDITORIAL DECLARA\u00c7\u00c3O DE MISS\u00c3O DIRETRIZES DA REVISTA EDUTEC PROCEDIMENTOS DE REVIS\u00c3O DE REVISTA CIENT\u00cdFICA FALE CONOSCO FAACZ &#8211; Faculdades Integradas\u00a0de Aracruz &#8211; Tel.: (27) 3302-8000 Fale Conosco Envie suas d\u00favidas para o conselho editorial ou ligue para (27) 3302-8000 Ao preencher este formul\u00e1rio estou ciente e autorizo por livre e espont\u00e2nea vontade a coleta, armazenamento e tratamento de meus dados pessoais aqui informados, em aten\u00e7\u00e3o ao que disp\u00f5e a Lei 13.709\/2018 (Lei Geral de Prote\u00e7\u00e3o de Dados Pessoais)<\/p>\n","protected":false},"author":8,"featured_media":0,"parent":0,"menu_order":5,"comment_status":"closed","ping_status":"closed","template":"","meta":{"_exactmetrics_skip_tracking":false,"_exactmetrics_sitenote_active":false,"_exactmetrics_sitenote_note":"","_exactmetrics_sitenote_category":0,"footnotes":""},"class_list":["post-37196","page","type-page","status-publish","hentry"],"aioseo_notices":[],"_links":{"self":[{"href":"https:\/\/faacz.com.br\/portal\/wp-json\/wp\/v2\/pages\/37196"}],"collection":[{"href":"https:\/\/faacz.com.br\/portal\/wp-json\/wp\/v2\/pages"}],"about":[{"href":"https:\/\/faacz.com.br\/portal\/wp-json\/wp\/v2\/types\/page"}],"author":[{"embeddable":true,"href":"https:\/\/faacz.com.br\/portal\/wp-json\/wp\/v2\/users\/8"}],"replies":[{"embeddable":true,"href":"https:\/\/faacz.com.br\/portal\/wp-json\/wp\/v2\/comments?post=37196"}],"version-history":[{"count":28,"href":"https:\/\/faacz.com.br\/portal\/wp-json\/wp\/v2\/pages\/37196\/revisions"}],"predecessor-version":[{"id":37417,"href":"https:\/\/faacz.com.br\/portal\/wp-json\/wp\/v2\/pages\/37196\/revisions\/37417"}],"wp:attachment":[{"href":"https:\/\/faacz.com.br\/portal\/wp-json\/wp\/v2\/media?parent=37196"}],"curies":[{"name":"wp","href":"https:\/\/api.w.org\/{rel}","templated":true}]}}