{"id":37157,"date":"2025-03-24T01:41:03","date_gmt":"2025-03-24T04:41:03","guid":{"rendered":"https:\/\/faacz.com.br\/portal\/?page_id=37157"},"modified":"2025-03-26T19:19:22","modified_gmt":"2025-03-26T22:19:22","slug":"areas-tematicas","status":"publish","type":"page","link":"https:\/\/faacz.com.br\/portal\/areas-tematicas\/","title":{"rendered":"\u00c1reas Tem\u00e1ticas"},"content":{"rendered":"\t\t<div data-elementor-type=\"wp-page\" data-elementor-id=\"37157\" class=\"elementor elementor-37157\" data-elementor-settings=\"{&quot;ha_cmc_init_switcher&quot;:&quot;no&quot;}\" data-elementor-post-type=\"page\">\n\t\t\t\t<div class=\"elementor-element elementor-element-31bb6a9 e-con-full e-flex wpr-particle-no wpr-jarallax-no wpr-parallax-no wpr-sticky-section-no e-con e-parent\" data-id=\"31bb6a9\" data-element_type=\"container\" data-settings=\"{&quot;background_background&quot;:&quot;classic&quot;}\">\n\t\t<div class=\"elementor-element elementor-element-e8b98ef e-flex e-con-boxed wpr-particle-no wpr-jarallax-no wpr-parallax-no wpr-sticky-section-no e-con e-child\" data-id=\"e8b98ef\" data-element_type=\"container\">\n\t\t\t\t\t<div class=\"e-con-inner\">\n\t\t<div class=\"elementor-element elementor-element-dc28220 e-con-full e-flex wpr-particle-no wpr-jarallax-no wpr-parallax-no wpr-sticky-section-no elementor-invisible e-con e-child\" data-id=\"dc28220\" data-element_type=\"container\" data-settings=\"{&quot;animation&quot;:&quot;fadeInLeft&quot;}\">\n\t\t<div class=\"elementor-element elementor-element-d33d9dc e-flex e-con-boxed wpr-particle-no wpr-jarallax-no wpr-parallax-no wpr-sticky-section-no e-con e-child\" data-id=\"d33d9dc\" data-element_type=\"container\">\n\t\t\t\t\t<div class=\"e-con-inner\">\n\t\t\t\t<div class=\"elementor-element elementor-element-4247d49 elementor-hidden-tablet elementor-widget elementor-widget-image\" data-id=\"4247d49\" data-element_type=\"widget\" data-widget_type=\"image.default\">\n\t\t\t\t<div class=\"elementor-widget-container\">\n\t\t\t\t\t\t\t\t\t\t\t\t\t\t\t<img decoding=\"async\" width=\"76\" height=\"36\" src=\"https:\/\/faacz.com.br\/portal\/wp-content\/uploads\/2025\/03\/logo_faacz_transp-2.png\" class=\"attachment-large size-large wp-image-36825\" alt=\"\" srcset=\"https:\/\/faacz.com.br\/portal\/wp-content\/uploads\/2025\/03\/logo_faacz_transp-2.png 76w, https:\/\/faacz.com.br\/portal\/wp-content\/uploads\/2025\/03\/logo_faacz_transp-2-24x11.png 24w, https:\/\/faacz.com.br\/portal\/wp-content\/uploads\/2025\/03\/logo_faacz_transp-2-36x17.png 36w, https:\/\/faacz.com.br\/portal\/wp-content\/uploads\/2025\/03\/logo_faacz_transp-2-48x23.png 48w\" sizes=\"(max-width: 76px) 100vw, 76px\" \/>\t\t\t\t\t\t\t\t\t\t\t\t\t\t\t<\/div>\n\t\t\t\t<\/div>\n\t\t\t\t<div class=\"elementor-element elementor-element-651dd8e elementor-widget__width-initial elementor-hidden-tablet elementor-widget elementor-widget-spacer\" data-id=\"651dd8e\" data-element_type=\"widget\" data-widget_type=\"spacer.default\">\n\t\t\t\t<div class=\"elementor-widget-container\">\n\t\t\t\t\t\t\t<div class=\"elementor-spacer\">\n\t\t\t<div class=\"elementor-spacer-inner\"><\/div>\n\t\t<\/div>\n\t\t\t\t\t\t<\/div>\n\t\t\t\t<\/div>\n\t\t\t\t<div class=\"elementor-element elementor-element-8f8d715 elementor-widget elementor-widget-heading\" data-id=\"8f8d715\" data-element_type=\"widget\" data-widget_type=\"heading.default\">\n\t\t\t\t<div class=\"elementor-widget-container\">\n\t\t\t\t\t<h2 class=\"elementor-heading-title elementor-size-default\">EDUTEC<\/h2>\t\t\t\t<\/div>\n\t\t\t\t<\/div>\n\t\t\t\t<div class=\"elementor-element elementor-element-3b3dad1 elementor-hidden-desktop elementor-hidden-laptop elementor-hidden-tablet wpr-main-menu-align-left wpr-main-menu-align--laptopleft wpr-main-menu-align--tabletleft wpr-pointer-underline wpr-pointer-line-fx wpr-pointer-fx-fade wpr-sub-icon-caret-down wpr-sub-menu-fx-fade wpr-nav-menu-bp-mobile wpr-mobile-menu-full-width wpr-mobile-menu-item-align-center wpr-mobile-toggle-v1 wpr-sub-divider-yes wpr-mobile-divider-yes elementor-widget elementor-widget-wpr-nav-menu\" data-id=\"3b3dad1\" data-element_type=\"widget\" data-settings=\"{&quot;menu_layout&quot;:&quot;horizontal&quot;}\" data-widget_type=\"wpr-nav-menu.default\">\n\t\t\t\t<div class=\"elementor-widget-container\">\n\t\t\t\t\t<nav class=\"wpr-nav-menu-container wpr-nav-menu-horizontal\" data-trigger=\"hover\"><ul id=\"menu-1-3b3dad1\" class=\"wpr-nav-menu\"><li class=\"menu-item menu-item-type-post_type menu-item-object-page menu-item-37223\"><a href=\"https:\/\/faacz.com.br\/portal\/a-edutec\/\" class=\"wpr-menu-item wpr-pointer-item\">APRESENTA\u00c7\u00c3O<\/a><\/li>\n<li class=\"menu-item menu-item-type-post_type menu-item-object-page menu-item-37244\"><a href=\"https:\/\/faacz.com.br\/portal\/areas-tematicas\/\" class=\"wpr-menu-item wpr-pointer-item\">\u00c1REAS TEM\u00c1TICAS E CAMPOS DE ATUA\u00c7\u00c3O<\/a><\/li>\n<li class=\"menu-item menu-item-type-post_type menu-item-object-page menu-item-37293\"><a href=\"https:\/\/faacz.com.br\/portal\/edicoes\/\" class=\"wpr-menu-item wpr-pointer-item\">EDI\u00c7\u00d5ES<\/a><\/li>\n<li class=\"menu-item menu-item-type-post_type menu-item-object-page menu-item-37245\"><a href=\"https:\/\/faacz.com.br\/portal\/conselho-editorial\/\" class=\"wpr-menu-item wpr-pointer-item\">CONSELHO EDITORIAL<\/a><\/li>\n<li class=\"menu-item menu-item-type-post_type menu-item-object-page menu-item-37247\"><a href=\"https:\/\/faacz.com.br\/portal\/declaracao-de-missao\/\" class=\"wpr-menu-item wpr-pointer-item\">DECLARA\u00c7\u00c3O DE MISS\u00c3O<\/a><\/li>\n<li class=\"menu-item menu-item-type-post_type menu-item-object-page menu-item-37246\"><a href=\"https:\/\/faacz.com.br\/portal\/diretrizes-da-revista-edutec\/\" class=\"wpr-menu-item wpr-pointer-item\">DIRETRIZES DA REVISTA EDUTEC<\/a><\/li>\n<li class=\"menu-item menu-item-type-post_type menu-item-object-page menu-item-37243\"><a href=\"https:\/\/faacz.com.br\/portal\/procedimentos-de-revisao-da-revista-cientifica\/\" class=\"wpr-menu-item wpr-pointer-item\">PROCEDIMENTOS DE REVIS\u00c3O DE REVISTA CIENT\u00cdFICA<\/a><\/li>\n<li class=\"menu-item menu-item-type-post_type menu-item-object-page menu-item-37242\"><a href=\"https:\/\/faacz.com.br\/portal\/edital-fale-conosco\/\" class=\"wpr-menu-item wpr-pointer-item\">FALE CONOSCO<\/a><\/li>\n<\/ul><\/nav><nav class=\"wpr-mobile-nav-menu-container\"><div class=\"wpr-mobile-toggle-wrap\"><div class=\"wpr-mobile-toggle\"><span class=\"wpr-mobile-toggle-line\"><\/span><span class=\"wpr-mobile-toggle-line\"><\/span><span class=\"wpr-mobile-toggle-line\"><\/span><\/div><\/div><ul id=\"mobile-menu-2-3b3dad1\" class=\"wpr-mobile-nav-menu\"><li class=\"menu-item menu-item-type-post_type menu-item-object-page menu-item-37223\"><a href=\"https:\/\/faacz.com.br\/portal\/a-edutec\/\" class=\"wpr-mobile-menu-item\">APRESENTA\u00c7\u00c3O<\/a><\/li>\n<li class=\"menu-item menu-item-type-post_type menu-item-object-page menu-item-37244\"><a href=\"https:\/\/faacz.com.br\/portal\/areas-tematicas\/\" class=\"wpr-mobile-menu-item\">\u00c1REAS TEM\u00c1TICAS E CAMPOS DE ATUA\u00c7\u00c3O<\/a><\/li>\n<li class=\"menu-item menu-item-type-post_type menu-item-object-page menu-item-37293\"><a href=\"https:\/\/faacz.com.br\/portal\/edicoes\/\" class=\"wpr-mobile-menu-item\">EDI\u00c7\u00d5ES<\/a><\/li>\n<li class=\"menu-item menu-item-type-post_type menu-item-object-page menu-item-37245\"><a href=\"https:\/\/faacz.com.br\/portal\/conselho-editorial\/\" class=\"wpr-mobile-menu-item\">CONSELHO EDITORIAL<\/a><\/li>\n<li class=\"menu-item menu-item-type-post_type menu-item-object-page menu-item-37247\"><a href=\"https:\/\/faacz.com.br\/portal\/declaracao-de-missao\/\" class=\"wpr-mobile-menu-item\">DECLARA\u00c7\u00c3O DE MISS\u00c3O<\/a><\/li>\n<li class=\"menu-item menu-item-type-post_type menu-item-object-page menu-item-37246\"><a href=\"https:\/\/faacz.com.br\/portal\/diretrizes-da-revista-edutec\/\" class=\"wpr-mobile-menu-item\">DIRETRIZES DA REVISTA EDUTEC<\/a><\/li>\n<li class=\"menu-item menu-item-type-post_type menu-item-object-page menu-item-37243\"><a href=\"https:\/\/faacz.com.br\/portal\/procedimentos-de-revisao-da-revista-cientifica\/\" class=\"wpr-mobile-menu-item\">PROCEDIMENTOS DE REVIS\u00c3O DE REVISTA CIENT\u00cdFICA<\/a><\/li>\n<li class=\"menu-item menu-item-type-post_type menu-item-object-page menu-item-37242\"><a href=\"https:\/\/faacz.com.br\/portal\/edital-fale-conosco\/\" class=\"wpr-mobile-menu-item\">FALE CONOSCO<\/a><\/li>\n<\/ul><\/nav>\t\t\t\t<\/div>\n\t\t\t\t<\/div>\n\t\t\t\t\t<\/div>\n\t\t\t\t<\/div>\n\t\t<div class=\"elementor-element elementor-element-02a423d elementor-hidden-tablet elementor-hidden-mobile e-flex e-con-boxed wpr-particle-no wpr-jarallax-no wpr-parallax-no wpr-sticky-section-no e-con e-child\" data-id=\"02a423d\" data-element_type=\"container\" data-settings=\"{&quot;background_background&quot;:&quot;classic&quot;}\">\n\t\t\t\t\t<div class=\"e-con-inner\">\n\t\t\t\t<div class=\"elementor-element elementor-element-eac5d8c elementor-position-left elementor-view-default elementor-mobile-position-top elementor-widget elementor-widget-icon-box\" data-id=\"eac5d8c\" data-element_type=\"widget\" data-widget_type=\"icon-box.default\">\n\t\t\t\t<div class=\"elementor-widget-container\">\n\t\t\t\t\t\t\t<div class=\"elementor-icon-box-wrapper\">\n\n\t\t\t\t\t\t<div class=\"elementor-icon-box-icon\">\n\t\t\t\t<span  class=\"elementor-icon\">\n\t\t\t\t<svg aria-hidden=\"true\" class=\"e-font-icon-svg e-fas-bell\" viewBox=\"0 0 448 512\" xmlns=\"http:\/\/www.w3.org\/2000\/svg\"><path d=\"M224 512c35.32 0 63.97-28.65 63.97-64H160.03c0 35.35 28.65 64 63.97 64zm215.39-149.71c-19.32-20.76-55.47-51.99-55.47-154.29 0-77.7-54.48-139.9-127.94-155.16V32c0-17.67-14.32-32-31.98-32s-31.98 14.33-31.98 32v20.84C118.56 68.1 64.08 130.3 64.08 208c0 102.3-36.15 133.53-55.47 154.29-6 6.45-8.66 14.16-8.61 21.71.11 16.4 12.98 32 32.1 32h383.8c19.12 0 32-15.6 32.1-32 .05-7.55-2.61-15.27-8.61-21.71z\"><\/path><\/svg>\t\t\t\t<\/span>\n\t\t\t<\/div>\n\t\t\t\n\t\t\t\t\t\t<div class=\"elementor-icon-box-content\">\n\n\t\t\t\t\t\t\t\t\t<h3 class=\"elementor-icon-box-title\">\n\t\t\t\t\t\t<span  >\n\t\t\t\t\t\t\tNenhuma nota dispon\u00edvel\t\t\t\t\t\t<\/span>\n\t\t\t\t\t<\/h3>\n\t\t\t\t\n\t\t\t\t\n\t\t\t<\/div>\n\t\t\t\n\t\t<\/div>\n\t\t\t\t\t\t<\/div>\n\t\t\t\t<\/div>\n\t\t\t\t\t<\/div>\n\t\t\t\t<\/div>\n\t\t<div class=\"elementor-element elementor-element-be53c2a elementor-hidden-mobile e-flex e-con-boxed wpr-particle-no wpr-jarallax-no wpr-parallax-no wpr-sticky-section-no e-con e-child\" data-id=\"be53c2a\" data-element_type=\"container\">\n\t\t\t\t\t<div class=\"e-con-inner\">\n\t\t\t\t<div class=\"elementor-element elementor-element-2f4dc8f elementor-widget elementor-widget-jet-custom-menu\" data-id=\"2f4dc8f\" data-element_type=\"widget\" data-widget_type=\"jet-custom-menu.default\">\n\t\t\t\t<div class=\"elementor-widget-container\">\n\t\t\t\t\t<div class=\"menu-menu-edutec-container\"><div class=\"jet-custom-nav jet-custom-nav--dropdown-right-side jet-custom-nav--animation-fade\"><div class=\"menu-item menu-item-type-post_type menu-item-object-page jet-custom-nav__item jet-custom-nav__item-37223\"><a href=\"https:\/\/faacz.com.br\/portal\/a-edutec\/\" class=\"jet-custom-nav__item-link\"><span class=\"jet-menu-link-text\"><span class=\"jet-custom-item-label top-level-label\">APRESENTA\u00c7\u00c3O<\/span><\/span><\/a><\/div>\n<div class=\"menu-item menu-item-type-post_type menu-item-object-page jet-custom-nav__item jet-custom-nav__item-37244\"><a href=\"https:\/\/faacz.com.br\/portal\/areas-tematicas\/\" class=\"jet-custom-nav__item-link\"><span class=\"jet-menu-link-text\"><span class=\"jet-custom-item-label top-level-label\">\u00c1REAS TEM\u00c1TICAS E CAMPOS DE ATUA\u00c7\u00c3O<\/span><\/span><\/a><\/div>\n<div class=\"menu-item menu-item-type-post_type menu-item-object-page jet-custom-nav__item jet-custom-nav__item-37293\"><a href=\"https:\/\/faacz.com.br\/portal\/edicoes\/\" class=\"jet-custom-nav__item-link\"><span class=\"jet-menu-link-text\"><span class=\"jet-custom-item-label top-level-label\">EDI\u00c7\u00d5ES<\/span><\/span><\/a><\/div>\n<div class=\"menu-item menu-item-type-post_type menu-item-object-page jet-custom-nav__item jet-custom-nav__item-37245\"><a href=\"https:\/\/faacz.com.br\/portal\/conselho-editorial\/\" class=\"jet-custom-nav__item-link\"><span class=\"jet-menu-link-text\"><span class=\"jet-custom-item-label top-level-label\">CONSELHO EDITORIAL<\/span><\/span><\/a><\/div>\n<div class=\"menu-item menu-item-type-post_type menu-item-object-page jet-custom-nav__item jet-custom-nav__item-37247\"><a href=\"https:\/\/faacz.com.br\/portal\/declaracao-de-missao\/\" class=\"jet-custom-nav__item-link\"><span class=\"jet-menu-link-text\"><span class=\"jet-custom-item-label top-level-label\">DECLARA\u00c7\u00c3O DE MISS\u00c3O<\/span><\/span><\/a><\/div>\n<div class=\"menu-item menu-item-type-post_type menu-item-object-page jet-custom-nav__item jet-custom-nav__item-37246\"><a href=\"https:\/\/faacz.com.br\/portal\/diretrizes-da-revista-edutec\/\" class=\"jet-custom-nav__item-link\"><span class=\"jet-menu-link-text\"><span class=\"jet-custom-item-label top-level-label\">DIRETRIZES DA REVISTA EDUTEC<\/span><\/span><\/a><\/div>\n<div class=\"menu-item menu-item-type-post_type menu-item-object-page jet-custom-nav__item jet-custom-nav__item-37243\"><a href=\"https:\/\/faacz.com.br\/portal\/procedimentos-de-revisao-da-revista-cientifica\/\" class=\"jet-custom-nav__item-link\"><span class=\"jet-menu-link-text\"><span class=\"jet-custom-item-label top-level-label\">PROCEDIMENTOS DE REVIS\u00c3O DE REVISTA CIENT\u00cdFICA<\/span><\/span><\/a><\/div>\n<div class=\"menu-item menu-item-type-post_type menu-item-object-page jet-custom-nav__item jet-custom-nav__item-37242\"><a href=\"https:\/\/faacz.com.br\/portal\/edital-fale-conosco\/\" class=\"jet-custom-nav__item-link\"><span class=\"jet-menu-link-text\"><span class=\"jet-custom-item-label top-level-label\">FALE CONOSCO<\/span><\/span><\/a><\/div>\n<\/div><\/div>\t\t\t\t<\/div>\n\t\t\t\t<\/div>\n\t\t\t\t\t<\/div>\n\t\t\t\t<\/div>\n\t\t<div class=\"elementor-element elementor-element-3149794 elementor-hidden-tablet elementor-hidden-mobile e-flex e-con-boxed wpr-particle-no wpr-jarallax-no wpr-parallax-no wpr-sticky-section-no e-con e-child\" data-id=\"3149794\" data-element_type=\"container\">\n\t\t\t\t\t<div class=\"e-con-inner\">\n\t\t\t\t<div class=\"elementor-element elementor-element-43903cb elementor-widget__width-initial elementor-widget elementor-widget-text-editor\" data-id=\"43903cb\" data-element_type=\"widget\" data-widget_type=\"text-editor.default\">\n\t\t\t\t<div class=\"elementor-widget-container\">\n\t\t\t\t\t\t\t\t\t<p>FAACZ &#8211; Faculdades Integradas\u00a0de Aracruz &#8211; Tel.: (27) 3302-8000<\/p>\t\t\t\t\t\t\t\t<\/div>\n\t\t\t\t<\/div>\n\t\t\t\t\t<\/div>\n\t\t\t\t<\/div>\n\t\t\t\t<\/div>\n\t\t<div class=\"elementor-element elementor-element-cffbe37 e-flex e-con-boxed wpr-particle-no wpr-jarallax-no wpr-parallax-no wpr-sticky-section-no elementor-invisible e-con e-child\" data-id=\"cffbe37\" data-element_type=\"container\" data-settings=\"{&quot;background_background&quot;:&quot;classic&quot;,&quot;animation&quot;:&quot;fadeInRight&quot;}\">\n\t\t\t\t\t<div class=\"e-con-inner\">\n\t\t<div class=\"elementor-element elementor-element-bf10b7a e-flex e-con-boxed wpr-particle-no wpr-jarallax-no wpr-parallax-no wpr-sticky-section-no e-con e-child\" data-id=\"bf10b7a\" data-element_type=\"container\" data-settings=\"{&quot;background_background&quot;:&quot;classic&quot;}\">\n\t\t\t\t\t<div class=\"e-con-inner\">\n\t\t\t\t<div class=\"elementor-element elementor-element-c9401a9 elementor-widget elementor-widget-heading\" data-id=\"c9401a9\" data-element_type=\"widget\" data-widget_type=\"heading.default\">\n\t\t\t\t<div class=\"elementor-widget-container\">\n\t\t\t\t\t<h2 class=\"elementor-heading-title elementor-size-default\">\u00c1reas tem\u00e1ticas<\/h2>\t\t\t\t<\/div>\n\t\t\t\t<\/div>\n\t\t\t\t<div class=\"elementor-element elementor-element-87a01be elementor-widget elementor-widget-text-editor\" data-id=\"87a01be\" data-element_type=\"widget\" data-widget_type=\"text-editor.default\">\n\t\t\t\t<div class=\"elementor-widget-container\">\n\t\t\t\t\t\t\t\t\t<p>As \u00e1reas tem\u00e1ticas ou campos de pesquisa cobertos pela REVISTA ELETR\u00d4NICA EDUCA\u00c7\u00c3O E TECNOLOGIA (EDUTEC) DAS FACULDADES INTEGRADAS DE ARACRUZ \u2013 FAACZ se referem aos t\u00f3picos espec\u00edficos ou disciplinas que a revista aborda em seus artigos e publica\u00e7\u00f5es.<br \/><br \/>Dessa forma, a REVISTA ELETR\u00d4NICA EDUCA\u00c7\u00c3O E TECNOLOGIA (EDUTEC) DAS FACULDADES INTEGRADAS DE ARACRUZ \u2013 FAACZ trabalhar\u00e1 com algumas das \u00e1reas tem\u00e1ticas comuns acad\u00eamicas:<\/p>\t\t\t\t\t\t\t\t<\/div>\n\t\t\t\t<\/div>\n\t\t\t\t<div class=\"elementor-element elementor-element-12355eb elementor-widget elementor-widget-heading\" data-id=\"12355eb\" data-element_type=\"widget\" data-widget_type=\"heading.default\">\n\t\t\t\t<div class=\"elementor-widget-container\">\n\t\t\t\t\t<h2 class=\"elementor-heading-title elementor-size-default\">Ci\u00eancias Sociais Aplicadas:<\/h2>\t\t\t\t<\/div>\n\t\t\t\t<\/div>\n\t\t\t\t<div class=\"elementor-element elementor-element-905a340 elementor-widget elementor-widget-text-editor\" data-id=\"905a340\" data-element_type=\"widget\" data-widget_type=\"text-editor.default\">\n\t\t\t\t<div class=\"elementor-widget-container\">\n\t\t\t\t\t\t\t\t\t<ul><li><strong>Administra\u00e7\u00e3o<\/strong> (Administra\u00e7\u00e3o de Empresas, Administra\u00e7\u00e3o P\u00fablica, Administra\u00e7\u00e3o de Setores Espec\u00edficos e Ci\u00eancias Cont\u00e1beis).<\/li><li><strong>Direito<\/strong> (Teoria do Direito, Direito P\u00fablico, Direito Privado e Direitos Especiais).<\/li><li><strong>Arquitetura e urbanismo<\/strong> (Fundamentos de Arquitetura e Urbanismo, Projetos de Arquitetura e Urbanismo, Tecnologia de Arquitetura e Urbanismo e Paisagismo).<\/li><\/ul>\t\t\t\t\t\t\t\t<\/div>\n\t\t\t\t<\/div>\n\t\t\t\t<div class=\"elementor-element elementor-element-a48f064 elementor-widget elementor-widget-heading\" data-id=\"a48f064\" data-element_type=\"widget\" data-widget_type=\"heading.default\">\n\t\t\t\t<div class=\"elementor-widget-container\">\n\t\t\t\t\t<h2 class=\"elementor-heading-title elementor-size-default\">Ci\u00eancias da Sa\u00fade:<\/h2>\t\t\t\t<\/div>\n\t\t\t\t<\/div>\n\t\t\t\t<div class=\"elementor-element elementor-element-d6145fc elementor-widget elementor-widget-text-editor\" data-id=\"d6145fc\" data-element_type=\"widget\" data-widget_type=\"text-editor.default\">\n\t\t\t\t<div class=\"elementor-widget-container\">\n\t\t\t\t\t\t\t\t\t<ul><li><b>Enfermagem <\/b>(Enfermagem M\u00e9dico-Cir\u00fargica, Enfermagem Obst\u00e9trica, Enfermagem Pedi\u00e1trica, Enfermagem Psiqui\u00e1trica, Enfermagem de Doen\u00e7as Contagiosas e Enfermagem de Sa\u00fade P\u00fablica).<\/li><\/ul>\t\t\t\t\t\t\t\t<\/div>\n\t\t\t\t<\/div>\n\t\t\t\t<div class=\"elementor-element elementor-element-ee0d8d3 elementor-widget elementor-widget-heading\" data-id=\"ee0d8d3\" data-element_type=\"widget\" data-widget_type=\"heading.default\">\n\t\t\t\t<div class=\"elementor-widget-container\">\n\t\t\t\t\t<h2 class=\"elementor-heading-title elementor-size-default\">Engenharias:<\/h2>\t\t\t\t<\/div>\n\t\t\t\t<\/div>\n\t\t\t\t<div class=\"elementor-element elementor-element-f390579 elementor-widget elementor-widget-text-editor\" data-id=\"f390579\" data-element_type=\"widget\" data-widget_type=\"text-editor.default\">\n\t\t\t\t<div class=\"elementor-widget-container\">\n\t\t\t\t\t\t\t\t\t<ul><li><strong>Engenharia Civil<\/strong> (Constru\u00e7\u00e3o Civil, Estruturas Geot\u00e9cnica, Engenharia Hidr\u00e1ulica, Infraestrutura de Transportes).\u00a0<\/li><li><strong>Engenharia de Produ\u00e7\u00e3o <\/strong>(Ger\u00eancia de Produ\u00e7\u00e3o, Pesquisa Operacional, Engenharia do Produto e Engenharia Econ\u00f4mica).<\/li><li><strong>Engenharia Mec\u00e2nica<\/strong> (Fen\u00f4menos de Transporte, Engenharia T\u00e9rmica, Mec\u00e2nica dos S\u00f3lidos, Projetos de M\u00e1quinas e Processos de Fabrica\u00e7\u00e3o).<\/li><li><strong>Engenharia Qu\u00edmica<\/strong> (Processos Industriais de Engenharia Qu\u00edmica, Opera\u00e7\u00f5es Industriais e Equipamentos para Engenharia Qu\u00edmica e Tecnologia Qu\u00edmica).<\/li><\/ul>\t\t\t\t\t\t\t\t<\/div>\n\t\t\t\t<\/div>\n\t\t\t\t<div class=\"elementor-element elementor-element-862ffd3 elementor-widget elementor-widget-heading\" data-id=\"862ffd3\" data-element_type=\"widget\" data-widget_type=\"heading.default\">\n\t\t\t\t<div class=\"elementor-widget-container\">\n\t\t\t\t\t<h2 class=\"elementor-heading-title elementor-size-default\">Ci\u00eancias Humanas:<\/h2>\t\t\t\t<\/div>\n\t\t\t\t<\/div>\n\t\t\t\t<div class=\"elementor-element elementor-element-5483c84 elementor-widget elementor-widget-text-editor\" data-id=\"5483c84\" data-element_type=\"widget\" data-widget_type=\"text-editor.default\">\n\t\t\t\t<div class=\"elementor-widget-container\">\n\t\t\t\t\t\t\t\t\t<ul><li><strong>Psicologia<\/strong> (Fundamentos e Medidas da Psicologia, Psicologia Experimental, Psicologia Fisiol\u00f3gica, Psicologia Comparativa, Psicologia Social, Psicologia Cognitiva, Psicologia do Desenvolvimento Humano, Psicologia do Ensino e da Aprendizagem, Psicologia do Trabalho e Organizacional e Tratamento e Preven\u00e7\u00e3o Psicol\u00f3gica).<\/li><\/ul>\t\t\t\t\t\t\t\t<\/div>\n\t\t\t\t<\/div>\n\t\t\t\t<div class=\"elementor-element elementor-element-344fd9c elementor-widget elementor-widget-heading\" data-id=\"344fd9c\" data-element_type=\"widget\" data-widget_type=\"heading.default\">\n\t\t\t\t<div class=\"elementor-widget-container\">\n\t\t\t\t\t<h2 class=\"elementor-heading-title elementor-size-default\">Demais \u00c1reas:<\/h2>\t\t\t\t<\/div>\n\t\t\t\t<\/div>\n\t\t\t\t<div class=\"elementor-element elementor-element-6a157e1 elementor-widget elementor-widget-text-editor\" data-id=\"6a157e1\" data-element_type=\"widget\" data-widget_type=\"text-editor.default\">\n\t\t\t\t<div class=\"elementor-widget-container\">\n\t\t\t\t\t\t\t\t\t<ul><li><b>Log\u00edstica.<\/b><\/li><li><strong>Pedagogia.<\/strong><\/li><\/ul>\t\t\t\t\t\t\t\t<\/div>\n\t\t\t\t<\/div>\n\t\t\t\t\t<\/div>\n\t\t\t\t<\/div>\n\t\t\t\t\t<\/div>\n\t\t\t\t<\/div>\n\t\t\t\t\t<\/div>\n\t\t\t\t<\/div>\n\t\t\t\t<\/div>\n\t\t\t\t<\/div>\n\t\t","protected":false},"excerpt":{"rendered":"<p>EDUTEC APRESENTA\u00c7\u00c3O \u00c1REAS TEM\u00c1TICAS E CAMPOS DE ATUA\u00c7\u00c3O EDI\u00c7\u00d5ES CONSELHO EDITORIAL DECLARA\u00c7\u00c3O DE MISS\u00c3O DIRETRIZES DA REVISTA EDUTEC PROCEDIMENTOS DE REVIS\u00c3O DE REVISTA CIENT\u00cdFICA FALE CONOSCO APRESENTA\u00c7\u00c3O \u00c1REAS TEM\u00c1TICAS E CAMPOS DE ATUA\u00c7\u00c3O EDI\u00c7\u00d5ES CONSELHO EDITORIAL DECLARA\u00c7\u00c3O DE MISS\u00c3O DIRETRIZES DA REVISTA EDUTEC PROCEDIMENTOS DE REVIS\u00c3O DE REVISTA CIENT\u00cdFICA FALE CONOSCO Nenhuma nota dispon\u00edvel APRESENTA\u00c7\u00c3O \u00c1REAS TEM\u00c1TICAS E CAMPOS DE ATUA\u00c7\u00c3O EDI\u00c7\u00d5ES CONSELHO EDITORIAL DECLARA\u00c7\u00c3O DE MISS\u00c3O DIRETRIZES DA REVISTA EDUTEC PROCEDIMENTOS DE REVIS\u00c3O DE REVISTA CIENT\u00cdFICA FALE CONOSCO FAACZ &#8211; Faculdades Integradas\u00a0de Aracruz &#8211; Tel.: (27) 3302-8000 \u00c1reas tem\u00e1ticas As \u00e1reas tem\u00e1ticas ou campos de pesquisa cobertos pela REVISTA ELETR\u00d4NICA EDUCA\u00c7\u00c3O E TECNOLOGIA (EDUTEC) DAS FACULDADES INTEGRADAS DE ARACRUZ \u2013 FAACZ se referem aos t\u00f3picos espec\u00edficos ou disciplinas que a revista aborda em seus artigos e publica\u00e7\u00f5es. Dessa forma, a REVISTA ELETR\u00d4NICA EDUCA\u00c7\u00c3O E TECNOLOGIA (EDUTEC) DAS FACULDADES INTEGRADAS DE ARACRUZ \u2013 FAACZ trabalhar\u00e1 com algumas das \u00e1reas tem\u00e1ticas comuns acad\u00eamicas: Ci\u00eancias Sociais Aplicadas: Administra\u00e7\u00e3o (Administra\u00e7\u00e3o de Empresas, Administra\u00e7\u00e3o P\u00fablica, Administra\u00e7\u00e3o de Setores Espec\u00edficos e Ci\u00eancias Cont\u00e1beis). Direito (Teoria do Direito, Direito P\u00fablico, Direito Privado e Direitos Especiais). Arquitetura e urbanismo (Fundamentos de Arquitetura e Urbanismo, Projetos de Arquitetura e Urbanismo, Tecnologia de Arquitetura e Urbanismo e Paisagismo). Ci\u00eancias da Sa\u00fade: Enfermagem (Enfermagem M\u00e9dico-Cir\u00fargica, Enfermagem Obst\u00e9trica, Enfermagem Pedi\u00e1trica, Enfermagem Psiqui\u00e1trica, Enfermagem de Doen\u00e7as Contagiosas e Enfermagem de Sa\u00fade P\u00fablica). Engenharias: Engenharia Civil (Constru\u00e7\u00e3o Civil, Estruturas Geot\u00e9cnica, Engenharia Hidr\u00e1ulica, Infraestrutura de Transportes).\u00a0 Engenharia de Produ\u00e7\u00e3o (Ger\u00eancia de Produ\u00e7\u00e3o, Pesquisa Operacional, Engenharia do Produto e Engenharia Econ\u00f4mica). Engenharia Mec\u00e2nica (Fen\u00f4menos de Transporte, Engenharia T\u00e9rmica, Mec\u00e2nica dos S\u00f3lidos, Projetos de M\u00e1quinas e Processos de Fabrica\u00e7\u00e3o). Engenharia Qu\u00edmica (Processos Industriais de Engenharia Qu\u00edmica, Opera\u00e7\u00f5es Industriais e Equipamentos para Engenharia Qu\u00edmica e Tecnologia Qu\u00edmica). Ci\u00eancias Humanas: Psicologia (Fundamentos e Medidas da Psicologia, Psicologia Experimental, Psicologia Fisiol\u00f3gica, Psicologia Comparativa, Psicologia Social, Psicologia Cognitiva, Psicologia do Desenvolvimento Humano, Psicologia do Ensino e da Aprendizagem, Psicologia do Trabalho e Organizacional e Tratamento e Preven\u00e7\u00e3o Psicol\u00f3gica). Demais \u00c1reas: Log\u00edstica. Pedagogia.<\/p>\n","protected":false},"author":8,"featured_media":0,"parent":0,"menu_order":7,"comment_status":"closed","ping_status":"closed","template":"","meta":{"_exactmetrics_skip_tracking":false,"_exactmetrics_sitenote_active":false,"_exactmetrics_sitenote_note":"","_exactmetrics_sitenote_category":0,"footnotes":""},"class_list":["post-37157","page","type-page","status-publish","hentry"],"aioseo_notices":[],"_links":{"self":[{"href":"https:\/\/faacz.com.br\/portal\/wp-json\/wp\/v2\/pages\/37157"}],"collection":[{"href":"https:\/\/faacz.com.br\/portal\/wp-json\/wp\/v2\/pages"}],"about":[{"href":"https:\/\/faacz.com.br\/portal\/wp-json\/wp\/v2\/types\/page"}],"author":[{"embeddable":true,"href":"https:\/\/faacz.com.br\/portal\/wp-json\/wp\/v2\/users\/8"}],"replies":[{"embeddable":true,"href":"https:\/\/faacz.com.br\/portal\/wp-json\/wp\/v2\/comments?post=37157"}],"version-history":[{"count":28,"href":"https:\/\/faacz.com.br\/portal\/wp-json\/wp\/v2\/pages\/37157\/revisions"}],"predecessor-version":[{"id":37410,"href":"https:\/\/faacz.com.br\/portal\/wp-json\/wp\/v2\/pages\/37157\/revisions\/37410"}],"wp:attachment":[{"href":"https:\/\/faacz.com.br\/portal\/wp-json\/wp\/v2\/media?parent=37157"}],"curies":[{"name":"wp","href":"https:\/\/api.w.org\/{rel}","templated":true}]}}