{"id":37116,"date":"2025-03-23T23:02:21","date_gmt":"2025-03-24T02:02:21","guid":{"rendered":"https:\/\/faacz.com.br\/portal\/?page_id=37116"},"modified":"2025-03-26T19:03:32","modified_gmt":"2025-03-26T22:03:32","slug":"declaracao-de-missao","status":"publish","type":"page","link":"https:\/\/faacz.com.br\/portal\/declaracao-de-missao\/","title":{"rendered":"Declara\u00e7\u00e3o de miss\u00e3o"},"content":{"rendered":"\t\t<div data-elementor-type=\"wp-page\" data-elementor-id=\"37116\" class=\"elementor elementor-37116\" data-elementor-settings=\"{&quot;ha_cmc_init_switcher&quot;:&quot;no&quot;}\" data-elementor-post-type=\"page\">\n\t\t\t\t<div class=\"elementor-element elementor-element-5102f2c e-con-full e-flex wpr-particle-no wpr-jarallax-no wpr-parallax-no wpr-sticky-section-no e-con e-parent\" data-id=\"5102f2c\" data-element_type=\"container\" data-settings=\"{&quot;background_background&quot;:&quot;classic&quot;}\">\n\t\t<div class=\"elementor-element elementor-element-c1ffa93 e-flex e-con-boxed wpr-particle-no wpr-jarallax-no wpr-parallax-no wpr-sticky-section-no e-con e-child\" data-id=\"c1ffa93\" data-element_type=\"container\">\n\t\t\t\t\t<div class=\"e-con-inner\">\n\t\t<div class=\"elementor-element elementor-element-9a05321 e-con-full e-flex wpr-particle-no wpr-jarallax-no wpr-parallax-no wpr-sticky-section-no elementor-invisible e-con e-child\" data-id=\"9a05321\" data-element_type=\"container\" data-settings=\"{&quot;animation&quot;:&quot;fadeInLeft&quot;}\">\n\t\t<div class=\"elementor-element elementor-element-ad53dfe e-flex e-con-boxed wpr-particle-no wpr-jarallax-no wpr-parallax-no wpr-sticky-section-no e-con e-child\" data-id=\"ad53dfe\" data-element_type=\"container\">\n\t\t\t\t\t<div class=\"e-con-inner\">\n\t\t\t\t<div class=\"elementor-element elementor-element-bd941b1 elementor-hidden-tablet elementor-widget elementor-widget-image\" data-id=\"bd941b1\" data-element_type=\"widget\" data-widget_type=\"image.default\">\n\t\t\t\t<div class=\"elementor-widget-container\">\n\t\t\t\t\t\t\t\t\t\t\t\t\t\t\t<img decoding=\"async\" width=\"76\" height=\"36\" src=\"https:\/\/faacz.com.br\/portal\/wp-content\/uploads\/2025\/03\/logo_faacz_transp-2.png\" class=\"attachment-large size-large wp-image-36825\" alt=\"\" srcset=\"https:\/\/faacz.com.br\/portal\/wp-content\/uploads\/2025\/03\/logo_faacz_transp-2.png 76w, https:\/\/faacz.com.br\/portal\/wp-content\/uploads\/2025\/03\/logo_faacz_transp-2-24x11.png 24w, https:\/\/faacz.com.br\/portal\/wp-content\/uploads\/2025\/03\/logo_faacz_transp-2-36x17.png 36w, https:\/\/faacz.com.br\/portal\/wp-content\/uploads\/2025\/03\/logo_faacz_transp-2-48x23.png 48w\" sizes=\"(max-width: 76px) 100vw, 76px\" \/>\t\t\t\t\t\t\t\t\t\t\t\t\t\t\t<\/div>\n\t\t\t\t<\/div>\n\t\t\t\t<div class=\"elementor-element elementor-element-4d2866b elementor-widget__width-initial elementor-hidden-tablet elementor-widget elementor-widget-spacer\" data-id=\"4d2866b\" data-element_type=\"widget\" data-widget_type=\"spacer.default\">\n\t\t\t\t<div class=\"elementor-widget-container\">\n\t\t\t\t\t\t\t<div class=\"elementor-spacer\">\n\t\t\t<div class=\"elementor-spacer-inner\"><\/div>\n\t\t<\/div>\n\t\t\t\t\t\t<\/div>\n\t\t\t\t<\/div>\n\t\t\t\t<div class=\"elementor-element elementor-element-b985f69 elementor-widget elementor-widget-heading\" data-id=\"b985f69\" data-element_type=\"widget\" data-widget_type=\"heading.default\">\n\t\t\t\t<div class=\"elementor-widget-container\">\n\t\t\t\t\t<h2 class=\"elementor-heading-title elementor-size-default\">EDUTEC<\/h2>\t\t\t\t<\/div>\n\t\t\t\t<\/div>\n\t\t\t\t<div class=\"elementor-element elementor-element-729042d elementor-hidden-desktop elementor-hidden-laptop elementor-hidden-tablet wpr-main-menu-align-left wpr-main-menu-align--laptopleft wpr-main-menu-align--tabletleft wpr-pointer-underline wpr-pointer-line-fx wpr-pointer-fx-fade wpr-sub-icon-caret-down wpr-sub-menu-fx-fade wpr-nav-menu-bp-mobile wpr-mobile-menu-full-width wpr-mobile-menu-item-align-center wpr-mobile-toggle-v1 wpr-sub-divider-yes wpr-mobile-divider-yes elementor-widget elementor-widget-wpr-nav-menu\" data-id=\"729042d\" data-element_type=\"widget\" data-settings=\"{&quot;menu_layout&quot;:&quot;horizontal&quot;}\" data-widget_type=\"wpr-nav-menu.default\">\n\t\t\t\t<div class=\"elementor-widget-container\">\n\t\t\t\t\t<nav class=\"wpr-nav-menu-container wpr-nav-menu-horizontal\" data-trigger=\"hover\"><ul id=\"menu-1-729042d\" class=\"wpr-nav-menu\"><li class=\"menu-item menu-item-type-post_type menu-item-object-page menu-item-37223\"><a href=\"https:\/\/faacz.com.br\/portal\/a-edutec\/\" class=\"wpr-menu-item wpr-pointer-item\">APRESENTA\u00c7\u00c3O<\/a><\/li>\n<li class=\"menu-item menu-item-type-post_type menu-item-object-page menu-item-37244\"><a href=\"https:\/\/faacz.com.br\/portal\/areas-tematicas\/\" class=\"wpr-menu-item wpr-pointer-item\">\u00c1REAS TEM\u00c1TICAS E CAMPOS DE ATUA\u00c7\u00c3O<\/a><\/li>\n<li class=\"menu-item menu-item-type-post_type menu-item-object-page menu-item-37293\"><a href=\"https:\/\/faacz.com.br\/portal\/edicoes\/\" class=\"wpr-menu-item wpr-pointer-item\">EDI\u00c7\u00d5ES<\/a><\/li>\n<li class=\"menu-item menu-item-type-post_type menu-item-object-page menu-item-37245\"><a href=\"https:\/\/faacz.com.br\/portal\/conselho-editorial\/\" class=\"wpr-menu-item wpr-pointer-item\">CONSELHO EDITORIAL<\/a><\/li>\n<li class=\"menu-item menu-item-type-post_type menu-item-object-page menu-item-37247\"><a href=\"https:\/\/faacz.com.br\/portal\/declaracao-de-missao\/\" class=\"wpr-menu-item wpr-pointer-item\">DECLARA\u00c7\u00c3O DE MISS\u00c3O<\/a><\/li>\n<li class=\"menu-item menu-item-type-post_type menu-item-object-page menu-item-37246\"><a href=\"https:\/\/faacz.com.br\/portal\/diretrizes-da-revista-edutec\/\" class=\"wpr-menu-item wpr-pointer-item\">DIRETRIZES DA REVISTA EDUTEC<\/a><\/li>\n<li class=\"menu-item menu-item-type-post_type menu-item-object-page menu-item-37243\"><a href=\"https:\/\/faacz.com.br\/portal\/procedimentos-de-revisao-da-revista-cientifica\/\" class=\"wpr-menu-item wpr-pointer-item\">PROCEDIMENTOS DE REVIS\u00c3O DE REVISTA CIENT\u00cdFICA<\/a><\/li>\n<li class=\"menu-item menu-item-type-post_type menu-item-object-page menu-item-37242\"><a href=\"https:\/\/faacz.com.br\/portal\/edital-fale-conosco\/\" class=\"wpr-menu-item wpr-pointer-item\">FALE CONOSCO<\/a><\/li>\n<\/ul><\/nav><nav class=\"wpr-mobile-nav-menu-container\"><div class=\"wpr-mobile-toggle-wrap\"><div class=\"wpr-mobile-toggle\"><span class=\"wpr-mobile-toggle-line\"><\/span><span class=\"wpr-mobile-toggle-line\"><\/span><span class=\"wpr-mobile-toggle-line\"><\/span><\/div><\/div><ul id=\"mobile-menu-2-729042d\" class=\"wpr-mobile-nav-menu\"><li class=\"menu-item menu-item-type-post_type menu-item-object-page menu-item-37223\"><a href=\"https:\/\/faacz.com.br\/portal\/a-edutec\/\" class=\"wpr-mobile-menu-item\">APRESENTA\u00c7\u00c3O<\/a><\/li>\n<li class=\"menu-item menu-item-type-post_type menu-item-object-page menu-item-37244\"><a href=\"https:\/\/faacz.com.br\/portal\/areas-tematicas\/\" class=\"wpr-mobile-menu-item\">\u00c1REAS TEM\u00c1TICAS E CAMPOS DE ATUA\u00c7\u00c3O<\/a><\/li>\n<li class=\"menu-item menu-item-type-post_type menu-item-object-page menu-item-37293\"><a href=\"https:\/\/faacz.com.br\/portal\/edicoes\/\" class=\"wpr-mobile-menu-item\">EDI\u00c7\u00d5ES<\/a><\/li>\n<li class=\"menu-item menu-item-type-post_type menu-item-object-page menu-item-37245\"><a href=\"https:\/\/faacz.com.br\/portal\/conselho-editorial\/\" class=\"wpr-mobile-menu-item\">CONSELHO EDITORIAL<\/a><\/li>\n<li class=\"menu-item menu-item-type-post_type menu-item-object-page menu-item-37247\"><a href=\"https:\/\/faacz.com.br\/portal\/declaracao-de-missao\/\" class=\"wpr-mobile-menu-item\">DECLARA\u00c7\u00c3O DE MISS\u00c3O<\/a><\/li>\n<li class=\"menu-item menu-item-type-post_type menu-item-object-page menu-item-37246\"><a href=\"https:\/\/faacz.com.br\/portal\/diretrizes-da-revista-edutec\/\" class=\"wpr-mobile-menu-item\">DIRETRIZES DA REVISTA EDUTEC<\/a><\/li>\n<li class=\"menu-item menu-item-type-post_type menu-item-object-page menu-item-37243\"><a href=\"https:\/\/faacz.com.br\/portal\/procedimentos-de-revisao-da-revista-cientifica\/\" class=\"wpr-mobile-menu-item\">PROCEDIMENTOS DE REVIS\u00c3O DE REVISTA CIENT\u00cdFICA<\/a><\/li>\n<li class=\"menu-item menu-item-type-post_type menu-item-object-page menu-item-37242\"><a href=\"https:\/\/faacz.com.br\/portal\/edital-fale-conosco\/\" class=\"wpr-mobile-menu-item\">FALE CONOSCO<\/a><\/li>\n<\/ul><\/nav>\t\t\t\t<\/div>\n\t\t\t\t<\/div>\n\t\t\t\t\t<\/div>\n\t\t\t\t<\/div>\n\t\t<div class=\"elementor-element elementor-element-2d7f19b elementor-hidden-tablet elementor-hidden-mobile e-flex e-con-boxed wpr-particle-no wpr-jarallax-no wpr-parallax-no wpr-sticky-section-no e-con e-child\" data-id=\"2d7f19b\" data-element_type=\"container\" data-settings=\"{&quot;background_background&quot;:&quot;classic&quot;}\">\n\t\t\t\t\t<div class=\"e-con-inner\">\n\t\t\t\t<div class=\"elementor-element elementor-element-16be930 elementor-position-left elementor-view-default elementor-mobile-position-top elementor-widget elementor-widget-icon-box\" data-id=\"16be930\" data-element_type=\"widget\" data-widget_type=\"icon-box.default\">\n\t\t\t\t<div class=\"elementor-widget-container\">\n\t\t\t\t\t\t\t<div class=\"elementor-icon-box-wrapper\">\n\n\t\t\t\t\t\t<div class=\"elementor-icon-box-icon\">\n\t\t\t\t<span  class=\"elementor-icon\">\n\t\t\t\t<svg aria-hidden=\"true\" class=\"e-font-icon-svg e-fas-bell\" viewBox=\"0 0 448 512\" xmlns=\"http:\/\/www.w3.org\/2000\/svg\"><path d=\"M224 512c35.32 0 63.97-28.65 63.97-64H160.03c0 35.35 28.65 64 63.97 64zm215.39-149.71c-19.32-20.76-55.47-51.99-55.47-154.29 0-77.7-54.48-139.9-127.94-155.16V32c0-17.67-14.32-32-31.98-32s-31.98 14.33-31.98 32v20.84C118.56 68.1 64.08 130.3 64.08 208c0 102.3-36.15 133.53-55.47 154.29-6 6.45-8.66 14.16-8.61 21.71.11 16.4 12.98 32 32.1 32h383.8c19.12 0 32-15.6 32.1-32 .05-7.55-2.61-15.27-8.61-21.71z\"><\/path><\/svg>\t\t\t\t<\/span>\n\t\t\t<\/div>\n\t\t\t\n\t\t\t\t\t\t<div class=\"elementor-icon-box-content\">\n\n\t\t\t\t\t\t\t\t\t<h3 class=\"elementor-icon-box-title\">\n\t\t\t\t\t\t<span  >\n\t\t\t\t\t\t\tNenhuma nota dispon\u00edvel\t\t\t\t\t\t<\/span>\n\t\t\t\t\t<\/h3>\n\t\t\t\t\n\t\t\t\t\n\t\t\t<\/div>\n\t\t\t\n\t\t<\/div>\n\t\t\t\t\t\t<\/div>\n\t\t\t\t<\/div>\n\t\t\t\t\t<\/div>\n\t\t\t\t<\/div>\n\t\t<div class=\"elementor-element elementor-element-337a141 elementor-hidden-mobile e-flex e-con-boxed wpr-particle-no wpr-jarallax-no wpr-parallax-no wpr-sticky-section-no e-con e-child\" data-id=\"337a141\" data-element_type=\"container\">\n\t\t\t\t\t<div class=\"e-con-inner\">\n\t\t\t\t<div class=\"elementor-element elementor-element-7c32dcb elementor-hidden-mobile elementor-widget elementor-widget-jet-custom-menu\" data-id=\"7c32dcb\" data-element_type=\"widget\" data-widget_type=\"jet-custom-menu.default\">\n\t\t\t\t<div class=\"elementor-widget-container\">\n\t\t\t\t\t<div class=\"menu-menu-edutec-container\"><div class=\"jet-custom-nav jet-custom-nav--dropdown-right-side jet-custom-nav--animation-fade\"><div class=\"menu-item menu-item-type-post_type menu-item-object-page jet-custom-nav__item jet-custom-nav__item-37223\"><a href=\"https:\/\/faacz.com.br\/portal\/a-edutec\/\" class=\"jet-custom-nav__item-link\"><span class=\"jet-menu-link-text\"><span class=\"jet-custom-item-label top-level-label\">APRESENTA\u00c7\u00c3O<\/span><\/span><\/a><\/div>\n<div class=\"menu-item menu-item-type-post_type menu-item-object-page jet-custom-nav__item jet-custom-nav__item-37244\"><a href=\"https:\/\/faacz.com.br\/portal\/areas-tematicas\/\" class=\"jet-custom-nav__item-link\"><span class=\"jet-menu-link-text\"><span class=\"jet-custom-item-label top-level-label\">\u00c1REAS TEM\u00c1TICAS E CAMPOS DE ATUA\u00c7\u00c3O<\/span><\/span><\/a><\/div>\n<div class=\"menu-item menu-item-type-post_type menu-item-object-page jet-custom-nav__item jet-custom-nav__item-37293\"><a href=\"https:\/\/faacz.com.br\/portal\/edicoes\/\" class=\"jet-custom-nav__item-link\"><span class=\"jet-menu-link-text\"><span class=\"jet-custom-item-label top-level-label\">EDI\u00c7\u00d5ES<\/span><\/span><\/a><\/div>\n<div class=\"menu-item menu-item-type-post_type menu-item-object-page jet-custom-nav__item jet-custom-nav__item-37245\"><a href=\"https:\/\/faacz.com.br\/portal\/conselho-editorial\/\" class=\"jet-custom-nav__item-link\"><span class=\"jet-menu-link-text\"><span class=\"jet-custom-item-label top-level-label\">CONSELHO EDITORIAL<\/span><\/span><\/a><\/div>\n<div class=\"menu-item menu-item-type-post_type menu-item-object-page jet-custom-nav__item jet-custom-nav__item-37247\"><a href=\"https:\/\/faacz.com.br\/portal\/declaracao-de-missao\/\" class=\"jet-custom-nav__item-link\"><span class=\"jet-menu-link-text\"><span class=\"jet-custom-item-label top-level-label\">DECLARA\u00c7\u00c3O DE MISS\u00c3O<\/span><\/span><\/a><\/div>\n<div class=\"menu-item menu-item-type-post_type menu-item-object-page jet-custom-nav__item jet-custom-nav__item-37246\"><a href=\"https:\/\/faacz.com.br\/portal\/diretrizes-da-revista-edutec\/\" class=\"jet-custom-nav__item-link\"><span class=\"jet-menu-link-text\"><span class=\"jet-custom-item-label top-level-label\">DIRETRIZES DA REVISTA EDUTEC<\/span><\/span><\/a><\/div>\n<div class=\"menu-item menu-item-type-post_type menu-item-object-page jet-custom-nav__item jet-custom-nav__item-37243\"><a href=\"https:\/\/faacz.com.br\/portal\/procedimentos-de-revisao-da-revista-cientifica\/\" class=\"jet-custom-nav__item-link\"><span class=\"jet-menu-link-text\"><span class=\"jet-custom-item-label top-level-label\">PROCEDIMENTOS DE REVIS\u00c3O DE REVISTA CIENT\u00cdFICA<\/span><\/span><\/a><\/div>\n<div class=\"menu-item menu-item-type-post_type menu-item-object-page jet-custom-nav__item jet-custom-nav__item-37242\"><a href=\"https:\/\/faacz.com.br\/portal\/edital-fale-conosco\/\" class=\"jet-custom-nav__item-link\"><span class=\"jet-menu-link-text\"><span class=\"jet-custom-item-label top-level-label\">FALE CONOSCO<\/span><\/span><\/a><\/div>\n<\/div><\/div>\t\t\t\t<\/div>\n\t\t\t\t<\/div>\n\t\t\t\t\t<\/div>\n\t\t\t\t<\/div>\n\t\t<div class=\"elementor-element elementor-element-314f38f elementor-hidden-tablet elementor-hidden-mobile e-flex e-con-boxed wpr-particle-no wpr-jarallax-no wpr-parallax-no wpr-sticky-section-no e-con e-child\" data-id=\"314f38f\" data-element_type=\"container\">\n\t\t\t\t\t<div class=\"e-con-inner\">\n\t\t\t\t<div class=\"elementor-element elementor-element-4090041 elementor-widget__width-initial elementor-hidden-mobile elementor-widget elementor-widget-text-editor\" data-id=\"4090041\" data-element_type=\"widget\" data-widget_type=\"text-editor.default\">\n\t\t\t\t<div class=\"elementor-widget-container\">\n\t\t\t\t\t\t\t\t\t<p>FAACZ &#8211; Faculdades Integradas\u00a0de Aracruz &#8211; Tel.: (27) 3302-8000<\/p>\t\t\t\t\t\t\t\t<\/div>\n\t\t\t\t<\/div>\n\t\t\t\t\t<\/div>\n\t\t\t\t<\/div>\n\t\t\t\t<\/div>\n\t\t<div class=\"elementor-element elementor-element-b3acd38 e-flex e-con-boxed wpr-particle-no wpr-jarallax-no wpr-parallax-no wpr-sticky-section-no elementor-invisible e-con e-child\" data-id=\"b3acd38\" data-element_type=\"container\" data-settings=\"{&quot;background_background&quot;:&quot;classic&quot;,&quot;animation&quot;:&quot;fadeInRight&quot;}\">\n\t\t\t\t\t<div class=\"e-con-inner\">\n\t\t<div class=\"elementor-element elementor-element-d0bd2e4 e-flex e-con-boxed wpr-particle-no wpr-jarallax-no wpr-parallax-no wpr-sticky-section-no e-con e-child\" data-id=\"d0bd2e4\" data-element_type=\"container\" data-settings=\"{&quot;background_background&quot;:&quot;classic&quot;}\">\n\t\t\t\t\t<div class=\"e-con-inner\">\n\t\t\t\t<div class=\"elementor-element elementor-element-a647218 elementor-widget elementor-widget-heading\" data-id=\"a647218\" data-element_type=\"widget\" data-widget_type=\"heading.default\">\n\t\t\t\t<div class=\"elementor-widget-container\">\n\t\t\t\t\t<h2 class=\"elementor-heading-title elementor-size-default\">Declara\u00e7\u00e3o de Miss\u00e3o<\/h2>\t\t\t\t<\/div>\n\t\t\t\t<\/div>\n\t\t\t\t<div class=\"elementor-element elementor-element-c9e81b7 elementor-widget elementor-widget-text-editor\" data-id=\"c9e81b7\" data-element_type=\"widget\" data-widget_type=\"text-editor.default\">\n\t\t\t\t<div class=\"elementor-widget-container\">\n\t\t\t\t\t\t\t\t\t<p>A miss\u00e3o da REVISTA ELETR\u00d4NICA EDUCA\u00c7\u00c3O E TECNOLOGIA (EDUTEC) DAS FACULDADES INTEGRADAS DE ARACRUZ &#8211; FAACZ \u00e9 promover a excel\u00eancia na pesquisa acad\u00e9mica atrav\u00e9s da publica\u00e7\u00e3o de estudos inovadores, rigorosos e de alta qualidade nas \u00e1reas de Administra\u00e7\u00e3o, Arquitetura e Urbanismo, Ci\u00eancias Cont\u00e1beis, Direito, Enfermagem, Engenharia Civil, Engenharia de Produ\u00e7\u00e3o, Engenharia Mec\u00e2nica, Engenharia Qu\u00edmica, Log\u00edstica, Pedagogia e Psicologia. Nosso objetivo \u00e9 servir como uma plataforma l\u00edder para a dissemina\u00e7\u00e3o de conhecimento que contribua para o avan\u00e7o da ci\u00eancia, da pr\u00e1tica profissional e da educa\u00e7\u00e3o.<\/p>\t\t\t\t\t\t\t\t<\/div>\n\t\t\t\t<\/div>\n\t\t\t\t<div class=\"elementor-element elementor-element-7716083 elementor-widget elementor-widget-heading\" data-id=\"7716083\" data-element_type=\"widget\" data-widget_type=\"heading.default\">\n\t\t\t\t<div class=\"elementor-widget-container\">\n\t\t\t\t\t<h2 class=\"elementor-heading-title elementor-size-default\">Objetivos<\/h2>\t\t\t\t<\/div>\n\t\t\t\t<\/div>\n\t\t\t\t<div class=\"elementor-element elementor-element-fe08ac8 elementor-widget elementor-widget-text-editor\" data-id=\"fe08ac8\" data-element_type=\"widget\" data-widget_type=\"text-editor.default\">\n\t\t\t\t<div class=\"elementor-widget-container\">\n\t\t\t\t\t\t\t\t\t<strong>Fomentar a Pesquisa Inovadora:<\/strong> Publicar artigos originais que ofere\u00e7am novas perspectivas, abordagens metodol\u00f3gicas e descobertas significativas no campo de Administra\u00e7\u00e3o, Arquitetura e Urbanismo, Ci\u00eancias Cont\u00e1beis, Direito, Enfermagem, Engenharia Civil, Engenharia de Produ\u00e7\u00e3o, Engenharia Mec\u00e2nica, Engenharia Qu\u00edmica, Log\u00edstica, Pedagogia e Psicologia.<br><br>\n\n<strong>Garantir a Qualidade e a Rigorosidade:<\/strong> Manter elevados padr\u00f5es de revis\u00e3o por pares, assegurando que todos os trabalhos publicados sejam rigorosamente avaliados por especialistas na \u00e1rea.<br><br>\n\n<strong>Promover a Interdisciplinaridade:<\/strong> Incentivar a submiss\u00e3o de pesquisas que cruzem fronteiras disciplinares e promovam a colabora\u00e7\u00e3o entre diferentes \u00e1reas do conhecimento.<br><br>\n\n<strong>Apoiar o Desenvolvimento Profissional:<\/strong> Contribuir para o desenvolvimento cont\u00ednuo de profissionais, acad\u00eamicos e estudantes atrav\u00e9s da publica\u00e7\u00e3o de pesquisas aplic\u00e1veis e relevantes para a pr\u00e1tica.<br><br>\n\n<strong>Facilitar o Acesso ao Conhecimento:<\/strong> Tornar os conte\u00fados da revista acess\u00edveis a uma audi\u00eancia global, promovendo a democratiza\u00e7\u00e3o do conhecimento atrav\u00e9s de pol\u00edticas de acesso aberto, quando poss\u00edvel.<br><br>\n\n<strong>Estimular o Debate Acad\u00eamico:<\/strong> Proporcionar um f\u00f3rum para o debate cr\u00edtico e construtivo sobre temas emergentes no campo de Administra\u00e7\u00e3o, Arquitetura e Urbanismo, Ci\u00eancias Cont\u00e1beis, Direito, Enfermagem, Engenharia Civil, Engenharia de Produ\u00e7\u00e3o, Engenharia Mec\u00e2nica, Engenharia Qu\u00edmica, Log\u00edstica, Pedagogia e Psicologia.<br><br>\n\n<strong>Reconhecer a Diversidade e a Inclus\u00e3o:<\/strong> Valorizar a diversidade de pensamentos, origens e experi\u00eancias dos autores, revisores e leitores, promovendo um ambiente inclusivo e respeitoso.\t\t\t\t\t\t\t\t<\/div>\n\t\t\t\t<\/div>\n\t\t\t\t<div class=\"elementor-element elementor-element-8aa5500 elementor-widget elementor-widget-heading\" data-id=\"8aa5500\" data-element_type=\"widget\" data-widget_type=\"heading.default\">\n\t\t\t\t<div class=\"elementor-widget-container\">\n\t\t\t\t\t<h2 class=\"elementor-heading-title elementor-size-default\">Conclus\u00e3o<\/h2>\t\t\t\t<\/div>\n\t\t\t\t<\/div>\n\t\t\t\t<div class=\"elementor-element elementor-element-020200e elementor-widget elementor-widget-text-editor\" data-id=\"020200e\" data-element_type=\"widget\" data-widget_type=\"text-editor.default\">\n\t\t\t\t<div class=\"elementor-widget-container\">\n\t\t\t\t\t\t\t\t\t<p>A REVISTA ELETR\u00d4NICA EDUCA\u00c7\u00c3O E TECNOLOGIA (EDUTEC) DAS FACULDADES INTEGRADAS DE ARACRUZ &#8211; FAACZ est\u00e1 comprometida com a excel\u00eancia e a integridade na publica\u00e7\u00e3o cient\u00edfica. Acreditamos que, ao cumprir nossa miss\u00e3o e alcan\u00e7ar nossos objetivos, contribu\u00edmos para o crescimento e o desenvolvimento cont\u00ednuo do conhecimento em Administra\u00e7\u00e3o, Arquitetura e Urbanismo, Ci\u00eancias Cont\u00e1beis, Direito, Enfermagem, Engenharia Civil, Engenharia de Produ\u00e7\u00e3o, Engenharia Mec\u00e2nica, Engenharia Qu\u00edmica, Log\u00edstica, Pedagogia e Psicologia. <br \/><br \/>Para mais informa\u00e7\u00f5es sobre a nossa revista e para acessar os nossos artigos, visite REVISTA ELETR\u00d4NICA EDUCA\u00c7\u00c3O E TECNOLOGIA (EDUTEC) DAS FACULDADES INTEGRADAS DE ARACRUZ \u2013 FAACZ pelo email: conselhoeditorial@fsjb.edu.br.<\/p>\t\t\t\t\t\t\t\t<\/div>\n\t\t\t\t<\/div>\n\t\t\t\t\t<\/div>\n\t\t\t\t<\/div>\n\t\t\t\t\t<\/div>\n\t\t\t\t<\/div>\n\t\t\t\t\t<\/div>\n\t\t\t\t<\/div>\n\t\t\t\t<\/div>\n\t\t\t\t<\/div>\n\t\t","protected":false},"excerpt":{"rendered":"<p>EDUTEC APRESENTA\u00c7\u00c3O \u00c1REAS TEM\u00c1TICAS E CAMPOS DE ATUA\u00c7\u00c3O EDI\u00c7\u00d5ES CONSELHO EDITORIAL DECLARA\u00c7\u00c3O DE MISS\u00c3O DIRETRIZES DA REVISTA EDUTEC PROCEDIMENTOS DE REVIS\u00c3O DE REVISTA CIENT\u00cdFICA FALE CONOSCO APRESENTA\u00c7\u00c3O \u00c1REAS TEM\u00c1TICAS E CAMPOS DE ATUA\u00c7\u00c3O EDI\u00c7\u00d5ES CONSELHO EDITORIAL DECLARA\u00c7\u00c3O DE MISS\u00c3O DIRETRIZES DA REVISTA EDUTEC PROCEDIMENTOS DE REVIS\u00c3O DE REVISTA CIENT\u00cdFICA FALE CONOSCO Nenhuma nota dispon\u00edvel APRESENTA\u00c7\u00c3O \u00c1REAS TEM\u00c1TICAS E CAMPOS DE ATUA\u00c7\u00c3O EDI\u00c7\u00d5ES CONSELHO EDITORIAL DECLARA\u00c7\u00c3O DE MISS\u00c3O DIRETRIZES DA REVISTA EDUTEC PROCEDIMENTOS DE REVIS\u00c3O DE REVISTA CIENT\u00cdFICA FALE CONOSCO FAACZ &#8211; Faculdades Integradas\u00a0de Aracruz &#8211; Tel.: (27) 3302-8000 Declara\u00e7\u00e3o de Miss\u00e3o A miss\u00e3o da REVISTA ELETR\u00d4NICA EDUCA\u00c7\u00c3O E TECNOLOGIA (EDUTEC) DAS FACULDADES INTEGRADAS DE ARACRUZ &#8211; FAACZ \u00e9 promover a excel\u00eancia na pesquisa acad\u00e9mica atrav\u00e9s da publica\u00e7\u00e3o de estudos inovadores, rigorosos e de alta qualidade nas \u00e1reas de Administra\u00e7\u00e3o, Arquitetura e Urbanismo, Ci\u00eancias Cont\u00e1beis, Direito, Enfermagem, Engenharia Civil, Engenharia de Produ\u00e7\u00e3o, Engenharia Mec\u00e2nica, Engenharia Qu\u00edmica, Log\u00edstica, Pedagogia e Psicologia. Nosso objetivo \u00e9 servir como uma plataforma l\u00edder para a dissemina\u00e7\u00e3o de conhecimento que contribua para o avan\u00e7o da ci\u00eancia, da pr\u00e1tica profissional e da educa\u00e7\u00e3o. Objetivos Fomentar a Pesquisa Inovadora: Publicar artigos originais que ofere\u00e7am novas perspectivas, abordagens metodol\u00f3gicas e descobertas significativas no campo de Administra\u00e7\u00e3o, Arquitetura e Urbanismo, Ci\u00eancias Cont\u00e1beis, Direito, Enfermagem, Engenharia Civil, Engenharia de Produ\u00e7\u00e3o, Engenharia Mec\u00e2nica, Engenharia Qu\u00edmica, Log\u00edstica, Pedagogia e Psicologia. Garantir a Qualidade e a Rigorosidade: Manter elevados padr\u00f5es de revis\u00e3o por pares, assegurando que todos os trabalhos publicados sejam rigorosamente avaliados por especialistas na \u00e1rea. Promover a Interdisciplinaridade: Incentivar a submiss\u00e3o de pesquisas que cruzem fronteiras disciplinares e promovam a colabora\u00e7\u00e3o entre diferentes \u00e1reas do conhecimento. Apoiar o Desenvolvimento Profissional: Contribuir para o desenvolvimento cont\u00ednuo de profissionais, acad\u00eamicos e estudantes atrav\u00e9s da publica\u00e7\u00e3o de pesquisas aplic\u00e1veis e relevantes para a pr\u00e1tica. Facilitar o Acesso ao Conhecimento: Tornar os conte\u00fados da revista acess\u00edveis a uma audi\u00eancia global, promovendo a democratiza\u00e7\u00e3o do conhecimento atrav\u00e9s de pol\u00edticas de acesso aberto, quando poss\u00edvel. Estimular o Debate Acad\u00eamico: Proporcionar um f\u00f3rum para o debate cr\u00edtico e construtivo sobre temas emergentes no campo de Administra\u00e7\u00e3o, Arquitetura e Urbanismo, Ci\u00eancias Cont\u00e1beis, Direito, Enfermagem, Engenharia Civil, Engenharia de Produ\u00e7\u00e3o, Engenharia Mec\u00e2nica, Engenharia Qu\u00edmica, Log\u00edstica, Pedagogia e Psicologia. Reconhecer a Diversidade e a Inclus\u00e3o: Valorizar a diversidade de pensamentos, origens e experi\u00eancias dos autores, revisores e leitores, promovendo um ambiente inclusivo e respeitoso. Conclus\u00e3o A REVISTA ELETR\u00d4NICA EDUCA\u00c7\u00c3O E TECNOLOGIA (EDUTEC) DAS FACULDADES INTEGRADAS DE ARACRUZ &#8211; FAACZ est\u00e1 comprometida com a excel\u00eancia e a integridade na publica\u00e7\u00e3o cient\u00edfica. Acreditamos que, ao cumprir nossa miss\u00e3o e alcan\u00e7ar nossos objetivos, contribu\u00edmos para o crescimento e o desenvolvimento cont\u00ednuo do conhecimento em Administra\u00e7\u00e3o, Arquitetura e Urbanismo, Ci\u00eancias Cont\u00e1beis, Direito, Enfermagem, Engenharia Civil, Engenharia de Produ\u00e7\u00e3o, Engenharia Mec\u00e2nica, Engenharia Qu\u00edmica, Log\u00edstica, Pedagogia e Psicologia. Para mais informa\u00e7\u00f5es sobre a nossa revista e para acessar os nossos artigos, visite REVISTA ELETR\u00d4NICA EDUCA\u00c7\u00c3O E TECNOLOGIA (EDUTEC) DAS FACULDADES INTEGRADAS DE ARACRUZ \u2013 FAACZ pelo email: conselhoeditorial@fsjb.edu.br.<\/p>\n","protected":false},"author":8,"featured_media":0,"parent":0,"menu_order":10,"comment_status":"closed","ping_status":"closed","template":"","meta":{"_exactmetrics_skip_tracking":false,"_exactmetrics_sitenote_active":false,"_exactmetrics_sitenote_note":"","_exactmetrics_sitenote_category":0,"footnotes":""},"class_list":["post-37116","page","type-page","status-publish","hentry"],"aioseo_notices":[],"_links":{"self":[{"href":"https:\/\/faacz.com.br\/portal\/wp-json\/wp\/v2\/pages\/37116"}],"collection":[{"href":"https:\/\/faacz.com.br\/portal\/wp-json\/wp\/v2\/pages"}],"about":[{"href":"https:\/\/faacz.com.br\/portal\/wp-json\/wp\/v2\/types\/page"}],"author":[{"embeddable":true,"href":"https:\/\/faacz.com.br\/portal\/wp-json\/wp\/v2\/users\/8"}],"replies":[{"embeddable":true,"href":"https:\/\/faacz.com.br\/portal\/wp-json\/wp\/v2\/comments?post=37116"}],"version-history":[{"count":40,"href":"https:\/\/faacz.com.br\/portal\/wp-json\/wp\/v2\/pages\/37116\/revisions"}],"predecessor-version":[{"id":37395,"href":"https:\/\/faacz.com.br\/portal\/wp-json\/wp\/v2\/pages\/37116\/revisions\/37395"}],"wp:attachment":[{"href":"https:\/\/faacz.com.br\/portal\/wp-json\/wp\/v2\/media?parent=37116"}],"curies":[{"name":"wp","href":"https:\/\/api.w.org\/{rel}","templated":true}]}}