{"id":36705,"date":"2025-02-19T21:01:18","date_gmt":"2025-02-20T00:01:18","guid":{"rendered":"https:\/\/faacz.com.br\/portal\/?page_id=36705"},"modified":"2025-02-25T11:59:25","modified_gmt":"2025-02-25T14:59:25","slug":"clinica-de-psicologia","status":"publish","type":"page","link":"https:\/\/faacz.com.br\/portal\/clinica-de-psicologia\/","title":{"rendered":"Cl\u00ednica de Psicologia"},"content":{"rendered":"\t\t<div data-elementor-type=\"wp-page\" data-elementor-id=\"36705\" class=\"elementor elementor-36705\" data-elementor-settings=\"{&quot;ha_cmc_init_switcher&quot;:&quot;no&quot;}\" data-elementor-post-type=\"page\">\n\t\t\t\t<div class=\"elementor-element elementor-element-6f2f7762 bg-roxo e-flex e-con-boxed wpr-particle-no wpr-jarallax-no wpr-parallax-no wpr-sticky-section-no e-con e-parent\" data-id=\"6f2f7762\" data-element_type=\"container\" data-settings=\"{&quot;background_background&quot;:&quot;classic&quot;}\">\n\t\t\t\t\t<div class=\"e-con-inner\">\n\t\t<div class=\"elementor-element elementor-element-5e1ac83 e-flex e-con-boxed wpr-particle-no wpr-jarallax-no wpr-parallax-no wpr-sticky-section-no e-con e-child\" data-id=\"5e1ac83\" data-element_type=\"container\">\n\t\t\t\t\t<div class=\"e-con-inner\">\n\t\t\t\t<div class=\"elementor-element elementor-element-1508d840 elementor-invisible elementor-widget elementor-widget-heading\" data-id=\"1508d840\" data-element_type=\"widget\" data-settings=\"{&quot;_animation&quot;:&quot;fadeInLeft&quot;}\" data-widget_type=\"heading.default\">\n\t\t\t\t<div class=\"elementor-widget-container\">\n\t\t\t\t\t<h1 class=\"elementor-heading-title elementor-size-default\">Cl\u00ednica de Psicologia<\/h1>\t\t\t\t<\/div>\n\t\t\t\t<\/div>\n\t\t\t\t<div class=\"elementor-element elementor-element-32f82033 elementor-widget-divider--view-line elementor-invisible elementor-widget elementor-widget-divider\" data-id=\"32f82033\" data-element_type=\"widget\" data-settings=\"{&quot;_animation&quot;:&quot;fadeInDown&quot;}\" data-widget_type=\"divider.default\">\n\t\t\t\t<div class=\"elementor-widget-container\">\n\t\t\t\t\t\t\t<div class=\"elementor-divider\">\n\t\t\t<span class=\"elementor-divider-separator\">\n\t\t\t\t\t\t<\/span>\n\t\t<\/div>\n\t\t\t\t\t\t<\/div>\n\t\t\t\t<\/div>\n\t\t\t\t\t<\/div>\n\t\t\t\t<\/div>\n\t\t\t\t\t<\/div>\n\t\t\t\t<\/div>\n\t\t<div class=\"elementor-element elementor-element-6fb5781 e-flex e-con-boxed wpr-particle-no wpr-jarallax-no wpr-parallax-no wpr-sticky-section-no e-con e-parent\" data-id=\"6fb5781\" data-element_type=\"container\">\n\t\t\t\t\t<div class=\"e-con-inner\">\n\t\t\t\t<div class=\"elementor-element elementor-element-3e29597a elementor-invisible elementor-widget elementor-widget-image\" data-id=\"3e29597a\" data-element_type=\"widget\" data-settings=\"{&quot;_animation&quot;:&quot;fadeIn&quot;}\" data-widget_type=\"image.default\">\n\t\t\t\t<div class=\"elementor-widget-container\">\n\t\t\t\t\t\t\t\t\t\t\t\t\t\t\t<img fetchpriority=\"high\" decoding=\"async\" width=\"960\" height=\"340\" src=\"https:\/\/faacz.com.br\/portal\/wp-content\/uploads\/2025\/02\/Design-sem-nome-10.png\" class=\"attachment-full size-full wp-image-36710\" alt=\"\" srcset=\"https:\/\/faacz.com.br\/portal\/wp-content\/uploads\/2025\/02\/Design-sem-nome-10.png 960w, https:\/\/faacz.com.br\/portal\/wp-content\/uploads\/2025\/02\/Design-sem-nome-10-800x283.png 800w, https:\/\/faacz.com.br\/portal\/wp-content\/uploads\/2025\/02\/Design-sem-nome-10-768x272.png 768w, https:\/\/faacz.com.br\/portal\/wp-content\/uploads\/2025\/02\/Design-sem-nome-10-24x9.png 24w, https:\/\/faacz.com.br\/portal\/wp-content\/uploads\/2025\/02\/Design-sem-nome-10-36x13.png 36w, https:\/\/faacz.com.br\/portal\/wp-content\/uploads\/2025\/02\/Design-sem-nome-10-48x17.png 48w\" sizes=\"(max-width: 960px) 100vw, 960px\" \/>\t\t\t\t\t\t\t\t\t\t\t\t\t\t\t<\/div>\n\t\t\t\t<\/div>\n\t\t\t\t<div class=\"elementor-element elementor-element-206a0b0 animated-slow elementor-invisible elementor-widget elementor-widget-text-editor\" data-id=\"206a0b0\" data-element_type=\"widget\" data-settings=\"{&quot;_animation&quot;:&quot;fadeInDown&quot;}\" data-widget_type=\"text-editor.default\">\n\t\t\t\t<div class=\"elementor-widget-container\">\n\t\t\t\t\t\t\t\t\t<p><span data-olk-copy-source=\"MessageBody\">A Cl\u00ednica-Escola de Psicologia da FAACZ oferece servi\u00e7os psicol\u00f3gicos acess\u00edveis \u00e0 comunidade, conduzidos por estagi\u00e1rios supervisionados por professoras psic\u00f3logas. Nosso objetivo \u00e9 promover sa\u00fade mental e bem-estar por meio de atendimentos \u00e9ticos e qualificados.<\/span><\/p>\t\t\t\t\t\t\t\t<\/div>\n\t\t\t\t<\/div>\n\t\t\t\t<div class=\"elementor-element elementor-element-753946c6 elementor-invisible elementor-widget elementor-widget-heading\" data-id=\"753946c6\" data-element_type=\"widget\" data-settings=\"{&quot;_animation&quot;:&quot;fadeInDown&quot;}\" data-widget_type=\"heading.default\">\n\t\t\t\t<div class=\"elementor-widget-container\">\n\t\t\t\t\t<h2 class=\"elementor-heading-title elementor-size-default\">\u00c1reas de atendimento<\/h2>\t\t\t\t<\/div>\n\t\t\t\t<\/div>\n\t\t\t\t<div class=\"elementor-element elementor-element-7998ae38 animated-slow elementor-invisible elementor-widget elementor-widget-text-editor\" data-id=\"7998ae38\" data-element_type=\"widget\" data-settings=\"{&quot;_animation&quot;:&quot;fadeInDown&quot;}\" data-widget_type=\"text-editor.default\">\n\t\t\t\t<div class=\"elementor-widget-container\">\n\t\t\t\t\t\t\t\t\t<p>A Cl\u00ednica-Escola <span class=\"selectable-text copyable-text false\"> oferece atendimentos de psicoterapia individual e em grupo para crian\u00e7as, adolescentes, adultos e idosos, al\u00e9m de psicodiagn\u00f3stico e estimula\u00e7\u00e3o psicopedag\u00f3gica com crian\u00e7as e adolescentes.<\/span><\/p>\t\t\t\t\t\t\t\t<\/div>\n\t\t\t\t<\/div>\n\t\t\t\t<div class=\"elementor-element elementor-element-4ff4de26 elementor-invisible elementor-widget elementor-widget-heading\" data-id=\"4ff4de26\" data-element_type=\"widget\" data-settings=\"{&quot;_animation&quot;:&quot;fadeInDown&quot;}\" data-widget_type=\"heading.default\">\n\t\t\t\t<div class=\"elementor-widget-container\">\n\t\t\t\t\t<h2 class=\"elementor-heading-title elementor-size-default\">Servi\u00e7os oferecidos<\/h2>\t\t\t\t<\/div>\n\t\t\t\t<\/div>\n\t\t\t\t<div class=\"elementor-element elementor-element-29410f4d animated-slow elementor-invisible elementor-widget elementor-widget-text-editor\" data-id=\"29410f4d\" data-element_type=\"widget\" data-settings=\"{&quot;_animation&quot;:&quot;fadeInDown&quot;}\" data-widget_type=\"text-editor.default\">\n\t\t\t\t<div class=\"elementor-widget-container\">\n\t\t\t\t\t\t\t\t\t<ul class=\"alinhalista\"><li><div data-olk-copy-source=\"MessageBody\">Psicoterapia individual e em grupo \u2013 Atendimento terap\u00eautico para crian\u00e7as, adolescentes, adultos e idosos, promovendo autoconhecimento e qualidade de vida.<\/div><\/li><li><div>Psicodiagn\u00f3stico \u2013 Avalia\u00e7\u00e3o psicol\u00f3gica para compreens\u00e3o de dificuldades emocionais, cognitivas e comportamentais.<\/div><\/li><li><div>Plant\u00e3o psicol\u00f3gico \u2013 Atendimento pontual para escuta e acolhimento em momentos de crise emocional.<\/div><\/li><li><div>Terapia familiar e de casal \u2013 Interven\u00e7\u00e3o voltada para fortalecer v\u00ednculos e resolver conflitos em relacionamentos.<\/div><\/li><li><div>Estimula\u00e7\u00e3o psicopedag\u00f3gica \u2013 Acompanhamento para auxiliar no desenvolvimento de habilidades cognitivas e de aprendizagem.<\/div><\/li><\/ul>\t\t\t\t\t\t\t\t<\/div>\n\t\t\t\t<\/div>\n\t\t\t\t<div class=\"elementor-element elementor-element-7ddb5164 elementor-invisible elementor-widget elementor-widget-heading\" data-id=\"7ddb5164\" data-element_type=\"widget\" data-settings=\"{&quot;_animation&quot;:&quot;fadeInDown&quot;}\" data-widget_type=\"heading.default\">\n\t\t\t\t<div class=\"elementor-widget-container\">\n\t\t\t\t\t<h2 class=\"elementor-heading-title elementor-size-default\">Quem pode usufruir destes servi\u00e7os<\/h2>\t\t\t\t<\/div>\n\t\t\t\t<\/div>\n\t\t\t\t<div class=\"elementor-element elementor-element-1505a6cf animated-slow elementor-invisible elementor-widget elementor-widget-text-editor\" data-id=\"1505a6cf\" data-element_type=\"widget\" data-settings=\"{&quot;_animation&quot;:&quot;fadeInDown&quot;}\" data-widget_type=\"text-editor.default\">\n\t\t\t\t<div class=\"elementor-widget-container\">\n\t\t\t\t\t\t\t\t\t<p><span data-olk-copy-source=\"MessageBody\">O servi\u00e7o \u00e9 ofertado para toda a comunidade. Os interessados poder\u00e3o se cadastrar pelo link abaixo ou pessoalmente durante nosso hor\u00e1rio de funcionamento. As pessoas ser\u00e3o chamadas conforme posi\u00e7\u00e3o na lista de espera e disponibilidade de vagas.<\/span><\/p>\t\t\t\t\t\t\t\t<\/div>\n\t\t\t\t<\/div>\n\t\t\t\t<div class=\"elementor-element elementor-element-81cd3f7 elementor-align-center elementor-widget elementor-widget-button\" data-id=\"81cd3f7\" data-element_type=\"widget\" data-widget_type=\"button.default\">\n\t\t\t\t<div class=\"elementor-widget-container\">\n\t\t\t\t\t\t\t\t\t<div class=\"elementor-button-wrapper\">\n\t\t\t\t\t<a class=\"elementor-button elementor-button-link elementor-size-sm\" href=\"https:\/\/forms.gle\/pWNEvyrPk19HQfX19\" target=\"_blank\">\n\t\t\t\t\t\t<span class=\"elementor-button-content-wrapper\">\n\t\t\t\t\t\t\t\t\t<span class=\"elementor-button-text\">FA\u00c7A SEU CADASTRO<\/span>\n\t\t\t\t\t<\/span>\n\t\t\t\t\t<\/a>\n\t\t\t\t<\/div>\n\t\t\t\t\t\t\t\t<\/div>\n\t\t\t\t<\/div>\n\t\t\t\t<div class=\"elementor-element elementor-element-da256c6 elementor-invisible elementor-widget elementor-widget-heading\" data-id=\"da256c6\" data-element_type=\"widget\" data-settings=\"{&quot;_animation&quot;:&quot;fadeInDown&quot;}\" data-widget_type=\"heading.default\">\n\t\t\t\t<div class=\"elementor-widget-container\">\n\t\t\t\t\t<h2 class=\"elementor-heading-title elementor-size-default\">Contato e Funcionamento<\/h2>\t\t\t\t<\/div>\n\t\t\t\t<\/div>\n\t\t\t\t<div class=\"elementor-element elementor-element-442624d animated-slow elementor-invisible elementor-widget elementor-widget-text-editor\" data-id=\"442624d\" data-element_type=\"widget\" data-settings=\"{&quot;_animation&quot;:&quot;fadeInDown&quot;}\" data-widget_type=\"text-editor.default\">\n\t\t\t\t<div class=\"elementor-widget-container\">\n\t\t\t\t\t\t\t\t\t<h5>Cl\u00ednica de Psicologia<\/h5>\n<p>R. Prof. Berilo Bas\u00edlio dos Santos, 180 &#8211; Vila Rica, Aracruz &#8211; ES, CEP 29194-910<\/p>\n<div data-olk-copy-source=\"MessageBody\"><strong>Contato:<\/strong> (27) 3302-8000<\/div>\n<div>\n<div><strong>Ramal 8059<\/strong> &#8211; Coordenadora do Curso de Psicologia<\/div>\n<\/div>\n<div>\n<div><strong>Ramal 8015<\/strong> &#8211; Cl\u00ednica-Escola de Psicologia FAACZ<\/div>\n<\/div>\n<div>\n<div>&nbsp;<\/div>\n<div><strong>E-mail &#8211;<\/strong> psicologia@faacz.com.br<\/div>\n<div>&nbsp;<\/div>\n<div><strong style=\"color: var( --e-global-color-text ); letter-spacing: var( --e-global-typography-text-letter-spacing ); text-align: var(--text-align); background-color: var( --e-global-color-a5dd0fd );\">Respons\u00e1vel t\u00e9cnica:<\/strong><span style=\"color: var( --e-global-color-text ); letter-spacing: var( --e-global-typography-text-letter-spacing ); text-align: var(--text-align); background-color: var( --e-global-color-a5dd0fd );\"> St\u00e9fani Martins Pereira &#8211; Psic\u00f3loga CRP 16\/2818<\/span><\/div>\n<\/div>\n<div>&nbsp;<\/div>\n<div>\n<h5>Hor\u00e1rio de Funcionamento<\/h5>\n<p><span data-olk-copy-source=\"MessageBody\"><strong>Segundas e Ter\u00e7as-feiras:<\/strong> <br>De 14h \u00e0s 17h<\/span><\/p>\n<p><span data-olk-copy-source=\"MessageBody\"><strong>Sextas-feiras:<\/strong><br>De<\/span><span data-olk-copy-source=\"MessageBody\"> 09h \u00e0s 11h.<\/span><\/p>\n<\/div>\t\t\t\t\t\t\t\t<\/div>\n\t\t\t\t<\/div>\n\t\t\t\t\t<\/div>\n\t\t\t\t<\/div>\n\t\t\t\t<\/div>\n\t\t","protected":false},"excerpt":{"rendered":"<p>A Cl\u00ednica-Escola de Psicologia da FAACZ oferece servi\u00e7os psicol\u00f3gicos acess\u00edveis \u00e0 comunidade, conduzidos por estagi\u00e1rios supervisionados por professoras psic\u00f3logas. Nosso objetivo \u00e9 promover sa\u00fade mental e bem-estar por meio de atendimentos \u00e9ticos e qualificados. \u00c1reas de atendimento A Cl\u00ednica-Escola oferece atendimentos de psicoterapia individual e em grupo para crian\u00e7as, adolescentes, adultos e idosos, al\u00e9m de psicodiagn\u00f3stico e estimula\u00e7\u00e3o psicopedag\u00f3gica com crian\u00e7as e adolescentes. Servi\u00e7os oferecidos Psicoterapia individual e em grupo \u2013 Atendimento terap\u00eautico para crian\u00e7as, adolescentes, adultos e idosos, promovendo autoconhecimento e qualidade de vida. Psicodiagn\u00f3stico \u2013 Avalia\u00e7\u00e3o psicol\u00f3gica para compreens\u00e3o de dificuldades emocionais, cognitivas e comportamentais. Plant\u00e3o psicol\u00f3gico \u2013 Atendimento pontual para escuta e acolhimento em momentos de crise emocional. Terapia familiar e de casal \u2013 Interven\u00e7\u00e3o voltada para fortalecer v\u00ednculos e resolver conflitos em relacionamentos. Estimula\u00e7\u00e3o psicopedag\u00f3gica \u2013 Acompanhamento para auxiliar no desenvolvimento de habilidades cognitivas e de aprendizagem. Quem pode usufruir destes servi\u00e7os O servi\u00e7o \u00e9 ofertado para toda a comunidade. Os interessados poder\u00e3o se cadastrar pelo link abaixo ou pessoalmente durante nosso hor\u00e1rio de funcionamento. As pessoas ser\u00e3o chamadas conforme posi\u00e7\u00e3o na lista de espera e disponibilidade de vagas. FA\u00c7A SEU CADASTRO Contato e Funcionamento Cl\u00ednica de Psicologia R. Prof. Berilo Bas\u00edlio dos Santos, 180 &#8211; Vila Rica, Aracruz &#8211; ES, CEP 29194-910 Contato: (27) 3302-8000 Ramal 8059 &#8211; Coordenadora do Curso de Psicologia Ramal 8015 &#8211; Cl\u00ednica-Escola de Psicologia FAACZ &nbsp; E-mail &#8211; psicologia@faacz.com.br &nbsp; Respons\u00e1vel t\u00e9cnica: St\u00e9fani Martins Pereira &#8211; Psic\u00f3loga CRP 16\/2818 &nbsp; Hor\u00e1rio de Funcionamento Segundas e Ter\u00e7as-feiras: De 14h \u00e0s 17h Sextas-feiras:De 09h \u00e0s 11h.<\/p>\n","protected":false},"author":3,"featured_media":0,"parent":0,"menu_order":12,"comment_status":"closed","ping_status":"closed","template":"elementor_header_footer","meta":{"_exactmetrics_skip_tracking":false,"_exactmetrics_sitenote_active":false,"_exactmetrics_sitenote_note":"","_exactmetrics_sitenote_category":0,"footnotes":""},"class_list":["post-36705","page","type-page","status-publish","hentry"],"aioseo_notices":[],"_links":{"self":[{"href":"https:\/\/faacz.com.br\/portal\/wp-json\/wp\/v2\/pages\/36705"}],"collection":[{"href":"https:\/\/faacz.com.br\/portal\/wp-json\/wp\/v2\/pages"}],"about":[{"href":"https:\/\/faacz.com.br\/portal\/wp-json\/wp\/v2\/types\/page"}],"author":[{"embeddable":true,"href":"https:\/\/faacz.com.br\/portal\/wp-json\/wp\/v2\/users\/3"}],"replies":[{"embeddable":true,"href":"https:\/\/faacz.com.br\/portal\/wp-json\/wp\/v2\/comments?post=36705"}],"version-history":[{"count":58,"href":"https:\/\/faacz.com.br\/portal\/wp-json\/wp\/v2\/pages\/36705\/revisions"}],"predecessor-version":[{"id":36788,"href":"https:\/\/faacz.com.br\/portal\/wp-json\/wp\/v2\/pages\/36705\/revisions\/36788"}],"wp:attachment":[{"href":"https:\/\/faacz.com.br\/portal\/wp-json\/wp\/v2\/media?parent=36705"}],"curies":[{"name":"wp","href":"https:\/\/api.w.org\/{rel}","templated":true}]}}