{"id":25681,"date":"2024-09-22T12:00:31","date_gmt":"2024-09-22T15:00:31","guid":{"rendered":"https:\/\/faacz.com.br\/portal\/?page_id=25681"},"modified":"2024-09-22T12:04:57","modified_gmt":"2024-09-22T15:04:57","slug":"politica-de-privacidade","status":"publish","type":"page","link":"https:\/\/faacz.com.br\/portal\/politica-de-privacidade\/","title":{"rendered":"Pol\u00edtica de Privacidade"},"content":{"rendered":"\t\t<div data-elementor-type=\"wp-page\" data-elementor-id=\"25681\" class=\"elementor elementor-25681\" data-elementor-settings=\"{&quot;ha_cmc_init_switcher&quot;:&quot;no&quot;}\" data-elementor-post-type=\"page\">\n\t\t\t\t<div class=\"elementor-element elementor-element-29b5658 bg-roxo e-flex e-con-boxed wpr-particle-no wpr-jarallax-no wpr-parallax-no wpr-sticky-section-no e-con e-parent\" data-id=\"29b5658\" data-element_type=\"container\" data-settings=\"{&quot;background_background&quot;:&quot;classic&quot;}\">\n\t\t\t\t\t<div class=\"e-con-inner\">\n\t\t<div class=\"elementor-element elementor-element-6bb0a40 e-flex e-con-boxed wpr-particle-no wpr-jarallax-no wpr-parallax-no wpr-sticky-section-no e-con e-child\" data-id=\"6bb0a40\" data-element_type=\"container\">\n\t\t\t\t\t<div class=\"e-con-inner\">\n\t\t\t\t<div class=\"elementor-element elementor-element-52d4ca2 elementor-invisible elementor-widget elementor-widget-heading\" data-id=\"52d4ca2\" data-element_type=\"widget\" data-settings=\"{&quot;_animation&quot;:&quot;fadeInLeft&quot;}\" data-widget_type=\"heading.default\">\n\t\t\t\t<div class=\"elementor-widget-container\">\n\t\t\t\t\t<h1 class=\"elementor-heading-title elementor-size-default\">Pol\u00edtica de Privacidade<\/h1>\t\t\t\t<\/div>\n\t\t\t\t<\/div>\n\t\t\t\t<div class=\"elementor-element elementor-element-821bc37 elementor-widget-divider--view-line elementor-invisible elementor-widget elementor-widget-divider\" data-id=\"821bc37\" data-element_type=\"widget\" data-settings=\"{&quot;_animation&quot;:&quot;fadeInDown&quot;}\" data-widget_type=\"divider.default\">\n\t\t\t\t<div class=\"elementor-widget-container\">\n\t\t\t\t\t\t\t<div class=\"elementor-divider\">\n\t\t\t<span class=\"elementor-divider-separator\">\n\t\t\t\t\t\t<\/span>\n\t\t<\/div>\n\t\t\t\t\t\t<\/div>\n\t\t\t\t<\/div>\n\t\t\t\t\t<\/div>\n\t\t\t\t<\/div>\n\t\t\t\t\t<\/div>\n\t\t\t\t<\/div>\n\t\t<div class=\"elementor-element elementor-element-bf8f317 e-flex e-con-boxed wpr-particle-no wpr-jarallax-no wpr-parallax-no wpr-sticky-section-no e-con e-parent\" data-id=\"bf8f317\" data-element_type=\"container\">\n\t\t\t\t\t<div class=\"e-con-inner\">\n\t\t<div class=\"elementor-element elementor-element-fefac53 e-con-full e-flex wpr-particle-no wpr-jarallax-no wpr-parallax-no wpr-sticky-section-no elementor-invisible e-con e-child\" data-id=\"fefac53\" data-element_type=\"container\" data-settings=\"{&quot;animation&quot;:&quot;fadeInUp&quot;}\">\n\t\t\t\t<div class=\"elementor-element elementor-element-7526e53 elementor-widget elementor-widget-text-editor\" data-id=\"7526e53\" data-element_type=\"widget\" data-widget_type=\"text-editor.default\">\n\t\t\t\t<div class=\"elementor-widget-container\">\n\t\t\t\t\t\t\t\t\t<p data-wahfont=\"16\">N\u00f3s da\u00a0<strong>Funda\u00e7\u00e3o S\u00e3o Jo\u00e3o Batista (FSJB),<\/strong>\u00a0mantenedora respons\u00e1vel pelas\u00a0<strong>Faculdades Integradas de Aracruz (FAACZ),\u00a0<\/strong>valorizamos a privacidade dos nossos usu\u00e1rios e consideramos a prote\u00e7\u00e3o de dados pessoais mat\u00e9ria importante em nossas pol\u00edticas. Todo o nosso tratamento de dados pessoais realiza-se em concord\u00e2ncia com a Lei Geral de Prote\u00e7\u00e3o de Dados Pessoais \u2013 LGPD (Lei n. 13.709\/2018).<\/p><p data-wahfont=\"16\">Em tudo que a gente faz, buscamos proteger nossos dados e informa\u00e7\u00f5es. A gente sabe que para voc\u00ea tamb\u00e9m \u00e9 assim. Seus dados pessoais (\u201cDados\u201d) s\u00e3o bens valiosos que devem ser preservados. Por isso, voc\u00ea precisa saber exatamente como eles podem ser utilizados. Foi justamente para isso que criamos essa Pol\u00edtica de Privacidade (\u201cPol\u00edtica\u201d).<\/p><p data-wahfont=\"16\">Atrav\u00e9s da presente Pol\u00edtica de Privacidade propomo-nos esclarec\u00ea-lo a respeito dos dados por n\u00f3s recolhidos, as finalidades dessa recolha e inerentes tratamentos dos dados pessoais, elucidando ainda sobre os seus direitos neste contexto. Esta Pol\u00edtica de Privacidade constitui pe\u00e7a normativa conexa e complementar, no seu \u00e2mbito espec\u00edfico, da \u201cPol\u00edtica de Privacidade de Prote\u00e7\u00e3o de Dados Pessoais\u201d.<\/p><p data-wahfont=\"16\"><strong>\u00a0<\/strong><\/p><h3 data-wahfont=\"26\"><strong>Controladora e Operadora Respons\u00e1vel Pelo Tratamento<\/strong><\/h3><p data-wahfont=\"16\">O Respons\u00e1vel pelo Tratamento dos seus dados pessoais, relacionados com as finalidades abaixo indicadas \u00e9 a\u00a0<strong>Funda\u00e7\u00e3o S\u00e3o Jo\u00e3o Batista (FSJB),\u00a0<\/strong>Pessoa Jur\u00eddica de Direito Privado, devidamente inscrita no CNPJ\/MF sob o n\u00ba 27.450.709\/0001-45, com sede \u00e0 Rua Professor Berilo Bas\u00edlio dos Santos, n\u00ba 180, Vila Rica, Aracruz (ES), CEP.: 29.194-910.<\/p><p data-wahfont=\"16\"><strong>\u00a0<\/strong><\/p><h3 data-wahfont=\"26\"><strong>Dados Recolhidos<\/strong><\/h3><p data-wahfont=\"16\">Recolhemos atrav\u00e9s de nosso site (<strong>faacz.com.br<\/strong>) os seguintes dados sobre si:<\/p><p data-wahfont=\"16\">(1) Informa\u00e7\u00e3o que submete voluntariamente: Recolhemos os dados pessoais que nos fornece atrav\u00e9s dos formul\u00e1rios de contato, fichas de inscri\u00e7\u00e3o e pr\u00e9-inscri\u00e7\u00e3o, formul\u00e1rios a ouvidoria e fale conosco, cadastro a sistemas e projetos existentes no site, dentre outros, com dados cadastrais estritamente necess\u00e1rios para realiza\u00e7\u00e3o da tarefa proposta.<\/p><p data-wahfont=\"16\">(2) Dados t\u00e9cnicos recolhidos passivamente: Sempre que visita o site, ele pode armazenar ou recuperar informa\u00e7\u00e3o no navegador, principalmente sob a forma de cookies. Esta informa\u00e7\u00e3o pode ser acerca de si, das suas prefer\u00eancias ou do seu dispositivo, e \u00e9 usada para que possamos aprimorar as ofertas de cursos\/servi\u00e7os para voc\u00ea, tornando sua navega\u00e7\u00e3o ainda mais agrad\u00e1vel, personalizada e permitindo que nossa comunica\u00e7\u00e3o com voc\u00ea seja ainda mais direcionada \u00e0 suas prefer\u00eancias.<\/p><p data-wahfont=\"16\">\u00a0<\/p><h3 data-wahfont=\"26\"><strong>Destinat\u00e1rios dos Dados Pessoais<\/strong><\/h3><p data-wahfont=\"16\">(1) Divulga\u00e7\u00e3o a terceiros: Podemos divulgar os seus dados pessoais aos terceiros com quem temos parceria comercial, sempre com o objetivo de lhe prestarmos um melhor servi\u00e7o.<\/p><p data-wahfont=\"16\">(2) Prestadores de Servi\u00e7os: Para presta\u00e7\u00e3o de servi\u00e7os de atendimento ao cliente, podemos recorrer aos servi\u00e7os de entidades terceiras, nossas subcontratadas para o efeito, sendo o inerente tratamento de dados pessoais de responsabilidade da\u00a0<strong>Funda\u00e7\u00e3o S\u00e3o Jo\u00e3o Batista (FSJB)<\/strong>. Tal entidade dever\u00e1 atuar apenas e s\u00f3 mediante instru\u00e7\u00f5es da empresa, respeitando esta Pol\u00edtica de Privacidade e com nenhum outro prop\u00f3sito a n\u00e3o ser fornecer-nos os servi\u00e7os necess\u00e1rios.<\/p><p data-wahfont=\"16\">(3) Entidades Judiciais ou equiparadas: Podemos divulgar os seus dados pessoais se tal for exigido por ordem judicial ou administrativa ou sempre que formos legalmente obrigados para auxiliar autoridades p\u00fablicas dentro das respetivas compet\u00eancias legais.<\/p><p data-wahfont=\"16\">\u00a0<\/p><h3 data-wahfont=\"26\"><strong>Exercer os seus Direitos<\/strong><\/h3><p data-wahfont=\"16\">A LGPD assegura ao titular do dado alguns direitos, s\u00e3o eles:<\/p><ol><li>A confirma\u00e7\u00e3o da exist\u00eancia de tratamento nos dados;<\/li><li>O acesso aos dados pessoais;<\/li><li>A corre\u00e7\u00e3o de seus dados pessoais quando estiverem incompletos, inexatos ou desatualizados;<\/li><li>A elimina\u00e7\u00e3o de dados pessoais desnecess\u00e1rios, excessivos ou de tratamento il\u00edcito (ressalvado o caso em que o tratamento \u00e9 legal, ainda que n\u00e3o haja consentimento do titular);<\/li><li>A portabilidade de dados a outro fornecedor de servi\u00e7o ou produto (respeitando os segredos comercial e industrial);<\/li><li>A informa\u00e7\u00e3o sobre o compartilhamento de dados com entes p\u00fablicos e privados, quando existir;<\/li><li>A informa\u00e7\u00e3o sobre o n\u00e3o consentimento (a op\u00e7\u00e3o de n\u00e3o autorizar o tratamento e as consequ\u00eancias da negativa);<\/li><li>A revoga\u00e7\u00e3o ou retirada do consentimento;<\/li><li>A reclama\u00e7\u00e3o contra o controlador de dados perante \u00e0 autoridade nacional;<\/li><li>A oposi\u00e7\u00e3o nos casos em que discordar do tratamento feito sem seu consentimento e entenda que seja irregular.<\/li><\/ol><p data-wahfont=\"16\">\u00a0<\/p><p data-wahfont=\"16\">Para exercer seus direitos de titular de dados pessoais basta contatar o (a) encarregado (a) pelo tratamento de dados pessoais indicado (a) neste documento.<\/p><p data-wahfont=\"16\">\u00a0<\/p><h3 data-wahfont=\"26\"><strong>Seguran\u00e7a<\/strong><\/h3><p data-wahfont=\"16\">A seguran\u00e7a dos seus dados pessoais assume para n\u00f3s a mais elevada import\u00e2ncia. Para protege-los usamos as mais exigentes e rigorosas medidas de seguran\u00e7a, que reputamos adequadas para, nomeadamente, evitar a perda, uso indevido e a sua altera\u00e7\u00e3o, tanto durante a transmiss\u00e3o quanto ap\u00f3s a respetiva recep\u00e7\u00e3o, incluindo, sem car\u00e1cter limitativo, o uso de firewalls e de encripta\u00e7\u00e3o.<\/p><p data-wahfont=\"16\">Caso ocorra um incidente que coloque em risco a seguran\u00e7a dos seus dados pessoais, poderemos publicar uma not\u00edcia na p\u00e1gina principal de nosso portal\u00a0<strong>(faacz.com.br)<\/strong>\u00a0ou em qualquer outra \u00e1rea do site, e\/ou poderemos enviar-lhe um e-mail para voc\u00ea informando a respeito do ocorrido.<\/p><p data-wahfont=\"16\">\u00a0<\/p><h3 data-wahfont=\"26\"><strong>Atualiza\u00e7\u00f5es da Pol\u00edtica de Privacidade<\/strong><\/h3><p data-wahfont=\"16\">Podemos atualizar, periodicamente e sempre que se revele necess\u00e1rio, a presente Pol\u00edtica de Privacidade. Sempre que o fizermos, alteraremos a informa\u00e7\u00e3o referente \u00e0 sua data de entrada em vigor, no site.<\/p><p data-wahfont=\"16\">Encorajamo-lo a rever periodicamente esta Pol\u00edtica de Privacidade para se manter inteiramente informado acerca da recolha, uso e divulga\u00e7\u00e3o dos seus dados pessoais. O fato de continuar a usar o nosso site representa a sua concord\u00e2ncia com esta Pol\u00edtica de Privacidade, de forma informada, esclarecida e inequ\u00edvoca, procurando a\u00a0<strong>Funda\u00e7\u00e3o S\u00e3o Jo\u00e3o Batista (FSJB),\u00a0<\/strong>corresponder, a todo o tempo, da melhor forma \u00e0 confian\u00e7a geral e justificada que merecem os seus servi\u00e7os.<\/p><p data-wahfont=\"16\">\u00a0<\/p><h3 data-wahfont=\"26\"><strong>Encarregado pela Prote\u00e7\u00e3o de Dados Pessoais<\/strong><\/h3><p data-wahfont=\"16\">Para o esclarecimento de quest\u00f5es exclusivamente relativas a esta Pol\u00edtica de Privacidade e no que implica a tutela da prote\u00e7\u00e3o dos seus dados pessoais, poder\u00e1 contatar a\u00a0<strong>Funda\u00e7\u00e3o S\u00e3o Jo\u00e3o Batista (FSJB)<\/strong>\u00a0encarregada pela Prote\u00e7\u00e3o de Dados Pessoais, por meio do e-mail\u00a0<strong>lgpd@fsjb.edu.br<\/strong>.<\/p><p data-wahfont=\"16\">\u00a0<\/p><h3 data-wahfont=\"26\"><strong>Direitos do Titular dos Dados Pessoais<\/strong><\/h3><p data-wahfont=\"16\">Voc\u00ea pode solicitar o acesso aos seus dados pessoais, a sua retifica\u00e7\u00e3o, o esquecimento, ou a limita\u00e7\u00e3o do tratamento de dados pessoais; pode tamb\u00e9m opor-se ao tratamento e pedir a portabilidade dos dados, nos termos da lei em vigor. Para isso dever\u00e1 enviar um pedido escrito ao encarregado da prote\u00e7\u00e3o de dados da\u00a0<strong>Funda\u00e7\u00e3o S\u00e3o Jo\u00e3o Batista (FSJB)<\/strong>\u00a0por meio do contato acima indicado. Tamb\u00e9m tem o direito de apresentar uma reclama\u00e7\u00e3o \u00e0 Autoridade Nacional de Prote\u00e7\u00e3o de Dados \u2013 ANPD, se entender que os seus direitos foram infringidos.<\/p><h3 data-wahfont=\"26\">\u00a0<\/h3><h3 data-wahfont=\"26\">Como usamos os seus Dados?<\/h3><p data-wahfont=\"16\">Utilizamos seus Dados para:<\/p><p data-wahfont=\"16\">\u00a0<\/p><p data-wahfont=\"16\"><strong>Nos comunicar com voc\u00ea<\/strong><\/p><ul><li>Coletamos seus Dados para aprimorar nossos servi\u00e7os, responder quando voc\u00ea entra em contato e para lhe manter informado sobre assuntos relevantes;<\/li><li>Responder quando voc\u00ea entra em contato com a gente, conforme a rela\u00e7\u00e3o estabelecida com voc\u00ea;<\/li><li>Realizar enquetes e pesquisas com o intuito de testar, resolver problemas, aprimorar ou avaliar nossos Servi\u00e7os;<\/li><li>Comunicar sobre eventos, atividades ou propagandas conduzidas por n\u00f3s e\/ou pelas Empresas Relacionadas (conforme definido da se\u00e7\u00e3o \u201cCom quem compartilhamos seus Dados\u201d) e\/ou, ainda, por nossos parceiros;<\/li><li>Informar sobre mudan\u00e7as em nossos termos, servi\u00e7os ou pol\u00edticas (incluindo esta Pol\u00edtica); e<\/li><li>Ofertar novos Servi\u00e7os a voc\u00ea, por mensagem de texto, aplicativo de mensagens, liga\u00e7\u00e3o telef\u00f4nica (incluindo telemarketing).<\/li><\/ul><p data-wahfont=\"16\">\u00a0<\/p><p data-wahfont=\"16\"><strong>Cumprir nossas obriga\u00e7\u00f5es legais e regulat\u00f3rias<\/strong><\/p><p data-wahfont=\"16\">Os seus Dados podem ser necess\u00e1rios para que possamos cumprir determina\u00e7\u00f5es e medidas legais e regulat\u00f3rias, sejam judiciais e administrativas.<\/p><ul><li>Cumprir determina\u00e7\u00f5es legais, judiciais e administrativas e of\u00edcios de autoridades competentes; e<\/li><li>Tomar ou provocar medidas legais, judiciais e administrativas para defender nossos direitos e direitos de terceiros, inclusive em qualquer processo judicial ou administrativo.<\/li><\/ul><p data-wahfont=\"16\">\u00a0<\/p><p data-wahfont=\"16\"><strong>Promover o bem-estar social<\/strong><\/p><p data-wahfont=\"16\">Seus Dados podem nos ajudar a realizar, apoiar e incentivar pesquisas, projetos sociais e iniciativas relacionadas ao bem-estar social, cidadania, sa\u00fade, educa\u00e7\u00e3o e cultura.<\/p><ul><li>Realizar, apoiar e incentivar pesquisas, projetos sociais e iniciativas relacionadas ao bem-estar social geral, cidadania, sa\u00fade, educa\u00e7\u00e3o e cultura.<\/li><\/ul><p data-wahfont=\"16\">\u00a0<\/p><p data-wahfont=\"16\"><strong>Pol\u00edtica vigente a partir de janeiro de 2021.<\/strong><\/p><p data-wahfont=\"16\"><strong>FAACZ \u2013 FACULDADES INTEGRADAS DE ARACRUZ<br \/><\/strong>R. Prof. Berilo Bas\u00edlio dos Santos, 180, Vila Rica \u2013 Aracruz\/ES<\/p>\t\t\t\t\t\t\t\t<\/div>\n\t\t\t\t<\/div>\n\t\t\t\t<\/div>\n\t\t\t\t<div class=\"elementor-element elementor-element-36af2df elementor-widget elementor-widget-spacer\" data-id=\"36af2df\" data-element_type=\"widget\" data-widget_type=\"spacer.default\">\n\t\t\t\t<div class=\"elementor-widget-container\">\n\t\t\t\t\t\t\t<div class=\"elementor-spacer\">\n\t\t\t<div class=\"elementor-spacer-inner\"><\/div>\n\t\t<\/div>\n\t\t\t\t\t\t<\/div>\n\t\t\t\t<\/div>\n\t\t\t\t\t<\/div>\n\t\t\t\t<\/div>\n\t\t\t\t<\/div>\n\t\t","protected":false},"excerpt":{"rendered":"<p>N\u00f3s da\u00a0Funda\u00e7\u00e3o S\u00e3o Jo\u00e3o Batista (FSJB),\u00a0mantenedora respons\u00e1vel pelas\u00a0Faculdades Integradas de Aracruz (FAACZ),\u00a0valorizamos a privacidade dos nossos usu\u00e1rios e consideramos a prote\u00e7\u00e3o de dados pessoais mat\u00e9ria importante em nossas pol\u00edticas. Todo o nosso tratamento de dados pessoais realiza-se em concord\u00e2ncia com a Lei Geral de Prote\u00e7\u00e3o de Dados Pessoais \u2013 LGPD (Lei n. 13.709\/2018). Em tudo que a gente faz, buscamos proteger nossos dados e informa\u00e7\u00f5es. A gente sabe que para voc\u00ea tamb\u00e9m \u00e9 assim. Seus dados pessoais (\u201cDados\u201d) s\u00e3o bens valiosos que devem ser preservados. Por isso, voc\u00ea precisa saber exatamente como eles podem ser utilizados. Foi justamente para isso que criamos essa Pol\u00edtica de Privacidade (\u201cPol\u00edtica\u201d). Atrav\u00e9s da presente Pol\u00edtica de Privacidade propomo-nos esclarec\u00ea-lo a respeito dos dados por n\u00f3s recolhidos, as finalidades dessa recolha e inerentes tratamentos dos dados pessoais, elucidando ainda sobre os seus direitos neste contexto. Esta Pol\u00edtica de Privacidade constitui pe\u00e7a normativa conexa e complementar, no seu \u00e2mbito espec\u00edfico, da \u201cPol\u00edtica de Privacidade de Prote\u00e7\u00e3o de Dados Pessoais\u201d. \u00a0 Controladora e Operadora Respons\u00e1vel Pelo Tratamento O Respons\u00e1vel pelo Tratamento dos seus dados pessoais, relacionados com as finalidades abaixo indicadas \u00e9 a\u00a0Funda\u00e7\u00e3o S\u00e3o Jo\u00e3o Batista (FSJB),\u00a0Pessoa Jur\u00eddica de Direito Privado, devidamente inscrita no CNPJ\/MF sob o n\u00ba 27.450.709\/0001-45, com sede \u00e0 Rua Professor Berilo Bas\u00edlio dos Santos, n\u00ba 180, Vila Rica, Aracruz (ES), CEP.: 29.194-910. \u00a0 Dados Recolhidos Recolhemos atrav\u00e9s de nosso site (faacz.com.br) os seguintes dados sobre si: (1) Informa\u00e7\u00e3o que submete voluntariamente: Recolhemos os dados pessoais que nos fornece atrav\u00e9s dos formul\u00e1rios de contato, fichas de inscri\u00e7\u00e3o e pr\u00e9-inscri\u00e7\u00e3o, formul\u00e1rios a ouvidoria e fale conosco, cadastro a sistemas e projetos existentes no site, dentre outros, com dados cadastrais estritamente necess\u00e1rios para realiza\u00e7\u00e3o da tarefa proposta. (2) Dados t\u00e9cnicos recolhidos passivamente: Sempre que visita o site, ele pode armazenar ou recuperar informa\u00e7\u00e3o no navegador, principalmente sob a forma de cookies. Esta informa\u00e7\u00e3o pode ser acerca de si, das suas prefer\u00eancias ou do seu dispositivo, e \u00e9 usada para que possamos aprimorar as ofertas de cursos\/servi\u00e7os para voc\u00ea, tornando sua navega\u00e7\u00e3o ainda mais agrad\u00e1vel, personalizada e permitindo que nossa comunica\u00e7\u00e3o com voc\u00ea seja ainda mais direcionada \u00e0 suas prefer\u00eancias. \u00a0 Destinat\u00e1rios dos Dados Pessoais (1) Divulga\u00e7\u00e3o a terceiros: Podemos divulgar os seus dados pessoais aos terceiros com quem temos parceria comercial, sempre com o objetivo de lhe prestarmos um melhor servi\u00e7o. (2) Prestadores de Servi\u00e7os: Para presta\u00e7\u00e3o de servi\u00e7os de atendimento ao cliente, podemos recorrer aos servi\u00e7os de entidades terceiras, nossas subcontratadas para o efeito, sendo o inerente tratamento de dados pessoais de responsabilidade da\u00a0Funda\u00e7\u00e3o S\u00e3o Jo\u00e3o Batista (FSJB). Tal entidade dever\u00e1 atuar apenas e s\u00f3 mediante instru\u00e7\u00f5es da empresa, respeitando esta Pol\u00edtica de Privacidade e com nenhum outro prop\u00f3sito a n\u00e3o ser fornecer-nos os servi\u00e7os necess\u00e1rios. (3) Entidades Judiciais ou equiparadas: Podemos divulgar os seus dados pessoais se tal for exigido por ordem judicial ou administrativa ou sempre que formos legalmente obrigados para auxiliar autoridades p\u00fablicas dentro das respetivas compet\u00eancias legais. \u00a0 Exercer os seus Direitos A LGPD assegura ao titular do dado alguns direitos, s\u00e3o eles: A confirma\u00e7\u00e3o da exist\u00eancia de tratamento nos dados; O acesso aos dados pessoais; A corre\u00e7\u00e3o de seus dados pessoais quando estiverem incompletos, inexatos ou desatualizados; A elimina\u00e7\u00e3o de dados pessoais desnecess\u00e1rios, excessivos ou de tratamento il\u00edcito (ressalvado o caso em que o tratamento \u00e9 legal, ainda que n\u00e3o haja consentimento do titular); A portabilidade de dados a outro fornecedor de servi\u00e7o ou produto (respeitando os segredos comercial e industrial); A informa\u00e7\u00e3o sobre o compartilhamento de dados com entes p\u00fablicos e privados, quando existir; A informa\u00e7\u00e3o sobre o n\u00e3o consentimento (a op\u00e7\u00e3o de n\u00e3o autorizar o tratamento e as consequ\u00eancias da negativa); A revoga\u00e7\u00e3o ou retirada do consentimento; A reclama\u00e7\u00e3o contra o controlador de dados perante \u00e0 autoridade nacional; A oposi\u00e7\u00e3o nos casos em que discordar do tratamento feito sem seu consentimento e entenda que seja irregular. \u00a0 Para exercer seus direitos de titular de dados pessoais basta contatar o (a) encarregado (a) pelo tratamento de dados pessoais indicado (a) neste documento. \u00a0 Seguran\u00e7a A seguran\u00e7a dos seus dados pessoais assume para n\u00f3s a mais elevada import\u00e2ncia. Para protege-los usamos as mais exigentes e rigorosas medidas de seguran\u00e7a, que reputamos adequadas para, nomeadamente, evitar a perda, uso indevido e a sua altera\u00e7\u00e3o, tanto durante a transmiss\u00e3o quanto ap\u00f3s a respetiva recep\u00e7\u00e3o, incluindo, sem car\u00e1cter limitativo, o uso de firewalls e de encripta\u00e7\u00e3o. Caso ocorra um incidente que coloque em risco a seguran\u00e7a dos seus dados pessoais, poderemos publicar uma not\u00edcia na p\u00e1gina principal de nosso portal\u00a0(faacz.com.br)\u00a0ou em qualquer outra \u00e1rea do site, e\/ou poderemos enviar-lhe um e-mail para voc\u00ea informando a respeito do ocorrido. \u00a0 Atualiza\u00e7\u00f5es da Pol\u00edtica de Privacidade Podemos atualizar, periodicamente e sempre que se revele necess\u00e1rio, a presente Pol\u00edtica de Privacidade. Sempre que o fizermos, alteraremos a informa\u00e7\u00e3o referente \u00e0 sua data de entrada em vigor, no site. Encorajamo-lo a rever periodicamente esta Pol\u00edtica de Privacidade para se manter inteiramente informado acerca da recolha, uso e divulga\u00e7\u00e3o dos seus dados pessoais. O fato de continuar a usar o nosso site representa a sua concord\u00e2ncia com esta Pol\u00edtica de Privacidade, de forma informada, esclarecida e inequ\u00edvoca, procurando a\u00a0Funda\u00e7\u00e3o S\u00e3o Jo\u00e3o Batista (FSJB),\u00a0corresponder, a todo o tempo, da melhor forma \u00e0 confian\u00e7a geral e justificada que merecem os seus servi\u00e7os. \u00a0 Encarregado pela Prote\u00e7\u00e3o de Dados Pessoais Para o esclarecimento de quest\u00f5es exclusivamente relativas a esta Pol\u00edtica de Privacidade e no que implica a tutela da prote\u00e7\u00e3o dos seus dados pessoais, poder\u00e1 contatar a\u00a0Funda\u00e7\u00e3o S\u00e3o Jo\u00e3o Batista (FSJB)\u00a0encarregada pela Prote\u00e7\u00e3o de Dados Pessoais, por meio do e-mail\u00a0lgpd@fsjb.edu.br. \u00a0 Direitos do Titular dos Dados Pessoais Voc\u00ea pode solicitar o acesso aos seus dados pessoais, a sua retifica\u00e7\u00e3o, o esquecimento, ou a limita\u00e7\u00e3o do tratamento de dados pessoais; pode tamb\u00e9m opor-se ao tratamento e pedir a portabilidade dos dados, nos termos da lei em vigor. Para isso dever\u00e1 enviar um pedido escrito ao encarregado da prote\u00e7\u00e3o de dados da\u00a0Funda\u00e7\u00e3o S\u00e3o Jo\u00e3o Batista (FSJB)\u00a0por meio do contato acima indicado. Tamb\u00e9m tem o direito de apresentar uma reclama\u00e7\u00e3o \u00e0 Autoridade Nacional<\/p>\n","protected":false},"author":1,"featured_media":0,"parent":0,"menu_order":16,"comment_status":"closed","ping_status":"closed","template":"elementor_header_footer","meta":{"_exactmetrics_skip_tracking":false,"_exactmetrics_sitenote_active":false,"_exactmetrics_sitenote_note":"","_exactmetrics_sitenote_category":0,"footnotes":""},"class_list":["post-25681","page","type-page","status-publish","hentry"],"aioseo_notices":[],"_links":{"self":[{"href":"https:\/\/faacz.com.br\/portal\/wp-json\/wp\/v2\/pages\/25681"}],"collection":[{"href":"https:\/\/faacz.com.br\/portal\/wp-json\/wp\/v2\/pages"}],"about":[{"href":"https:\/\/faacz.com.br\/portal\/wp-json\/wp\/v2\/types\/page"}],"author":[{"embeddable":true,"href":"https:\/\/faacz.com.br\/portal\/wp-json\/wp\/v2\/users\/1"}],"replies":[{"embeddable":true,"href":"https:\/\/faacz.com.br\/portal\/wp-json\/wp\/v2\/comments?post=25681"}],"version-history":[{"count":7,"href":"https:\/\/faacz.com.br\/portal\/wp-json\/wp\/v2\/pages\/25681\/revisions"}],"predecessor-version":[{"id":25688,"href":"https:\/\/faacz.com.br\/portal\/wp-json\/wp\/v2\/pages\/25681\/revisions\/25688"}],"wp:attachment":[{"href":"https:\/\/faacz.com.br\/portal\/wp-json\/wp\/v2\/media?parent=25681"}],"curies":[{"name":"wp","href":"https:\/\/api.w.org\/{rel}","templated":true}]}}