{"id":25634,"date":"2024-09-22T10:56:53","date_gmt":"2024-09-22T13:56:53","guid":{"rendered":"https:\/\/faacz.com.br\/portal\/?page_id=25634"},"modified":"2025-05-09T10:31:21","modified_gmt":"2025-05-09T13:31:21","slug":"agendamento-noaps","status":"publish","type":"page","link":"https:\/\/faacz.com.br\/portal\/agendamento-noaps\/","title":{"rendered":"Agendamento\u00a0NOAPS"},"content":{"rendered":"\t\t<div data-elementor-type=\"wp-page\" data-elementor-id=\"25634\" class=\"elementor elementor-25634\" data-elementor-settings=\"{&quot;ha_cmc_init_switcher&quot;:&quot;no&quot;}\" data-elementor-post-type=\"page\">\n\t\t\t\t<div class=\"elementor-element elementor-element-29b5658 bg-roxo e-flex e-con-boxed wpr-particle-no wpr-jarallax-no wpr-parallax-no wpr-sticky-section-no e-con e-parent\" data-id=\"29b5658\" data-element_type=\"container\" data-settings=\"{&quot;background_background&quot;:&quot;classic&quot;}\">\n\t\t\t\t\t<div class=\"e-con-inner\">\n\t\t<div class=\"elementor-element elementor-element-6bb0a40 e-flex e-con-boxed wpr-particle-no wpr-jarallax-no wpr-parallax-no wpr-sticky-section-no e-con e-child\" data-id=\"6bb0a40\" data-element_type=\"container\">\n\t\t\t\t\t<div class=\"e-con-inner\">\n\t\t\t\t<div class=\"elementor-element elementor-element-52d4ca2 elementor-invisible elementor-widget elementor-widget-heading\" data-id=\"52d4ca2\" data-element_type=\"widget\" data-settings=\"{&quot;_animation&quot;:&quot;fadeInLeft&quot;}\" data-widget_type=\"heading.default\">\n\t\t\t\t<div class=\"elementor-widget-container\">\n\t\t\t\t\t<h1 class=\"elementor-heading-title elementor-size-default\">Agendamento\u00a0NOAPS<\/h1>\t\t\t\t<\/div>\n\t\t\t\t<\/div>\n\t\t\t\t<div class=\"elementor-element elementor-element-821bc37 elementor-widget-divider--view-line elementor-invisible elementor-widget elementor-widget-divider\" data-id=\"821bc37\" data-element_type=\"widget\" data-settings=\"{&quot;_animation&quot;:&quot;fadeInDown&quot;}\" data-widget_type=\"divider.default\">\n\t\t\t\t<div class=\"elementor-widget-container\">\n\t\t\t\t\t\t\t<div class=\"elementor-divider\">\n\t\t\t<span class=\"elementor-divider-separator\">\n\t\t\t\t\t\t<\/span>\n\t\t<\/div>\n\t\t\t\t\t\t<\/div>\n\t\t\t\t<\/div>\n\t\t\t\t\t<\/div>\n\t\t\t\t<\/div>\n\t\t\t\t\t<\/div>\n\t\t\t\t<\/div>\n\t\t<div class=\"elementor-element elementor-element-bf8f317 e-flex e-con-boxed wpr-particle-no wpr-jarallax-no wpr-parallax-no wpr-sticky-section-no e-con e-parent\" data-id=\"bf8f317\" data-element_type=\"container\">\n\t\t\t\t\t<div class=\"e-con-inner\">\n\t\t<div class=\"elementor-element elementor-element-fefac53 e-con-full e-flex wpr-particle-no wpr-jarallax-no wpr-parallax-no wpr-sticky-section-no elementor-invisible e-con e-child\" data-id=\"fefac53\" data-element_type=\"container\" data-settings=\"{&quot;animation&quot;:&quot;fadeInUp&quot;}\">\n\t\t\t\t<div class=\"elementor-element elementor-element-bf2cfc6 elementor-widget elementor-widget-heading\" data-id=\"bf2cfc6\" data-element_type=\"widget\" data-widget_type=\"heading.default\">\n\t\t\t\t<div class=\"elementor-widget-container\">\n\t\t\t\t\t<h2 class=\"elementor-heading-title elementor-size-default\">  Solicite seu agendamento\n<\/h2>\t\t\t\t<\/div>\n\t\t\t\t<\/div>\n\t\t\t\t<div class=\"elementor-element elementor-element-7526e53 elementor-widget elementor-widget-text-editor\" data-id=\"7526e53\" data-element_type=\"widget\" data-widget_type=\"text-editor.default\">\n\t\t\t\t<div class=\"elementor-widget-container\">\n\t\t\t\t\t\t\t\t\tEnvie os dados para que possamos retornar sua solicita\u00e7\u00e3o com informa\u00e7\u00f5es sobre o agendamento.\u00a0<strong class=\"destaque\">Fique atento ao seu e-mail, pois ser\u00e1 por meio dele que voc\u00ea receber\u00e1 as informa\u00e7\u00f5es sobre o atendimento.<\/strong>\t\t\t\t\t\t\t\t<\/div>\n\t\t\t\t<\/div>\n\t\t\t\t<div class=\"elementor-element elementor-element-842e256 elementor-icon-list--layout-traditional elementor-list-item-link-full_width elementor-widget elementor-widget-icon-list\" data-id=\"842e256\" data-element_type=\"widget\" data-widget_type=\"icon-list.default\">\n\t\t\t\t<div class=\"elementor-widget-container\">\n\t\t\t\t\t\t\t<ul class=\"elementor-icon-list-items\">\n\t\t\t\t\t\t\t<li class=\"elementor-icon-list-item\">\n\t\t\t\t\t\t\t\t\t\t\t<span class=\"elementor-icon-list-icon\">\n\t\t\t\t\t\t\t<svg xmlns=\"http:\/\/www.w3.org\/2000\/svg\" width=\"16\" height=\"13\" viewBox=\"0 0 16 13\" fill=\"none\"><path d=\"M0 13L7.52632 0L15.0526 13H0ZM7.52632 10.9474C7.72018 10.9474 7.88268 10.8818 8.01382 10.7507C8.14496 10.6195 8.21053 10.457 8.21053 10.2632C8.21053 10.0693 8.14496 9.9068 8.01382 9.77566C7.88268 9.64452 7.72018 9.57895 7.52632 9.57895C7.33246 9.57895 7.16996 9.64452 7.03882 9.77566C6.90768 9.9068 6.8421 10.0693 6.8421 10.2632C6.8421 10.457 6.90768 10.6195 7.03882 10.7507C7.16996 10.8818 7.33246 10.9474 7.52632 10.9474ZM6.8421 8.89474H8.21053V5.47368H6.8421V8.89474Z\" fill=\"#2B70E5\"><\/path><\/svg>\t\t\t\t\t\t<\/span>\n\t\t\t\t\t\t\t\t\t\t<span class=\"elementor-icon-list-text\"><b> Importante:<\/b> Todos os campos s\u00e3o obrigat\u00f3rios.<\/span>\n\t\t\t\t\t\t\t\t\t<\/li>\n\t\t\t\t\t\t<\/ul>\n\t\t\t\t\t\t<\/div>\n\t\t\t\t<\/div>\n\t\t\t\t<\/div>\n\t\t\t\t<div class=\"elementor-element elementor-element-36af2df elementor-widget elementor-widget-spacer\" data-id=\"36af2df\" data-element_type=\"widget\" data-widget_type=\"spacer.default\">\n\t\t\t\t<div class=\"elementor-widget-container\">\n\t\t\t\t\t\t\t<div class=\"elementor-spacer\">\n\t\t\t<div class=\"elementor-spacer-inner\"><\/div>\n\t\t<\/div>\n\t\t\t\t\t\t<\/div>\n\t\t\t\t<\/div>\n\t\t<div class=\"elementor-element elementor-element-6f11334 e-con-full e-flex wpr-particle-no wpr-jarallax-no wpr-parallax-no wpr-sticky-section-no elementor-invisible e-con e-child\" data-id=\"6f11334\" data-element_type=\"container\" data-settings=\"{&quot;animation&quot;:&quot;fadeInUp&quot;}\">\n\t\t\t\t<div class=\"elementor-element elementor-element-72a9a36 elementor-button-align-start elementor-widget elementor-widget-form\" data-id=\"72a9a36\" data-element_type=\"widget\" data-settings=\"{&quot;step_next_label&quot;:&quot;Next&quot;,&quot;step_previous_label&quot;:&quot;Previous&quot;,&quot;button_width&quot;:&quot;100&quot;,&quot;step_type&quot;:&quot;number_text&quot;,&quot;step_icon_shape&quot;:&quot;circle&quot;}\" data-widget_type=\"form.default\">\n\t\t\t\t<div class=\"elementor-widget-container\">\n\t\t\t\t\t\t\t<form class=\"elementor-form\" method=\"post\" name=\"New Form\" aria-label=\"New Form\">\n\t\t\t<input type=\"hidden\" name=\"post_id\" value=\"25634\"\/>\n\t\t\t<input type=\"hidden\" name=\"form_id\" value=\"72a9a36\"\/>\n\t\t\t<input type=\"hidden\" name=\"referer_title\" value=\"Agendamento NOAPS | FAACZ - Faculdades Integradas de Aracruz\" \/>\n\n\t\t\t\t\t\t\t<input type=\"hidden\" name=\"queried_id\" value=\"25634\"\/>\n\t\t\t\n\t\t\t<div class=\"elementor-form-fields-wrapper elementor-labels-\">\n\t\t\t\t\t\t\t\t<div class=\"elementor-field-type-text elementor-field-group elementor-column elementor-field-group-nome elementor-col-100\">\n\t\t\t\t\t\t\t\t\t\t\t\t<label for=\"form-field-nome\" class=\"elementor-field-label elementor-screen-only\">\n\t\t\t\t\t\t\t\tSeu nome*\t\t\t\t\t\t\t<\/label>\n\t\t\t\t\t\t\t\t\t\t\t\t\t\t<input size=\"1\" type=\"text\" name=\"form_fields[nome]\" id=\"form-field-nome\" class=\"elementor-field elementor-size-sm  elementor-field-textual\" placeholder=\"Seu nome*\">\n\t\t\t\t\t\t\t\t\t\t\t<\/div>\n\t\t\t\t\t\t\t\t<div class=\"elementor-field-type-email elementor-field-group elementor-column elementor-field-group-email elementor-col-100 elementor-field-required\">\n\t\t\t\t\t\t\t\t\t\t\t\t<label for=\"form-field-email\" class=\"elementor-field-label elementor-screen-only\">\n\t\t\t\t\t\t\t\tSeu e-mail*\t\t\t\t\t\t\t<\/label>\n\t\t\t\t\t\t\t\t\t\t\t\t\t\t<input size=\"1\" type=\"email\" name=\"form_fields[email]\" id=\"form-field-email\" class=\"elementor-field elementor-size-sm  elementor-field-textual\" placeholder=\"Seu e-mail*\" required=\"required\">\n\t\t\t\t\t\t\t\t\t\t\t<\/div>\n\t\t\t\t\t\t\t\t<div class=\"elementor-field-type-text elementor-field-group elementor-column elementor-field-group-telefone elementor-col-100\">\n\t\t\t\t\t\t\t\t\t\t\t\t<label for=\"form-field-telefone\" class=\"elementor-field-label elementor-screen-only\">\n\t\t\t\t\t\t\t\tTelefone*\t\t\t\t\t\t\t<\/label>\n\t\t\t\t\t\t\t\t\t\t\t\t\t\t<input size=\"1\" type=\"text\" name=\"form_fields[telefone]\" id=\"form-field-telefone\" class=\"elementor-field elementor-size-sm  elementor-field-textual\" placeholder=\"Telefone*\">\n\t\t\t\t\t\t\t\t\t\t\t<\/div>\n\t\t\t\t\t\t\t\t<div class=\"elementor-field-type-select elementor-field-group elementor-column elementor-field-group-cursos elementor-col-100 elementor-field-required\">\n\t\t\t\t\t\t\t\t\t\t\t\t<label for=\"form-field-cursos\" class=\"elementor-field-label elementor-screen-only\">\n\t\t\t\t\t\t\t\tSeu Curso*\t\t\t\t\t\t\t<\/label>\n\t\t\t\t\t\t\t\t<div class=\"elementor-field elementor-select-wrapper remove-before \">\n\t\t\t<div class=\"select-caret-down-wrapper\">\n\t\t\t\t<svg aria-hidden=\"true\" class=\"e-font-icon-svg e-eicon-caret-down\" viewBox=\"0 0 571.4 571.4\" xmlns=\"http:\/\/www.w3.org\/2000\/svg\"><path d=\"M571 393Q571 407 561 418L311 668Q300 679 286 679T261 668L11 418Q0 407 0 393T11 368 36 357H536Q550 357 561 368T571 393Z\"><\/path><\/svg>\t\t\t<\/div>\n\t\t\t<select name=\"form_fields[cursos]\" id=\"form-field-cursos\" class=\"elementor-field-textual elementor-size-sm\" required=\"required\">\n\t\t\t\t\t\t\t\t\t<option value=\"\">Seu Curso*<\/option>\n\t\t\t\t\t\t\t\t\t<option value=\"Administra\u00e7\u00e3o \">Administra\u00e7\u00e3o <\/option>\n\t\t\t\t\t\t\t\t\t<option value=\"Arq. Urbanismo \">Arq. Urbanismo <\/option>\n\t\t\t\t\t\t\t\t\t<option value=\"Ci\u00eancias Cont\u00e1beis \">Ci\u00eancias Cont\u00e1beis <\/option>\n\t\t\t\t\t\t\t\t\t<option value=\"Direito \">Direito <\/option>\n\t\t\t\t\t\t\t\t\t<option value=\"Enfermagem \">Enfermagem <\/option>\n\t\t\t\t\t\t\t\t\t<option value=\"Eng. Civil \">Eng. Civil <\/option>\n\t\t\t\t\t\t\t\t\t<option value=\"Eng. de Produ\u00e7\u00e3o \">Eng. de Produ\u00e7\u00e3o <\/option>\n\t\t\t\t\t\t\t\t\t<option value=\"Eng. Qu\u00edmica \">Eng. Qu\u00edmica <\/option>\n\t\t\t\t\t\t\t\t\t<option value=\"Eng. Mec\u00e2nica \">Eng. Mec\u00e2nica <\/option>\n\t\t\t\t\t\t\t\t\t<option value=\"Pedagogia \">Pedagogia <\/option>\n\t\t\t\t\t\t\t\t\t<option value=\"Psicologia \">Psicologia <\/option>\n\t\t\t\t\t\t\t\t\t<option value=\"Tec. Constru\u00e7\u00e3o de Edif\u00edcios \">Tec. Constru\u00e7\u00e3o de Edif\u00edcios <\/option>\n\t\t\t\t\t\t\t\t\t<option value=\"Tec. Gest\u00e3o da Prod. Industrial \">Tec. Gest\u00e3o da Prod. Industrial <\/option>\n\t\t\t\t\t\t\t\t\t<option value=\"Tec. Gest\u00e3o de RH \">Tec. Gest\u00e3o de RH <\/option>\n\t\t\t\t\t\t\t\t\t<option value=\"Tec. Log\u00edstica \">Tec. Log\u00edstica <\/option>\n\t\t\t\t\t\t\t\t\t<option value=\"Tec. Saneamento Ambiental \">Tec. Saneamento Ambiental <\/option>\n\t\t\t\t\t\t\t\t\t<option value=\"Funcion\u00e1rio FSJB\">Funcion\u00e1rio FSJB<\/option>\n\t\t\t\t\t\t\t<\/select>\n\t\t<\/div>\n\t\t\t\t\t\t<\/div>\n\t\t\t\t\t\t\t\t<div class=\"elementor-field-type-select elementor-field-group elementor-column elementor-field-group-periodo elementor-col-100 elementor-field-required\">\n\t\t\t\t\t\t\t\t\t\t\t\t<label for=\"form-field-periodo\" class=\"elementor-field-label elementor-screen-only\">\n\t\t\t\t\t\t\t\tQual per\u00edodo?*\t\t\t\t\t\t\t<\/label>\n\t\t\t\t\t\t\t\t<div class=\"elementor-field elementor-select-wrapper remove-before \">\n\t\t\t<div class=\"select-caret-down-wrapper\">\n\t\t\t\t<svg aria-hidden=\"true\" class=\"e-font-icon-svg e-eicon-caret-down\" viewBox=\"0 0 571.4 571.4\" xmlns=\"http:\/\/www.w3.org\/2000\/svg\"><path d=\"M571 393Q571 407 561 418L311 668Q300 679 286 679T261 668L11 418Q0 407 0 393T11 368 36 357H536Q550 357 561 368T571 393Z\"><\/path><\/svg>\t\t\t<\/div>\n\t\t\t<select name=\"form_fields[periodo]\" id=\"form-field-periodo\" class=\"elementor-field-textual elementor-size-sm\" required=\"required\">\n\t\t\t\t\t\t\t\t\t<option value=\" \">Qual per\u00edodo?*<\/option>\n\t\t\t\t\t\t\t\t\t<option value=\"1\u00ba Per\u00edodo 2\u00ba \">1\u00ba Per\u00edodo 2\u00ba <\/option>\n\t\t\t\t\t\t\t\t\t<option value=\"Per\u00edodo 3\u00ba \">Per\u00edodo 3\u00ba <\/option>\n\t\t\t\t\t\t\t\t\t<option value=\"Per\u00edodo 4\u00ba \">Per\u00edodo 4\u00ba <\/option>\n\t\t\t\t\t\t\t\t\t<option value=\"Per\u00edodo 5\u00ba \">Per\u00edodo 5\u00ba <\/option>\n\t\t\t\t\t\t\t\t\t<option value=\"Per\u00edodo 6\u00ba \">Per\u00edodo 6\u00ba <\/option>\n\t\t\t\t\t\t\t\t\t<option value=\"Per\u00edodo 7\u00ba \">Per\u00edodo 7\u00ba <\/option>\n\t\t\t\t\t\t\t\t\t<option value=\"Per\u00edodo 8\u00ba \">Per\u00edodo 8\u00ba <\/option>\n\t\t\t\t\t\t\t\t\t<option value=\"Per\u00edodo 9\u00ba \">Per\u00edodo 9\u00ba <\/option>\n\t\t\t\t\t\t\t\t\t<option value=\"Per\u00edodo 10\u00ba \">Per\u00edodo 10\u00ba <\/option>\n\t\t\t\t\t\t\t\t\t<option value=\"Per\u00edodo Funcion\u00e1rio FSJB\">Per\u00edodo Funcion\u00e1rio FSJB<\/option>\n\t\t\t\t\t\t\t<\/select>\n\t\t<\/div>\n\t\t\t\t\t\t<\/div>\n\t\t\t\t\t\t\t\t<div class=\"elementor-field-type-html elementor-field-group elementor-column elementor-field-group-field_a2f9201 elementor-col-100\">\n\t\t\t\t\t<p class=\"lgpdtexto\">Ao preencher este formul\u00e1rio estou ciente e autorizo por livre e espont\u00e2nea vontade a coleta, armazenamento e tratamento de meus dados pessoais aqui informados, em aten\u00e7\u00e3o ao que disp\u00f5e a Lei 13.709\/2018 (Lei Geral de Prote\u00e7\u00e3o de Dados Pessoais)<\/p>\t\t\t\t<\/div>\n\t\t\t\t\t\t\t\t<div class=\"elementor-field-type-recaptcha_v3 elementor-field-group elementor-column elementor-field-group-field_fd55251 elementor-col-100 recaptcha_v3-bottomright\">\n\t\t\t\t\t<div class=\"elementor-field\" id=\"form-field-field_fd55251\"><div class=\"elementor-g-recaptcha\" data-sitekey=\"6LdL5wcrAAAAAA_OtFUpQ9Z7DG61qYSUA2ZPbAY0\" data-type=\"v3\" data-action=\"Form\" data-badge=\"bottomright\" data-size=\"invisible\"><\/div><\/div>\t\t\t\t<\/div>\n\t\t\t\t\t\t\t\t<div class=\"elementor-field-group elementor-column elementor-field-type-submit elementor-col-100 e-form__buttons\">\n\t\t\t\t\t<button class=\"elementor-button elementor-size-sm\" type=\"submit\">\n\t\t\t\t\t\t<span class=\"elementor-button-content-wrapper\">\n\t\t\t\t\t\t\t\t\t\t\t\t\t\t\t\t\t\t\t\t\t\t<span class=\"elementor-button-text\">Enviar<\/span>\n\t\t\t\t\t\t\t\t\t\t\t\t\t<\/span>\n\t\t\t\t\t<\/button>\n\t\t\t\t<\/div>\n\t\t\t<\/div>\n\t\t<\/form>\n\t\t\t\t\t\t<\/div>\n\t\t\t\t<\/div>\n\t\t\t\t<\/div>\n\t\t\t\t\t<\/div>\n\t\t\t\t<\/div>\n\t\t\t\t<\/div>\n\t\t","protected":false},"excerpt":{"rendered":"<p>Solicite seu agendamento Envie os dados para que possamos retornar sua solicita\u00e7\u00e3o com informa\u00e7\u00f5es sobre o agendamento.\u00a0Fique atento ao seu e-mail, pois ser\u00e1 por meio dele que voc\u00ea receber\u00e1 as informa\u00e7\u00f5es sobre o atendimento. Importante: Todos os campos s\u00e3o obrigat\u00f3rios.<\/p>\n","protected":false},"author":1,"featured_media":0,"parent":0,"menu_order":17,"comment_status":"closed","ping_status":"closed","template":"elementor_header_footer","meta":{"_exactmetrics_skip_tracking":false,"_exactmetrics_sitenote_active":false,"_exactmetrics_sitenote_note":"","_exactmetrics_sitenote_category":0,"footnotes":""},"class_list":["post-25634","page","type-page","status-publish","hentry"],"aioseo_notices":[],"_links":{"self":[{"href":"https:\/\/faacz.com.br\/portal\/wp-json\/wp\/v2\/pages\/25634"}],"collection":[{"href":"https:\/\/faacz.com.br\/portal\/wp-json\/wp\/v2\/pages"}],"about":[{"href":"https:\/\/faacz.com.br\/portal\/wp-json\/wp\/v2\/types\/page"}],"author":[{"embeddable":true,"href":"https:\/\/faacz.com.br\/portal\/wp-json\/wp\/v2\/users\/1"}],"replies":[{"embeddable":true,"href":"https:\/\/faacz.com.br\/portal\/wp-json\/wp\/v2\/comments?post=25634"}],"version-history":[{"count":55,"href":"https:\/\/faacz.com.br\/portal\/wp-json\/wp\/v2\/pages\/25634\/revisions"}],"predecessor-version":[{"id":37775,"href":"https:\/\/faacz.com.br\/portal\/wp-json\/wp\/v2\/pages\/25634\/revisions\/37775"}],"wp:attachment":[{"href":"https:\/\/faacz.com.br\/portal\/wp-json\/wp\/v2\/media?parent=25634"}],"curies":[{"name":"wp","href":"https:\/\/api.w.org\/{rel}","templated":true}]}}