{"id":24899,"date":"2024-09-21T12:59:05","date_gmt":"2024-09-21T15:59:05","guid":{"rendered":"https:\/\/faacz.com.br\/portal\/?page_id=24899"},"modified":"2024-10-17T20:12:39","modified_gmt":"2024-10-17T23:12:39","slug":"renovacao","status":"publish","type":"page","link":"https:\/\/faacz.com.br\/portal\/biblioteca\/renovacao\/","title":{"rendered":"Renova\u00e7\u00e3o"},"content":{"rendered":"\t\t<div data-elementor-type=\"wp-page\" data-elementor-id=\"24899\" class=\"elementor elementor-24899\" data-elementor-settings=\"{&quot;ha_cmc_init_switcher&quot;:&quot;no&quot;}\" data-elementor-post-type=\"page\">\n\t\t\t\t<div class=\"elementor-element elementor-element-a4d125e bg-roxo e-flex e-con-boxed wpr-particle-no wpr-jarallax-no wpr-parallax-no wpr-sticky-section-no e-con e-parent\" data-id=\"a4d125e\" data-element_type=\"container\" data-settings=\"{&quot;background_background&quot;:&quot;classic&quot;}\">\n\t\t\t\t\t<div class=\"e-con-inner\">\n\t\t<div class=\"elementor-element elementor-element-5259528 e-flex e-con-boxed wpr-particle-no wpr-jarallax-no wpr-parallax-no wpr-sticky-section-no e-con e-child\" data-id=\"5259528\" data-element_type=\"container\">\n\t\t\t\t\t<div class=\"e-con-inner\">\n\t\t\t\t<div class=\"elementor-element elementor-element-9c50912 elementor-invisible elementor-widget elementor-widget-shortcode\" data-id=\"9c50912\" data-element_type=\"widget\" data-settings=\"{&quot;_animation&quot;:&quot;fadeInUp&quot;}\" data-widget_type=\"shortcode.default\">\n\t\t\t\t<div class=\"elementor-widget-container\">\n\t\t\t\t\t\t\t<div class=\"elementor-shortcode\"><div class=\"aioseo-breadcrumbs\"><span class=\"aioseo-breadcrumb\">\n\t\t\tHome\n\t\t<\/span><\/div><\/div>\n\t\t\t\t\t\t<\/div>\n\t\t\t\t<\/div>\n\t\t\t\t<div class=\"elementor-element elementor-element-14c237c elementor-invisible elementor-widget elementor-widget-heading\" data-id=\"14c237c\" data-element_type=\"widget\" data-settings=\"{&quot;_animation&quot;:&quot;fadeInLeft&quot;}\" data-widget_type=\"heading.default\">\n\t\t\t\t<div class=\"elementor-widget-container\">\n\t\t\t\t\t<h1 class=\"elementor-heading-title elementor-size-default\">Renova\u00e7\u00e3o<\/h1>\t\t\t\t<\/div>\n\t\t\t\t<\/div>\n\t\t\t\t<div class=\"elementor-element elementor-element-038f328 elementor-widget-divider--view-line elementor-invisible elementor-widget elementor-widget-divider\" data-id=\"038f328\" data-element_type=\"widget\" data-settings=\"{&quot;_animation&quot;:&quot;fadeInDown&quot;}\" data-widget_type=\"divider.default\">\n\t\t\t\t<div class=\"elementor-widget-container\">\n\t\t\t\t\t\t\t<div class=\"elementor-divider\">\n\t\t\t<span class=\"elementor-divider-separator\">\n\t\t\t\t\t\t<\/span>\n\t\t<\/div>\n\t\t\t\t\t\t<\/div>\n\t\t\t\t<\/div>\n\t\t\t\t\t<\/div>\n\t\t\t\t<\/div>\n\t\t\t\t\t<\/div>\n\t\t\t\t<\/div>\n\t\t<div class=\"elementor-element elementor-element-03d65c2 e-flex e-con-boxed wpr-particle-no wpr-jarallax-no wpr-parallax-no wpr-sticky-section-no e-con e-child\" data-id=\"03d65c2\" data-element_type=\"container\">\n\t\t\t\t\t<div class=\"e-con-inner\">\n\t\t\t\t<div class=\"elementor-element elementor-element-ac18021 menubibliotecas elementor-widget elementor-widget-jet-mega-menu\" data-id=\"ac18021\" data-element_type=\"widget\" data-widget_type=\"jet-mega-menu.default\">\n\t\t\t\t<div class=\"elementor-widget-container\">\n\t\t\t\t\t<div class=\"menu-biblioteca-container\"><div class=\"jet-menu-container\"><div class=\"jet-menu-inner\"><ul class=\"jet-menu jet-menu--animation-type-move-down\"><li id=\"jet-menu-item-25587\" class=\"jet-menu-item jet-menu-item-type-custom jet-menu-item-object-custom jet-menu-item-has-children jet-no-roll-up jet-simple-menu-item jet-regular-item jet-menu-item-25587\"><a class=\"top-level-link\"><div class=\"jet-menu-item-wrapper\"><div class=\"jet-menu-title\">Selecione uma op\u00e7\u00e3o<\/div><i class=\"jet-dropdown-arrow fa fa-angle-down\"><\/i><\/div><\/a>\n<ul  class=\"jet-sub-menu\">\n\t<li id=\"jet-menu-item-25070\" class=\"jet-menu-item jet-menu-item-type-post_type jet-menu-item-object-page jet-no-roll-up jet-simple-menu-item jet-regular-item jet-menu-item-25070 jet-sub-menu-item\"><a href=\"https:\/\/faacz.com.br\/portal\/biblioteca\/doacoes-a-biblioteca\/\" class=\"sub-level-link\"><div class=\"jet-menu-item-wrapper\"><div class=\"jet-menu-title\">Doa\u00e7\u00f5es \u00e0 Biblioteca<\/div><\/div><\/a><\/li>\n\t<li id=\"jet-menu-item-25071\" class=\"jet-menu-item jet-menu-item-type-post_type jet-menu-item-object-page jet-no-roll-up jet-simple-menu-item jet-regular-item jet-menu-item-25071 jet-sub-menu-item\"><a href=\"https:\/\/faacz.com.br\/portal\/biblioteca\/base-de-dados-online\/\" class=\"sub-level-link\"><div class=\"jet-menu-item-wrapper\"><div class=\"jet-menu-title\">Base de Dados Online<\/div><\/div><\/a><\/li>\n\t<li id=\"jet-menu-item-25446\" class=\"jet-menu-item jet-menu-item-type-post_type jet-menu-item-object-page jet-no-roll-up jet-simple-menu-item jet-regular-item jet-menu-item-25446 jet-sub-menu-item\"><a href=\"https:\/\/faacz.com.br\/portal\/biblioteca\/periodicos-eletronicos\/\" class=\"sub-level-link\"><div class=\"jet-menu-item-wrapper\"><div class=\"jet-menu-title\">Peri\u00f3dicos Eletr\u00f4nicos<\/div><\/div><\/a><\/li>\n\t<li id=\"jet-menu-item-25068\" class=\"jet-menu-item jet-menu-item-type-post_type jet-menu-item-object-page jet-no-roll-up jet-simple-menu-item jet-regular-item jet-menu-item-25068 jet-sub-menu-item\"><a href=\"https:\/\/faacz.com.br\/portal\/biblioteca\/acervo\/\" class=\"sub-level-link\"><div class=\"jet-menu-item-wrapper\"><div class=\"jet-menu-title\">Acervo<\/div><\/div><\/a><\/li>\n\t<li id=\"jet-menu-item-25067\" class=\"jet-menu-item jet-menu-item-type-post_type jet-menu-item-object-page jet-no-roll-up jet-simple-menu-item jet-regular-item jet-menu-item-25067 jet-sub-menu-item\"><a href=\"https:\/\/faacz.com.br\/portal\/biblioteca\/downloads\/\" class=\"sub-level-link\"><div class=\"jet-menu-item-wrapper\"><div class=\"jet-menu-title\">Downloads<\/div><\/div><\/a><\/li>\n\t<li id=\"jet-menu-item-25066\" class=\"jet-menu-item jet-menu-item-type-post_type jet-menu-item-object-page jet-no-roll-up jet-simple-menu-item jet-regular-item jet-menu-item-25066 jet-sub-menu-item\"><a href=\"https:\/\/faacz.com.br\/portal\/biblioteca\/repositorio-de-tccs\/\" class=\"sub-level-link\"><div class=\"jet-menu-item-wrapper\"><div class=\"jet-menu-title\">Reposit\u00f3rio de TCCs<\/div><\/div><\/a><\/li>\n\t<li id=\"jet-menu-item-25065\" class=\"jet-menu-item jet-menu-item-type-post_type jet-menu-item-object-page jet-no-roll-up jet-simple-menu-item jet-regular-item jet-menu-item-25065 jet-sub-menu-item\"><a href=\"https:\/\/faacz.com.br\/portal\/biblioteca\/renovacao\/\" class=\"sub-level-link\"><div class=\"jet-menu-item-wrapper\"><div class=\"jet-menu-title\">Renova\u00e7\u00e3o<\/div><\/div><\/a><\/li>\n<\/ul>\n<\/li>\n<\/ul><\/div><\/div><\/div>\t\t\t\t<\/div>\n\t\t\t\t<\/div>\n\t\t\t\t<div class=\"elementor-element elementor-element-553bf91 elementor-invisible elementor-widget elementor-widget-heading\" data-id=\"553bf91\" data-element_type=\"widget\" data-settings=\"{&quot;_animation&quot;:&quot;fadeInUp&quot;}\" data-widget_type=\"heading.default\">\n\t\t\t\t<div class=\"elementor-widget-container\">\n\t\t\t\t\t<h2 class=\"elementor-heading-title elementor-size-default\">Prezados alunos, \n<\/h2>\t\t\t\t<\/div>\n\t\t\t\t<\/div>\n\t\t\t\t<div class=\"elementor-element elementor-element-a964c57 elementor-invisible elementor-widget elementor-widget-text-editor\" data-id=\"a964c57\" data-element_type=\"widget\" data-settings=\"{&quot;_animation&quot;:&quot;fadeInUp&quot;}\" data-widget_type=\"text-editor.default\">\n\t\t\t\t<div class=\"elementor-widget-container\">\n\t\t\t\t\t\t\t\t\t<p data-wahfont=\"16\">\u2013 Lembrem-se de que a renova\u00e7\u00e3o dos livros, retirados da Biblioteca, pode e deve ser efetuada pelo portal institucional da FAACZ ou do CEA. A renova\u00e7\u00e3o s\u00f3 pode ser feita no dia do vencimento previsto, fora dessa data a renova\u00e7\u00e3o n\u00e3o \u00e9 efetuada.\u00a0<\/p><p data-wahfont=\"16\">\u00a0<\/p><p data-wahfont=\"16\">\u2013 Voc\u00eas, enquanto usu\u00e1rios, s\u00f3 podem efetuar a renova\u00e7\u00e3o duas vezes pelo portal institucional (FAACZ\/CEA), depois disso \u00e9 preciso ser presencial, na Biblioteca.<\/p><p data-wahfont=\"16\">\u2013 Nosso atendimento remoto \u00e9 feito pelos canais digitais:\u00a0<a href=\"mailto:biblioteca@fsjb.edu.br\" data-wahfont=\"16\">biblioteca@fsjb.edu.br<\/a>\u00a0ou pelo telefone (27) 3302-8052.<\/p>\t\t\t\t\t\t\t\t<\/div>\n\t\t\t\t<\/div>\n\t\t\t\t\t<\/div>\n\t\t\t\t<\/div>\n\t\t\t\t<\/div>\n\t\t","protected":false},"excerpt":{"rendered":"<p>Selecione uma op\u00e7\u00e3o Doa\u00e7\u00f5es \u00e0 Biblioteca Base de Dados Online Peri\u00f3dicos Eletr\u00f4nicos Acervo Downloads Reposit\u00f3rio de TCCs Renova\u00e7\u00e3o Prezados alunos, \u2013 Lembrem-se de que a renova\u00e7\u00e3o dos livros, retirados da Biblioteca, pode e deve ser efetuada pelo portal institucional da FAACZ ou do CEA. A renova\u00e7\u00e3o s\u00f3 pode ser feita no dia do vencimento previsto, fora dessa data a renova\u00e7\u00e3o n\u00e3o \u00e9 efetuada.\u00a0 \u00a0 \u2013 Voc\u00eas, enquanto usu\u00e1rios, s\u00f3 podem efetuar a renova\u00e7\u00e3o duas vezes pelo portal institucional (FAACZ\/CEA), depois disso \u00e9 preciso ser presencial, na Biblioteca. \u2013 Nosso atendimento remoto \u00e9 feito pelos canais digitais:\u00a0biblioteca@fsjb.edu.br\u00a0ou pelo telefone (27) 3302-8052.<\/p>\n","protected":false},"author":1,"featured_media":0,"parent":25426,"menu_order":18,"comment_status":"closed","ping_status":"closed","template":"elementor_header_footer","meta":{"_exactmetrics_skip_tracking":false,"_exactmetrics_sitenote_active":false,"_exactmetrics_sitenote_note":"","_exactmetrics_sitenote_category":0,"footnotes":""},"class_list":["post-24899","page","type-page","status-publish","hentry"],"aioseo_notices":[],"_links":{"self":[{"href":"https:\/\/faacz.com.br\/portal\/wp-json\/wp\/v2\/pages\/24899"}],"collection":[{"href":"https:\/\/faacz.com.br\/portal\/wp-json\/wp\/v2\/pages"}],"about":[{"href":"https:\/\/faacz.com.br\/portal\/wp-json\/wp\/v2\/types\/page"}],"author":[{"embeddable":true,"href":"https:\/\/faacz.com.br\/portal\/wp-json\/wp\/v2\/users\/1"}],"replies":[{"embeddable":true,"href":"https:\/\/faacz.com.br\/portal\/wp-json\/wp\/v2\/comments?post=24899"}],"version-history":[{"count":37,"href":"https:\/\/faacz.com.br\/portal\/wp-json\/wp\/v2\/pages\/24899\/revisions"}],"predecessor-version":[{"id":26721,"href":"https:\/\/faacz.com.br\/portal\/wp-json\/wp\/v2\/pages\/24899\/revisions\/26721"}],"up":[{"embeddable":true,"href":"https:\/\/faacz.com.br\/portal\/wp-json\/wp\/v2\/pages\/25426"}],"wp:attachment":[{"href":"https:\/\/faacz.com.br\/portal\/wp-json\/wp\/v2\/media?parent=24899"}],"curies":[{"name":"wp","href":"https:\/\/api.w.org\/{rel}","templated":true}]}}