{"id":24895,"date":"2024-09-21T12:58:11","date_gmt":"2024-09-21T15:58:11","guid":{"rendered":"https:\/\/faacz.com.br\/portal\/?page_id=24895"},"modified":"2024-10-17T20:10:17","modified_gmt":"2024-10-17T23:10:17","slug":"downloads","status":"publish","type":"page","link":"https:\/\/faacz.com.br\/portal\/biblioteca\/downloads\/","title":{"rendered":"Downloads"},"content":{"rendered":"\t\t<div data-elementor-type=\"wp-page\" data-elementor-id=\"24895\" class=\"elementor elementor-24895\" data-elementor-settings=\"{&quot;ha_cmc_init_switcher&quot;:&quot;no&quot;}\" data-elementor-post-type=\"page\">\n\t\t\t\t<div class=\"elementor-element elementor-element-6ce85a3 bg-roxo e-flex e-con-boxed wpr-particle-no wpr-jarallax-no wpr-parallax-no wpr-sticky-section-no e-con e-parent\" data-id=\"6ce85a3\" data-element_type=\"container\" data-settings=\"{&quot;background_background&quot;:&quot;classic&quot;}\">\n\t\t\t\t\t<div class=\"e-con-inner\">\n\t\t<div class=\"elementor-element elementor-element-c063c5b e-flex e-con-boxed wpr-particle-no wpr-jarallax-no wpr-parallax-no wpr-sticky-section-no e-con e-child\" data-id=\"c063c5b\" data-element_type=\"container\">\n\t\t\t\t\t<div class=\"e-con-inner\">\n\t\t\t\t<div class=\"elementor-element elementor-element-237c70e elementor-invisible elementor-widget elementor-widget-shortcode\" data-id=\"237c70e\" data-element_type=\"widget\" data-settings=\"{&quot;_animation&quot;:&quot;fadeInUp&quot;}\" data-widget_type=\"shortcode.default\">\n\t\t\t\t<div class=\"elementor-widget-container\">\n\t\t\t\t\t\t\t<div class=\"elementor-shortcode\"><div class=\"aioseo-breadcrumbs\"><span class=\"aioseo-breadcrumb\">\n\t\t\tHome\n\t\t<\/span><\/div><\/div>\n\t\t\t\t\t\t<\/div>\n\t\t\t\t<\/div>\n\t\t\t\t<div class=\"elementor-element elementor-element-1569417 elementor-invisible elementor-widget elementor-widget-heading\" data-id=\"1569417\" data-element_type=\"widget\" data-settings=\"{&quot;_animation&quot;:&quot;fadeInLeft&quot;}\" data-widget_type=\"heading.default\">\n\t\t\t\t<div class=\"elementor-widget-container\">\n\t\t\t\t\t<h1 class=\"elementor-heading-title elementor-size-default\">Downloads<\/h1>\t\t\t\t<\/div>\n\t\t\t\t<\/div>\n\t\t\t\t<div class=\"elementor-element elementor-element-c5eb0c2 elementor-widget-divider--view-line elementor-invisible elementor-widget elementor-widget-divider\" data-id=\"c5eb0c2\" data-element_type=\"widget\" data-settings=\"{&quot;_animation&quot;:&quot;fadeInDown&quot;}\" data-widget_type=\"divider.default\">\n\t\t\t\t<div class=\"elementor-widget-container\">\n\t\t\t\t\t\t\t<div class=\"elementor-divider\">\n\t\t\t<span class=\"elementor-divider-separator\">\n\t\t\t\t\t\t<\/span>\n\t\t<\/div>\n\t\t\t\t\t\t<\/div>\n\t\t\t\t<\/div>\n\t\t\t\t\t<\/div>\n\t\t\t\t<\/div>\n\t\t\t\t\t<\/div>\n\t\t\t\t<\/div>\n\t\t<div class=\"elementor-element elementor-element-51fd7e8 e-flex e-con-boxed wpr-particle-no wpr-jarallax-no wpr-parallax-no wpr-sticky-section-no e-con e-child\" data-id=\"51fd7e8\" data-element_type=\"container\">\n\t\t\t\t\t<div class=\"e-con-inner\">\n\t\t\t\t<div class=\"elementor-element elementor-element-4c9639e menubibliotecas elementor-widget elementor-widget-jet-mega-menu\" data-id=\"4c9639e\" data-element_type=\"widget\" data-widget_type=\"jet-mega-menu.default\">\n\t\t\t\t<div class=\"elementor-widget-container\">\n\t\t\t\t\t<div class=\"menu-biblioteca-container\"><div class=\"jet-menu-container\"><div class=\"jet-menu-inner\"><ul class=\"jet-menu jet-menu--animation-type-move-down\"><li id=\"jet-menu-item-25587\" class=\"jet-menu-item jet-menu-item-type-custom jet-menu-item-object-custom jet-menu-item-has-children jet-no-roll-up jet-simple-menu-item jet-regular-item jet-menu-item-25587\"><a class=\"top-level-link\"><div class=\"jet-menu-item-wrapper\"><div class=\"jet-menu-title\">Selecione uma op\u00e7\u00e3o<\/div><i class=\"jet-dropdown-arrow fa fa-angle-down\"><\/i><\/div><\/a>\n<ul  class=\"jet-sub-menu\">\n\t<li id=\"jet-menu-item-25070\" class=\"jet-menu-item jet-menu-item-type-post_type jet-menu-item-object-page jet-no-roll-up jet-simple-menu-item jet-regular-item jet-menu-item-25070 jet-sub-menu-item\"><a href=\"https:\/\/faacz.com.br\/portal\/biblioteca\/doacoes-a-biblioteca\/\" class=\"sub-level-link\"><div class=\"jet-menu-item-wrapper\"><div class=\"jet-menu-title\">Doa\u00e7\u00f5es \u00e0 Biblioteca<\/div><\/div><\/a><\/li>\n\t<li id=\"jet-menu-item-25071\" class=\"jet-menu-item jet-menu-item-type-post_type jet-menu-item-object-page jet-no-roll-up jet-simple-menu-item jet-regular-item jet-menu-item-25071 jet-sub-menu-item\"><a href=\"https:\/\/faacz.com.br\/portal\/biblioteca\/base-de-dados-online\/\" class=\"sub-level-link\"><div class=\"jet-menu-item-wrapper\"><div class=\"jet-menu-title\">Base de Dados Online<\/div><\/div><\/a><\/li>\n\t<li id=\"jet-menu-item-25446\" class=\"jet-menu-item jet-menu-item-type-post_type jet-menu-item-object-page jet-no-roll-up jet-simple-menu-item jet-regular-item jet-menu-item-25446 jet-sub-menu-item\"><a href=\"https:\/\/faacz.com.br\/portal\/biblioteca\/periodicos-eletronicos\/\" class=\"sub-level-link\"><div class=\"jet-menu-item-wrapper\"><div class=\"jet-menu-title\">Peri\u00f3dicos Eletr\u00f4nicos<\/div><\/div><\/a><\/li>\n\t<li id=\"jet-menu-item-25068\" class=\"jet-menu-item jet-menu-item-type-post_type jet-menu-item-object-page jet-no-roll-up jet-simple-menu-item jet-regular-item jet-menu-item-25068 jet-sub-menu-item\"><a href=\"https:\/\/faacz.com.br\/portal\/biblioteca\/acervo\/\" class=\"sub-level-link\"><div class=\"jet-menu-item-wrapper\"><div class=\"jet-menu-title\">Acervo<\/div><\/div><\/a><\/li>\n\t<li id=\"jet-menu-item-25067\" class=\"jet-menu-item jet-menu-item-type-post_type jet-menu-item-object-page jet-no-roll-up jet-simple-menu-item jet-regular-item jet-menu-item-25067 jet-sub-menu-item\"><a href=\"https:\/\/faacz.com.br\/portal\/biblioteca\/downloads\/\" class=\"sub-level-link\"><div class=\"jet-menu-item-wrapper\"><div class=\"jet-menu-title\">Downloads<\/div><\/div><\/a><\/li>\n\t<li id=\"jet-menu-item-25066\" class=\"jet-menu-item jet-menu-item-type-post_type jet-menu-item-object-page jet-no-roll-up jet-simple-menu-item jet-regular-item jet-menu-item-25066 jet-sub-menu-item\"><a href=\"https:\/\/faacz.com.br\/portal\/biblioteca\/repositorio-de-tccs\/\" class=\"sub-level-link\"><div class=\"jet-menu-item-wrapper\"><div class=\"jet-menu-title\">Reposit\u00f3rio de TCCs<\/div><\/div><\/a><\/li>\n\t<li id=\"jet-menu-item-25065\" class=\"jet-menu-item jet-menu-item-type-post_type jet-menu-item-object-page jet-no-roll-up jet-simple-menu-item jet-regular-item jet-menu-item-25065 jet-sub-menu-item\"><a href=\"https:\/\/faacz.com.br\/portal\/biblioteca\/renovacao\/\" class=\"sub-level-link\"><div class=\"jet-menu-item-wrapper\"><div class=\"jet-menu-title\">Renova\u00e7\u00e3o<\/div><\/div><\/a><\/li>\n<\/ul>\n<\/li>\n<\/ul><\/div><\/div><\/div>\t\t\t\t<\/div>\n\t\t\t\t<\/div>\n\t\t\t\t<div class=\"elementor-element elementor-element-547759a elementor-invisible elementor-widget elementor-widget-heading\" data-id=\"547759a\" data-element_type=\"widget\" data-settings=\"{&quot;_animation&quot;:&quot;fadeInUp&quot;}\" data-widget_type=\"heading.default\">\n\t\t\t\t<div class=\"elementor-widget-container\">\n\t\t\t\t\t<h2 class=\"elementor-heading-title elementor-size-default\">  Ementas do Curso de Psicologia:\n<\/h2>\t\t\t\t<\/div>\n\t\t\t\t<\/div>\n\t\t\t\t<div class=\"elementor-element elementor-element-2f47683 tabs-biblioteca eael_liquid_glass-effect1 eael_liquid_glass_shadow-effect1 elementor-invisible elementor-widget elementor-widget-jet-listing-grid\" data-id=\"2f47683\" data-element_type=\"widget\" data-settings=\"{&quot;columns&quot;:&quot;1&quot;,&quot;_animation&quot;:&quot;fadeInUp&quot;}\" data-widget_type=\"jet-listing-grid.default\">\n\t\t\t\t<div class=\"elementor-widget-container\">\n\t\t\t\t\t<div class=\"jet-listing-grid jet-listing\"><div class=\"jet-listing-grid__items grid-col-desk-1 grid-col-tablet-1 grid-col-mobile-1 jet-listing-grid--25597\"  data-nav=\"{&quot;enabled&quot;:false,&quot;type&quot;:null,&quot;more_el&quot;:null,&quot;query&quot;:[],&quot;widget_settings&quot;:{&quot;lisitng_id&quot;:25597,&quot;posts_num&quot;:100,&quot;columns&quot;:1,&quot;columns_tablet&quot;:1,&quot;columns_mobile&quot;:1,&quot;is_archive_template&quot;:&quot;&quot;,&quot;post_status&quot;:[&quot;publish&quot;],&quot;use_random_posts_num&quot;:&quot;&quot;,&quot;max_posts_num&quot;:9,&quot;not_found_message&quot;:&quot;Nenhum dado foi encontrado&quot;,&quot;is_masonry&quot;:false,&quot;equal_columns_height&quot;:&quot;&quot;,&quot;use_load_more&quot;:&quot;&quot;,&quot;load_more_id&quot;:&quot;&quot;,&quot;load_more_type&quot;:&quot;click&quot;,&quot;load_more_offset&quot;:{&quot;unit&quot;:&quot;px&quot;,&quot;size&quot;:0,&quot;sizes&quot;:[]},&quot;use_custom_post_types&quot;:&quot;&quot;,&quot;custom_post_types&quot;:[],&quot;hide_widget_if&quot;:&quot;&quot;,&quot;carousel_enabled&quot;:&quot;&quot;,&quot;slides_to_scroll&quot;:&quot;1&quot;,&quot;arrows&quot;:&quot;true&quot;,&quot;arrow_icon&quot;:&quot;fa fa-angle-left&quot;,&quot;dots&quot;:&quot;&quot;,&quot;autoplay&quot;:&quot;true&quot;,&quot;autoplay_speed&quot;:5000,&quot;infinite&quot;:&quot;true&quot;,&quot;center_mode&quot;:&quot;&quot;,&quot;effect&quot;:&quot;slide&quot;,&quot;speed&quot;:500,&quot;inject_alternative_items&quot;:&quot;&quot;,&quot;injection_items&quot;:[],&quot;scroll_slider_enabled&quot;:&quot;&quot;,&quot;scroll_slider_on&quot;:[&quot;desktop&quot;,&quot;tablet&quot;,&quot;mobile&quot;],&quot;custom_query&quot;:false,&quot;custom_query_id&quot;:&quot;&quot;,&quot;_element_id&quot;:&quot;&quot;}}\" data-page=\"1\" data-pages=\"1\" data-listing-source=\"posts\" data-listing-id=\"25597\" data-query-id=\"\"><div class=\"jet-listing-grid__item jet-listing-dynamic-post-25557\" data-post-id=\"25557\" >\t\t<div data-elementor-type=\"jet-listing-items\" data-elementor-id=\"25597\" class=\"elementor elementor-25597\" data-elementor-settings=\"{&quot;ha_cmc_init_switcher&quot;:&quot;no&quot;}\" data-elementor-post-type=\"jet-engine\">\n\t\t\t\t<div class=\"elementor-element elementor-element-8deac2e e-flex e-con-boxed wpr-particle-no wpr-jarallax-no wpr-parallax-no wpr-sticky-section-no e-con e-parent\" data-id=\"8deac2e\" data-element_type=\"container\">\n\t\t\t\t\t<div class=\"e-con-inner\">\n\t\t\t\t<div class=\"elementor-element elementor-element-db6051b elementor-widget elementor-widget-text-editor\" data-id=\"db6051b\" data-element_type=\"widget\" data-widget_type=\"text-editor.default\">\n\t\t\t\t<div class=\"elementor-widget-container\">\n\t\t\t\t\t\t\t\t\t<p data-wahfont=\"16\"><i class=\"omsc-icon fa fa-file-text\"><\/i>\u00a0\u00a0<a href=\"https:\/\/static.scielo.org\/scielobooks\/hkyyb\/pdf\/jaco-9788579820618.pdf\" target=\"_blank\" rel=\"noopener noreferrer\" data-wahfont=\"16\">Clio Psych\u00e9: fazeres e dizeres\u00a0PSI na hist\u00f3ria do Brasil<\/a><\/p>\n<div class=\"omsc-divider omsc-border-small omsc-style-single omsc-custom-color\"><\/div>\n<p data-wahfont=\"16\"><i class=\"omsc-icon fa fa-file-text\"><\/i>\u00a0\u00a0<a href=\"http:\/\/www.freudonline.com.br\/\" target=\"_blank\" rel=\"noopener noreferrer\" data-wahfont=\"16\">Cole\u00e7\u00e3o das Obras Completas de Sigmund Freud<\/a><\/p>\n<div class=\"omsc-divider omsc-border-small omsc-style-single omsc-custom-color\"><\/div>\n<p data-wahfont=\"16\"><i class=\"omsc-icon fa fa-file-text\"><\/i>\u00a0\u00a0<a href=\"https:\/\/site.cfp.org.br\/publicacao\/cartilha-avaliacao-psicologica-2013\/\" target=\"_blank\" rel=\"noopener noreferrer\" data-wahfont=\"16\">Conselho Federal de Psicologia \u2013 Cartilha: Avalia\u00e7\u00e3o Psicol\u00f3gica 2013<\/a><\/p>\n<div class=\"omsc-divider omsc-border-small omsc-style-single omsc-custom-color\"><\/div>\n<p data-wahfont=\"16\"><i class=\"omsc-icon fa fa-file-text\"><\/i>\u00a0\u00a0<a href=\"https:\/\/site.cfp.org.br\/legislacao\/codigo-de-etica\/\" target=\"_blank\" rel=\"noopener noreferrer\" data-wahfont=\"16\">Conselho Federal de Psicologia \u2013 C\u00f3digo de \u00c9tica Profissional do Psic\u00f3logo<\/a><\/p>\n<div class=\"omsc-divider omsc-border-small omsc-style-single omsc-custom-color\"><\/div>\n<p data-wahfont=\"16\"><i class=\"omsc-icon fa fa-file-text\"><\/i>\u00a0\u00a0<a href=\"https:\/\/site.cfp.org.br\/publicacao\/relacoes-raciais-referencias-tecnicas-para-pratica-dao-psicologao\/\" target=\"_blank\" rel=\"noopener noreferrer\" data-wahfont=\"16\">Conselho Federal de Psicologia \u2013 Rela\u00e7\u00f5es Raciais: Refer\u00eancias T\u00e9cnicas para a Pr\u00e1tica da(o) Psicol\u00f3ga(o)<\/a><\/p>\n<div class=\"omsc-divider omsc-border-small omsc-style-single omsc-custom-color\"><\/div>\n<p data-wahfont=\"16\"><i class=\"omsc-icon fa fa-file-text\"><\/i>\u00a0\u00a0<a href=\"http:\/\/www.scielo.br\/scielo.php?script=sci_arttext&amp;pid=S0102-37722012000100013&amp;lng=pt&amp;nrm=iso\" target=\"_blank\" rel=\"noopener noreferrer\" data-wahfont=\"16\">Contribui\u00e7\u00f5es das teorias do desenvolvimento humano para a concep\u00e7\u00e3o contempor\u00e2nea da adolesc\u00eancia;<\/a><\/p>\n<div class=\"omsc-divider omsc-border-small omsc-style-single omsc-custom-color\"><\/div>\n<p data-wahfont=\"16\"><i class=\"omsc-icon fa fa-file-text\"><\/i>\u00a0\u00a0<a href=\"http:\/\/pesquisa.bvsalud.org\/bvsms\/resource\/pt\/mis-3444\" target=\"_blank\" rel=\"noopener noreferrer\" data-wahfont=\"16\">Manual de doen\u00e7as mais importantes, por raz\u00f5es \u00e9tnicas, na popula\u00e7\u00e3o brasileira afro-descendente<\/a>;<\/p>\n<div class=\"omsc-divider omsc-border-small omsc-style-single omsc-custom-color\"><\/div>\n<p data-wahfont=\"16\"><i class=\"omsc-icon fa fa-file-text\"><\/i>\u00a0\u00a0<a href=\"http:\/\/portal.mec.gov.br\/secad\/arquivos\/pdf\/racismo_escola.pdf\" target=\"_blank\" rel=\"noopener noreferrer\" data-wahfont=\"16\">MUNANGA, Kabengele. \u2013\u00a0 Superando o Rascismo na Escola, 2\u00aa edi\u00e7\u00e3o<\/a>;<\/p>\n<div class=\"omsc-divider omsc-border-small omsc-style-single omsc-custom-color\"><\/div>\n<p data-wahfont=\"16\"><i class=\"omsc-icon fa fa-file-text\"><\/i>\u00a0\u00a0<a href=\"http:\/\/www.scielo.br\/scielo.php?script=sci_arttext&amp;pid=S0103-65642016000100133&amp;lng=pt&amp;nrm=iso\" target=\"_blank\" rel=\"noopener noreferrer\" data-wahfont=\"16\">O dispositivo da idade, a produ\u00e7\u00e3o da velhice e regimes de subjetiva\u00e7\u00e3o: rastreamentos geneal\u00f3gicos;<\/a><\/p>\n<div class=\"omsc-divider omsc-border-small omsc-style-single omsc-custom-color\"><\/div>\n<p data-wahfont=\"16\"><i class=\"omsc-icon fa fa-file-text\"><\/i>\u00a0\u00a0<a href=\"http:\/\/pesquisa.bvsalud.org\/bvsms\/resource\/pt\/mis-670\" target=\"_blank\" rel=\"noopener noreferrer\" data-wahfont=\"16\">Pol\u00edtica Nacional de Aten\u00e7\u00e3o \u00e0 Sa\u00fade dos Povos Ind\u00edgenas: aprovada pela Portaria do Minist\u00e9rio da Sa\u00fade n\u00ba 254, de 31 de janeiro de 2002 DOU n\u00ba 26 \u2013 Sess\u00e3o 1, p. 46 a 49, de 6 de fevereiro de 2002<\/a>;<\/p>\n<div class=\"omsc-divider omsc-border-small omsc-style-single omsc-custom-color\"><\/div>\n<p data-wahfont=\"16\"><i class=\"omsc-icon fa fa-file-text\"><\/i>\u00a0\u00a0<a href=\"http:\/\/www.ipea.gov.br\/portal\/images\/stories\/PDFs\/livros\/livros\/livro_retradodesigualdade_ed4.pdf\" target=\"_blank\" rel=\"noopener noreferrer\" data-wahfont=\"16\">Retrato das Desigualdades de G\u00eanero e Ra\u00e7a \u2013 4\u00aa edi\u00e7\u00e3o;<\/a><\/p>\n\t\t\t\t\t\t\t\t<\/div>\n\t\t\t\t<\/div>\n\t\t\t\t\t<\/div>\n\t\t\t\t<\/div>\n\t\t\t\t<\/div>\n\t\t<\/div><\/div><\/div>\t\t\t\t<\/div>\n\t\t\t\t<\/div>\n\t\t\t\t\t<\/div>\n\t\t\t\t<\/div>\n\t\t\t\t<\/div>\n\t\t","protected":false},"excerpt":{"rendered":"<p>Selecione uma op\u00e7\u00e3o Doa\u00e7\u00f5es \u00e0 Biblioteca Base de Dados Online Peri\u00f3dicos Eletr\u00f4nicos Acervo Downloads Reposit\u00f3rio de TCCs Renova\u00e7\u00e3o Ementas do Curso de Psicologia:<\/p>\n","protected":false},"author":1,"featured_media":0,"parent":25426,"menu_order":22,"comment_status":"closed","ping_status":"closed","template":"elementor_header_footer","meta":{"_exactmetrics_skip_tracking":false,"_exactmetrics_sitenote_active":false,"_exactmetrics_sitenote_note":"","_exactmetrics_sitenote_category":0,"footnotes":""},"class_list":["post-24895","page","type-page","status-publish","hentry"],"aioseo_notices":[],"_links":{"self":[{"href":"https:\/\/faacz.com.br\/portal\/wp-json\/wp\/v2\/pages\/24895"}],"collection":[{"href":"https:\/\/faacz.com.br\/portal\/wp-json\/wp\/v2\/pages"}],"about":[{"href":"https:\/\/faacz.com.br\/portal\/wp-json\/wp\/v2\/types\/page"}],"author":[{"embeddable":true,"href":"https:\/\/faacz.com.br\/portal\/wp-json\/wp\/v2\/users\/1"}],"replies":[{"embeddable":true,"href":"https:\/\/faacz.com.br\/portal\/wp-json\/wp\/v2\/comments?post=24895"}],"version-history":[{"count":40,"href":"https:\/\/faacz.com.br\/portal\/wp-json\/wp\/v2\/pages\/24895\/revisions"}],"predecessor-version":[{"id":26709,"href":"https:\/\/faacz.com.br\/portal\/wp-json\/wp\/v2\/pages\/24895\/revisions\/26709"}],"up":[{"embeddable":true,"href":"https:\/\/faacz.com.br\/portal\/wp-json\/wp\/v2\/pages\/25426"}],"wp:attachment":[{"href":"https:\/\/faacz.com.br\/portal\/wp-json\/wp\/v2\/media?parent=24895"}],"curies":[{"name":"wp","href":"https:\/\/api.w.org\/{rel}","templated":true}]}}