{"id":24893,"date":"2024-09-21T12:57:40","date_gmt":"2024-09-21T15:57:40","guid":{"rendered":"https:\/\/faacz.com.br\/portal\/?page_id=24893"},"modified":"2024-10-17T20:07:10","modified_gmt":"2024-10-17T23:07:10","slug":"acervo","status":"publish","type":"page","link":"https:\/\/faacz.com.br\/portal\/biblioteca\/acervo\/","title":{"rendered":"Acervo"},"content":{"rendered":"\t\t<div data-elementor-type=\"wp-page\" data-elementor-id=\"24893\" class=\"elementor elementor-24893\" data-elementor-settings=\"{&quot;ha_cmc_init_switcher&quot;:&quot;no&quot;}\" data-elementor-post-type=\"page\">\n\t\t\t\t<div class=\"elementor-element elementor-element-58461cd bg-roxo e-flex e-con-boxed wpr-particle-no wpr-jarallax-no wpr-parallax-no wpr-sticky-section-no e-con e-parent\" data-id=\"58461cd\" data-element_type=\"container\" data-settings=\"{&quot;background_background&quot;:&quot;classic&quot;}\">\n\t\t\t\t\t<div class=\"e-con-inner\">\n\t\t<div class=\"elementor-element elementor-element-34f1452 e-flex e-con-boxed wpr-particle-no wpr-jarallax-no wpr-parallax-no wpr-sticky-section-no e-con e-child\" data-id=\"34f1452\" data-element_type=\"container\">\n\t\t\t\t\t<div class=\"e-con-inner\">\n\t\t\t\t<div class=\"elementor-element elementor-element-d7f0a2b elementor-invisible elementor-widget elementor-widget-shortcode\" data-id=\"d7f0a2b\" data-element_type=\"widget\" data-settings=\"{&quot;_animation&quot;:&quot;fadeInUp&quot;}\" data-widget_type=\"shortcode.default\">\n\t\t\t\t<div class=\"elementor-widget-container\">\n\t\t\t\t\t\t\t<div class=\"elementor-shortcode\"><div class=\"aioseo-breadcrumbs\"><span class=\"aioseo-breadcrumb\">\n\t\t\tHome\n\t\t<\/span><\/div><\/div>\n\t\t\t\t\t\t<\/div>\n\t\t\t\t<\/div>\n\t\t\t\t<div class=\"elementor-element elementor-element-e980c10 elementor-invisible elementor-widget elementor-widget-heading\" data-id=\"e980c10\" data-element_type=\"widget\" data-settings=\"{&quot;_animation&quot;:&quot;fadeInLeft&quot;}\" data-widget_type=\"heading.default\">\n\t\t\t\t<div class=\"elementor-widget-container\">\n\t\t\t\t\t<h1 class=\"elementor-heading-title elementor-size-default\">Acervo<\/h1>\t\t\t\t<\/div>\n\t\t\t\t<\/div>\n\t\t\t\t<div class=\"elementor-element elementor-element-f792d65 elementor-widget-divider--view-line elementor-invisible elementor-widget elementor-widget-divider\" data-id=\"f792d65\" data-element_type=\"widget\" data-settings=\"{&quot;_animation&quot;:&quot;fadeInDown&quot;}\" data-widget_type=\"divider.default\">\n\t\t\t\t<div class=\"elementor-widget-container\">\n\t\t\t\t\t\t\t<div class=\"elementor-divider\">\n\t\t\t<span class=\"elementor-divider-separator\">\n\t\t\t\t\t\t<\/span>\n\t\t<\/div>\n\t\t\t\t\t\t<\/div>\n\t\t\t\t<\/div>\n\t\t\t\t\t<\/div>\n\t\t\t\t<\/div>\n\t\t\t\t\t<\/div>\n\t\t\t\t<\/div>\n\t\t<div class=\"elementor-element elementor-element-c23f252 e-flex e-con-boxed wpr-particle-no wpr-jarallax-no wpr-parallax-no wpr-sticky-section-no e-con e-child\" data-id=\"c23f252\" data-element_type=\"container\">\n\t\t\t\t\t<div class=\"e-con-inner\">\n\t\t\t\t<div class=\"elementor-element elementor-element-e0f2796 menubibliotecas elementor-widget elementor-widget-jet-mega-menu\" data-id=\"e0f2796\" data-element_type=\"widget\" data-widget_type=\"jet-mega-menu.default\">\n\t\t\t\t<div class=\"elementor-widget-container\">\n\t\t\t\t\t<div class=\"menu-biblioteca-container\"><div class=\"jet-menu-container\"><div class=\"jet-menu-inner\"><ul class=\"jet-menu jet-menu--animation-type-move-down\"><li id=\"jet-menu-item-25587\" class=\"jet-menu-item jet-menu-item-type-custom jet-menu-item-object-custom jet-menu-item-has-children jet-no-roll-up jet-simple-menu-item jet-regular-item jet-menu-item-25587\"><a class=\"top-level-link\"><div class=\"jet-menu-item-wrapper\"><div class=\"jet-menu-title\">Selecione uma op\u00e7\u00e3o<\/div><i class=\"jet-dropdown-arrow fa fa-angle-down\"><\/i><\/div><\/a>\n<ul  class=\"jet-sub-menu\">\n\t<li id=\"jet-menu-item-25070\" class=\"jet-menu-item jet-menu-item-type-post_type jet-menu-item-object-page jet-no-roll-up jet-simple-menu-item jet-regular-item jet-menu-item-25070 jet-sub-menu-item\"><a href=\"https:\/\/faacz.com.br\/portal\/biblioteca\/doacoes-a-biblioteca\/\" class=\"sub-level-link\"><div class=\"jet-menu-item-wrapper\"><div class=\"jet-menu-title\">Doa\u00e7\u00f5es \u00e0 Biblioteca<\/div><\/div><\/a><\/li>\n\t<li id=\"jet-menu-item-25071\" class=\"jet-menu-item jet-menu-item-type-post_type jet-menu-item-object-page jet-no-roll-up jet-simple-menu-item jet-regular-item jet-menu-item-25071 jet-sub-menu-item\"><a href=\"https:\/\/faacz.com.br\/portal\/biblioteca\/base-de-dados-online\/\" class=\"sub-level-link\"><div class=\"jet-menu-item-wrapper\"><div class=\"jet-menu-title\">Base de Dados Online<\/div><\/div><\/a><\/li>\n\t<li id=\"jet-menu-item-25446\" class=\"jet-menu-item jet-menu-item-type-post_type jet-menu-item-object-page jet-no-roll-up jet-simple-menu-item jet-regular-item jet-menu-item-25446 jet-sub-menu-item\"><a href=\"https:\/\/faacz.com.br\/portal\/biblioteca\/periodicos-eletronicos\/\" class=\"sub-level-link\"><div class=\"jet-menu-item-wrapper\"><div class=\"jet-menu-title\">Peri\u00f3dicos Eletr\u00f4nicos<\/div><\/div><\/a><\/li>\n\t<li id=\"jet-menu-item-25068\" class=\"jet-menu-item jet-menu-item-type-post_type jet-menu-item-object-page jet-no-roll-up jet-simple-menu-item jet-regular-item jet-menu-item-25068 jet-sub-menu-item\"><a href=\"https:\/\/faacz.com.br\/portal\/biblioteca\/acervo\/\" class=\"sub-level-link\"><div class=\"jet-menu-item-wrapper\"><div class=\"jet-menu-title\">Acervo<\/div><\/div><\/a><\/li>\n\t<li id=\"jet-menu-item-25067\" class=\"jet-menu-item jet-menu-item-type-post_type jet-menu-item-object-page jet-no-roll-up jet-simple-menu-item jet-regular-item jet-menu-item-25067 jet-sub-menu-item\"><a href=\"https:\/\/faacz.com.br\/portal\/biblioteca\/downloads\/\" class=\"sub-level-link\"><div class=\"jet-menu-item-wrapper\"><div class=\"jet-menu-title\">Downloads<\/div><\/div><\/a><\/li>\n\t<li id=\"jet-menu-item-25066\" class=\"jet-menu-item jet-menu-item-type-post_type jet-menu-item-object-page jet-no-roll-up jet-simple-menu-item jet-regular-item jet-menu-item-25066 jet-sub-menu-item\"><a href=\"https:\/\/faacz.com.br\/portal\/biblioteca\/repositorio-de-tccs\/\" class=\"sub-level-link\"><div class=\"jet-menu-item-wrapper\"><div class=\"jet-menu-title\">Reposit\u00f3rio de TCCs<\/div><\/div><\/a><\/li>\n\t<li id=\"jet-menu-item-25065\" class=\"jet-menu-item jet-menu-item-type-post_type jet-menu-item-object-page jet-no-roll-up jet-simple-menu-item jet-regular-item jet-menu-item-25065 jet-sub-menu-item\"><a href=\"https:\/\/faacz.com.br\/portal\/biblioteca\/renovacao\/\" class=\"sub-level-link\"><div class=\"jet-menu-item-wrapper\"><div class=\"jet-menu-title\">Renova\u00e7\u00e3o<\/div><\/div><\/a><\/li>\n<\/ul>\n<\/li>\n<\/ul><\/div><\/div><\/div>\t\t\t\t<\/div>\n\t\t\t\t<\/div>\n\t\t\t\t<div class=\"elementor-element elementor-element-44c74ed elementor-widget elementor-widget-text-editor\" data-id=\"44c74ed\" data-element_type=\"widget\" data-widget_type=\"text-editor.default\">\n\t\t\t\t<div class=\"elementor-widget-container\">\n\t\t\t\t\t\t\t\t\t<table width=\"100%\"><tbody><tr><td><h5 data-wahfont=\"18\">Tipo de obra \u00a0 \u00a0\u00a0<\/h5><\/td><td><h5 data-wahfont=\"18\">T\u00edtulos<\/h5><\/td><td><h5 data-wahfont=\"18\">Exemplares<\/h5><\/td><\/tr><tr class=\"alt\"><td><p data-wahfont=\"14\">Arquivo Digital<\/p><\/td><td><p data-wahfont=\"14\">19<\/p><\/td><td><p data-wahfont=\"14\">9<\/p><\/td><\/tr><tr><td><p data-wahfont=\"14\">CDROM<\/p><\/td><td><p data-wahfont=\"14\">257<\/p><\/td><td><p data-wahfont=\"14\">173<\/p><\/td><\/tr><tr class=\"alt\"><td><p data-wahfont=\"14\">Disserta\u00e7\u00f5es<\/p><\/td><td><p data-wahfont=\"14\">114<\/p><\/td><td><p data-wahfont=\"14\">90<\/p><\/td><\/tr><tr><td><p data-wahfont=\"14\">DVD<\/p><\/td><td><p data-wahfont=\"14\">32<\/p><\/td><td><p data-wahfont=\"14\">32<\/p><\/td><\/tr><tr class=\"alt\"><td><p data-wahfont=\"14\">Livros<\/p><\/td><td><p data-wahfont=\"14\">18.330<\/p><\/td><td><p data-wahfont=\"14\">25.267<\/p><\/td><\/tr><tr><td><p data-wahfont=\"14\">Material<\/p><\/td><td><p data-wahfont=\"14\">71<\/p><\/td><td><p data-wahfont=\"14\">171<\/p><\/td><\/tr><tr class=\"alt\"><td><p data-wahfont=\"14\">Monografias<\/p><\/td><td><p data-wahfont=\"14\">3.118<\/p><\/td><td><p data-wahfont=\"14\">1.220<\/p><\/td><\/tr><tr><td><p data-wahfont=\"14\">Peri\u00f3dicos<\/p><\/td><td>340<\/td><td>1.125<\/td><\/tr><tr class=\"alt\"><td><h5 data-wahfont=\"18\">\u00a0<\/h5><h5 data-wahfont=\"18\"><strong>Total\u00a0<\/strong><\/h5><\/td><td><h5 data-wahfont=\"18\">\u00a0<\/h5><h5 data-wahfont=\"18\"><strong>22.633<\/strong><\/h5><\/td><td><h5 data-wahfont=\"18\"><strong>\u00a0<\/strong><\/h5><h5 data-wahfont=\"18\"><strong>28.089<\/strong><\/h5><\/td><\/tr><\/tbody><\/table><p data-wahfont=\"16\">\u00a0<\/p><p data-wahfont=\"16\">\u00a0<\/p><p data-wahfont=\"16\">,<\/p><table width=\"100%\"><tbody><tr><td><h5 data-wahfont=\"18\">\u00c1reas de conhecimento \u00a0 \u00a0\u00a0<\/h5><\/td><td><h5 data-wahfont=\"18\">T\u00edtulos\u00a0<\/h5><\/td><td><h5 data-wahfont=\"18\">Exemplares<\/h5><\/td><\/tr><tr class=\"alt\"><td><p data-wahfont=\"14\">Metodologia Cient\u00edfica<\/p><\/td><td><p data-wahfont=\"14\">179<\/p><\/td><td><p data-wahfont=\"14\">633<\/p><\/td><\/tr><tr><td><p data-wahfont=\"14\">Inform\u00e1tica<\/p><\/td><td><p data-wahfont=\"14\">696<\/p><\/td><td><p data-wahfont=\"14\">196<\/p><\/td><\/tr><tr class=\"alt\"><td><p data-wahfont=\"14\">Filosofia \/ Moral \/ \u00c9tica<\/p><\/td><td><p data-wahfont=\"14\">295<\/p><\/td><td><p data-wahfont=\"14\">476<\/p><\/td><\/tr><tr><td><p data-wahfont=\"14\">Psicologia<\/p><\/td><td><p data-wahfont=\"14\">597<\/p><\/td><td><p data-wahfont=\"14\">835<\/p><\/td><\/tr><tr class=\"alt\"><td><p data-wahfont=\"14\">Religi\u00e3o<\/p><\/td><td><p data-wahfont=\"14\">167<\/p><\/td><td><p data-wahfont=\"14\">95<\/p><\/td><\/tr><tr><td><p data-wahfont=\"14\">Estat\u00edstica<\/p><\/td><td><p data-wahfont=\"14\">20<\/p><\/td><td><p data-wahfont=\"14\">24<\/p><\/td><\/tr><tr class=\"alt\"><td><p data-wahfont=\"14\">Sociologia<\/p><\/td><td><p data-wahfont=\"14\">304<\/p><\/td><td><p data-wahfont=\"14\">474<\/p><\/td><\/tr><tr><td><p data-wahfont=\"14\">Economia<\/p><\/td><td><p data-wahfont=\"14\">562<\/p><\/td><td><p data-wahfont=\"14\">551<\/p><\/td><\/tr><tr class=\"alt\"><td><p data-wahfont=\"14\">Biblioteconomia\u00a0<\/p><\/td><td><p data-wahfont=\"14\">93<\/p><\/td><td><p data-wahfont=\"14\">66<\/p><\/td><\/tr><tr><td><p data-wahfont=\"14\">Assist\u00eancia Social<\/p><\/td><td><p data-wahfont=\"14\">33<\/p><\/td><td><p data-wahfont=\"14\">40<\/p><\/td><\/tr><tr class=\"alt\"><td>Educa\u00e7\u00e3o<\/td><td>2.637<\/td><td><p data-wahfont=\"14\">4.919<\/p><\/td><\/tr><tr><td>Turismo<\/td><td>28<\/td><td><p data-wahfont=\"14\">38<\/p><\/td><\/tr><tr class=\"alt\"><td>Matem\u00e1tica<\/td><td><p data-wahfont=\"14\">462<\/p><\/td><td><p data-wahfont=\"14\">694<\/p><\/td><\/tr><tr><td><p data-wahfont=\"14\">F\u00edsica<\/p><\/td><td><p data-wahfont=\"14\">131<\/p><\/td><td><p data-wahfont=\"14\">364<\/p><\/td><\/tr><tr class=\"alt\"><td><p data-wahfont=\"14\">Qu\u00edmica<\/p><\/td><td>101<\/td><td>251<\/td><\/tr><tr><td><p data-wahfont=\"14\">Antropologia<\/p><\/td><td><p data-wahfont=\"14\">352<\/p><\/td><td><p data-wahfont=\"14\">142<\/p><\/td><\/tr><tr class=\"alt\"><td><p data-wahfont=\"14\">Engenharia<\/p><\/td><td><p data-wahfont=\"14\">676<\/p><\/td><td><p data-wahfont=\"14\">1.796<\/p><\/td><\/tr><tr><td><p data-wahfont=\"14\">Agricultura<\/p><\/td><td><p data-wahfont=\"14\">61<\/p><\/td><td><p data-wahfont=\"14\">16<\/p><\/td><\/tr><tr class=\"alt\"><td><p data-wahfont=\"14\">Administra\u00e7\u00e3o<\/p><\/td><td><p data-wahfont=\"14\">1640<\/p><\/td><td><p data-wahfont=\"14\">2.761<\/p><\/td><\/tr><tr><td><p data-wahfont=\"14\">Ci\u00eancias Cont\u00e1beis\u00a0<\/p><\/td><td><p data-wahfont=\"14\">811<\/p><\/td><td><p data-wahfont=\"14\">825<\/p><\/td><\/tr><tr class=\"alt\"><td><p data-wahfont=\"14\">Astronomia<\/p><\/td><td><p data-wahfont=\"14\">8<\/p><\/td><td><p data-wahfont=\"14\">4<\/p><\/td><\/tr><tr><td><p data-wahfont=\"14\">Astrologia<\/p><\/td><td><p data-wahfont=\"14\">17<\/p><\/td><td><p data-wahfont=\"14\">30<\/p><\/td><\/tr><tr class=\"alt\"><td><p data-wahfont=\"14\">Artes\u00a0\u00a0<\/p><\/td><td><p data-wahfont=\"14\">325<\/p><\/td><td><p data-wahfont=\"14\">402<\/p><\/td><\/tr><tr><td><p data-wahfont=\"14\">Arquitetura e Urbanismo\u00a0<\/p><\/td><td><p data-wahfont=\"14\">785<\/p><\/td><td><p data-wahfont=\"14\">1.190<\/p><\/td><\/tr><tr class=\"alt\"><td><p data-wahfont=\"14\">Lingu\u00edstica\u00a0<\/p><\/td><td><p data-wahfont=\"14\">338<\/p><\/td><td><p data-wahfont=\"14\">563<\/p><\/td><\/tr><tr><td><p data-wahfont=\"14\">L\u00edngua Estrangeira<\/p><\/td><td><p data-wahfont=\"14\">322<\/p><\/td><td><p data-wahfont=\"14\">302<\/p><\/td><\/tr><tr class=\"alt\"><td><p data-wahfont=\"14\">L\u00edngua Portuguesa<\/p><\/td><td><p data-wahfont=\"14\">376<\/p><\/td><td><p data-wahfont=\"14\">122<\/p><\/td><\/tr><tr><td><p data-wahfont=\"14\">Literatura<\/p><\/td><td><p data-wahfont=\"14\">967<\/p><\/td><td><p data-wahfont=\"14\">705<\/p><\/td><\/tr><tr class=\"alt\"><td><p data-wahfont=\"14\">Literatura Portuguesa\u00a0<\/p><\/td><td><p data-wahfont=\"14\">918<\/p><\/td><td><p data-wahfont=\"14\">1002<\/p><\/td><\/tr><tr><td><p data-wahfont=\"14\">Geografia<\/p><\/td><td><p data-wahfont=\"14\">151<\/p><\/td><td><p data-wahfont=\"14\">13<\/p><\/td><\/tr><tr class=\"alt\"><td><p data-wahfont=\"14\">Biografia<\/p><\/td><td><p data-wahfont=\"14\">122<\/p><\/td><td><p data-wahfont=\"14\">76<\/p><\/td><\/tr><tr><td><p data-wahfont=\"14\">Hist\u00f3ria<\/p><\/td><td><p data-wahfont=\"14\">435<\/p><\/td><td><p data-wahfont=\"14\">264<\/p><\/td><\/tr><tr class=\"alt\"><td><p data-wahfont=\"14\">Literatura Infantil<\/p><\/td><td><p data-wahfont=\"14\">1.818<\/p><\/td><td><p data-wahfont=\"14\">1.992<\/p><\/td><\/tr><tr><td><p data-wahfont=\"14\">Literatura Juvenil<\/p><\/td><td><p data-wahfont=\"14\">1.326<\/p><\/td><td><p data-wahfont=\"14\">1.991<\/p><\/td><\/tr><tr class=\"alt\"><td><p data-wahfont=\"14\">Literatura Estrangeira<\/p><\/td><td><p data-wahfont=\"14\">165<\/p><\/td><td><p data-wahfont=\"14\">55<\/p><\/td><\/tr><tr><td><p data-wahfont=\"14\">Obras de Refer\u00eancia<\/p><\/td><td><p data-wahfont=\"14\">362<\/p><\/td><td><p data-wahfont=\"14\">173<\/p><\/td><\/tr><tr class=\"alt\"><td><p data-wahfont=\"14\">Folclore\u00a0\u00a0<\/p><\/td><td><p data-wahfont=\"14\">24<\/p><\/td><td><p data-wahfont=\"14\">20<\/p><\/td><\/tr><tr><td><p data-wahfont=\"14\">Sa\u00fade<\/p><\/td><td><p data-wahfont=\"14\">158<\/p><\/td><td><p data-wahfont=\"14\">75<\/p><\/td><\/tr><tr class=\"alt\"><td><p data-wahfont=\"14\">Pol\u00edtica<\/p><\/td><td><p data-wahfont=\"14\">166<\/p><\/td><td><p data-wahfont=\"14\">253<\/p><\/td><\/tr><tr><td><p data-wahfont=\"14\">Administra\u00e7\u00e3o<\/p><\/td><td><p data-wahfont=\"14\">337<\/p><\/td><td><p data-wahfont=\"14\">161<\/p><\/td><\/tr><tr class=\"alt\"><td><p data-wahfont=\"14\">Engenharia Qu\u00edmica\u00a0<\/p><\/td><td><p data-wahfont=\"14\">499<\/p><\/td><td><p data-wahfont=\"14\">595<\/p><\/td><\/tr><tr><td><p data-wahfont=\"14\">Literatura Norte-Americana<\/p><\/td><td><p data-wahfont=\"14\">22<\/p><\/td><td><p data-wahfont=\"14\">21<\/p><\/td><\/tr><tr class=\"alt\"><td><p data-wahfont=\"14\">Cobras Brasileiras<\/p><\/td><td><p data-wahfont=\"14\">104<\/p><\/td><td><p data-wahfont=\"14\">124<\/p><\/td><\/tr><tr><td><p data-wahfont=\"14\">Geologia\u00a0<\/p><\/td><td><p data-wahfont=\"14\">19<\/p><\/td><td><p data-wahfont=\"14\">51<\/p><\/td><\/tr><tr class=\"alt\"><td><p data-wahfont=\"14\">Ci\u00eancias Puras<\/p><\/td><td><p data-wahfont=\"14\">5<\/p><\/td><td><p data-wahfont=\"14\">7<\/p><\/td><\/tr><tr><td><p data-wahfont=\"14\">Engenharia Mec\u00e2nica<\/p><\/td><td><p data-wahfont=\"14\">69<\/p><\/td><td><p data-wahfont=\"14\">121<\/p><\/td><\/tr><tr class=\"alt\"><td><p data-wahfont=\"14\">Ci\u00eancias Sociais<\/p><\/td><td><p data-wahfont=\"14\">52<\/p><\/td><td><p data-wahfont=\"14\">89<\/p><\/td><\/tr><tr><td><p data-wahfont=\"14\">Enfermagem<\/p><\/td><td><p data-wahfont=\"14\">46<\/p><\/td><td><p data-wahfont=\"14\">157<\/p><\/td><\/tr><tr class=\"alt\"><td><p data-wahfont=\"14\">Gen\u00e9tica<\/p><\/td><td><p data-wahfont=\"14\">8<\/p><\/td><td><p data-wahfont=\"14\">25<\/p><\/td><\/tr><tr><td><p data-wahfont=\"14\">Educa\u00e7\u00e3o F\u00edsica<\/p><\/td><td><p data-wahfont=\"14\">5<\/p><\/td><td><p data-wahfont=\"14\">2<\/p><\/td><\/tr><tr class=\"alt\"><td><p data-wahfont=\"14\">Anatomia<\/p><\/td><td><p data-wahfont=\"14\">15<\/p><\/td><td><p data-wahfont=\"14\">6<\/p><\/td><\/tr><tr><td><p data-wahfont=\"14\">Microbiologia<\/p><\/td><td><p data-wahfont=\"14\">2<\/p><\/td><td><p data-wahfont=\"14\">37<\/p><\/td><\/tr><tr class=\"alt\"><td><p data-wahfont=\"14\">Ci\u00eancia Pol\u00edtica\u00a0<\/p><\/td><td><p data-wahfont=\"14\">12<\/p><\/td><td><p data-wahfont=\"14\">14<\/p><\/td><\/tr><tr><td><p data-wahfont=\"14\">Bio\u00e9tica<\/p><\/td><td><p data-wahfont=\"14\">1<\/p><\/td><td><p data-wahfont=\"14\">2<\/p><\/td><\/tr><tr class=\"alt\"><td><p data-wahfont=\"14\">Histologia<\/p><\/td><td><p data-wahfont=\"14\">9<\/p><\/td><td>27<\/td><\/tr><tr><td>Farmacologia<\/td><td><p data-wahfont=\"14\">14<\/p><\/td><td><p data-wahfont=\"14\">39<\/p><\/td><\/tr><tr class=\"alt\"><td><p data-wahfont=\"14\">Zoologia<\/p><\/td><td><p data-wahfont=\"14\">5<\/p><\/td><td><p data-wahfont=\"14\">21<\/p><\/td><\/tr><tr><td><p data-wahfont=\"14\">Farm\u00e1cia<\/p><\/td><td><p data-wahfont=\"14\">2<\/p><\/td><td><p data-wahfont=\"14\">4<\/p><\/td><\/tr><tr class=\"alt\"><td><p data-wahfont=\"14\">Etiqueta<\/p><\/td><td><p data-wahfont=\"14\">1<\/p><\/td><td><p data-wahfont=\"14\">1<\/p><\/td><\/tr><tr><td><p data-wahfont=\"14\">Metrologia<\/p><\/td><td><p data-wahfont=\"14\">7<\/p><\/td><td><p data-wahfont=\"14\">10<\/p><\/td><\/tr><tr class=\"alt\"><td><p data-wahfont=\"14\">Fisiologia<\/p><\/td><td><p data-wahfont=\"14\">5<\/p><\/td><td><p data-wahfont=\"14\">17<\/p><\/td><\/tr><tr><td><p data-wahfont=\"14\">Patologia<\/p><\/td><td><p data-wahfont=\"14\">8<\/p><\/td><td><p data-wahfont=\"14\">23<\/p><\/td><\/tr><tr class=\"alt\"><td>Epidemiologia<\/td><td>1<\/td><td><p data-wahfont=\"14\">10<\/p><\/td><\/tr><tr><td>Semiologia<\/td><td>4<\/td><td><p data-wahfont=\"14\">X<\/p><\/td><\/tr><tr class=\"alt\"><td>Semiologia M\u00e9dica<\/td><td>3<\/td><td><p data-wahfont=\"14\">11<\/p><\/td><\/tr><tr><td>Imunologia<\/td><td>2<\/td><td><p data-wahfont=\"14\">6<\/p><\/td><\/tr><tr class=\"alt\"><td>Bioqu\u00edmica<\/td><td>5<\/td><td><p data-wahfont=\"14\">19<\/p><\/td><\/tr><tr><td><p data-wahfont=\"14\">Gest\u00e3o Ambiental<\/p><\/td><td>1<\/td><td><p data-wahfont=\"14\">X<\/p><\/td><\/tr><tr class=\"alt\"><td>Seguran\u00e7a e Sa\u00fade do Trabalho<\/td><td>3<\/td><td><p data-wahfont=\"14\">5<\/p><\/td><\/tr><tr><td>Engenharia Ambiental<\/td><td>2<\/td><td><p data-wahfont=\"14\">2<\/p><\/td><\/tr><tr class=\"alt\"><td>Fic\u00e7\u00e3o Inglesa<\/td><td>1<\/td><td><p data-wahfont=\"14\">1<\/p><\/td><\/tr><tr><td>Comunica\u00e7\u00e3o Social<\/td><td>28<\/td><td><p data-wahfont=\"14\">62<\/p><\/td><\/tr><tr class=\"alt\"><td>Engenharia Civil<\/td><td>32<\/td><td><p data-wahfont=\"14\">92<\/p><\/td><\/tr><tr><td>Tecnologia Ambiental<\/td><td>1<\/td><td><p data-wahfont=\"14\">1<\/p><\/td><\/tr><tr class=\"alt\"><td>M\u00fasica<\/td><td>6<\/td><td><p data-wahfont=\"14\">6<\/p><\/td><\/tr><tr><td>Culin\u00e1ria<\/td><td>14<\/td><td><p data-wahfont=\"14\">14<\/p><\/td><\/tr><tr class=\"alt\"><td>Literatura Brasileira<\/td><td>105<\/td><td>153<\/td><\/tr><tr><td>Artes<\/td><td>5<\/td><td><p data-wahfont=\"14\">7<\/p><\/td><\/tr><tr class=\"alt\"><td>Ecologia<\/td><td>38<\/td><td><p data-wahfont=\"14\">226<\/p><\/td><\/tr><tr><td>Biologia<\/td><td>37<\/td><td><p data-wahfont=\"14\">114<\/p><\/td><\/tr><tr class=\"alt\"><td>Medicina<\/td><td>118<\/td><td><p data-wahfont=\"14\">260<\/p><\/td><\/tr><tr><td>Direito<\/td><td>1865<\/td><td><p data-wahfont=\"14\">5.164<\/p><\/td><\/tr><tr class=\"alt\"><td>Ci\u00eancias biol\u00f3gicas<\/td><td>20<\/td><td>44<\/td><\/tr><tr><td>Ci\u00eancias Bot\u00e2nicas<\/td><td>2<\/td><td>2<\/td><\/tr><tr class=\"alt\"><td><p data-wahfont=\"14\">Ci\u00eancias Cont\u00e1beis<\/p><\/td><td><p data-wahfont=\"14\">5<\/p><\/td><td>6<\/td><\/tr><tr><td><p data-wahfont=\"14\">Economia Dom\u00e9stica<\/p><\/td><td>2<\/td><td><p data-wahfont=\"14\">2<\/p><\/td><\/tr><tr class=\"alt\"><td><p data-wahfont=\"14\">Servi\u00e7o Social<\/p><\/td><td>22<\/td><td>39<\/td><\/tr><tr><td><p data-wahfont=\"14\">Mineralogia<\/p><\/td><td>1<\/td><td>1<\/td><\/tr><tr class=\"alt\"><td><p data-wahfont=\"14\">Engenharia de Produ\u00e7\u00e3o<\/p><\/td><td><p data-wahfont=\"14\">8<\/p><\/td><td>16<\/td><\/tr><tr><td><p data-wahfont=\"14\">Ci\u00eancias da Terra<\/p><\/td><td><p data-wahfont=\"14\">1<\/p><\/td><td><p data-wahfont=\"14\">1<\/p><\/td><\/tr><tr class=\"alt\"><td><p data-wahfont=\"14\">Refer\u00eancia<\/p><\/td><td><p data-wahfont=\"14\">10<\/p><\/td><td><p data-wahfont=\"14\">133<\/p><\/td><\/tr><tr><td><p data-wahfont=\"14\">Est\u00e9tica<\/p><\/td><td><p data-wahfont=\"14\">4<\/p><\/td><td><p data-wahfont=\"14\">8<\/p><\/td><\/tr><tr class=\"alt\"><td><h5 data-wahfont=\"18\">\u00a0<\/h5><h5 data-wahfont=\"18\"><strong>Total<\/strong><\/h5><\/td><td><h5 data-wahfont=\"18\"><strong>\u00a0<\/strong><\/h5><h5 data-wahfont=\"18\"><strong>21.335<\/strong><\/h5><\/td><td><h5 data-wahfont=\"18\">\u00a0<\/h5><h5 data-wahfont=\"18\"><strong>31.172<\/strong><\/h5><\/td><\/tr><\/tbody><\/table><p data-wahfont=\"16\">\u00a0<\/p><p data-wahfont=\"16\"><em>* Atendimentos: 252 pessoas por dia, em m\u00e9dia.<\/em><\/p>\t\t\t\t\t\t\t\t<\/div>\n\t\t\t\t<\/div>\n\t\t\t\t\t<\/div>\n\t\t\t\t<\/div>\n\t\t\t\t<\/div>\n\t\t","protected":false},"excerpt":{"rendered":"<p>Selecione uma op\u00e7\u00e3o Doa\u00e7\u00f5es \u00e0 Biblioteca Base de Dados Online Peri\u00f3dicos Eletr\u00f4nicos Acervo Downloads Reposit\u00f3rio de TCCs Renova\u00e7\u00e3o Tipo de obra \u00a0 \u00a0\u00a0 T\u00edtulos Exemplares Arquivo Digital 19 9 CDROM 257 173 Disserta\u00e7\u00f5es 114 90 DVD 32 32 Livros 18.330 25.267 Material 71 171 Monografias 3.118 1.220 Peri\u00f3dicos 340 1.125 \u00a0 Total\u00a0 \u00a0 22.633 \u00a0 28.089 \u00a0 \u00a0 , \u00c1reas de conhecimento \u00a0 \u00a0\u00a0 T\u00edtulos\u00a0 Exemplares Metodologia Cient\u00edfica 179 633 Inform\u00e1tica 696 196 Filosofia \/ Moral \/ \u00c9tica 295 476 Psicologia 597 835 Religi\u00e3o 167 95 Estat\u00edstica 20 24 Sociologia 304 474 Economia 562 551 Biblioteconomia\u00a0 93 66 Assist\u00eancia Social 33 40 Educa\u00e7\u00e3o 2.637 4.919 Turismo 28 38 Matem\u00e1tica 462 694 F\u00edsica 131 364 Qu\u00edmica 101 251 Antropologia 352 142 Engenharia 676 1.796 Agricultura 61 16 Administra\u00e7\u00e3o 1640 2.761 Ci\u00eancias Cont\u00e1beis\u00a0 811 825 Astronomia 8 4 Astrologia 17 30 Artes\u00a0\u00a0 325 402 Arquitetura e Urbanismo\u00a0 785 1.190 Lingu\u00edstica\u00a0 338 563 L\u00edngua Estrangeira 322 302 L\u00edngua Portuguesa 376 122 Literatura 967 705 Literatura Portuguesa\u00a0 918 1002 Geografia 151 13 Biografia 122 76 Hist\u00f3ria 435 264 Literatura Infantil 1.818 1.992 Literatura Juvenil 1.326 1.991 Literatura Estrangeira 165 55 Obras de Refer\u00eancia 362 173 Folclore\u00a0\u00a0 24 20 Sa\u00fade 158 75 Pol\u00edtica 166 253 Administra\u00e7\u00e3o 337 161 Engenharia Qu\u00edmica\u00a0 499 595 Literatura Norte-Americana 22 21 Cobras Brasileiras 104 124 Geologia\u00a0 19 51 Ci\u00eancias Puras 5 7 Engenharia Mec\u00e2nica 69 121 Ci\u00eancias Sociais 52 89 Enfermagem 46 157 Gen\u00e9tica 8 25 Educa\u00e7\u00e3o F\u00edsica 5 2 Anatomia 15 6 Microbiologia 2 37 Ci\u00eancia Pol\u00edtica\u00a0 12 14 Bio\u00e9tica 1 2 Histologia 9 27 Farmacologia 14 39 Zoologia 5 21 Farm\u00e1cia 2 4 Etiqueta 1 1 Metrologia 7 10 Fisiologia 5 17 Patologia 8 23 Epidemiologia 1 10 Semiologia 4 X Semiologia M\u00e9dica 3 11 Imunologia 2 6 Bioqu\u00edmica 5 19 Gest\u00e3o Ambiental 1 X Seguran\u00e7a e Sa\u00fade do Trabalho 3 5 Engenharia Ambiental 2 2 Fic\u00e7\u00e3o Inglesa 1 1 Comunica\u00e7\u00e3o Social 28 62 Engenharia Civil 32 92 Tecnologia Ambiental 1 1 M\u00fasica 6 6 Culin\u00e1ria 14 14 Literatura Brasileira 105 153 Artes 5 7 Ecologia 38 226 Biologia 37 114 Medicina 118 260 Direito 1865 5.164 Ci\u00eancias biol\u00f3gicas 20 44 Ci\u00eancias Bot\u00e2nicas 2 2 Ci\u00eancias Cont\u00e1beis 5 6 Economia Dom\u00e9stica 2 2 Servi\u00e7o Social 22 39 Mineralogia 1 1 Engenharia de Produ\u00e7\u00e3o 8 16 Ci\u00eancias da Terra 1 1 Refer\u00eancia 10 133 Est\u00e9tica 4 8 \u00a0 Total \u00a0 21.335 \u00a0 31.172 \u00a0 * Atendimentos: 252 pessoas por dia, em m\u00e9dia.<\/p>\n","protected":false},"author":1,"featured_media":0,"parent":25426,"menu_order":23,"comment_status":"closed","ping_status":"closed","template":"elementor_header_footer","meta":{"_exactmetrics_skip_tracking":false,"_exactmetrics_sitenote_active":false,"_exactmetrics_sitenote_note":"","_exactmetrics_sitenote_category":0,"footnotes":""},"class_list":["post-24893","page","type-page","status-publish","hentry"],"aioseo_notices":[],"_links":{"self":[{"href":"https:\/\/faacz.com.br\/portal\/wp-json\/wp\/v2\/pages\/24893"}],"collection":[{"href":"https:\/\/faacz.com.br\/portal\/wp-json\/wp\/v2\/pages"}],"about":[{"href":"https:\/\/faacz.com.br\/portal\/wp-json\/wp\/v2\/types\/page"}],"author":[{"embeddable":true,"href":"https:\/\/faacz.com.br\/portal\/wp-json\/wp\/v2\/users\/1"}],"replies":[{"embeddable":true,"href":"https:\/\/faacz.com.br\/portal\/wp-json\/wp\/v2\/comments?post=24893"}],"version-history":[{"count":34,"href":"https:\/\/faacz.com.br\/portal\/wp-json\/wp\/v2\/pages\/24893\/revisions"}],"predecessor-version":[{"id":26703,"href":"https:\/\/faacz.com.br\/portal\/wp-json\/wp\/v2\/pages\/24893\/revisions\/26703"}],"up":[{"embeddable":true,"href":"https:\/\/faacz.com.br\/portal\/wp-json\/wp\/v2\/pages\/25426"}],"wp:attachment":[{"href":"https:\/\/faacz.com.br\/portal\/wp-json\/wp\/v2\/media?parent=24893"}],"curies":[{"name":"wp","href":"https:\/\/api.w.org\/{rel}","templated":true}]}}