{"id":23713,"date":"2024-09-19T22:50:24","date_gmt":"2024-09-20T01:50:24","guid":{"rendered":"https:\/\/faacz.com.br\/portal\/?page_id=23713"},"modified":"2024-11-13T15:30:34","modified_gmt":"2024-11-13T18:30:34","slug":"avaliacoes-externa","status":"publish","type":"page","link":"https:\/\/faacz.com.br\/portal\/avaliacoes-externa\/","title":{"rendered":"Avalia\u00e7\u00f5es Externa"},"content":{"rendered":"\t\t<div data-elementor-type=\"wp-page\" data-elementor-id=\"23713\" class=\"elementor elementor-23713\" data-elementor-settings=\"{&quot;ha_cmc_init_switcher&quot;:&quot;no&quot;}\" data-elementor-post-type=\"page\">\n\t\t\t\t<div class=\"elementor-element elementor-element-c18aec9 e-flex e-con-boxed wpr-particle-no wpr-jarallax-no wpr-parallax-no wpr-sticky-section-no e-con e-parent\" data-id=\"c18aec9\" data-element_type=\"container\" data-settings=\"{&quot;background_background&quot;:&quot;classic&quot;}\">\n\t\t\t\t\t<div class=\"e-con-inner\">\n\t\t\t\t<div class=\"elementor-element elementor-element-5e2ddf5a elementor-widget elementor-widget-image\" data-id=\"5e2ddf5a\" data-element_type=\"widget\" data-widget_type=\"image.default\">\n\t\t\t\t<div class=\"elementor-widget-container\">\n\t\t\t\t\t\t\t\t\t\t\t\t\t\t\t<img fetchpriority=\"high\" decoding=\"async\" width=\"1140\" height=\"400\" src=\"https:\/\/faacz.com.br\/portal\/wp-content\/uploads\/2024\/10\/topo_comum.png\" class=\"attachment-full size-full wp-image-26927\" alt=\"\" srcset=\"https:\/\/faacz.com.br\/portal\/wp-content\/uploads\/2024\/10\/topo_comum.png 1140w, https:\/\/faacz.com.br\/portal\/wp-content\/uploads\/2024\/10\/topo_comum-800x281.png 800w, https:\/\/faacz.com.br\/portal\/wp-content\/uploads\/2024\/10\/topo_comum-768x269.png 768w, https:\/\/faacz.com.br\/portal\/wp-content\/uploads\/2024\/10\/topo_comum-24x8.png 24w, https:\/\/faacz.com.br\/portal\/wp-content\/uploads\/2024\/10\/topo_comum-36x13.png 36w, https:\/\/faacz.com.br\/portal\/wp-content\/uploads\/2024\/10\/topo_comum-48x17.png 48w\" sizes=\"(max-width: 1140px) 100vw, 1140px\" \/>\t\t\t\t\t\t\t\t\t\t\t\t\t\t\t<\/div>\n\t\t\t\t<\/div>\n\t\t\t\t\t<\/div>\n\t\t\t\t<\/div>\n\t\t<div class=\"elementor-element elementor-element-33e548a e-flex e-con-boxed wpr-particle-no wpr-jarallax-no wpr-parallax-no wpr-sticky-section-no e-con e-parent\" data-id=\"33e548a\" data-element_type=\"container\" data-settings=\"{&quot;background_background&quot;:&quot;classic&quot;}\">\n\t\t\t\t\t<div class=\"e-con-inner\">\n\t\t<div class=\"elementor-element elementor-element-1113e589 e-flex e-con-boxed wpr-particle-no wpr-jarallax-no wpr-parallax-no wpr-sticky-section-no e-con e-child\" data-id=\"1113e589\" data-element_type=\"container\" data-settings=\"{&quot;background_background&quot;:&quot;classic&quot;}\">\n\t\t\t\t\t<div class=\"e-con-inner\">\n\t\t<div class=\"elementor-element elementor-element-7ca20791 e-flex e-con-boxed wpr-particle-no wpr-jarallax-no wpr-parallax-no wpr-sticky-section-no e-con e-child\" data-id=\"7ca20791\" data-element_type=\"container\">\n\t\t\t\t\t<div class=\"e-con-inner\">\n\t\t\t\t<div class=\"elementor-element elementor-element-5f2458dc elementor-invisible elementor-widget elementor-widget-heading\" data-id=\"5f2458dc\" data-element_type=\"widget\" data-settings=\"{&quot;_animation&quot;:&quot;slideInUp&quot;}\" data-widget_type=\"heading.default\">\n\t\t\t\t<div class=\"elementor-widget-container\">\n\t\t\t\t\t<h1 class=\"elementor-heading-title elementor-size-default\">Avalia\u00e7\u00f5es Externas\n<\/h1>\t\t\t\t<\/div>\n\t\t\t\t<\/div>\n\t\t\t\t<div class=\"elementor-element elementor-element-767ceafe elementor-invisible elementor-widget elementor-widget-text-editor\" data-id=\"767ceafe\" data-element_type=\"widget\" data-settings=\"{&quot;_animation&quot;:&quot;fadeInLeft&quot;}\" data-widget_type=\"text-editor.default\">\n\t\t\t\t<div class=\"elementor-widget-container\">\n\t\t\t\t\t\t\t\t\t<div>\u00a0<\/div><div><article><div><div><table role=\"grid\"><thead><tr role=\"row\"><th colspan=\"1\" rowspan=\"1\"><div>Nome do Curso\u00a0<\/div><\/th><th colspan=\"1\" rowspan=\"1\"><div>Grau\u00a0<\/div><\/th><th colspan=\"1\" rowspan=\"1\"><div>\u00a0CC<\/div><\/th><th colspan=\"1\" rowspan=\"1\"><div>Ano CC\u00a0<\/div><\/th><th colspan=\"1\" rowspan=\"1\"><div>ENADE\u00a0<\/div><\/th><th colspan=\"1\" rowspan=\"1\"><div>Ano ENADE\u00a0<\/div><\/th><th colspan=\"1\" rowspan=\"1\"><div>\u00a0IDD<\/div><\/th><th colspan=\"1\" rowspan=\"1\"><div>\u00a0Ano IDD<\/div><\/th><th colspan=\"1\" rowspan=\"1\"><div>CPC\u00a0<\/div><\/th><th colspan=\"1\" rowspan=\"1\"><div>Ano CPC\u00a0<\/div><\/th><\/tr><\/thead><tbody><tr role=\"row\"><td>Administra\u00e7\u00e3o<\/td><td>Bacharelado<\/td><td>&#8211;<\/td><td>&#8211;<\/td><td>3<\/td><td>2018<\/td><td>3<\/td><td>2018<\/td><td>3<\/td><td>2018<\/td><\/tr><tr role=\"row\"><td>Arquitetura e Urbanismo<\/td><td>Bacharelado<\/td><td>3<\/td><td>2010<\/td><td>3<\/td><td>2019<\/td><td>3<\/td><td>2019<\/td><td>3<\/td><td>2019<\/td><\/tr><tr role=\"row\"><td>Ci\u00eancias Cont\u00e1beis<\/td><td>Bacharelado<\/td><td>3<\/td><td>2012<\/td><td>4<\/td><td>2018<\/td><td>4<\/td><td>2018<\/td><td>4<\/td><td>2018<\/td><\/tr><tr role=\"row\"><td>Direito<\/td><td>Bacharelado<\/td><td>4<\/td><td>2017<\/td><td>5<\/td><td>2018<\/td><td>4<\/td><td>2018<\/td><td>4<\/td><td>2018<\/td><\/tr><tr role=\"row\"><td>Enfermagem<\/td><td>Bacharelado<\/td><td>5<\/td><td>2022<\/td><td>&#8211;<\/td><td>&#8211;<\/td><td>&#8211;<\/td><td>&#8211;<\/td><td>&#8211;<\/td><td>&#8211;<\/td><\/tr><tr role=\"row\"><td>Engenharia Civil<\/td><td>Bacharelado<\/td><td>3<\/td><td>2015<\/td><td>2<\/td><td>2019<\/td><td>3<\/td><td>2019<\/td><td>3<\/td><td>2019<\/td><\/tr><tr role=\"row\"><td>Engenharia de Produ\u00e7\u00e3o<\/td><td>Bacharelado<\/td><td>4<\/td><td>2016<\/td><td>2<\/td><td>2019<\/td><td>3<\/td><td>2019<\/td><td>3<\/td><td>2019<\/td><\/tr><tr role=\"row\"><td>Engenharia Mec\u00e2nica<\/td><td>Bacharelado<\/td><td>4<\/td><td>2019<\/td><td>2<\/td><td>2019<\/td><td>2<\/td><td>2019<\/td><td>3<\/td><td>2019<\/td><\/tr><tr role=\"row\"><td>Engenharia Qu\u00edmica<\/td><td>Bacharelado<\/td><td>4<\/td><td>2005<\/td><td>3<\/td><td>2019<\/td><td>3<\/td><td>2019<\/td><td>3<\/td><td>2019<\/td><\/tr><tr role=\"row\"><td>Pedagogia<\/td><td>Licenciatura<\/td><td>3<\/td><td>2010<\/td><td>4<\/td><td>2021<\/td><td>3<\/td><td>2021<\/td><td>4<\/td><td>2017<\/td><\/tr><tr role=\"row\"><td>Psicologia<\/td><td>Bacharelado<\/td><td>4<\/td><td>2018<\/td><td>&#8211;<\/td><td>&#8211;<\/td><td>&#8211;<\/td><td>&#8211;<\/td><td>&#8211;<\/td><td>&#8211;<\/td><\/tr><tr role=\"row\"><td>Tecn\u00f3logo em Log\u00edstica<\/td><td>Bacharelado<\/td><td>4<\/td><td>2022<\/td><td>&#8211;<\/td><td>&#8211;<\/td><td>&#8211;<\/td><td>&#8211;<\/td><td>&#8211;<\/td><td>&#8211;<\/td><\/tr><\/tbody><\/table><\/div><div><div>\u00a0<\/div><\/div><\/div><div><div><table role=\"grid\"><thead><tr role=\"row\"><th colspan=\"1\" rowspan=\"1\"><div>Nome do Curso\u00a0<\/div><\/th><th colspan=\"1\" rowspan=\"1\"><div>Grau<\/div><\/th><th colspan=\"1\" rowspan=\"1\"><div>CC<\/div><\/th><th colspan=\"1\" rowspan=\"1\"><div>Ano CC\u00a0<\/div><\/th><th colspan=\"1\" rowspan=\"1\"><div>ENADE\u00a0<\/div><\/th><th colspan=\"1\" rowspan=\"1\"><div>Ano ENADE\u00a0<\/div><\/th><th colspan=\"1\" rowspan=\"1\"><div>IDD<\/div><\/th><th colspan=\"1\" rowspan=\"1\"><div>\u00a0Ano IDD<\/div><\/th><th colspan=\"1\" rowspan=\"1\"><div>CPC<\/div><\/th><th colspan=\"1\" rowspan=\"1\"><div>Ano CPC\u00a0<\/div><\/th><\/tr><\/thead><tbody><tr role=\"row\"><td>Administra\u00e7\u00e3o EAD<\/td><td>Bacharelado<\/td><td>4<\/td><td>2021<\/td><td>&#8211;<\/td><td>&#8211;<\/td><td>&#8211;<\/td><td>&#8211;<\/td><td>&#8211;<\/td><td>&#8211;<\/td><\/tr><tr role=\"row\"><td>Engenharia de Produ\u00e7\u00e3o EAD<\/td><td>Bacharelado<\/td><td>4<\/td><td>2021<\/td><td>&#8211;<\/td><td>&#8211;<\/td><td>&#8211;<\/td><td>&#8211;<\/td><td>&#8211;<\/td><td>&#8211;<\/td><\/tr><tr role=\"row\"><td>Pedagogia EAD<\/td><td>Licenciatura<\/td><td>5<\/td><td>2022<\/td><td>&#8211;<\/td><td>&#8211;<\/td><td>&#8211;<\/td><td>&#8211;<\/td><td>&#8211;<\/td><td>&#8211;<\/td><\/tr><\/tbody><\/table><\/div><div>\u00a0<\/div><\/div><\/article><\/div>\t\t\t\t\t\t\t\t<\/div>\n\t\t\t\t<\/div>\n\t\t\t\t<div class=\"elementor-element elementor-element-feb3264 elementor-widget elementor-widget-text-editor\" data-id=\"feb3264\" data-element_type=\"widget\" data-widget_type=\"text-editor.default\">\n\t\t\t\t<div class=\"elementor-widget-container\">\n\t\t\t\t\t\t\t\t\t<h2 data-wahfont=\"29\">IGC: 3 (2019)<\/h2><p data-wahfont=\"16\">FAACZ \u2013 FACULDADES INTEGRADAS DE ARACRUZ<br \/>R. Prof. Berilo Bas\u00edlio dos Santos, 180, Vila Rica \u2013 Aracruz\/ES<\/p>\t\t\t\t\t\t\t\t<\/div>\n\t\t\t\t<\/div>\n\t\t\t\t\t<\/div>\n\t\t\t\t<\/div>\n\t\t\t\t\t<\/div>\n\t\t\t\t<\/div>\n\t\t\t\t\t<\/div>\n\t\t\t\t<\/div>\n\t\t\t\t<\/div>\n\t\t","protected":false},"excerpt":{"rendered":"<p>Avalia\u00e7\u00f5es Externas \u00a0 Nome do Curso\u00a0 Grau\u00a0 \u00a0CC Ano CC\u00a0 ENADE\u00a0 Ano ENADE\u00a0 \u00a0IDD \u00a0Ano IDD CPC\u00a0 Ano CPC\u00a0 Administra\u00e7\u00e3o Bacharelado &#8211; &#8211; 3 2018 3 2018 3 2018 Arquitetura e Urbanismo Bacharelado 3 2010 3 2019 3 2019 3 2019 Ci\u00eancias Cont\u00e1beis Bacharelado 3 2012 4 2018 4 2018 4 2018 Direito Bacharelado 4 2017 5 2018 4 2018 4 2018 Enfermagem Bacharelado 5 2022 &#8211; &#8211; &#8211; &#8211; &#8211; &#8211; Engenharia Civil Bacharelado 3 2015 2 2019 3 2019 3 2019 Engenharia de Produ\u00e7\u00e3o Bacharelado 4 2016 2 2019 3 2019 3 2019 Engenharia Mec\u00e2nica Bacharelado 4 2019 2 2019 2 2019 3 2019 Engenharia Qu\u00edmica Bacharelado 4 2005 3 2019 3 2019 3 2019 Pedagogia Licenciatura 3 2010 4 2021 3 2021 4 2017 Psicologia Bacharelado 4 2018 &#8211; &#8211; &#8211; &#8211; &#8211; &#8211; Tecn\u00f3logo em Log\u00edstica Bacharelado 4 2022 &#8211; &#8211; &#8211; &#8211; &#8211; &#8211; \u00a0 Nome do Curso\u00a0 Grau CC Ano CC\u00a0 ENADE\u00a0 Ano ENADE\u00a0 IDD \u00a0Ano IDD CPC Ano CPC\u00a0 Administra\u00e7\u00e3o EAD Bacharelado 4 2021 &#8211; &#8211; &#8211; &#8211; &#8211; &#8211; Engenharia de Produ\u00e7\u00e3o EAD Bacharelado 4 2021 &#8211; &#8211; &#8211; &#8211; &#8211; &#8211; Pedagogia EAD Licenciatura 5 2022 &#8211; &#8211; &#8211; &#8211; &#8211; &#8211; \u00a0 IGC: 3 (2019) FAACZ \u2013 FACULDADES INTEGRADAS DE ARACRUZR. Prof. Berilo Bas\u00edlio dos Santos, 180, Vila Rica \u2013 Aracruz\/ES<\/p>\n","protected":false},"author":1,"featured_media":0,"parent":0,"menu_order":30,"comment_status":"closed","ping_status":"closed","template":"elementor_header_footer","meta":{"_exactmetrics_skip_tracking":false,"_exactmetrics_sitenote_active":false,"_exactmetrics_sitenote_note":"","_exactmetrics_sitenote_category":0,"footnotes":""},"class_list":["post-23713","page","type-page","status-publish","hentry"],"aioseo_notices":[],"_links":{"self":[{"href":"https:\/\/faacz.com.br\/portal\/wp-json\/wp\/v2\/pages\/23713"}],"collection":[{"href":"https:\/\/faacz.com.br\/portal\/wp-json\/wp\/v2\/pages"}],"about":[{"href":"https:\/\/faacz.com.br\/portal\/wp-json\/wp\/v2\/types\/page"}],"author":[{"embeddable":true,"href":"https:\/\/faacz.com.br\/portal\/wp-json\/wp\/v2\/users\/1"}],"replies":[{"embeddable":true,"href":"https:\/\/faacz.com.br\/portal\/wp-json\/wp\/v2\/comments?post=23713"}],"version-history":[{"count":19,"href":"https:\/\/faacz.com.br\/portal\/wp-json\/wp\/v2\/pages\/23713\/revisions"}],"predecessor-version":[{"id":35684,"href":"https:\/\/faacz.com.br\/portal\/wp-json\/wp\/v2\/pages\/23713\/revisions\/35684"}],"wp:attachment":[{"href":"https:\/\/faacz.com.br\/portal\/wp-json\/wp\/v2\/media?parent=23713"}],"curies":[{"name":"wp","href":"https:\/\/api.w.org\/{rel}","templated":true}]}}