{"id":23007,"date":"2024-09-17T20:09:40","date_gmt":"2024-09-17T23:09:40","guid":{"rendered":"https:\/\/faacz.com.br\/portal\/egressos-3\/"},"modified":"2024-09-20T23:49:37","modified_gmt":"2024-09-21T02:49:37","slug":"egressos","status":"publish","type":"page","link":"https:\/\/faacz.com.br\/portal\/egressos\/","title":{"rendered":"Egressos"},"content":{"rendered":"\t\t<div data-elementor-type=\"wp-page\" data-elementor-id=\"23007\" class=\"elementor elementor-23007\" data-elementor-settings=\"{&quot;ha_cmc_init_switcher&quot;:&quot;no&quot;}\" data-elementor-post-type=\"page\">\n\t\t\t\t<div class=\"elementor-element elementor-element-46652492 e-flex e-con-boxed wpr-particle-no wpr-jarallax-no wpr-parallax-no wpr-sticky-section-no e-con e-parent\" data-id=\"46652492\" data-element_type=\"container\" data-settings=\"{&quot;background_background&quot;:&quot;classic&quot;}\">\n\t\t\t\t\t<div class=\"e-con-inner\">\n\t\t\t\t<div class=\"elementor-element elementor-element-6031a436 elementor-widget elementor-widget-image\" data-id=\"6031a436\" data-element_type=\"widget\" data-widget_type=\"image.default\">\n\t\t\t\t<div class=\"elementor-widget-container\">\n\t\t\t\t\t\t\t\t\t\t\t\t\t\t\t<img fetchpriority=\"high\" decoding=\"async\" width=\"1200\" height=\"430\" src=\"https:\/\/faacz.com.br\/portal\/wp-content\/uploads\/2024\/09\/conheca-o-programa-img.webp\" class=\"attachment-full size-full wp-image-22662\" alt=\"\" srcset=\"https:\/\/faacz.com.br\/portal\/wp-content\/uploads\/2024\/09\/conheca-o-programa-img.webp 1200w, https:\/\/faacz.com.br\/portal\/wp-content\/uploads\/2024\/09\/conheca-o-programa-img-800x287.webp 800w, https:\/\/faacz.com.br\/portal\/wp-content\/uploads\/2024\/09\/conheca-o-programa-img-768x275.webp 768w, https:\/\/faacz.com.br\/portal\/wp-content\/uploads\/2024\/09\/conheca-o-programa-img-24x9.webp 24w, https:\/\/faacz.com.br\/portal\/wp-content\/uploads\/2024\/09\/conheca-o-programa-img-36x13.webp 36w, https:\/\/faacz.com.br\/portal\/wp-content\/uploads\/2024\/09\/conheca-o-programa-img-48x17.webp 48w\" sizes=\"(max-width: 1200px) 100vw, 1200px\" \/>\t\t\t\t\t\t\t\t\t\t\t\t\t\t\t<\/div>\n\t\t\t\t<\/div>\n\t\t\t\t\t<\/div>\n\t\t\t\t<\/div>\n\t\t<div class=\"elementor-element elementor-element-11d8792e e-flex e-con-boxed wpr-particle-no wpr-jarallax-no wpr-parallax-no wpr-sticky-section-no e-con e-parent\" data-id=\"11d8792e\" data-element_type=\"container\" data-settings=\"{&quot;background_background&quot;:&quot;classic&quot;}\">\n\t\t\t\t\t<div class=\"e-con-inner\">\n\t\t<div class=\"elementor-element elementor-element-a9ca8fc e-flex e-con-boxed wpr-particle-no wpr-jarallax-no wpr-parallax-no wpr-sticky-section-no e-con e-child\" data-id=\"a9ca8fc\" data-element_type=\"container\" data-settings=\"{&quot;background_background&quot;:&quot;classic&quot;}\">\n\t\t\t\t\t<div class=\"e-con-inner\">\n\t\t<div class=\"elementor-element elementor-element-3ee433cf e-flex e-con-boxed wpr-particle-no wpr-jarallax-no wpr-parallax-no wpr-sticky-section-no e-con e-child\" data-id=\"3ee433cf\" data-element_type=\"container\">\n\t\t\t\t\t<div class=\"e-con-inner\">\n\t\t\t\t<div class=\"elementor-element elementor-element-53fb8f07 elementor-invisible elementor-widget elementor-widget-text-editor\" data-id=\"53fb8f07\" data-element_type=\"widget\" data-settings=\"{&quot;_animation&quot;:&quot;fadeInDown&quot;}\" data-widget_type=\"text-editor.default\">\n\t\t\t\t<div class=\"elementor-widget-container\">\n\t\t\t\t\t\t\t\t\t<p>A FAACZ pensou neste espa\u00e7o como uma forma de n\u00e3o perdermos o v\u00ednculo com nossos ex-alunos e, ao mesmo tempo, inseri-los no processo de constru\u00e7\u00e3o e reconstru\u00e7\u00e3o cont\u00ednua dos cursos, permitindo a contribui\u00e7\u00e3o no aprimoramento do processo de ensino-aprendizagem e, adicionalmente, integrando nossos ex-alunos \u00e0s atividades da IES, como a extens\u00e3o e os programas de p\u00f3s-gradua\u00e7\u00e3o (educa\u00e7\u00e3o continuada).<\/p><p>\u2028Para tanto criamos um question\u00e1rio que alimentar\u00e1 nosso Banco de Dados, fornecendo um diagn\u00f3stico da situa\u00e7\u00e3o do egresso frente ao mercado de trabalho e permitir\u00e1 planejar e promover a oferta de cursos de forma\u00e7\u00e3o continuada adequadas \u00e0s necessidades profissionais de cada \u00e1rea de atua\u00e7\u00e3o, al\u00e9m de se tornar uma ferramenta de auto-avalia\u00e7\u00e3o continuada para a FAACZ.<\/p>\t\t\t\t\t\t\t\t<\/div>\n\t\t\t\t<\/div>\n\t\t<div class=\"elementor-element elementor-element-43ab07c2 e-flex e-con-boxed wpr-particle-no wpr-jarallax-no wpr-parallax-no wpr-sticky-section-no elementor-invisible e-con e-child\" data-id=\"43ab07c2\" data-element_type=\"container\" data-settings=\"{&quot;background_background&quot;:&quot;classic&quot;,&quot;animation&quot;:&quot;slideInUp&quot;}\">\n\t\t\t\t\t<div class=\"e-con-inner\">\n\t\t\t\t<div class=\"elementor-element elementor-element-687006d2 elementor-widget elementor-widget-heading\" data-id=\"687006d2\" data-element_type=\"widget\" data-widget_type=\"heading.default\">\n\t\t\t\t<div class=\"elementor-widget-container\">\n\t\t\t\t\t<h1 class=\"elementor-heading-title elementor-size-default\">Cadastro de Egressos<\/h1>\t\t\t\t<\/div>\n\t\t\t\t<\/div>\n\t\t\t\t<div class=\"elementor-element elementor-element-2065fbdc elementor-widget elementor-widget-text-editor\" data-id=\"2065fbdc\" data-element_type=\"widget\" data-widget_type=\"text-editor.default\">\n\t\t\t\t<div class=\"elementor-widget-container\">\n\t\t\t\t\t\t\t\t\t<p>N\u00f3s da FAACZ gostar\u00edamos de saber um pouco mais sobre voc\u00ea. Este acompanhamento \u00e9 fundamental para podermos contar com sua participa\u00e7\u00e3o na avalia\u00e7\u00e3o e renova\u00e7\u00e3o de nossos cursos e, ao mesmo tempo, ajudar-nos a propormos atividades e a\u00e7\u00f5es que auxiliem no aprimoramento de sua forma\u00e7\u00e3o continuada.\u00a0 O cadastro \u00e9 muito r\u00e1pido, vamos fazer?<\/p>\t\t\t\t\t\t\t\t<\/div>\n\t\t\t\t<\/div>\n\t\t\t\t<div class=\"elementor-element elementor-element-3a7a246 elementor-align-center elementor-widget elementor-widget-button\" data-id=\"3a7a246\" data-element_type=\"widget\" data-widget_type=\"button.default\">\n\t\t\t\t<div class=\"elementor-widget-container\">\n\t\t\t\t\t\t\t\t\t<div class=\"elementor-button-wrapper\">\n\t\t\t\t\t<a class=\"elementor-button elementor-button-link elementor-size-sm\" href=\"https:\/\/forms.gle\/MfVphC79fXVcRsJh9\" target=\"_blank\">\n\t\t\t\t\t\t<span class=\"elementor-button-content-wrapper\">\n\t\t\t\t\t\t\t\t\t<span class=\"elementor-button-text\">Quero me cadastrar<\/span>\n\t\t\t\t\t<\/span>\n\t\t\t\t\t<\/a>\n\t\t\t\t<\/div>\n\t\t\t\t\t\t\t\t<\/div>\n\t\t\t\t<\/div>\n\t\t\t\t\t<\/div>\n\t\t\t\t<\/div>\n\t\t\t\t\t<\/div>\n\t\t\t\t<\/div>\n\t\t\t\t\t<\/div>\n\t\t\t\t<\/div>\n\t\t\t\t\t<\/div>\n\t\t\t\t<\/div>\n\t\t\t\t<\/div>\n\t\t","protected":false},"excerpt":{"rendered":"<p>A FAACZ pensou neste espa\u00e7o como uma forma de n\u00e3o perdermos o v\u00ednculo com nossos ex-alunos e, ao mesmo tempo, inseri-los no processo de constru\u00e7\u00e3o e reconstru\u00e7\u00e3o cont\u00ednua dos cursos, permitindo a contribui\u00e7\u00e3o no aprimoramento do processo de ensino-aprendizagem e, adicionalmente, integrando nossos ex-alunos \u00e0s atividades da IES, como a extens\u00e3o e os programas de p\u00f3s-gradua\u00e7\u00e3o (educa\u00e7\u00e3o continuada). \u2028Para tanto criamos um question\u00e1rio que alimentar\u00e1 nosso Banco de Dados, fornecendo um diagn\u00f3stico da situa\u00e7\u00e3o do egresso frente ao mercado de trabalho e permitir\u00e1 planejar e promover a oferta de cursos de forma\u00e7\u00e3o continuada adequadas \u00e0s necessidades profissionais de cada \u00e1rea de atua\u00e7\u00e3o, al\u00e9m de se tornar uma ferramenta de auto-avalia\u00e7\u00e3o continuada para a FAACZ. Cadastro de Egressos N\u00f3s da FAACZ gostar\u00edamos de saber um pouco mais sobre voc\u00ea. Este acompanhamento \u00e9 fundamental para podermos contar com sua participa\u00e7\u00e3o na avalia\u00e7\u00e3o e renova\u00e7\u00e3o de nossos cursos e, ao mesmo tempo, ajudar-nos a propormos atividades e a\u00e7\u00f5es que auxiliem no aprimoramento de sua forma\u00e7\u00e3o continuada.\u00a0 O cadastro \u00e9 muito r\u00e1pido, vamos fazer? Quero me cadastrar<\/p>\n","protected":false},"author":1,"featured_media":0,"parent":0,"menu_order":31,"comment_status":"closed","ping_status":"closed","template":"elementor_header_footer","meta":{"om_disable_all_campaigns":false,"_exactmetrics_skip_tracking":false,"_exactmetrics_sitenote_active":false,"_exactmetrics_sitenote_note":"","_exactmetrics_sitenote_category":0,"_monsterinsights_skip_tracking":false,"_monsterinsights_sitenote_active":false,"_monsterinsights_sitenote_note":"","_monsterinsights_sitenote_category":0,"footnotes":""},"class_list":["post-23007","page","type-page","status-publish","hentry"],"aioseo_notices":[],"_links":{"self":[{"href":"https:\/\/faacz.com.br\/portal\/wp-json\/wp\/v2\/pages\/23007"}],"collection":[{"href":"https:\/\/faacz.com.br\/portal\/wp-json\/wp\/v2\/pages"}],"about":[{"href":"https:\/\/faacz.com.br\/portal\/wp-json\/wp\/v2\/types\/page"}],"author":[{"embeddable":true,"href":"https:\/\/faacz.com.br\/portal\/wp-json\/wp\/v2\/users\/1"}],"replies":[{"embeddable":true,"href":"https:\/\/faacz.com.br\/portal\/wp-json\/wp\/v2\/comments?post=23007"}],"version-history":[{"count":5,"href":"https:\/\/faacz.com.br\/portal\/wp-json\/wp\/v2\/pages\/23007\/revisions"}],"predecessor-version":[{"id":24624,"href":"https:\/\/faacz.com.br\/portal\/wp-json\/wp\/v2\/pages\/23007\/revisions\/24624"}],"wp:attachment":[{"href":"https:\/\/faacz.com.br\/portal\/wp-json\/wp\/v2\/media?parent=23007"}],"curies":[{"name":"wp","href":"https:\/\/api.w.org\/{rel}","templated":true}]}}