{"id":22685,"date":"2024-09-17T03:37:26","date_gmt":"2024-09-17T06:37:26","guid":{"rendered":"https:\/\/faacz.com.br\/portal\/nossa-historia\/"},"modified":"2024-09-17T22:13:14","modified_gmt":"2024-09-18T01:13:14","slug":"nossa-historia","status":"publish","type":"page","link":"https:\/\/faacz.com.br\/portal\/nossa-historia\/","title":{"rendered":"Nossa Hist\u00f3ria"},"content":{"rendered":"\t\t<div data-elementor-type=\"wp-page\" data-elementor-id=\"22685\" class=\"elementor elementor-22685\" data-elementor-settings=\"{&quot;ha_cmc_init_switcher&quot;:&quot;no&quot;}\" data-elementor-post-type=\"page\">\n\t\t\t\t<div class=\"elementor-element elementor-element-7b4bf69b e-flex e-con-boxed wpr-particle-no wpr-jarallax-no wpr-parallax-no wpr-sticky-section-no e-con e-parent\" data-id=\"7b4bf69b\" data-element_type=\"container\" data-settings=\"{&quot;background_background&quot;:&quot;classic&quot;}\">\n\t\t\t\t\t<div class=\"e-con-inner\">\n\t\t\t\t<div class=\"elementor-element elementor-element-2bcd54c0 elementor-widget elementor-widget-image\" data-id=\"2bcd54c0\" data-element_type=\"widget\" data-widget_type=\"image.default\">\n\t\t\t\t<div class=\"elementor-widget-container\">\n\t\t\t\t\t\t\t\t\t\t\t\t\t\t\t<img fetchpriority=\"high\" decoding=\"async\" width=\"1070\" height=\"430\" src=\"https:\/\/faacz.com.br\/portal\/wp-content\/uploads\/2024\/09\/bg-nossa-historia-2.webp\" class=\"attachment-full size-full wp-image-22686\" alt=\"\" srcset=\"https:\/\/faacz.com.br\/portal\/wp-content\/uploads\/2024\/09\/bg-nossa-historia-2.webp 1070w, https:\/\/faacz.com.br\/portal\/wp-content\/uploads\/2024\/09\/bg-nossa-historia-2-800x321.webp 800w, https:\/\/faacz.com.br\/portal\/wp-content\/uploads\/2024\/09\/bg-nossa-historia-2-768x309.webp 768w, https:\/\/faacz.com.br\/portal\/wp-content\/uploads\/2024\/09\/bg-nossa-historia-2-24x10.webp 24w, https:\/\/faacz.com.br\/portal\/wp-content\/uploads\/2024\/09\/bg-nossa-historia-2-36x14.webp 36w, https:\/\/faacz.com.br\/portal\/wp-content\/uploads\/2024\/09\/bg-nossa-historia-2-48x19.webp 48w\" sizes=\"(max-width: 1070px) 100vw, 1070px\" \/>\t\t\t\t\t\t\t\t\t\t\t\t\t\t\t<\/div>\n\t\t\t\t<\/div>\n\t\t\t\t\t<\/div>\n\t\t\t\t<\/div>\n\t\t<div class=\"elementor-element elementor-element-2ab2c362 e-flex e-con-boxed wpr-particle-no wpr-jarallax-no wpr-parallax-no wpr-sticky-section-no e-con e-parent\" data-id=\"2ab2c362\" data-element_type=\"container\" data-settings=\"{&quot;background_background&quot;:&quot;classic&quot;}\">\n\t\t\t\t\t<div class=\"e-con-inner\">\n\t\t<div class=\"elementor-element elementor-element-1f006390 e-flex e-con-boxed wpr-particle-no wpr-jarallax-no wpr-parallax-no wpr-sticky-section-no e-con e-child\" data-id=\"1f006390\" data-element_type=\"container\" data-settings=\"{&quot;background_background&quot;:&quot;classic&quot;}\">\n\t\t\t\t\t<div class=\"e-con-inner\">\n\t\t<div class=\"elementor-element elementor-element-4ccc34b6 e-flex e-con-boxed wpr-particle-no wpr-jarallax-no wpr-parallax-no wpr-sticky-section-no e-con e-child\" data-id=\"4ccc34b6\" data-element_type=\"container\">\n\t\t\t\t\t<div class=\"e-con-inner\">\n\t\t\t\t<div class=\"elementor-element elementor-element-b6d0f1 elementor-invisible elementor-widget elementor-widget-heading\" data-id=\"b6d0f1\" data-element_type=\"widget\" data-settings=\"{&quot;_animation&quot;:&quot;slideInUp&quot;}\" data-widget_type=\"heading.default\">\n\t\t\t\t<div class=\"elementor-widget-container\">\n\t\t\t\t\t<h2 class=\"elementor-heading-title elementor-size-default\">Nossa\u00a0Hist\u00f3ria<\/h2>\t\t\t\t<\/div>\n\t\t\t\t<\/div>\n\t\t\t\t<div class=\"elementor-element elementor-element-6b661db3 elementor-invisible elementor-widget elementor-widget-text-editor\" data-id=\"6b661db3\" data-element_type=\"widget\" data-settings=\"{&quot;_animation&quot;:&quot;slideInUp&quot;}\" data-widget_type=\"text-editor.default\">\n\t\t\t\t<div class=\"elementor-widget-container\">\n\t\t\t\t\t\t\t\t\t<p>A FAACZ (Faculdades Integradas de Aracruz) \u00e9 uma Institui\u00e7\u00e3o de Ensino Superior mantida pela Funda\u00e7\u00e3o S\u00e3o Jo\u00e3o Batista (FSJB). Foi criada em 1989 atrav\u00e9s do Decreto Presidencial n\u00b0 97.770, de 22\/05\/1989, publicado no D.O.U em 23\/05\/1989. O primeiro curso implantado foi o de Ci\u00eancias Cont\u00e1beis, cujas atividades acad\u00eamicas foram iniciadas em 1990.<br \/>\u00a0<br \/>Em 09 de mar\u00e7o de 2005, para atender a demanda dos cursos da \u00e1rea de Exatas, a Faculdade de Ci\u00eancias Humanas de Aracruz \u2013 FACHA \u2013 passou a denominar-se Faculdade de Aracruz \u2013 Portaria MEC n\u00ba 763, de 09\/03\/2005, publicada em D.O.U de 10\/03\/2005. Em 04 junho de 2012, conforme Portaria n\u00ba 055 publicada no D.O.U em 31\/05\/2012, denominou-se Faculdades Integradas de Aracruz. Hoje, a sigla oficial da IES \u00e9 FAACZ.<br \/>\u00a0<br \/>Atualmente, o cen\u00e1rio acad\u00eamico revela a consecu\u00e7\u00e3o de planos de expans\u00e3o e o levante de estruturas que buscam atender, criteriosamente, tanto as demandas do mercado, como as exig\u00eancias do Minist\u00e9rio da Educa\u00e7\u00e3o. No auge da maioridade, as Faculdades Integradas de Aracruz concentram uma hist\u00f3ria de tr\u00eas d\u00e9cadas de tradi\u00e7\u00e3o e referencial que no atual cen\u00e1rio lhe permite estabelecer novos paradigmas, intr\u00ednsecos a sua crescente adequa\u00e7\u00e3o no contexto acad\u00eamico.<br \/>\u00a0<br \/>Desta forma, a FAACZ almeja solidificar a cultura do processo universit\u00e1rio, e consagrar a regra comum de que, na medida em que tem a responsabilidade pela presta\u00e7\u00e3o da educa\u00e7\u00e3o superior formal, sua mantenedora, a Funda\u00e7\u00e3o S\u00e3o Jo\u00e3o Batista, resguarda a obriga\u00e7\u00e3o de constituir lhe os recursos indispens\u00e1veis para que possa desenvolver com efici\u00eancia e efic\u00e1cia a tr\u00edade ensino-pesquisa-extens\u00e3o.<\/p>\t\t\t\t\t\t\t\t<\/div>\n\t\t\t\t<\/div>\n\t\t\t\t\t<\/div>\n\t\t\t\t<\/div>\n\t\t\t\t\t<\/div>\n\t\t\t\t<\/div>\n\t\t\t\t\t<\/div>\n\t\t\t\t<\/div>\n\t\t\t\t<\/div>\n\t\t","protected":false},"excerpt":{"rendered":"<p>Nossa\u00a0Hist\u00f3ria A FAACZ (Faculdades Integradas de Aracruz) \u00e9 uma Institui\u00e7\u00e3o de Ensino Superior mantida pela Funda\u00e7\u00e3o S\u00e3o Jo\u00e3o Batista (FSJB). Foi criada em 1989 atrav\u00e9s do Decreto Presidencial n\u00b0 97.770, de 22\/05\/1989, publicado no D.O.U em 23\/05\/1989. O primeiro curso implantado foi o de Ci\u00eancias Cont\u00e1beis, cujas atividades acad\u00eamicas foram iniciadas em 1990.\u00a0Em 09 de mar\u00e7o de 2005, para atender a demanda dos cursos da \u00e1rea de Exatas, a Faculdade de Ci\u00eancias Humanas de Aracruz \u2013 FACHA \u2013 passou a denominar-se Faculdade de Aracruz \u2013 Portaria MEC n\u00ba 763, de 09\/03\/2005, publicada em D.O.U de 10\/03\/2005. Em 04 junho de 2012, conforme Portaria n\u00ba 055 publicada no D.O.U em 31\/05\/2012, denominou-se Faculdades Integradas de Aracruz. Hoje, a sigla oficial da IES \u00e9 FAACZ.\u00a0Atualmente, o cen\u00e1rio acad\u00eamico revela a consecu\u00e7\u00e3o de planos de expans\u00e3o e o levante de estruturas que buscam atender, criteriosamente, tanto as demandas do mercado, como as exig\u00eancias do Minist\u00e9rio da Educa\u00e7\u00e3o. No auge da maioridade, as Faculdades Integradas de Aracruz concentram uma hist\u00f3ria de tr\u00eas d\u00e9cadas de tradi\u00e7\u00e3o e referencial que no atual cen\u00e1rio lhe permite estabelecer novos paradigmas, intr\u00ednsecos a sua crescente adequa\u00e7\u00e3o no contexto acad\u00eamico.\u00a0Desta forma, a FAACZ almeja solidificar a cultura do processo universit\u00e1rio, e consagrar a regra comum de que, na medida em que tem a responsabilidade pela presta\u00e7\u00e3o da educa\u00e7\u00e3o superior formal, sua mantenedora, a Funda\u00e7\u00e3o S\u00e3o Jo\u00e3o Batista, resguarda a obriga\u00e7\u00e3o de constituir lhe os recursos indispens\u00e1veis para que possa desenvolver com efici\u00eancia e efic\u00e1cia a tr\u00edade ensino-pesquisa-extens\u00e3o.<\/p>\n","protected":false},"author":1,"featured_media":0,"parent":0,"menu_order":33,"comment_status":"closed","ping_status":"closed","template":"elementor_header_footer","meta":{"_exactmetrics_skip_tracking":false,"_exactmetrics_sitenote_active":false,"_exactmetrics_sitenote_note":"","_exactmetrics_sitenote_category":0,"footnotes":""},"class_list":["post-22685","page","type-page","status-publish","hentry"],"aioseo_notices":[],"_links":{"self":[{"href":"https:\/\/faacz.com.br\/portal\/wp-json\/wp\/v2\/pages\/22685"}],"collection":[{"href":"https:\/\/faacz.com.br\/portal\/wp-json\/wp\/v2\/pages"}],"about":[{"href":"https:\/\/faacz.com.br\/portal\/wp-json\/wp\/v2\/types\/page"}],"author":[{"embeddable":true,"href":"https:\/\/faacz.com.br\/portal\/wp-json\/wp\/v2\/users\/1"}],"replies":[{"embeddable":true,"href":"https:\/\/faacz.com.br\/portal\/wp-json\/wp\/v2\/comments?post=22685"}],"version-history":[{"count":7,"href":"https:\/\/faacz.com.br\/portal\/wp-json\/wp\/v2\/pages\/22685\/revisions"}],"predecessor-version":[{"id":23241,"href":"https:\/\/faacz.com.br\/portal\/wp-json\/wp\/v2\/pages\/22685\/revisions\/23241"}],"wp:attachment":[{"href":"https:\/\/faacz.com.br\/portal\/wp-json\/wp\/v2\/media?parent=22685"}],"curies":[{"name":"wp","href":"https:\/\/api.w.org\/{rel}","templated":true}]}}