{"id":22680,"date":"2024-09-17T03:37:23","date_gmt":"2024-09-17T06:37:23","guid":{"rendered":"https:\/\/faacz.com.br\/portal\/mantenedora\/"},"modified":"2025-08-22T12:37:35","modified_gmt":"2025-08-22T15:37:35","slug":"mantenedora","status":"publish","type":"page","link":"https:\/\/faacz.com.br\/portal\/mantenedora\/","title":{"rendered":"Mantenedora"},"content":{"rendered":"\t\t<div data-elementor-type=\"wp-page\" data-elementor-id=\"22680\" class=\"elementor elementor-22680\" data-elementor-settings=\"{&quot;ha_cmc_init_switcher&quot;:&quot;no&quot;}\" data-elementor-post-type=\"page\">\n\t\t\t\t<div class=\"elementor-element elementor-element-3d2cc8a4 e-flex e-con-boxed wpr-particle-no wpr-jarallax-no wpr-parallax-no wpr-sticky-section-no e-con e-parent\" data-id=\"3d2cc8a4\" data-element_type=\"container\" data-settings=\"{&quot;background_background&quot;:&quot;classic&quot;}\">\n\t\t\t\t\t<div class=\"e-con-inner\">\n\t\t\t\t<div class=\"elementor-element elementor-element-7d1246ee elementor-widget elementor-widget-image\" data-id=\"7d1246ee\" data-element_type=\"widget\" data-widget_type=\"image.default\">\n\t\t\t\t<div class=\"elementor-widget-container\">\n\t\t\t\t\t\t\t\t\t\t\t\t\t\t\t<img fetchpriority=\"high\" decoding=\"async\" width=\"384\" height=\"270\" src=\"https:\/\/faacz.com.br\/portal\/wp-content\/uploads\/2024\/09\/logo_fsjb_branca.webp\" class=\"attachment-full size-full wp-image-22681\" alt=\"\" srcset=\"https:\/\/faacz.com.br\/portal\/wp-content\/uploads\/2024\/09\/logo_fsjb_branca.webp 384w, https:\/\/faacz.com.br\/portal\/wp-content\/uploads\/2024\/09\/logo_fsjb_branca-24x17.webp 24w, https:\/\/faacz.com.br\/portal\/wp-content\/uploads\/2024\/09\/logo_fsjb_branca-36x25.webp 36w, https:\/\/faacz.com.br\/portal\/wp-content\/uploads\/2024\/09\/logo_fsjb_branca-48x34.webp 48w\" sizes=\"(max-width: 384px) 100vw, 384px\" \/>\t\t\t\t\t\t\t\t\t\t\t\t\t\t\t<\/div>\n\t\t\t\t<\/div>\n\t\t\t\t\t<\/div>\n\t\t\t\t<\/div>\n\t\t<div class=\"elementor-element elementor-element-5c4bdb94 e-flex e-con-boxed wpr-particle-no wpr-jarallax-no wpr-parallax-no wpr-sticky-section-no e-con e-parent\" data-id=\"5c4bdb94\" data-element_type=\"container\" data-settings=\"{&quot;background_background&quot;:&quot;classic&quot;}\">\n\t\t\t\t\t<div class=\"e-con-inner\">\n\t\t<div class=\"elementor-element elementor-element-20daec60 e-flex e-con-boxed wpr-particle-no wpr-jarallax-no wpr-parallax-no wpr-sticky-section-no e-con e-child\" data-id=\"20daec60\" data-element_type=\"container\" data-settings=\"{&quot;background_background&quot;:&quot;classic&quot;}\">\n\t\t\t\t\t<div class=\"e-con-inner\">\n\t\t<div class=\"elementor-element elementor-element-418396c0 e-flex e-con-boxed wpr-particle-no wpr-jarallax-no wpr-parallax-no wpr-sticky-section-no e-con e-child\" data-id=\"418396c0\" data-element_type=\"container\">\n\t\t\t\t\t<div class=\"e-con-inner\">\n\t\t\t\t<div class=\"elementor-element elementor-element-7cd04874 elementor-invisible elementor-widget elementor-widget-heading\" data-id=\"7cd04874\" data-element_type=\"widget\" data-settings=\"{&quot;_animation&quot;:&quot;slideInUp&quot;}\" data-widget_type=\"heading.default\">\n\t\t\t\t<div class=\"elementor-widget-container\">\n\t\t\t\t\t<h1 class=\"elementor-heading-title elementor-size-default\">Mantenedora<\/h1>\t\t\t\t<\/div>\n\t\t\t\t<\/div>\n\t\t\t\t<div class=\"elementor-element elementor-element-48d19667 elementor-invisible elementor-widget elementor-widget-text-editor\" data-id=\"48d19667\" data-element_type=\"widget\" data-settings=\"{&quot;_animation&quot;:&quot;slideInUp&quot;}\" data-widget_type=\"text-editor.default\">\n\t\t\t\t<div class=\"elementor-widget-container\">\n\t\t\t\t\t\t\t\t\t<p>H\u00e1 mais de 60 anos a Funda\u00e7\u00e3o S\u00e3o Jo\u00e3o Batista (FSJB) vem cumprindo o seu papel social em prol de uma educa\u00e7\u00e3o verdadeiramente cidad\u00e3. Muito mais do que oferecer um ensino de qualidade a FSJB, por meio de suas mantidas as Faculdades Integradas de Aracruz (FAACZ) e o Centro Educacional de Aracruz (CEA) educa jovens atuantes e conscientes, que marcam a sociedade como profissionais competentes e \u00e9ticos.<br \/>\u00a0<br \/>A Funda\u00e7\u00e3o tem seus pilares oriundos de uma grande hist\u00f3ria, com in\u00edcio na d\u00e9cada de 50, quando o alem\u00e3o Monsenhor Guilherme Schmitz, p\u00e1roco de Aracruz na \u00e9poca, e defensor incondicional da difus\u00e3o da educa\u00e7\u00e3o na sociedade local, iniciou as primeiras reuni\u00f5es para a cria\u00e7\u00e3o da FSJB, que funcionou efetivamente a partir de 27 de mar\u00e7o de 1956. Sendo uma institui\u00e7\u00e3o privada e sem fins lucrativos, a Funda\u00e7\u00e3o criada por Monsenhor, com apoio da comunidade, come\u00e7ou como uma escola de economia dom\u00e9stica e depois um pequeno col\u00e9gio ginasial, que mais tarde se tornaria a FAACZ e o CEA.<br \/>\u00a0<br \/>Em 2015, a institui\u00e7\u00e3o cria a sua unidade de neg\u00f3cios a FSJB Consultoria, prestando servi\u00e7os para empresas de Aracruz e regi\u00e3o na \u00e1rea de Arquitetura e Urbanismo com Estudos de Impacto Socioecon\u00f4micos; Planejamento e Desenvolvimento Territorial e nas \u00e1reas de Mec\u00e2nica, Qu\u00edmica e Engenharia Civil realizando Pesquisa de Campo e Laboratoriais.<br \/>\u00a0<br \/>Ao longo de sua exist\u00eancia, a FSJB sempre colocou seu patrim\u00f4nio a servi\u00e7o da comunidade, disseminando uma educa\u00e7\u00e3o baseada nos valores humanos, cumprindo integralmente seus estatutos e realizando sonhos. Hoje, al\u00e9m de servi\u00e7os educacionais, a Funda\u00e7\u00e3o S\u00e3o Jo\u00e3o Batista presta consultoria para empresas de Aracruz e regi\u00e3o.<\/p>\t\t\t\t\t\t\t\t<\/div>\n\t\t\t\t<\/div>\n\t\t\t\t<div class=\"elementor-element elementor-element-161f69b elementor-invisible elementor-widget elementor-widget-heading\" data-id=\"161f69b\" data-element_type=\"widget\" data-settings=\"{&quot;_animation&quot;:&quot;slideInUp&quot;}\" data-widget_type=\"heading.default\">\n\t\t\t\t<div class=\"elementor-widget-container\">\n\t\t\t\t\t<h2 class=\"elementor-heading-title elementor-size-default\">Datas Marcantes<\/h2>\t\t\t\t<\/div>\n\t\t\t\t<\/div>\n\t\t\t\t<div class=\"elementor-element elementor-element-fdc431f elementor-widget__width-inherit elementor-invisible elementor-widget elementor-widget-ha-horizontal-timeline happy-addon ha-horizontal-timeline\" data-id=\"fdc431f\" data-element_type=\"widget\" data-settings=\"{&quot;slides_to_show&quot;:&quot;2&quot;,&quot;slides_to_show_tablet&quot;:&quot;2&quot;,&quot;slides_to_show_mobile&quot;:&quot;1&quot;,&quot;_animation&quot;:&quot;fadeInUp&quot;,&quot;animation_speed&quot;:800,&quot;loop&quot;:&quot;yes&quot;}\" data-widget_type=\"ha-horizontal-timeline.default\">\n\t\t\t\t<div class=\"elementor-widget-container\">\n\t\t\t\t\t\t\t<div class=\"ha-horizontal-timeline-wrapper ha-carousel\">\n\n\t\t\t\t\t\t\t<div class=\"ha-horizontal-timeline-block elementor-repeater-item-2428522\">\n\t\t\t\t\t<div class=\"ha-horizontal-timeline-icon-box\">\n\n\t\t\t\t\t\t<span class=\"ha-horizontal-timeline-date\">1956<\/span>\n\n\t\t\t\t\t\t<div class=\"ha-horizontal-timeline-top-inner\">\n\t\t\t\t\t\t\t\t\t\t\t\t\t\t\t<div class=\"ha-horizontal-timeline-icon\">\n\t\t\t\t\t\t\t\t\t<svg xmlns=\"http:\/\/www.w3.org\/2000\/svg\" width=\"12\" height=\"12\" viewBox=\"0 0 12 12\" fill=\"none\"><circle cx=\"6\" cy=\"6\" r=\"6\" fill=\"white\"><\/circle><circle cx=\"6\" cy=\"6\" r=\"5\" stroke=\"#292929\" stroke-opacity=\"0.4\" stroke-width=\"2\"><\/circle><\/svg>\t\t\t\t\t\t\t\t<\/div>\n\t\t\t\t\t\t\t\t\t\t\t\t\t\t<div class=\"ha-horizontal-timeline-tree\"><\/div>\n\t\t\t\t\t\t<\/div>\n\t\t\t\t\t<\/div>\n\n\t\t\t\t\t<div class=\"ha-horizontal-timeline-content\">\n\n\t\t\t\t\t\t\t\t\t\t\t\t\t<div class=\"ha-horizontal-timeline-arrow\"><\/div>\n\t\t\t\t\t\t\n\t\t\t\t\t\t<div class=\"ha-horizontal-timeline-inner\">\n\t\t\t\t\t\t\t\n\t\t\t\t\t\t\t\n\t\t\t\t\t\t\t\n\t\t\t\t\t\t\t<div class=\"ha-horizontal-timeline-description\"><p>Em 27\/03 foi fundado, em Aracruz, o Gin\u00e1sio Saua\u00e7u, pertencente \u00e0 Sociedade Educacional Gin\u00e1sio Saua\u00e7u;<\/p><\/div>\t\t\t\t\t\t<\/div>\n\t\t\t\t\t<\/div>\n\t\t\t\t<\/div>\n\n\t\t\t\t\t\t\t<div class=\"ha-horizontal-timeline-block elementor-repeater-item-482bd0b\">\n\t\t\t\t\t<div class=\"ha-horizontal-timeline-icon-box\">\n\n\t\t\t\t\t\t<span class=\"ha-horizontal-timeline-date\">1957<\/span>\n\n\t\t\t\t\t\t<div class=\"ha-horizontal-timeline-top-inner\">\n\t\t\t\t\t\t\t\t\t\t\t\t\t\t\t<div class=\"ha-horizontal-timeline-icon\">\n\t\t\t\t\t\t\t\t\t<svg xmlns=\"http:\/\/www.w3.org\/2000\/svg\" width=\"12\" height=\"12\" viewBox=\"0 0 12 12\" fill=\"none\"><circle cx=\"6\" cy=\"6\" r=\"6\" fill=\"white\"><\/circle><circle cx=\"6\" cy=\"6\" r=\"5\" stroke=\"#292929\" stroke-opacity=\"0.4\" stroke-width=\"2\"><\/circle><\/svg>\t\t\t\t\t\t\t\t<\/div>\n\t\t\t\t\t\t\t\t\t\t\t\t\t\t<div class=\"ha-horizontal-timeline-tree\"><\/div>\n\t\t\t\t\t\t<\/div>\n\t\t\t\t\t<\/div>\n\n\t\t\t\t\t<div class=\"ha-horizontal-timeline-content\">\n\n\t\t\t\t\t\t\t\t\t\t\t\t\t<div class=\"ha-horizontal-timeline-arrow\"><\/div>\n\t\t\t\t\t\t\n\t\t\t\t\t\t<div class=\"ha-horizontal-timeline-inner\">\n\t\t\t\t\t\t\t\n\t\t\t\t\t\t\t\n\t\t\t\t\t\t\t\n\t\t\t\t\t\t\t<div class=\"ha-horizontal-timeline-description\"><p>A Sociedade Civil Gin\u00e1sio Saua\u00e7u recebeu do Sr. Eug\u00eanio Ant\u00f4nio Bitti a doa\u00e7\u00e3o de um terreno de 6.300 m\u00b2;<\/p><\/div>\t\t\t\t\t\t<\/div>\n\t\t\t\t\t<\/div>\n\t\t\t\t<\/div>\n\n\t\t\t\n\t\t<\/div>\n\n\t\t\t\t\t<button type=\"button\" class=\"slick-prev\"><svg xmlns=\"http:\/\/www.w3.org\/2000\/svg\" width=\"20\" height=\"20\" viewBox=\"0 0 20 20\" fill=\"none\"><path opacity=\"0.43\" d=\"M10 14L6 10L10 6L11.4 7.4L9.8 9H14V11H9.8L11.4 12.6L10 14ZM10 20C11.3833 20 12.6833 19.7375 13.9 19.2125C15.1167 18.6875 16.175 17.975 17.075 17.075C17.975 16.175 18.6875 15.1167 19.2125 13.9C19.7375 12.6833 20 11.3833 20 10C20 8.61667 19.7375 7.31667 19.2125 6.1C18.6875 4.88333 17.975 3.825 17.075 2.925C16.175 2.025 15.1167 1.3125 13.9 0.7875C12.6833 0.2625 11.3833 0 10 0C8.61667 0 7.31667 0.2625 6.1 0.7875C4.88333 1.3125 3.825 2.025 2.925 2.925C2.025 3.825 1.3125 4.88333 0.7875 6.1C0.262499 7.31667 0 8.61667 0 10C0 11.3833 0.262499 12.6833 0.7875 13.9C1.3125 15.1167 2.025 16.175 2.925 17.075C3.825 17.975 4.88333 18.6875 6.1 19.2125C7.31667 19.7375 8.61667 20 10 20ZM10 18C7.76667 18 5.875 17.225 4.325 15.675C2.775 14.125 2 12.2333 2 10C2 7.76667 2.775 5.875 4.325 4.325C5.875 2.775 7.76667 2 10 2C12.2333 2 14.125 2.775 15.675 4.325C17.225 5.875 18 7.76667 18 10C18 12.2333 17.225 14.125 15.675 15.675C14.125 17.225 12.2333 18 10 18Z\" fill=\"#292929\"><\/path><\/svg><\/button>\n\t\t\n\t\t\t\t\t<button type=\"button\" class=\"slick-next\"><svg xmlns=\"http:\/\/www.w3.org\/2000\/svg\" width=\"20\" height=\"20\" viewBox=\"0 0 20 20\" fill=\"none\"><path opacity=\"0.43\" d=\"M10 14L14 10L10 6L8.6 7.4L10.2 9H6V11H10.2L8.6 12.6L10 14ZM10 20C8.61667 20 7.31667 19.7375 6.1 19.2125C4.88333 18.6875 3.825 17.975 2.925 17.075C2.025 16.175 1.3125 15.1167 0.7875 13.9C0.2625 12.6833 0 11.3833 0 10C0 8.61667 0.2625 7.31667 0.7875 6.1C1.3125 4.88333 2.025 3.825 2.925 2.925C3.825 2.025 4.88333 1.3125 6.1 0.7875C7.31667 0.2625 8.61667 0 10 0C11.3833 0 12.6833 0.2625 13.9 0.7875C15.1167 1.3125 16.175 2.025 17.075 2.925C17.975 3.825 18.6875 4.88333 19.2125 6.1C19.7375 7.31667 20 8.61667 20 10C20 11.3833 19.7375 12.6833 19.2125 13.9C18.6875 15.1167 17.975 16.175 17.075 17.075C16.175 17.975 15.1167 18.6875 13.9 19.2125C12.6833 19.7375 11.3833 20 10 20ZM10 18C12.2333 18 14.125 17.225 15.675 15.675C17.225 14.125 18 12.2333 18 10C18 7.76667 17.225 5.875 15.675 4.325C14.125 2.775 12.2333 2 10 2C7.76667 2 5.875 2.775 4.325 4.325C2.775 5.875 2 7.76667 2 10C2 12.2333 2.775 14.125 4.325 15.675C5.875 17.225 7.76667 18 10 18Z\" fill=\"#292929\"><\/path><\/svg><\/button>\n\t\t\n\t\t\t\t\t\t<\/div>\n\t\t\t\t<\/div>\n\t\t\t\t<div class=\"elementor-element elementor-element-6af95638 elementor-invisible elementor-widget elementor-widget-heading\" data-id=\"6af95638\" data-element_type=\"widget\" data-settings=\"{&quot;_animation&quot;:&quot;slideInUp&quot;}\" data-widget_type=\"heading.default\">\n\t\t\t\t<div class=\"elementor-widget-container\">\n\t\t\t\t\t<h2 class=\"elementor-heading-title elementor-size-default\">Gestores<\/h2>\t\t\t\t<\/div>\n\t\t\t\t<\/div>\n\t\t\t\t\t<\/div>\n\t\t\t\t<\/div>\n\t\t\t\t\t<\/div>\n\t\t\t\t<\/div>\n\t\t\t\t\t<\/div>\n\t\t\t\t<\/div>\n\t\t<div class=\"elementor-element elementor-element-59eedf9d e-flex e-con-boxed wpr-particle-no wpr-jarallax-no wpr-parallax-no wpr-sticky-section-no e-con e-child\" data-id=\"59eedf9d\" data-element_type=\"container\">\n\t\t\t\t\t<div class=\"e-con-inner\">\n\t\t<div class=\"elementor-element elementor-element-12aca44e e-con-full e-flex wpr-particle-no wpr-jarallax-no wpr-parallax-no wpr-sticky-section-no elementor-invisible e-con e-child\" data-id=\"12aca44e\" data-element_type=\"container\" data-settings=\"{&quot;background_background&quot;:&quot;classic&quot;,&quot;animation&quot;:&quot;fadeInLeft&quot;}\">\n\t\t\t\t<div class=\"elementor-element elementor-element-18ffa487 elementor-widget elementor-widget-heading\" data-id=\"18ffa487\" data-element_type=\"widget\" data-widget_type=\"heading.default\">\n\t\t\t\t<div class=\"elementor-widget-container\">\n\t\t\t\t\t<h2 class=\"elementor-heading-title elementor-size-default\">Presidentes<\/h2>\t\t\t\t<\/div>\n\t\t\t\t<\/div>\n\t\t\t\t<div class=\"elementor-element elementor-element-4e5aa58a elementor-widget elementor-widget-text-editor\" data-id=\"4e5aa58a\" data-element_type=\"widget\" data-widget_type=\"text-editor.default\">\n\t\t\t\t<div class=\"elementor-widget-container\">\n\t\t\t\t\t\t\t\t\t<p><strong>Monselhor Guilherme Schmitz:\u00a0<\/strong>De 1963 a 1980\u2028<\/p>\t\t\t\t\t\t\t\t<\/div>\n\t\t\t\t<\/div>\n\t\t\t\t<div class=\"elementor-element elementor-element-2a97be88 elementor-widget elementor-widget-text-editor\" data-id=\"2a97be88\" data-element_type=\"widget\" data-widget_type=\"text-editor.default\">\n\t\t\t\t<div class=\"elementor-widget-container\">\n\t\t\t\t\t\t\t\t\t<p><strong>Arid\u00e9ia Cabral Musso:\u00a0<\/strong>De 1980 a 1984\u2028<\/p>\t\t\t\t\t\t\t\t<\/div>\n\t\t\t\t<\/div>\n\t\t\t\t<div class=\"elementor-element elementor-element-3d5db7d2 elementor-widget elementor-widget-text-editor\" data-id=\"3d5db7d2\" data-element_type=\"widget\" data-widget_type=\"text-editor.default\">\n\t\t\t\t<div class=\"elementor-widget-container\">\n\t\t\t\t\t\t\t\t\t<p><strong>Samoel Costa:<\/strong> De 1984 a 1989 \/ De 1994 a 1997\u2028<\/p>\t\t\t\t\t\t\t\t<\/div>\n\t\t\t\t<\/div>\n\t\t\t\t<div class=\"elementor-element elementor-element-25eb482 elementor-widget elementor-widget-text-editor\" data-id=\"25eb482\" data-element_type=\"widget\" data-widget_type=\"text-editor.default\">\n\t\t\t\t<div class=\"elementor-widget-container\">\n\t\t\t\t\t\t\t\t\t<p><strong>Maria da Penha Cometti Stelzer:\u00a0<\/strong>De 1989 a 1994\u2028<\/p>\t\t\t\t\t\t\t\t<\/div>\n\t\t\t\t<\/div>\n\t\t\t\t<div class=\"elementor-element elementor-element-a9d1b74 elementor-widget elementor-widget-text-editor\" data-id=\"a9d1b74\" data-element_type=\"widget\" data-widget_type=\"text-editor.default\">\n\t\t\t\t<div class=\"elementor-widget-container\">\n\t\t\t\t\t\t\t\t\t<p><strong>Divaldo Crevelin:\u00a0<\/strong>De 1998 a 2003 \/ De 2003 a 2006\u2028<\/p>\t\t\t\t\t\t\t\t<\/div>\n\t\t\t\t<\/div>\n\t\t\t\t<div class=\"elementor-element elementor-element-4ff4c23d elementor-widget elementor-widget-text-editor\" data-id=\"4ff4c23d\" data-element_type=\"widget\" data-widget_type=\"text-editor.default\">\n\t\t\t\t<div class=\"elementor-widget-container\">\n\t\t\t\t\t\t\t\t\t<p><strong>Celi Maria Guisso Cabral:<\/strong>\u00a0De 2006 a dias atuais<\/p>\t\t\t\t\t\t\t\t<\/div>\n\t\t\t\t<\/div>\n\t\t\t\t<\/div>\n\t\t<div class=\"elementor-element elementor-element-5eb6d3e e-con-full e-flex wpr-particle-no wpr-jarallax-no wpr-parallax-no wpr-sticky-section-no elementor-invisible e-con e-child\" data-id=\"5eb6d3e\" data-element_type=\"container\" data-settings=\"{&quot;background_background&quot;:&quot;classic&quot;,&quot;animation&quot;:&quot;fadeInUp&quot;}\">\n\t\t\t\t<div class=\"elementor-element elementor-element-60c6dfe5 elementor-widget elementor-widget-heading\" data-id=\"60c6dfe5\" data-element_type=\"widget\" data-widget_type=\"heading.default\">\n\t\t\t\t<div class=\"elementor-widget-container\">\n\t\t\t\t\t<h2 class=\"elementor-heading-title elementor-size-default\">\u00a0Diretores Executivos<\/h2>\t\t\t\t<\/div>\n\t\t\t\t<\/div>\n\t\t\t\t<div class=\"elementor-element elementor-element-98dd2e4 elementor-widget elementor-widget-text-editor\" data-id=\"98dd2e4\" data-element_type=\"widget\" data-widget_type=\"text-editor.default\">\n\t\t\t\t<div class=\"elementor-widget-container\">\n\t\t\t\t\t\t\t\t\t<p><strong>Celi Maria Guisso Cabral:<\/strong> De 1992 a 1994\u2028<\/p>\t\t\t\t\t\t\t\t<\/div>\n\t\t\t\t<\/div>\n\t\t\t\t<div class=\"elementor-element elementor-element-7a8ed144 elementor-widget elementor-widget-text-editor\" data-id=\"7a8ed144\" data-element_type=\"widget\" data-widget_type=\"text-editor.default\">\n\t\t\t\t<div class=\"elementor-widget-container\">\n\t\t\t\t\t\t\t\t\t<p><strong>Dalva Celina Cuzzuol Pimentel:<\/strong> De 1984 a 1989 \/ De 1994 a 1997\u2028<\/p>\t\t\t\t\t\t\t\t<\/div>\n\t\t\t\t<\/div>\n\t\t\t\t<div class=\"elementor-element elementor-element-4d9d076b elementor-widget elementor-widget-text-editor\" data-id=\"4d9d076b\" data-element_type=\"widget\" data-widget_type=\"text-editor.default\">\n\t\t\t\t<div class=\"elementor-widget-container\">\n\t\t\t\t\t\t\t\t\t<p><strong>Antonio Fernando Mai:<\/strong> De 2003 a 2008 \/ De 2010 a 2012\u2028<\/p>\t\t\t\t\t\t\t\t<\/div>\n\t\t\t\t<\/div>\n\t\t\t\t<div class=\"elementor-element elementor-element-69fa2bc9 elementor-widget elementor-widget-text-editor\" data-id=\"69fa2bc9\" data-element_type=\"widget\" data-widget_type=\"text-editor.default\">\n\t\t\t\t<div class=\"elementor-widget-container\">\n\t\t\t\t\t\t\t\t\t<p><strong>Izaque Vieira Ribeiro:\u00a0<\/strong>De 2008 a 2009\u2028<\/p>\t\t\t\t\t\t\t\t<\/div>\n\t\t\t\t<\/div>\n\t\t\t\t<div class=\"elementor-element elementor-element-28789b80 elementor-widget elementor-widget-text-editor\" data-id=\"28789b80\" data-element_type=\"widget\" data-widget_type=\"text-editor.default\">\n\t\t\t\t<div class=\"elementor-widget-container\">\n\t\t\t\t\t\t\t\t\t<p><strong>Norma Tereza Gatti:<\/strong> De 2012 a 2014\u2028<\/p>\t\t\t\t\t\t\t\t<\/div>\n\t\t\t\t<\/div>\n\t\t\t\t<div class=\"elementor-element elementor-element-9767a38 elementor-widget elementor-widget-text-editor\" data-id=\"9767a38\" data-element_type=\"widget\" data-widget_type=\"text-editor.default\">\n\t\t\t\t<div class=\"elementor-widget-container\">\n\t\t\t\t\t\t\t\t\t<p><strong>Richardson Moro Schmittel:\u00a0<\/strong>De 2015 a 2021\u2028<\/p>\t\t\t\t\t\t\t\t<\/div>\n\t\t\t\t<\/div>\n\t\t\t\t<div class=\"elementor-element elementor-element-2e771f9 elementor-widget elementor-widget-text-editor\" data-id=\"2e771f9\" data-element_type=\"widget\" data-widget_type=\"text-editor.default\">\n\t\t\t\t<div class=\"elementor-widget-container\">\n\t\t\t\t\t\t\t\t\t<p><strong>M\u00e9riton Soares da Silva:<\/strong>\u00a0De 2022 a dias atuais<\/p>\t\t\t\t\t\t\t\t<\/div>\n\t\t\t\t<\/div>\n\t\t\t\t<\/div>\n\t\t<div class=\"elementor-element elementor-element-66d3af2f e-con-full e-flex wpr-particle-no wpr-jarallax-no wpr-parallax-no wpr-sticky-section-no elementor-invisible e-con e-child\" data-id=\"66d3af2f\" data-element_type=\"container\" data-settings=\"{&quot;background_background&quot;:&quot;classic&quot;,&quot;animation&quot;:&quot;fadeInRight&quot;}\">\n\t\t\t\t<div class=\"elementor-element elementor-element-5480004e elementor-widget elementor-widget-heading\" data-id=\"5480004e\" data-element_type=\"widget\" data-widget_type=\"heading.default\">\n\t\t\t\t<div class=\"elementor-widget-container\">\n\t\t\t\t\t<h2 class=\"elementor-heading-title elementor-size-default\">Diretor Comercial<\/h2>\t\t\t\t<\/div>\n\t\t\t\t<\/div>\n\t\t\t\t<div class=\"elementor-element elementor-element-56a47900 elementor-widget elementor-widget-text-editor\" data-id=\"56a47900\" data-element_type=\"widget\" data-widget_type=\"text-editor.default\">\n\t\t\t\t<div class=\"elementor-widget-container\">\n\t\t\t\t\t\t\t\t\t<p><strong>Wellington Lozer Giacomin:<\/strong> De 2024 a 2025<\/p>\t\t\t\t\t\t\t\t<\/div>\n\t\t\t\t<\/div>\n\t\t\t\t<\/div>\n\t\t<div class=\"elementor-element elementor-element-0d6be7a e-con-full e-flex wpr-particle-no wpr-jarallax-no wpr-parallax-no wpr-sticky-section-no elementor-invisible e-con e-child\" data-id=\"0d6be7a\" data-element_type=\"container\" data-settings=\"{&quot;background_background&quot;:&quot;classic&quot;,&quot;animation&quot;:&quot;fadeInRight&quot;}\">\n\t\t\t\t<div class=\"elementor-element elementor-element-4487122 elementor-widget elementor-widget-heading\" data-id=\"4487122\" data-element_type=\"widget\" data-widget_type=\"heading.default\">\n\t\t\t\t<div class=\"elementor-widget-container\">\n\t\t\t\t\t<h2 class=\"elementor-heading-title elementor-size-default\">Diretora Administrativa<\/h2>\t\t\t\t<\/div>\n\t\t\t\t<\/div>\n\t\t\t\t<div class=\"elementor-element elementor-element-115fb2b elementor-widget elementor-widget-text-editor\" data-id=\"115fb2b\" data-element_type=\"widget\" data-widget_type=\"text-editor.default\">\n\t\t\t\t<div class=\"elementor-widget-container\">\n\t\t\t\t\t\t\t\t\t<p><strong>Marisa Rocha Lopes:<\/strong> De 2025 a dias atuais<\/p>\t\t\t\t\t\t\t\t<\/div>\n\t\t\t\t<\/div>\n\t\t\t\t<\/div>\n\t\t\t\t\t<\/div>\n\t\t\t\t<\/div>\n\t\t\t\t<\/div>\n\t\t","protected":false},"excerpt":{"rendered":"<p>Mantenedora H\u00e1 mais de 60 anos a Funda\u00e7\u00e3o S\u00e3o Jo\u00e3o Batista (FSJB) vem cumprindo o seu papel social em prol de uma educa\u00e7\u00e3o verdadeiramente cidad\u00e3. Muito mais do que oferecer um ensino de qualidade a FSJB, por meio de suas mantidas as Faculdades Integradas de Aracruz (FAACZ) e o Centro Educacional de Aracruz (CEA) educa jovens atuantes e conscientes, que marcam a sociedade como profissionais competentes e \u00e9ticos.\u00a0A Funda\u00e7\u00e3o tem seus pilares oriundos de uma grande hist\u00f3ria, com in\u00edcio na d\u00e9cada de 50, quando o alem\u00e3o Monsenhor Guilherme Schmitz, p\u00e1roco de Aracruz na \u00e9poca, e defensor incondicional da difus\u00e3o da educa\u00e7\u00e3o na sociedade local, iniciou as primeiras reuni\u00f5es para a cria\u00e7\u00e3o da FSJB, que funcionou efetivamente a partir de 27 de mar\u00e7o de 1956. Sendo uma institui\u00e7\u00e3o privada e sem fins lucrativos, a Funda\u00e7\u00e3o criada por Monsenhor, com apoio da comunidade, come\u00e7ou como uma escola de economia dom\u00e9stica e depois um pequeno col\u00e9gio ginasial, que mais tarde se tornaria a FAACZ e o CEA.\u00a0Em 2015, a institui\u00e7\u00e3o cria a sua unidade de neg\u00f3cios a FSJB Consultoria, prestando servi\u00e7os para empresas de Aracruz e regi\u00e3o na \u00e1rea de Arquitetura e Urbanismo com Estudos de Impacto Socioecon\u00f4micos; Planejamento e Desenvolvimento Territorial e nas \u00e1reas de Mec\u00e2nica, Qu\u00edmica e Engenharia Civil realizando Pesquisa de Campo e Laboratoriais.\u00a0Ao longo de sua exist\u00eancia, a FSJB sempre colocou seu patrim\u00f4nio a servi\u00e7o da comunidade, disseminando uma educa\u00e7\u00e3o baseada nos valores humanos, cumprindo integralmente seus estatutos e realizando sonhos. Hoje, al\u00e9m de servi\u00e7os educacionais, a Funda\u00e7\u00e3o S\u00e3o Jo\u00e3o Batista presta consultoria para empresas de Aracruz e regi\u00e3o. Datas Marcantes 1956 Em 27\/03 foi fundado, em Aracruz, o Gin\u00e1sio Saua\u00e7u, pertencente \u00e0 Sociedade Educacional Gin\u00e1sio Saua\u00e7u; 1957 A Sociedade Civil Gin\u00e1sio Saua\u00e7u recebeu do Sr. Eug\u00eanio Ant\u00f4nio Bitti a doa\u00e7\u00e3o de um terreno de 6.300 m\u00b2; Gestores Presidentes Monselhor Guilherme Schmitz:\u00a0De 1963 a 1980\u2028 Arid\u00e9ia Cabral Musso:\u00a0De 1980 a 1984\u2028 Samoel Costa: De 1984 a 1989 \/ De 1994 a 1997\u2028 Maria da Penha Cometti Stelzer:\u00a0De 1989 a 1994\u2028 Divaldo Crevelin:\u00a0De 1998 a 2003 \/ De 2003 a 2006\u2028 Celi Maria Guisso Cabral:\u00a0De 2006 a dias atuais \u00a0Diretores Executivos Celi Maria Guisso Cabral: De 1992 a 1994\u2028 Dalva Celina Cuzzuol Pimentel: De 1984 a 1989 \/ De 1994 a 1997\u2028 Antonio Fernando Mai: De 2003 a 2008 \/ De 2010 a 2012\u2028 Izaque Vieira Ribeiro:\u00a0De 2008 a 2009\u2028 Norma Tereza Gatti: De 2012 a 2014\u2028 Richardson Moro Schmittel:\u00a0De 2015 a 2021\u2028 M\u00e9riton Soares da Silva:\u00a0De 2022 a dias atuais Diretor Comercial Wellington Lozer Giacomin: De 2024 a 2025 Diretora Administrativa Marisa Rocha Lopes: De 2025 a dias atuais<\/p>\n","protected":false},"author":1,"featured_media":0,"parent":0,"menu_order":35,"comment_status":"closed","ping_status":"closed","template":"elementor_header_footer","meta":{"_exactmetrics_skip_tracking":false,"_exactmetrics_sitenote_active":false,"_exactmetrics_sitenote_note":"","_exactmetrics_sitenote_category":0,"footnotes":""},"class_list":["post-22680","page","type-page","status-publish","hentry"],"aioseo_notices":[],"_links":{"self":[{"href":"https:\/\/faacz.com.br\/portal\/wp-json\/wp\/v2\/pages\/22680"}],"collection":[{"href":"https:\/\/faacz.com.br\/portal\/wp-json\/wp\/v2\/pages"}],"about":[{"href":"https:\/\/faacz.com.br\/portal\/wp-json\/wp\/v2\/types\/page"}],"author":[{"embeddable":true,"href":"https:\/\/faacz.com.br\/portal\/wp-json\/wp\/v2\/users\/1"}],"replies":[{"embeddable":true,"href":"https:\/\/faacz.com.br\/portal\/wp-json\/wp\/v2\/comments?post=22680"}],"version-history":[{"count":16,"href":"https:\/\/faacz.com.br\/portal\/wp-json\/wp\/v2\/pages\/22680\/revisions"}],"predecessor-version":[{"id":38490,"href":"https:\/\/faacz.com.br\/portal\/wp-json\/wp\/v2\/pages\/22680\/revisions\/38490"}],"wp:attachment":[{"href":"https:\/\/faacz.com.br\/portal\/wp-json\/wp\/v2\/media?parent=22680"}],"curies":[{"name":"wp","href":"https:\/\/api.w.org\/{rel}","templated":true}]}}