{"id":22665,"date":"2024-09-17T03:37:15","date_gmt":"2024-09-17T06:37:15","guid":{"rendered":"https:\/\/faacz.com.br\/portal\/como-ingressar\/"},"modified":"2024-12-19T15:33:36","modified_gmt":"2024-12-19T18:33:36","slug":"como-ingressar","status":"publish","type":"page","link":"https:\/\/faacz.com.br\/portal\/como-ingressar\/","title":{"rendered":"Como Ingressar"},"content":{"rendered":"\t\t<div data-elementor-type=\"wp-page\" data-elementor-id=\"22665\" class=\"elementor elementor-22665\" data-elementor-settings=\"{&quot;ha_cmc_init_switcher&quot;:&quot;no&quot;}\" data-elementor-post-type=\"page\">\n\t\t\t\t<div class=\"elementor-element elementor-element-2ea1dac3 e-flex e-con-boxed wpr-particle-no wpr-jarallax-no wpr-parallax-no wpr-sticky-section-no e-con e-parent\" data-id=\"2ea1dac3\" data-element_type=\"container\" data-settings=\"{&quot;background_background&quot;:&quot;classic&quot;}\">\n\t\t\t\t\t<div class=\"e-con-inner\">\n\t\t\t\t<div class=\"elementor-element elementor-element-75d52b54 elementor-widget elementor-widget-image\" data-id=\"75d52b54\" data-element_type=\"widget\" data-widget_type=\"image.default\">\n\t\t\t\t<div class=\"elementor-widget-container\">\n\t\t\t\t\t\t\t\t\t\t\t\t\t\t\t<img fetchpriority=\"high\" decoding=\"async\" width=\"1200\" height=\"430\" src=\"https:\/\/faacz.com.br\/portal\/wp-content\/uploads\/2024\/09\/vem-pra-faacz-img.webp\" class=\"attachment-full size-full wp-image-22666\" alt=\"\" srcset=\"https:\/\/faacz.com.br\/portal\/wp-content\/uploads\/2024\/09\/vem-pra-faacz-img.webp 1200w, https:\/\/faacz.com.br\/portal\/wp-content\/uploads\/2024\/09\/vem-pra-faacz-img-800x287.webp 800w, https:\/\/faacz.com.br\/portal\/wp-content\/uploads\/2024\/09\/vem-pra-faacz-img-768x275.webp 768w, https:\/\/faacz.com.br\/portal\/wp-content\/uploads\/2024\/09\/vem-pra-faacz-img-24x9.webp 24w, https:\/\/faacz.com.br\/portal\/wp-content\/uploads\/2024\/09\/vem-pra-faacz-img-36x13.webp 36w, https:\/\/faacz.com.br\/portal\/wp-content\/uploads\/2024\/09\/vem-pra-faacz-img-48x17.webp 48w\" sizes=\"(max-width: 1200px) 100vw, 1200px\" \/>\t\t\t\t\t\t\t\t\t\t\t\t\t\t\t<\/div>\n\t\t\t\t<\/div>\n\t\t\t\t\t<\/div>\n\t\t\t\t<\/div>\n\t\t<div class=\"elementor-element elementor-element-30c67608 e-flex e-con-boxed wpr-particle-no wpr-jarallax-no wpr-parallax-no wpr-sticky-section-no e-con e-parent\" data-id=\"30c67608\" data-element_type=\"container\" data-settings=\"{&quot;background_background&quot;:&quot;classic&quot;}\">\n\t\t\t\t\t<div class=\"e-con-inner\">\n\t\t<div class=\"elementor-element elementor-element-26d8bd92 e-flex e-con-boxed wpr-particle-no wpr-jarallax-no wpr-parallax-no wpr-sticky-section-no e-con e-child\" data-id=\"26d8bd92\" data-element_type=\"container\" data-settings=\"{&quot;background_background&quot;:&quot;classic&quot;}\">\n\t\t\t\t\t<div class=\"e-con-inner\">\n\t\t<div class=\"elementor-element elementor-element-102ae6ca e-flex e-con-boxed wpr-particle-no wpr-jarallax-no wpr-parallax-no wpr-sticky-section-no e-con e-child\" data-id=\"102ae6ca\" data-element_type=\"container\">\n\t\t\t\t\t<div class=\"e-con-inner\">\n\t\t\t\t<div class=\"elementor-element elementor-element-20b6b382 elementor-invisible elementor-widget elementor-widget-heading\" data-id=\"20b6b382\" data-element_type=\"widget\" data-settings=\"{&quot;_animation&quot;:&quot;slideInUp&quot;}\" data-widget_type=\"heading.default\">\n\t\t\t\t<div class=\"elementor-widget-container\">\n\t\t\t\t\t<h1 class=\"elementor-heading-title elementor-size-default\">Veja como Ingressar<\/h1>\t\t\t\t<\/div>\n\t\t\t\t<\/div>\n\t\t\t\t\t<\/div>\n\t\t\t\t<\/div>\n\t\t\t\t\t<\/div>\n\t\t\t\t<\/div>\n\t\t\t\t\t<\/div>\n\t\t\t\t<\/div>\n\t\t<div class=\"elementor-element elementor-element-5feccdeb e-flex e-con-boxed wpr-particle-no wpr-jarallax-no wpr-parallax-no wpr-sticky-section-no e-con e-child\" data-id=\"5feccdeb\" data-element_type=\"container\">\n\t\t\t\t\t<div class=\"e-con-inner\">\n\t\t<div class=\"elementor-element elementor-element-5668e66f e-con-full e-flex wpr-particle-no wpr-jarallax-no wpr-parallax-no wpr-sticky-section-no elementor-invisible e-con e-child\" data-id=\"5668e66f\" data-element_type=\"container\" data-settings=\"{&quot;background_background&quot;:&quot;classic&quot;,&quot;animation&quot;:&quot;fadeInLeft&quot;}\">\n\t\t\t\t<div class=\"elementor-element elementor-element-36ef9a34 elementor-widget elementor-widget-heading\" data-id=\"36ef9a34\" data-element_type=\"widget\" data-widget_type=\"heading.default\">\n\t\t\t\t<div class=\"elementor-widget-container\">\n\t\t\t\t\t<h2 class=\"elementor-heading-title elementor-size-default\">Vestibular<\/h2>\t\t\t\t<\/div>\n\t\t\t\t<\/div>\n\t\t\t\t<div class=\"elementor-element elementor-element-4086a5e4 elementor-widget elementor-widget-text-editor\" data-id=\"4086a5e4\" data-element_type=\"widget\" data-widget_type=\"text-editor.default\">\n\t\t\t\t<div class=\"elementor-widget-container\">\n\t\t\t\t\t\t\t\t\t<p>O Vestibular da FAACZ acontece a partir do m\u00eas de outubro de cada ano e estende-se ao m\u00eas de janeiro do ano seguinte. No ato da inscri\u00e7\u00e3o, o(a) interessado(a) selecionar\u00e1 a sua prefer\u00eancia pela realiza\u00e7\u00e3o da prova na modalidade presencial, on-line ou poder\u00e1 utilizar como crit\u00e9rio de classifica\u00e7\u00e3o o resultado do ENEM.<\/p>\t\t\t\t\t\t\t\t<\/div>\n\t\t\t\t<\/div>\n\t\t\t\t<\/div>\n\t\t<div class=\"elementor-element elementor-element-67e95abf e-con-full e-flex wpr-particle-no wpr-jarallax-no wpr-parallax-no wpr-sticky-section-no elementor-invisible e-con e-child\" data-id=\"67e95abf\" data-element_type=\"container\" data-settings=\"{&quot;background_background&quot;:&quot;classic&quot;,&quot;animation&quot;:&quot;fadeInLeft&quot;}\">\n\t\t\t\t<div class=\"elementor-element elementor-element-3f68ebe9 elementor-widget elementor-widget-heading\" data-id=\"3f68ebe9\" data-element_type=\"widget\" data-widget_type=\"heading.default\">\n\t\t\t\t<div class=\"elementor-widget-container\">\n\t\t\t\t\t<h2 class=\"elementor-heading-title elementor-size-default\">Segunda Gradua\u00e7\u00e3o<\/h2>\t\t\t\t<\/div>\n\t\t\t\t<\/div>\n\t\t\t\t<div class=\"elementor-element elementor-element-450a8f72 elementor-widget elementor-widget-text-editor\" data-id=\"450a8f72\" data-element_type=\"widget\" data-widget_type=\"text-editor.default\">\n\t\t\t\t<div class=\"elementor-widget-container\">\n\t\t\t\t\t\t\t\t\t<p>Para fazer uma segunda gradua\u00e7\u00e3o voc\u00ea n\u00e3o precisa prestar um novo vestibular. Basta abertura de Processo Acad\u00eamico em nosso Setor de Protocolo. Vamos analisar o Diploma da sua primeira gradua\u00e7\u00e3o, o Hist\u00f3rico Escolar e as Ementas para verificar quais disciplinas poder\u00e3o ser eliminadas de sua nova grade.<\/p>\t\t\t\t\t\t\t\t<\/div>\n\t\t\t\t<\/div>\n\t\t\t\t<\/div>\n\t\t<div class=\"elementor-element elementor-element-4e132370 e-con-full e-flex wpr-particle-no wpr-jarallax-no wpr-parallax-no wpr-sticky-section-no elementor-invisible e-con e-child\" data-id=\"4e132370\" data-element_type=\"container\" data-settings=\"{&quot;background_background&quot;:&quot;classic&quot;,&quot;animation&quot;:&quot;fadeInLeft&quot;}\">\n\t\t\t\t<div class=\"elementor-element elementor-element-4db431dc elementor-widget elementor-widget-heading\" data-id=\"4db431dc\" data-element_type=\"widget\" data-widget_type=\"heading.default\">\n\t\t\t\t<div class=\"elementor-widget-container\">\n\t\t\t\t\t<h2 class=\"elementor-heading-title elementor-size-default\">Transfer\u00eancias<\/h2>\t\t\t\t<\/div>\n\t\t\t\t<\/div>\n\t\t\t\t<div class=\"elementor-element elementor-element-1decc0e1 elementor-widget elementor-widget-text-editor\" data-id=\"1decc0e1\" data-element_type=\"widget\" data-widget_type=\"text-editor.default\">\n\t\t\t\t<div class=\"elementor-widget-container\">\n\t\t\t\t\t\t\t\t\t<p>Voc\u00ea pode transferir seu curso para a FAACZ. Basta abertura de Processo Acad\u00eamico no Setor de Protocolo da institui\u00e7\u00e3o. Sua documenta\u00e7\u00e3o e a grade curricular do seu curso, feito em outra faculdade, ser\u00e3o analisados pela Coordena\u00e7\u00e3o do curso correspondente na FAACZ. Voc\u00ea pode obter mais informa\u00e7\u00f5es em nossa Secretaria Acad\u00eamica.<\/p>\t\t\t\t\t\t\t\t<\/div>\n\t\t\t\t<\/div>\n\t\t\t\t<\/div>\n\t\t<div class=\"elementor-element elementor-element-8b8b145 e-con-full e-flex wpr-particle-no wpr-jarallax-no wpr-parallax-no wpr-sticky-section-no elementor-invisible e-con e-child\" data-id=\"8b8b145\" data-element_type=\"container\" data-settings=\"{&quot;background_background&quot;:&quot;classic&quot;,&quot;animation&quot;:&quot;fadeInLeft&quot;}\">\n\t\t\t\t<div class=\"elementor-element elementor-element-6dbdd5b4 elementor-widget elementor-widget-heading\" data-id=\"6dbdd5b4\" data-element_type=\"widget\" data-widget_type=\"heading.default\">\n\t\t\t\t<div class=\"elementor-widget-container\">\n\t\t\t\t\t<h2 class=\"elementor-heading-title elementor-size-default\">P\u00f3s-Gradua\u00e7\u00e3o e Extens\u00e3o<\/h2>\t\t\t\t<\/div>\n\t\t\t\t<\/div>\n\t\t\t\t<div class=\"elementor-element elementor-element-6b9b672f elementor-widget elementor-widget-text-editor\" data-id=\"6b9b672f\" data-element_type=\"widget\" data-widget_type=\"text-editor.default\">\n\t\t\t\t<div class=\"elementor-widget-container\">\n\t\t\t\t\t\t\t\t\t<p>A oferta dos cursos de P\u00f3s-gradua\u00e7\u00e3o e Extens\u00e3o da FAACZ acontece durante todo ano e para ades\u00e3o basta a pr\u00e9-inscri\u00e7\u00e3o do candidato, atrav\u00e9s de formul\u00e1rio, no portal da faculdade. Faremos a comunica\u00e7\u00e3o sobre a abertura de turmas e matr\u00edculas ap\u00f3s o per\u00edodo de capta\u00e7\u00e3o de alunos, bem como, todas as informa\u00e7\u00f5es relacionadas \u00e0 documenta\u00e7\u00e3o e prazos.<\/p>\t\t\t\t\t\t\t\t<\/div>\n\t\t\t\t<\/div>\n\t\t\t\t<\/div>\n\t\t\t\t\t<\/div>\n\t\t\t\t<\/div>\n\t\t\t\t<\/div>\n\t\t","protected":false},"excerpt":{"rendered":"<p>Veja como Ingressar Vestibular O Vestibular da FAACZ acontece a partir do m\u00eas de outubro de cada ano e estende-se ao m\u00eas de janeiro do ano seguinte. No ato da inscri\u00e7\u00e3o, o(a) interessado(a) selecionar\u00e1 a sua prefer\u00eancia pela realiza\u00e7\u00e3o da prova na modalidade presencial, on-line ou poder\u00e1 utilizar como crit\u00e9rio de classifica\u00e7\u00e3o o resultado do ENEM. Segunda Gradua\u00e7\u00e3o Para fazer uma segunda gradua\u00e7\u00e3o voc\u00ea n\u00e3o precisa prestar um novo vestibular. Basta abertura de Processo Acad\u00eamico em nosso Setor de Protocolo. Vamos analisar o Diploma da sua primeira gradua\u00e7\u00e3o, o Hist\u00f3rico Escolar e as Ementas para verificar quais disciplinas poder\u00e3o ser eliminadas de sua nova grade. Transfer\u00eancias Voc\u00ea pode transferir seu curso para a FAACZ. Basta abertura de Processo Acad\u00eamico no Setor de Protocolo da institui\u00e7\u00e3o. Sua documenta\u00e7\u00e3o e a grade curricular do seu curso, feito em outra faculdade, ser\u00e3o analisados pela Coordena\u00e7\u00e3o do curso correspondente na FAACZ. Voc\u00ea pode obter mais informa\u00e7\u00f5es em nossa Secretaria Acad\u00eamica. P\u00f3s-Gradua\u00e7\u00e3o e Extens\u00e3o A oferta dos cursos de P\u00f3s-gradua\u00e7\u00e3o e Extens\u00e3o da FAACZ acontece durante todo ano e para ades\u00e3o basta a pr\u00e9-inscri\u00e7\u00e3o do candidato, atrav\u00e9s de formul\u00e1rio, no portal da faculdade. Faremos a comunica\u00e7\u00e3o sobre a abertura de turmas e matr\u00edculas ap\u00f3s o per\u00edodo de capta\u00e7\u00e3o de alunos, bem como, todas as informa\u00e7\u00f5es relacionadas \u00e0 documenta\u00e7\u00e3o e prazos.<\/p>\n","protected":false},"author":1,"featured_media":0,"parent":0,"menu_order":37,"comment_status":"closed","ping_status":"closed","template":"elementor_header_footer","meta":{"_exactmetrics_skip_tracking":false,"_exactmetrics_sitenote_active":false,"_exactmetrics_sitenote_note":"","_exactmetrics_sitenote_category":0,"footnotes":""},"class_list":["post-22665","page","type-page","status-publish","hentry"],"aioseo_notices":[],"_links":{"self":[{"href":"https:\/\/faacz.com.br\/portal\/wp-json\/wp\/v2\/pages\/22665"}],"collection":[{"href":"https:\/\/faacz.com.br\/portal\/wp-json\/wp\/v2\/pages"}],"about":[{"href":"https:\/\/faacz.com.br\/portal\/wp-json\/wp\/v2\/types\/page"}],"author":[{"embeddable":true,"href":"https:\/\/faacz.com.br\/portal\/wp-json\/wp\/v2\/users\/1"}],"replies":[{"embeddable":true,"href":"https:\/\/faacz.com.br\/portal\/wp-json\/wp\/v2\/comments?post=22665"}],"version-history":[{"count":10,"href":"https:\/\/faacz.com.br\/portal\/wp-json\/wp\/v2\/pages\/22665\/revisions"}],"predecessor-version":[{"id":36068,"href":"https:\/\/faacz.com.br\/portal\/wp-json\/wp\/v2\/pages\/22665\/revisions\/36068"}],"wp:attachment":[{"href":"https:\/\/faacz.com.br\/portal\/wp-json\/wp\/v2\/media?parent=22665"}],"curies":[{"name":"wp","href":"https:\/\/api.w.org\/{rel}","templated":true}]}}