{"id":22648,"date":"2024-09-17T03:37:10","date_gmt":"2024-09-17T06:37:10","guid":{"rendered":"https:\/\/faacz.com.br\/portal\/sala-de-imprensa\/"},"modified":"2025-01-07T09:47:45","modified_gmt":"2025-01-07T12:47:45","slug":"sala-de-imprensa","status":"publish","type":"page","link":"https:\/\/faacz.com.br\/portal\/sala-de-imprensa\/","title":{"rendered":"Sala de Imprensa"},"content":{"rendered":"\t\t<div data-elementor-type=\"wp-page\" data-elementor-id=\"22648\" class=\"elementor elementor-22648\" data-elementor-settings=\"{&quot;ha_cmc_init_switcher&quot;:&quot;no&quot;}\" data-elementor-post-type=\"page\">\n\t\t\t\t<div class=\"elementor-element elementor-element-79406090 bg-roxo e-flex e-con-boxed wpr-particle-no wpr-jarallax-no wpr-parallax-no wpr-sticky-section-no e-con e-parent\" data-id=\"79406090\" data-element_type=\"container\" data-settings=\"{&quot;background_background&quot;:&quot;classic&quot;}\">\n\t\t\t\t\t<div class=\"e-con-inner\">\n\t\t<div class=\"elementor-element elementor-element-ae8e201 e-flex e-con-boxed wpr-particle-no wpr-jarallax-no wpr-parallax-no wpr-sticky-section-no e-con e-child\" data-id=\"ae8e201\" data-element_type=\"container\">\n\t\t\t\t\t<div class=\"e-con-inner\">\n\t\t\t\t<div class=\"elementor-element elementor-element-33612585 elementor-invisible elementor-widget elementor-widget-heading\" data-id=\"33612585\" data-element_type=\"widget\" data-settings=\"{&quot;_animation&quot;:&quot;fadeInLeft&quot;}\" data-widget_type=\"heading.default\">\n\t\t\t\t<div class=\"elementor-widget-container\">\n\t\t\t\t\t<h1 class=\"elementor-heading-title elementor-size-default\">Sala de Imprensa<\/h1>\t\t\t\t<\/div>\n\t\t\t\t<\/div>\n\t\t\t\t<div class=\"elementor-element elementor-element-645544c3 elementor-widget-divider--view-line elementor-invisible elementor-widget elementor-widget-divider\" data-id=\"645544c3\" data-element_type=\"widget\" data-settings=\"{&quot;_animation&quot;:&quot;fadeInDown&quot;}\" data-widget_type=\"divider.default\">\n\t\t\t\t<div class=\"elementor-widget-container\">\n\t\t\t\t\t\t\t<div class=\"elementor-divider\">\n\t\t\t<span class=\"elementor-divider-separator\">\n\t\t\t\t\t\t<\/span>\n\t\t<\/div>\n\t\t\t\t\t\t<\/div>\n\t\t\t\t<\/div>\n\t\t\t\t\t<\/div>\n\t\t\t\t<\/div>\n\t\t\t\t\t<\/div>\n\t\t\t\t<\/div>\n\t\t<div class=\"elementor-element elementor-element-20e31bf8 e-flex e-con-boxed wpr-particle-no wpr-jarallax-no wpr-parallax-no wpr-sticky-section-no e-con e-parent\" data-id=\"20e31bf8\" data-element_type=\"container\">\n\t\t\t\t\t<div class=\"e-con-inner\">\n\t\t\t\t<div class=\"elementor-element elementor-element-5849f32f elementor-invisible elementor-widget elementor-widget-heading\" data-id=\"5849f32f\" data-element_type=\"widget\" data-settings=\"{&quot;_animation&quot;:&quot;fadeInDown&quot;}\" data-widget_type=\"heading.default\">\n\t\t\t\t<div class=\"elementor-widget-container\">\n\t\t\t\t\t<h2 class=\"elementor-heading-title elementor-size-default\">Para a imprensa<\/h2>\t\t\t\t<\/div>\n\t\t\t\t<\/div>\n\t\t\t\t<div class=\"elementor-element elementor-element-6c05d933 animated-slow elementor-invisible elementor-widget elementor-widget-text-editor\" data-id=\"6c05d933\" data-element_type=\"widget\" data-settings=\"{&quot;_animation&quot;:&quot;fadeInDown&quot;}\" data-widget_type=\"text-editor.default\">\n\t\t\t\t<div class=\"elementor-widget-container\">\n\t\t\t\t\t\t\t\t\t<p>A Sala\u00a0de Imprensa do portal da FAACZ \u00e9 a respons\u00e1vel pelo relacionamento da faculdade com os ve\u00edculos de comunica\u00e7\u00e3o. Esse \u00e9 um canal de relacionamento com a imprensa, com um banco de imagens e de releases sobre eventos, pesquisas, ensino e outros assuntos relacionados \u00e0 faculdade.<br \/><br \/>Os jornalistas que necessitem de informa\u00e7\u00f5es e indica\u00e7\u00e3o de professores e demais colaboradores da FAACZ para entrevista entrem em contato com a Assessoria de Imprensa e receber\u00e3o o suporte necess\u00e1rio para sua not\u00edcia e reportagem.<\/p>\t\t\t\t\t\t\t\t<\/div>\n\t\t\t\t<\/div>\n\t\t\t\t<div class=\"elementor-element elementor-element-1d92178d elementor-invisible elementor-widget elementor-widget-heading\" data-id=\"1d92178d\" data-element_type=\"widget\" data-settings=\"{&quot;_animation&quot;:&quot;fadeInDown&quot;}\" data-widget_type=\"heading.default\">\n\t\t\t\t<div class=\"elementor-widget-container\">\n\t\t\t\t\t<h2 class=\"elementor-heading-title elementor-size-default\">Assessoria de Comunica\u00e7\u00e3o<\/h2>\t\t\t\t<\/div>\n\t\t\t\t<\/div>\n\t\t<div class=\"elementor-element elementor-element-19efe56b e-con-full e-flex wpr-particle-no wpr-jarallax-no wpr-parallax-no wpr-sticky-section-no e-con e-child\" data-id=\"19efe56b\" data-element_type=\"container\">\n\t\t<div class=\"elementor-element elementor-element-190ebf8c e-con-full e-flex wpr-particle-no wpr-jarallax-no wpr-parallax-no wpr-sticky-section-no elementor-invisible e-con e-child\" data-id=\"190ebf8c\" data-element_type=\"container\" data-settings=\"{&quot;background_background&quot;:&quot;classic&quot;,&quot;animation&quot;:&quot;fadeInLeft&quot;}\">\n\t\t<div class=\"elementor-element elementor-element-4c8f4a49 e-con-full e-flex wpr-particle-no wpr-jarallax-no wpr-parallax-no wpr-sticky-section-no e-con e-child\" data-id=\"4c8f4a49\" data-element_type=\"container\">\n\t\t\t\t<div class=\"elementor-element elementor-element-42a93982 elementor-widget elementor-widget-image\" data-id=\"42a93982\" data-element_type=\"widget\" data-widget_type=\"image.default\">\n\t\t\t\t<div class=\"elementor-widget-container\">\n\t\t\t\t\t\t\t\t\t\t\t\t\t\t\t<img decoding=\"async\" width=\"114\" height=\"130\" src=\"https:\/\/faacz.com.br\/portal\/wp-content\/uploads\/2024\/09\/img-alessandro.png\" class=\"attachment-full size-full wp-image-22649\" alt=\"\" srcset=\"https:\/\/faacz.com.br\/portal\/wp-content\/uploads\/2024\/09\/img-alessandro.png 114w, https:\/\/faacz.com.br\/portal\/wp-content\/uploads\/2024\/09\/img-alessandro-21x24.png 21w, https:\/\/faacz.com.br\/portal\/wp-content\/uploads\/2024\/09\/img-alessandro-32x36.png 32w, https:\/\/faacz.com.br\/portal\/wp-content\/uploads\/2024\/09\/img-alessandro-42x48.png 42w\" sizes=\"(max-width: 114px) 100vw, 114px\" \/>\t\t\t\t\t\t\t\t\t\t\t\t\t\t\t<\/div>\n\t\t\t\t<\/div>\n\t\t\t\t<\/div>\n\t\t<div class=\"elementor-element elementor-element-5fea55fa e-con-full e-flex wpr-particle-no wpr-jarallax-no wpr-parallax-no wpr-sticky-section-no e-con e-child\" data-id=\"5fea55fa\" data-element_type=\"container\">\n\t\t\t\t<div class=\"elementor-element elementor-element-29581eec elementor-widget elementor-widget-heading\" data-id=\"29581eec\" data-element_type=\"widget\" data-widget_type=\"heading.default\">\n\t\t\t\t<div class=\"elementor-widget-container\">\n\t\t\t\t\t<h2 class=\"elementor-heading-title elementor-size-default\">Alessandro Bitti<\/h2>\t\t\t\t<\/div>\n\t\t\t\t<\/div>\n\t\t\t\t<div class=\"elementor-element elementor-element-125f7771 elementor-icon-list--layout-traditional elementor-list-item-link-full_width elementor-widget elementor-widget-icon-list\" data-id=\"125f7771\" data-element_type=\"widget\" data-widget_type=\"icon-list.default\">\n\t\t\t\t<div class=\"elementor-widget-container\">\n\t\t\t\t\t\t\t<ul class=\"elementor-icon-list-items\">\n\t\t\t\t\t\t\t<li class=\"elementor-icon-list-item\">\n\t\t\t\t\t\t\t\t\t\t\t<a href=\"mailto:alessandro@fsjb.edu.br\">\n\n\t\t\t\t\t\t\t\t\t\t\t\t<span class=\"elementor-icon-list-icon\">\n\t\t\t\t\t\t\t<svg xmlns=\"http:\/\/www.w3.org\/2000\/svg\" width=\"19\" height=\"15\" viewBox=\"0 0 19 15\" fill=\"none\"><path d=\"M1.83478 14.6783C1.33022 14.6783 0.898279 14.4986 0.538967 14.1393C0.179656 13.78 0 13.348 0 12.8435V1.83478C0 1.33022 0.179656 0.898279 0.538967 0.538967C0.898279 0.179656 1.33022 0 1.83478 0H16.513C17.0176 0 17.4495 0.179656 17.8089 0.538967C18.1682 0.898279 18.3478 1.33022 18.3478 1.83478V12.8435C18.3478 13.348 18.1682 13.78 17.8089 14.1393C17.4495 14.4986 17.0176 14.6783 16.513 14.6783H1.83478ZM9.17391 8.25652L1.83478 3.66957V12.8435H16.513V3.66957L9.17391 8.25652ZM9.17391 6.42174L16.513 1.83478H1.83478L9.17391 6.42174ZM1.83478 3.66957V1.83478V12.8435V3.66957Z\" fill=\"#2B70E5\"><\/path><\/svg>\t\t\t\t\t\t<\/span>\n\t\t\t\t\t\t\t\t\t\t<span class=\"elementor-icon-list-text\">alessandro@fsjb.edu.br<\/span>\n\t\t\t\t\t\t\t\t\t\t\t<\/a>\n\t\t\t\t\t\t\t\t\t<\/li>\n\t\t\t\t\t\t<\/ul>\n\t\t\t\t\t\t<\/div>\n\t\t\t\t<\/div>\n\t\t\t\t<div class=\"elementor-element elementor-element-22f298a8 elementor-widget elementor-widget-heading\" data-id=\"22f298a8\" data-element_type=\"widget\" data-widget_type=\"heading.default\">\n\t\t\t\t<div class=\"elementor-widget-container\">\n\t\t\t\t\t<p class=\"elementor-heading-title elementor-size-default\">CONRERP 1566-MG\u00a0 |\u00a0 MTB 4355\/ES<\/p>\t\t\t\t<\/div>\n\t\t\t\t<\/div>\n\t\t\t\t<div class=\"elementor-element elementor-element-6c307c5a elementor-icon-list--layout-traditional elementor-list-item-link-full_width elementor-widget elementor-widget-icon-list\" data-id=\"6c307c5a\" data-element_type=\"widget\" data-widget_type=\"icon-list.default\">\n\t\t\t\t<div class=\"elementor-widget-container\">\n\t\t\t\t\t\t\t<ul class=\"elementor-icon-list-items\">\n\t\t\t\t\t\t\t<li class=\"elementor-icon-list-item\">\n\t\t\t\t\t\t\t\t\t\t\t<span class=\"elementor-icon-list-icon\">\n\t\t\t\t\t\t\t<svg xmlns=\"http:\/\/www.w3.org\/2000\/svg\" width=\"28\" height=\"28\" viewBox=\"0 0 28 28\" fill=\"none\"><path d=\"M26.3667 28C23.1259 28 19.9241 27.2935 16.7611 25.8806C13.5981 24.4676 10.7204 22.4648 8.12778 19.8722C5.53519 17.2796 3.53241 14.4019 2.11944 11.2389C0.706482 8.07593 0 4.87407 0 1.63333C0 1.16667 0.155556 0.777778 0.466667 0.466667C0.777778 0.155556 1.16667 0 1.63333 0H7.93333C8.2963 0 8.62037 0.123148 8.90556 0.369444C9.19074 0.615741 9.35926 0.907407 9.41111 1.24444L10.4222 6.68889C10.4741 7.1037 10.4611 7.4537 10.3833 7.73889C10.3056 8.02407 10.163 8.27037 9.95556 8.47778L6.18333 12.2889C6.70185 13.2481 7.31759 14.175 8.03056 15.0694C8.74352 15.9639 9.52778 16.8259 10.3833 17.6556C11.187 18.4593 12.0296 19.2046 12.9111 19.8917C13.7926 20.5787 14.7259 21.2074 15.7111 21.7778L19.3667 18.1222C19.6 17.8889 19.9046 17.7139 20.2806 17.5972C20.6565 17.4806 21.0259 17.4481 21.3889 17.5L26.7556 18.5889C27.1185 18.6926 27.4167 18.8806 27.65 19.1528C27.8833 19.425 28 19.7296 28 20.0667V26.3667C28 26.8333 27.8444 27.2222 27.5333 27.5333C27.2222 27.8444 26.8333 28 26.3667 28Z\" fill=\"#2B70E5\"><\/path><\/svg>\t\t\t\t\t\t<\/span>\n\t\t\t\t\t\t\t\t\t\t<span class=\"elementor-icon-list-text\">(27) 3302 -8000<\/span>\n\t\t\t\t\t\t\t\t\t<\/li>\n\t\t\t\t\t\t<\/ul>\n\t\t\t\t\t\t<\/div>\n\t\t\t\t<\/div>\n\t\t\t\t<div class=\"elementor-element elementor-element-24af0022 elementor-widget elementor-widget-heading\" data-id=\"24af0022\" data-element_type=\"widget\" data-widget_type=\"heading.default\">\n\t\t\t\t<div class=\"elementor-widget-container\">\n\t\t\t\t\t<p class=\"elementor-heading-title elementor-size-default\">Ramal: 8026<\/p>\t\t\t\t<\/div>\n\t\t\t\t<\/div>\n\t\t\t\t<\/div>\n\t\t\t\t<\/div>\n\t\t<div class=\"elementor-element elementor-element-1e0bdf3e e-con-full e-flex wpr-particle-no wpr-jarallax-no wpr-parallax-no wpr-sticky-section-no elementor-invisible e-con e-child\" data-id=\"1e0bdf3e\" data-element_type=\"container\" data-settings=\"{&quot;background_background&quot;:&quot;classic&quot;,&quot;animation&quot;:&quot;fadeInRight&quot;}\">\n\t\t<div class=\"elementor-element elementor-element-430e2266 e-con-full e-flex wpr-particle-no wpr-jarallax-no wpr-parallax-no wpr-sticky-section-no e-con e-child\" data-id=\"430e2266\" data-element_type=\"container\">\n\t\t\t\t<div class=\"elementor-element elementor-element-2b219fe7 elementor-widget elementor-widget-image\" data-id=\"2b219fe7\" data-element_type=\"widget\" data-widget_type=\"image.default\">\n\t\t\t\t<div class=\"elementor-widget-container\">\n\t\t\t\t\t\t\t\t\t\t\t\t\t\t\t<img decoding=\"async\" width=\"114\" height=\"130\" src=\"https:\/\/faacz.com.br\/portal\/wp-content\/uploads\/2024\/09\/keren-temp.svg\" class=\"attachment-full size-full wp-image-22650\" alt=\"\" \/>\t\t\t\t\t\t\t\t\t\t\t\t\t\t\t<\/div>\n\t\t\t\t<\/div>\n\t\t\t\t<\/div>\n\t\t<div class=\"elementor-element elementor-element-35da43bc e-con-full e-flex wpr-particle-no wpr-jarallax-no wpr-parallax-no wpr-sticky-section-no e-con e-child\" data-id=\"35da43bc\" data-element_type=\"container\">\n\t\t\t\t<div class=\"elementor-element elementor-element-2f05ad98 elementor-widget elementor-widget-heading\" data-id=\"2f05ad98\" data-element_type=\"widget\" data-widget_type=\"heading.default\">\n\t\t\t\t<div class=\"elementor-widget-container\">\n\t\t\t\t\t<h2 class=\"elementor-heading-title elementor-size-default\">Keren Hapuc<\/h2>\t\t\t\t<\/div>\n\t\t\t\t<\/div>\n\t\t\t\t<div class=\"elementor-element elementor-element-5846a3ee elementor-icon-list--layout-traditional elementor-list-item-link-full_width elementor-widget elementor-widget-icon-list\" data-id=\"5846a3ee\" data-element_type=\"widget\" data-widget_type=\"icon-list.default\">\n\t\t\t\t<div class=\"elementor-widget-container\">\n\t\t\t\t\t\t\t<ul class=\"elementor-icon-list-items\">\n\t\t\t\t\t\t\t<li class=\"elementor-icon-list-item\">\n\t\t\t\t\t\t\t\t\t\t\t<a href=\"mailto:keren@fsjb.edu.br\">\n\n\t\t\t\t\t\t\t\t\t\t\t\t<span class=\"elementor-icon-list-icon\">\n\t\t\t\t\t\t\t<svg xmlns=\"http:\/\/www.w3.org\/2000\/svg\" width=\"19\" height=\"15\" viewBox=\"0 0 19 15\" fill=\"none\"><path d=\"M1.83478 14.6783C1.33022 14.6783 0.898279 14.4986 0.538967 14.1393C0.179656 13.78 0 13.348 0 12.8435V1.83478C0 1.33022 0.179656 0.898279 0.538967 0.538967C0.898279 0.179656 1.33022 0 1.83478 0H16.513C17.0176 0 17.4495 0.179656 17.8089 0.538967C18.1682 0.898279 18.3478 1.33022 18.3478 1.83478V12.8435C18.3478 13.348 18.1682 13.78 17.8089 14.1393C17.4495 14.4986 17.0176 14.6783 16.513 14.6783H1.83478ZM9.17391 8.25652L1.83478 3.66957V12.8435H16.513V3.66957L9.17391 8.25652ZM9.17391 6.42174L16.513 1.83478H1.83478L9.17391 6.42174ZM1.83478 3.66957V1.83478V12.8435V3.66957Z\" fill=\"#2B70E5\"><\/path><\/svg>\t\t\t\t\t\t<\/span>\n\t\t\t\t\t\t\t\t\t\t<span class=\"elementor-icon-list-text\">keren@fsjb.edu.br<\/span>\n\t\t\t\t\t\t\t\t\t\t\t<\/a>\n\t\t\t\t\t\t\t\t\t<\/li>\n\t\t\t\t\t\t<\/ul>\n\t\t\t\t\t\t<\/div>\n\t\t\t\t<\/div>\n\t\t\t\t<div class=\"elementor-element elementor-element-60d9d646 elementor-icon-list--layout-traditional elementor-list-item-link-full_width elementor-widget elementor-widget-icon-list\" data-id=\"60d9d646\" data-element_type=\"widget\" data-widget_type=\"icon-list.default\">\n\t\t\t\t<div class=\"elementor-widget-container\">\n\t\t\t\t\t\t\t<ul class=\"elementor-icon-list-items\">\n\t\t\t\t\t\t\t<li class=\"elementor-icon-list-item\">\n\t\t\t\t\t\t\t\t\t\t\t<span class=\"elementor-icon-list-icon\">\n\t\t\t\t\t\t\t<svg xmlns=\"http:\/\/www.w3.org\/2000\/svg\" width=\"28\" height=\"28\" viewBox=\"0 0 28 28\" fill=\"none\"><path d=\"M26.3667 28C23.1259 28 19.9241 27.2935 16.7611 25.8806C13.5981 24.4676 10.7204 22.4648 8.12778 19.8722C5.53519 17.2796 3.53241 14.4019 2.11944 11.2389C0.706482 8.07593 0 4.87407 0 1.63333C0 1.16667 0.155556 0.777778 0.466667 0.466667C0.777778 0.155556 1.16667 0 1.63333 0H7.93333C8.2963 0 8.62037 0.123148 8.90556 0.369444C9.19074 0.615741 9.35926 0.907407 9.41111 1.24444L10.4222 6.68889C10.4741 7.1037 10.4611 7.4537 10.3833 7.73889C10.3056 8.02407 10.163 8.27037 9.95556 8.47778L6.18333 12.2889C6.70185 13.2481 7.31759 14.175 8.03056 15.0694C8.74352 15.9639 9.52778 16.8259 10.3833 17.6556C11.187 18.4593 12.0296 19.2046 12.9111 19.8917C13.7926 20.5787 14.7259 21.2074 15.7111 21.7778L19.3667 18.1222C19.6 17.8889 19.9046 17.7139 20.2806 17.5972C20.6565 17.4806 21.0259 17.4481 21.3889 17.5L26.7556 18.5889C27.1185 18.6926 27.4167 18.8806 27.65 19.1528C27.8833 19.425 28 19.7296 28 20.0667V26.3667C28 26.8333 27.8444 27.2222 27.5333 27.5333C27.2222 27.8444 26.8333 28 26.3667 28Z\" fill=\"#2B70E5\"><\/path><\/svg>\t\t\t\t\t\t<\/span>\n\t\t\t\t\t\t\t\t\t\t<span class=\"elementor-icon-list-text\">(27) 3302 -8000<\/span>\n\t\t\t\t\t\t\t\t\t<\/li>\n\t\t\t\t\t\t<\/ul>\n\t\t\t\t\t\t<\/div>\n\t\t\t\t<\/div>\n\t\t\t\t<div class=\"elementor-element elementor-element-7dcd4e9b elementor-widget elementor-widget-heading\" data-id=\"7dcd4e9b\" data-element_type=\"widget\" data-widget_type=\"heading.default\">\n\t\t\t\t<div class=\"elementor-widget-container\">\n\t\t\t\t\t<p class=\"elementor-heading-title elementor-size-default\">Ramal: 8028<\/p>\t\t\t\t<\/div>\n\t\t\t\t<\/div>\n\t\t\t\t<\/div>\n\t\t\t\t<\/div>\n\t\t\t\t<\/div>\n\t\t\t\t\t<\/div>\n\t\t\t\t<\/div>\n\t\t\t\t<\/div>\n\t\t","protected":false},"excerpt":{"rendered":"<p>Para a imprensa A Sala\u00a0de Imprensa do portal da FAACZ \u00e9 a respons\u00e1vel pelo relacionamento da faculdade com os ve\u00edculos de comunica\u00e7\u00e3o. Esse \u00e9 um canal de relacionamento com a imprensa, com um banco de imagens e de releases sobre eventos, pesquisas, ensino e outros assuntos relacionados \u00e0 faculdade. Os jornalistas que necessitem de informa\u00e7\u00f5es e indica\u00e7\u00e3o de professores e demais colaboradores da FAACZ para entrevista entrem em contato com a Assessoria de Imprensa e receber\u00e3o o suporte necess\u00e1rio para sua not\u00edcia e reportagem. Assessoria de Comunica\u00e7\u00e3o Alessandro Bitti alessandro@fsjb.edu.br CONRERP 1566-MG\u00a0 |\u00a0 MTB 4355\/ES (27) 3302 -8000 Ramal: 8026 Keren Hapuc keren@fsjb.edu.br (27) 3302 -8000 Ramal: 8028<\/p>\n","protected":false},"author":1,"featured_media":0,"parent":0,"menu_order":41,"comment_status":"closed","ping_status":"closed","template":"elementor_header_footer","meta":{"_exactmetrics_skip_tracking":false,"_exactmetrics_sitenote_active":false,"_exactmetrics_sitenote_note":"","_exactmetrics_sitenote_category":0,"footnotes":""},"class_list":["post-22648","page","type-page","status-publish","hentry"],"aioseo_notices":[],"_links":{"self":[{"href":"https:\/\/faacz.com.br\/portal\/wp-json\/wp\/v2\/pages\/22648"}],"collection":[{"href":"https:\/\/faacz.com.br\/portal\/wp-json\/wp\/v2\/pages"}],"about":[{"href":"https:\/\/faacz.com.br\/portal\/wp-json\/wp\/v2\/types\/page"}],"author":[{"embeddable":true,"href":"https:\/\/faacz.com.br\/portal\/wp-json\/wp\/v2\/users\/1"}],"replies":[{"embeddable":true,"href":"https:\/\/faacz.com.br\/portal\/wp-json\/wp\/v2\/comments?post=22648"}],"version-history":[{"count":19,"href":"https:\/\/faacz.com.br\/portal\/wp-json\/wp\/v2\/pages\/22648\/revisions"}],"predecessor-version":[{"id":36148,"href":"https:\/\/faacz.com.br\/portal\/wp-json\/wp\/v2\/pages\/22648\/revisions\/36148"}],"wp:attachment":[{"href":"https:\/\/faacz.com.br\/portal\/wp-json\/wp\/v2\/media?parent=22648"}],"curies":[{"name":"wp","href":"https:\/\/api.w.org\/{rel}","templated":true}]}}