{"id":22613,"date":"2024-09-17T03:36:57","date_gmt":"2024-09-17T06:36:57","guid":{"rendered":"https:\/\/faacz.com.br\/portal\/secretaria-academica-2\/"},"modified":"2025-01-09T11:16:43","modified_gmt":"2025-01-09T14:16:43","slug":"secretaria-academica","status":"publish","type":"page","link":"https:\/\/faacz.com.br\/portal\/secretaria-academica\/","title":{"rendered":"Secretaria Acad\u00eamica"},"content":{"rendered":"\t\t<div data-elementor-type=\"wp-page\" data-elementor-id=\"22613\" class=\"elementor elementor-22613\" data-elementor-settings=\"{&quot;ha_cmc_init_switcher&quot;:&quot;no&quot;}\" data-elementor-post-type=\"page\">\n\t\t\t\t<div class=\"elementor-element elementor-element-185848ce bg-roxo e-flex e-con-boxed wpr-particle-no wpr-jarallax-no wpr-parallax-no wpr-sticky-section-no e-con e-parent\" data-id=\"185848ce\" data-element_type=\"container\" data-settings=\"{&quot;background_background&quot;:&quot;classic&quot;}\">\n\t\t\t\t\t<div class=\"e-con-inner\">\n\t\t<div class=\"elementor-element elementor-element-1e6f597 e-flex e-con-boxed wpr-particle-no wpr-jarallax-no wpr-parallax-no wpr-sticky-section-no e-con e-child\" data-id=\"1e6f597\" data-element_type=\"container\">\n\t\t\t\t\t<div class=\"e-con-inner\">\n\t\t\t\t<div class=\"elementor-element elementor-element-73aae63e elementor-invisible elementor-widget elementor-widget-heading\" data-id=\"73aae63e\" data-element_type=\"widget\" data-settings=\"{&quot;_animation&quot;:&quot;fadeInLeft&quot;}\" data-widget_type=\"heading.default\">\n\t\t\t\t<div class=\"elementor-widget-container\">\n\t\t\t\t\t<h1 class=\"elementor-heading-title elementor-size-default\">Secretaria Acad\u00eamica<\/h1>\t\t\t\t<\/div>\n\t\t\t\t<\/div>\n\t\t\t\t<div class=\"elementor-element elementor-element-5bd7eaf1 elementor-widget-divider--view-line elementor-invisible elementor-widget elementor-widget-divider\" data-id=\"5bd7eaf1\" data-element_type=\"widget\" data-settings=\"{&quot;_animation&quot;:&quot;fadeInDown&quot;}\" data-widget_type=\"divider.default\">\n\t\t\t\t<div class=\"elementor-widget-container\">\n\t\t\t\t\t\t\t<div class=\"elementor-divider\">\n\t\t\t<span class=\"elementor-divider-separator\">\n\t\t\t\t\t\t<\/span>\n\t\t<\/div>\n\t\t\t\t\t\t<\/div>\n\t\t\t\t<\/div>\n\t\t\t\t\t<\/div>\n\t\t\t\t<\/div>\n\t\t\t\t\t<\/div>\n\t\t\t\t<\/div>\n\t\t<div class=\"elementor-element elementor-element-49387b59 e-flex e-con-boxed wpr-particle-no wpr-jarallax-no wpr-parallax-no wpr-sticky-section-no e-con e-parent\" data-id=\"49387b59\" data-element_type=\"container\">\n\t\t\t\t\t<div class=\"e-con-inner\">\n\t\t<div class=\"elementor-element elementor-element-74423abb e-flex e-con-boxed wpr-particle-no wpr-jarallax-no wpr-parallax-no wpr-sticky-section-no e-con e-child\" data-id=\"74423abb\" data-element_type=\"container\" data-settings=\"{&quot;background_background&quot;:&quot;classic&quot;}\">\n\t\t\t\t\t<div class=\"e-con-inner\">\n\t\t<div class=\"elementor-element elementor-element-23751a24 e-con-full e-flex wpr-particle-no wpr-jarallax-no wpr-parallax-no wpr-sticky-section-no e-con e-child\" data-id=\"23751a24\" data-element_type=\"container\">\n\t\t\t\t<div class=\"elementor-element elementor-element-299c33eb elementor-invisible elementor-widget elementor-widget-heading\" data-id=\"299c33eb\" data-element_type=\"widget\" data-settings=\"{&quot;_animation&quot;:&quot;fadeInDown&quot;}\" data-widget_type=\"heading.default\">\n\t\t\t\t<div class=\"elementor-widget-container\">\n\t\t\t\t\t<h2 class=\"elementor-heading-title elementor-size-default\">Fale com a Secretaria\nAcad\u00eamica<\/h2>\t\t\t\t<\/div>\n\t\t\t\t<\/div>\n\t\t\t\t<div class=\"elementor-element elementor-element-354a089 elementor-mobile-align-center elementor-icon-list--layout-traditional elementor-list-item-link-full_width elementor-invisible elementor-widget elementor-widget-icon-list\" data-id=\"354a089\" data-element_type=\"widget\" data-settings=\"{&quot;_animation&quot;:&quot;fadeInDown&quot;}\" data-widget_type=\"icon-list.default\">\n\t\t\t\t<div class=\"elementor-widget-container\">\n\t\t\t\t\t\t\t<ul class=\"elementor-icon-list-items\">\n\t\t\t\t\t\t\t<li class=\"elementor-icon-list-item\">\n\t\t\t\t\t\t\t\t\t\t\t<span class=\"elementor-icon-list-icon\">\n\t\t\t\t\t\t\t<svg xmlns=\"http:\/\/www.w3.org\/2000\/svg\" width=\"28\" height=\"28\" viewBox=\"0 0 28 28\" fill=\"none\"><path d=\"M26.3667 28C23.1259 28 19.9241 27.2935 16.7611 25.8806C13.5981 24.4676 10.7204 22.4648 8.12778 19.8722C5.53519 17.2796 3.53241 14.4019 2.11944 11.2389C0.706482 8.07593 0 4.87407 0 1.63333C0 1.16667 0.155556 0.777778 0.466667 0.466667C0.777778 0.155556 1.16667 0 1.63333 0H7.93333C8.2963 0 8.62037 0.123148 8.90556 0.369444C9.19074 0.615741 9.35926 0.907407 9.41111 1.24444L10.4222 6.68889C10.4741 7.1037 10.4611 7.4537 10.3833 7.73889C10.3056 8.02407 10.163 8.27037 9.95556 8.47778L6.18333 12.2889C6.70185 13.2481 7.31759 14.175 8.03056 15.0694C8.74352 15.9639 9.52778 16.8259 10.3833 17.6556C11.187 18.4593 12.0296 19.2046 12.9111 19.8917C13.7926 20.5787 14.7259 21.2074 15.7111 21.7778L19.3667 18.1222C19.6 17.8889 19.9046 17.7139 20.2806 17.5972C20.6565 17.4806 21.0259 17.4481 21.3889 17.5L26.7556 18.5889C27.1185 18.6926 27.4167 18.8806 27.65 19.1528C27.8833 19.425 28 19.7296 28 20.0667V26.3667C28 26.8333 27.8444 27.2222 27.5333 27.5333C27.2222 27.8444 26.8333 28 26.3667 28Z\" fill=\"#2B70E5\"><\/path><\/svg>\t\t\t\t\t\t<\/span>\n\t\t\t\t\t\t\t\t\t\t<span class=\"elementor-icon-list-text\">Ligue: <span class=\"destaque\">(27) 3302-8000<\/span> - Ramal 8049<\/span>\n\t\t\t\t\t\t\t\t\t<\/li>\n\t\t\t\t\t\t<\/ul>\n\t\t\t\t\t\t<\/div>\n\t\t\t\t<\/div>\n\t\t\t\t<div class=\"elementor-element elementor-element-3362c77e elementor-mobile-align-center elementor-icon-list--layout-traditional elementor-list-item-link-full_width elementor-invisible elementor-widget elementor-widget-icon-list\" data-id=\"3362c77e\" data-element_type=\"widget\" data-settings=\"{&quot;_animation&quot;:&quot;fadeInDown&quot;}\" data-widget_type=\"icon-list.default\">\n\t\t\t\t<div class=\"elementor-widget-container\">\n\t\t\t\t\t\t\t<ul class=\"elementor-icon-list-items\">\n\t\t\t\t\t\t\t<li class=\"elementor-icon-list-item\">\n\t\t\t\t\t\t\t\t\t\t\t<span class=\"elementor-icon-list-icon\">\n\t\t\t\t\t\t\t<svg xmlns=\"http:\/\/www.w3.org\/2000\/svg\" width=\"19\" height=\"15\" viewBox=\"0 0 19 15\" fill=\"none\"><path d=\"M1.83478 14.6783C1.33022 14.6783 0.898279 14.4986 0.538967 14.1393C0.179656 13.78 0 13.348 0 12.8435V1.83478C0 1.33022 0.179656 0.898279 0.538967 0.538967C0.898279 0.179656 1.33022 0 1.83478 0H16.513C17.0176 0 17.4495 0.179656 17.8089 0.538967C18.1682 0.898279 18.3478 1.33022 18.3478 1.83478V12.8435C18.3478 13.348 18.1682 13.78 17.8089 14.1393C17.4495 14.4986 17.0176 14.6783 16.513 14.6783H1.83478ZM9.17391 8.25652L1.83478 3.66957V12.8435H16.513V3.66957L9.17391 8.25652ZM9.17391 6.42174L16.513 1.83478H1.83478L9.17391 6.42174ZM1.83478 3.66957V1.83478V12.8435V3.66957Z\" fill=\"#2B70E5\"><\/path><\/svg>\t\t\t\t\t\t<\/span>\n\t\t\t\t\t\t\t\t\t\t<span class=\"elementor-icon-list-text\">Nos mande um <span class=\"destaque\">e-mail.<\/span><\/span>\n\t\t\t\t\t\t\t\t\t<\/li>\n\t\t\t\t\t\t<\/ul>\n\t\t\t\t\t\t<\/div>\n\t\t\t\t<\/div>\n\t\t\t\t<div class=\"elementor-element elementor-element-64311094 elementor-invisible elementor-widget elementor-widget-heading\" data-id=\"64311094\" data-element_type=\"widget\" data-settings=\"{&quot;_animation&quot;:&quot;fadeInDown&quot;}\" data-widget_type=\"heading.default\">\n\t\t\t\t<div class=\"elementor-widget-container\">\n\t\t\t\t\t<h2 class=\"elementor-heading-title elementor-size-default\"><b>Atendimento\u00a0ao p\u00fablico:<\/b> Segunda a sexta-feira das 09h \u00e0s 18h<\/h2>\t\t\t\t<\/div>\n\t\t\t\t<\/div>\n\t\t\t\t<\/div>\n\t\t<div class=\"elementor-element elementor-element-69b53770 e-con-full e-flex wpr-particle-no wpr-jarallax-no wpr-parallax-no wpr-sticky-section-no elementor-invisible e-con e-child\" data-id=\"69b53770\" data-element_type=\"container\" data-settings=\"{&quot;animation&quot;:&quot;fadeInRight&quot;}\">\n\t\t\t\t<div class=\"elementor-element elementor-element-4d63be14 elementor-widget elementor-widget-image\" data-id=\"4d63be14\" data-element_type=\"widget\" data-widget_type=\"image.default\">\n\t\t\t\t<div class=\"elementor-widget-container\">\n\t\t\t\t\t\t\t\t\t\t\t\t\t\t\t<img fetchpriority=\"high\" decoding=\"async\" width=\"378\" height=\"320\" src=\"https:\/\/faacz.com.br\/portal\/wp-content\/uploads\/2024\/09\/Secretaria-Academica.webp\" class=\"attachment-large size-large wp-image-22614\" alt=\"\" srcset=\"https:\/\/faacz.com.br\/portal\/wp-content\/uploads\/2024\/09\/Secretaria-Academica.webp 378w, https:\/\/faacz.com.br\/portal\/wp-content\/uploads\/2024\/09\/Secretaria-Academica-24x20.webp 24w, https:\/\/faacz.com.br\/portal\/wp-content\/uploads\/2024\/09\/Secretaria-Academica-36x30.webp 36w, https:\/\/faacz.com.br\/portal\/wp-content\/uploads\/2024\/09\/Secretaria-Academica-48x41.webp 48w\" sizes=\"(max-width: 378px) 100vw, 378px\" \/>\t\t\t\t\t\t\t\t\t\t\t\t\t\t\t<\/div>\n\t\t\t\t<\/div>\n\t\t\t\t<\/div>\n\t\t\t\t\t<\/div>\n\t\t\t\t<\/div>\n\t\t\t\t\t<\/div>\n\t\t\t\t<\/div>\n\t\t<div class=\"elementor-element elementor-element-4ae8d3b4 e-flex e-con-boxed wpr-particle-no wpr-jarallax-no wpr-parallax-no wpr-sticky-section-no e-con e-parent\" data-id=\"4ae8d3b4\" data-element_type=\"container\">\n\t\t\t\t\t<div class=\"e-con-inner\">\n\t\t<div class=\"elementor-element elementor-element-54033d2c e-con-full e-flex wpr-particle-no wpr-jarallax-no wpr-parallax-no wpr-sticky-section-no e-con e-child\" data-id=\"54033d2c\" data-element_type=\"container\">\n\t\t<div class=\"elementor-element elementor-element-73a73150 e-flex e-con-boxed wpr-particle-no wpr-jarallax-no wpr-parallax-no wpr-sticky-section-no elementor-invisible e-con e-child\" data-id=\"73a73150\" data-element_type=\"container\" data-settings=\"{&quot;background_background&quot;:&quot;classic&quot;,&quot;animation&quot;:&quot;fadeInLeft&quot;}\">\n\t\t\t\t\t<div class=\"e-con-inner\">\n\t\t\t\t<div class=\"elementor-element elementor-element-79d098ab elementor-widget elementor-widget-heading\" data-id=\"79d098ab\" data-element_type=\"widget\" data-widget_type=\"heading.default\">\n\t\t\t\t<div class=\"elementor-widget-container\">\n\t\t\t\t\t<h2 class=\"elementor-heading-title elementor-size-default\">Servi\u00e7os:<\/h2>\t\t\t\t<\/div>\n\t\t\t\t<\/div>\n\t\t\t\t<div class=\"elementor-element elementor-element-7793e244 elementor-widget elementor-widget-text-editor\" data-id=\"7793e244\" data-element_type=\"widget\" data-widget_type=\"text-editor.default\">\n\t\t\t\t<div class=\"elementor-widget-container\">\n\t\t\t\t\t\t\t\t\t<p>\u2022 Efetiva\u00e7\u00e3o Trancamentos;<br \/>\u2022 Efetiva\u00e7\u00e3o Transfer\u00eancias;<br \/>\u2022 Efetiva\u00e7\u00e3o de Cancelamento de Matr\u00edculas;<br \/>\u2022 Efetiva\u00e7\u00e3o Matr\u00edculas (matr\u00edculas novas);<br \/>\u2022 Solicita\u00e7\u00e3o de avalia\u00e7\u00e3o substitutiva.<\/p>\t\t\t\t\t\t\t\t<\/div>\n\t\t\t\t<\/div>\n\t\t\t\t\t<\/div>\n\t\t\t\t<\/div>\n\t\t<div class=\"elementor-element elementor-element-5145b09 e-flex e-con-boxed wpr-particle-no wpr-jarallax-no wpr-parallax-no wpr-sticky-section-no elementor-invisible e-con e-child\" data-id=\"5145b09\" data-element_type=\"container\" data-settings=\"{&quot;background_background&quot;:&quot;classic&quot;,&quot;animation&quot;:&quot;fadeInLeft&quot;}\">\n\t\t\t\t\t<div class=\"e-con-inner\">\n\t\t\t\t<div class=\"elementor-element elementor-element-528496e9 elementor-widget elementor-widget-heading\" data-id=\"528496e9\" data-element_type=\"widget\" data-widget_type=\"heading.default\">\n\t\t\t\t<div class=\"elementor-widget-container\">\n\t\t\t\t\t<h2 class=\"elementor-heading-title elementor-size-default\">Documenta\u00e7\u00e3o para Transfer\u00eancia:<\/h2>\t\t\t\t<\/div>\n\t\t\t\t<\/div>\n\t\t\t\t<div class=\"elementor-element elementor-element-38cde104 elementor-widget elementor-widget-text-editor\" data-id=\"38cde104\" data-element_type=\"widget\" data-widget_type=\"text-editor.default\">\n\t\t\t\t<div class=\"elementor-widget-container\">\n\t\t\t\t\t\t\t\t\t<p>\u2022 Hist\u00f3rico escolar da escola de origem (original); <br \/>\u2022 Programas de ensino das disciplinas cursadas e aprovadas; <br \/>\u2022 Declara\u00e7\u00e3o de regularidade acad\u00eamica; <br \/>\u2022 Portaria de autoriza\u00e7\u00e3o ou reconhecimento do curso. <br \/>Gostaria de transferir seu curso para FAACZ?<\/p>\t\t\t\t\t\t\t\t<\/div>\n\t\t\t\t<\/div>\n\t\t\t\t<div class=\"elementor-element elementor-element-7883285 elementor-widget elementor-widget-heading\" data-id=\"7883285\" data-element_type=\"widget\" data-widget_type=\"heading.default\">\n\t\t\t\t<div class=\"elementor-widget-container\">\n\t\t\t\t\t<span class=\"elementor-heading-title elementor-size-default\">CLIQUE AQUI<\/span>\t\t\t\t<\/div>\n\t\t\t\t<\/div>\n\t\t\t\t\t<\/div>\n\t\t\t\t<\/div>\n\t\t\t\t<\/div>\n\t\t<div class=\"elementor-element elementor-element-4dcbc5da e-con-full e-flex wpr-particle-no wpr-jarallax-no wpr-parallax-no wpr-sticky-section-no elementor-invisible e-con e-child\" data-id=\"4dcbc5da\" data-element_type=\"container\" data-settings=\"{&quot;background_background&quot;:&quot;classic&quot;,&quot;animation&quot;:&quot;fadeInRight&quot;}\">\n\t\t\t\t<div class=\"elementor-element elementor-element-6d2b8b8f elementor-widget elementor-widget-heading\" data-id=\"6d2b8b8f\" data-element_type=\"widget\" data-widget_type=\"heading.default\">\n\t\t\t\t<div class=\"elementor-widget-container\">\n\t\t\t\t\t<h2 class=\"elementor-heading-title elementor-size-default\">Documenta\u00e7\u00e3o para Matr\u00edcula:<\/h2>\t\t\t\t<\/div>\n\t\t\t\t<\/div>\n\t\t\t\t<div class=\"elementor-element elementor-element-396b98d8 elementor-widget elementor-widget-text-editor\" data-id=\"396b98d8\" data-element_type=\"widget\" data-widget_type=\"text-editor.default\">\n\t\t\t\t<div class=\"elementor-widget-container\">\n\t\t\t\t\t\t\t\t\t<p>\u2022 Hist\u00f3rico Escolar e Certificado do 2\u00ba Grau (C\u00f3pia autenticada) \u2013 Quando feito a dist\u00e2ncia, comprovar mediante publica\u00e7\u00e3o no D.O.U;.<br \/>\u2022 Certid\u00e3o de Nascimento ou Casamento;<br \/>\u2022 Carteira de Identidade;<br \/>\u2022 Comprovante de resid\u00eancia;<br \/>\u2022 CPF;<br \/>\u2022 T\u00edtulo de Eleitor acompanhado do \u00faltimo comprovante de vota\u00e7\u00e3o;<br \/>\u2022 Certificado de Reservista (homens);<br \/>\u2022 1 foto 3\u00d74.<\/p>\t\t\t\t\t\t\t\t<\/div>\n\t\t\t\t<\/div>\n\t\t\t\t<div class=\"elementor-element elementor-element-8380f44 elementor-widget elementor-widget-heading\" data-id=\"8380f44\" data-element_type=\"widget\" data-widget_type=\"heading.default\">\n\t\t\t\t<div class=\"elementor-widget-container\">\n\t\t\t\t\t<h2 class=\"elementor-heading-title elementor-size-default\">Documenta\u00e7\u00e3o para Rematr\u00edcula:<\/h2>\t\t\t\t<\/div>\n\t\t\t\t<\/div>\n\t\t\t\t<div class=\"elementor-element elementor-element-37eca8b9 elementor-widget elementor-widget-text-editor\" data-id=\"37eca8b9\" data-element_type=\"widget\" data-widget_type=\"text-editor.default\">\n\t\t\t\t<div class=\"elementor-widget-container\">\n\t\t\t\t\t\t\t\t\t<p>\u2022 Comprovante de resid\u00eancia atualizado;<br \/>\u2022 Documento que ateste adimpl\u00eancia junto a Tesouraria;<br \/>\u2022 Documento que ateste adimpl\u00eancia junto \u00e0 Biblioteca.<\/p>\t\t\t\t\t\t\t\t<\/div>\n\t\t\t\t<\/div>\n\t\t\t\t<\/div>\n\t\t\t\t\t<\/div>\n\t\t\t\t<\/div>\n\t\t\t\t<\/div>\n\t\t","protected":false},"excerpt":{"rendered":"<p>Fale com a Secretaria Acad\u00eamica Ligue: (27) 3302-8000 &#8211; Ramal 8049 Nos mande um e-mail. Atendimento\u00a0ao p\u00fablico: Segunda a sexta-feira das 09h \u00e0s 18h Servi\u00e7os: \u2022 Efetiva\u00e7\u00e3o Trancamentos;\u2022 Efetiva\u00e7\u00e3o Transfer\u00eancias;\u2022 Efetiva\u00e7\u00e3o de Cancelamento de Matr\u00edculas;\u2022 Efetiva\u00e7\u00e3o Matr\u00edculas (matr\u00edculas novas);\u2022 Solicita\u00e7\u00e3o de avalia\u00e7\u00e3o substitutiva. Documenta\u00e7\u00e3o para Transfer\u00eancia: \u2022 Hist\u00f3rico escolar da escola de origem (original); \u2022 Programas de ensino das disciplinas cursadas e aprovadas; \u2022 Declara\u00e7\u00e3o de regularidade acad\u00eamica; \u2022 Portaria de autoriza\u00e7\u00e3o ou reconhecimento do curso. Gostaria de transferir seu curso para FAACZ? CLIQUE AQUI Documenta\u00e7\u00e3o para Matr\u00edcula: \u2022 Hist\u00f3rico Escolar e Certificado do 2\u00ba Grau (C\u00f3pia autenticada) \u2013 Quando feito a dist\u00e2ncia, comprovar mediante publica\u00e7\u00e3o no D.O.U;.\u2022 Certid\u00e3o de Nascimento ou Casamento;\u2022 Carteira de Identidade;\u2022 Comprovante de resid\u00eancia;\u2022 CPF;\u2022 T\u00edtulo de Eleitor acompanhado do \u00faltimo comprovante de vota\u00e7\u00e3o;\u2022 Certificado de Reservista (homens);\u2022 1 foto 3\u00d74. Documenta\u00e7\u00e3o para Rematr\u00edcula: \u2022 Comprovante de resid\u00eancia atualizado;\u2022 Documento que ateste adimpl\u00eancia junto a Tesouraria;\u2022 Documento que ateste adimpl\u00eancia junto \u00e0 Biblioteca.<\/p>\n","protected":false},"author":1,"featured_media":0,"parent":0,"menu_order":47,"comment_status":"closed","ping_status":"closed","template":"elementor_header_footer","meta":{"_exactmetrics_skip_tracking":false,"_exactmetrics_sitenote_active":false,"_exactmetrics_sitenote_note":"","_exactmetrics_sitenote_category":0,"footnotes":""},"class_list":["post-22613","page","type-page","status-publish","hentry"],"aioseo_notices":[],"_links":{"self":[{"href":"https:\/\/faacz.com.br\/portal\/wp-json\/wp\/v2\/pages\/22613"}],"collection":[{"href":"https:\/\/faacz.com.br\/portal\/wp-json\/wp\/v2\/pages"}],"about":[{"href":"https:\/\/faacz.com.br\/portal\/wp-json\/wp\/v2\/types\/page"}],"author":[{"embeddable":true,"href":"https:\/\/faacz.com.br\/portal\/wp-json\/wp\/v2\/users\/1"}],"replies":[{"embeddable":true,"href":"https:\/\/faacz.com.br\/portal\/wp-json\/wp\/v2\/comments?post=22613"}],"version-history":[{"count":13,"href":"https:\/\/faacz.com.br\/portal\/wp-json\/wp\/v2\/pages\/22613\/revisions"}],"predecessor-version":[{"id":36433,"href":"https:\/\/faacz.com.br\/portal\/wp-json\/wp\/v2\/pages\/22613\/revisions\/36433"}],"wp:attachment":[{"href":"https:\/\/faacz.com.br\/portal\/wp-json\/wp\/v2\/media?parent=22613"}],"curies":[{"name":"wp","href":"https:\/\/api.w.org\/{rel}","templated":true}]}}