{"id":22605,"date":"2024-09-17T03:36:55","date_gmt":"2024-09-17T06:36:55","guid":{"rendered":"https:\/\/faacz.com.br\/portal\/material-de-apoio\/"},"modified":"2024-10-16T13:49:13","modified_gmt":"2024-10-16T16:49:13","slug":"material-de-apoio","status":"publish","type":"page","link":"https:\/\/faacz.com.br\/portal\/material-de-apoio\/","title":{"rendered":"Material de Apoio"},"content":{"rendered":"\t\t<div data-elementor-type=\"wp-page\" data-elementor-id=\"22605\" class=\"elementor elementor-22605\" data-elementor-settings=\"{&quot;ha_cmc_init_switcher&quot;:&quot;no&quot;}\" data-elementor-post-type=\"page\">\n\t\t\t\t<div class=\"elementor-element elementor-element-87edd82 bg-roxo e-flex e-con-boxed wpr-particle-no wpr-jarallax-no wpr-parallax-no wpr-sticky-section-no e-con e-parent\" data-id=\"87edd82\" data-element_type=\"container\" data-settings=\"{&quot;background_background&quot;:&quot;classic&quot;}\">\n\t\t\t\t\t<div class=\"e-con-inner\">\n\t\t<div class=\"elementor-element elementor-element-f8d53dc e-flex e-con-boxed wpr-particle-no wpr-jarallax-no wpr-parallax-no wpr-sticky-section-no e-con e-child\" data-id=\"f8d53dc\" data-element_type=\"container\">\n\t\t\t\t\t<div class=\"e-con-inner\">\n\t\t\t\t<div class=\"elementor-element elementor-element-4aa1a8f2 elementor-invisible elementor-widget elementor-widget-heading\" data-id=\"4aa1a8f2\" data-element_type=\"widget\" data-settings=\"{&quot;_animation&quot;:&quot;fadeInLeft&quot;}\" data-widget_type=\"heading.default\">\n\t\t\t\t<div class=\"elementor-widget-container\">\n\t\t\t\t\t<h1 class=\"elementor-heading-title elementor-size-default\">Material de Apoio<\/h1>\t\t\t\t<\/div>\n\t\t\t\t<\/div>\n\t\t\t\t<div class=\"elementor-element elementor-element-22166fbf elementor-widget-divider--view-line elementor-invisible elementor-widget elementor-widget-divider\" data-id=\"22166fbf\" data-element_type=\"widget\" data-settings=\"{&quot;_animation&quot;:&quot;fadeInDown&quot;}\" data-widget_type=\"divider.default\">\n\t\t\t\t<div class=\"elementor-widget-container\">\n\t\t\t\t\t\t\t<div class=\"elementor-divider\">\n\t\t\t<span class=\"elementor-divider-separator\">\n\t\t\t\t\t\t<\/span>\n\t\t<\/div>\n\t\t\t\t\t\t<\/div>\n\t\t\t\t<\/div>\n\t\t\t\t\t<\/div>\n\t\t\t\t<\/div>\n\t\t\t\t\t<\/div>\n\t\t\t\t<\/div>\n\t\t<div class=\"elementor-element elementor-element-174792ce e-flex e-con-boxed wpr-particle-no wpr-jarallax-no wpr-parallax-no wpr-sticky-section-no e-con e-parent\" data-id=\"174792ce\" data-element_type=\"container\">\n\t\t\t\t\t<div class=\"e-con-inner\">\n\t\t<div class=\"elementor-element elementor-element-3c28c1b6 e-flex e-con-boxed wpr-particle-no wpr-jarallax-no wpr-parallax-no wpr-sticky-section-no e-con e-child\" data-id=\"3c28c1b6\" data-element_type=\"container\">\n\t\t\t\t\t<div class=\"e-con-inner\">\n\t\t\t\t<div class=\"elementor-element elementor-element-1e6b85 elementor-invisible elementor-widget elementor-widget-heading\" data-id=\"1e6b85\" data-element_type=\"widget\" data-settings=\"{&quot;_animation&quot;:&quot;fadeInUp&quot;}\" data-widget_type=\"heading.default\">\n\t\t\t\t<div class=\"elementor-widget-container\">\n\t\t\t\t\t<h2 class=\"elementor-heading-title elementor-size-default\">Algumas orienta\u00e7\u00f5es importantes<\/h2>\t\t\t\t<\/div>\n\t\t\t\t<\/div>\n\t\t\t\t<div class=\"elementor-element elementor-element-103fbb51 elementor-invisible elementor-widget elementor-widget-text-editor\" data-id=\"103fbb51\" data-element_type=\"widget\" data-settings=\"{&quot;_animation&quot;:&quot;fadeInUp&quot;}\" data-widget_type=\"text-editor.default\">\n\t\t\t\t<div class=\"elementor-widget-container\">\n\t\t\t\t\t\t\t\t\t<p>\u2022 Os anexos cont\u00e9m\u00a0<strong class=\"destaque\">logomarca oficial da FAACZ<\/strong>, modelo de aplica\u00e7\u00e3o DOCx, modelo PPTx e est\u00e3o comprimidos para facilitar seu download;<\/p><p><span style=\"color: var( --e-global-color-text ); font-family: var( --e-global-typography-text-font-family ), Sans-serif; font-size: var( --e-global-typography-text-font-size ); font-weight: var( --e-global-typography-text-font-weight ); letter-spacing: var( --e-global-typography-text-letter-spacing ); text-align: var(--text-align); background-color: var( --e-global-color-a5dd0fd );\">\u2022 Evite a distor\u00e7\u00e3o das dimens\u00f5es da logomarca FAACZ ao aplic\u00e1-la em seus documentos;<\/span><\/p><p><span style=\"color: var( --e-global-color-text ); font-family: var( --e-global-typography-text-font-family ), Sans-serif; font-size: var( --e-global-typography-text-font-size ); font-weight: var( --e-global-typography-text-font-weight ); letter-spacing: var( --e-global-typography-text-letter-spacing ); text-align: var(--text-align); background-color: var( --e-global-color-a5dd0fd );\">\u2022 Evite altera\u00e7\u00e3o das cores padr\u00e3o assim como assinatura da logomarca FAACZ;<\/span><\/p><p><span style=\"color: var( --e-global-color-text ); font-family: var( --e-global-typography-text-font-family ), Sans-serif; font-size: var( --e-global-typography-text-font-size ); font-weight: var( --e-global-typography-text-font-weight ); letter-spacing: var( --e-global-typography-text-letter-spacing ); text-align: var(--text-align); background-color: var( --e-global-color-a5dd0fd );\">\u2022 Os anexos cont\u00e9m orienta\u00e7\u00f5es sobre aplica\u00e7\u00e3o, siga-as;<\/span><\/p><p><span style=\"color: var( --e-global-color-text ); font-family: var( --e-global-typography-text-font-family ), Sans-serif; font-size: var( --e-global-typography-text-font-size ); font-weight: var( --e-global-typography-text-font-weight ); letter-spacing: var( --e-global-typography-text-letter-spacing ); text-align: var(--text-align); background-color: var( --e-global-color-a5dd0fd );\">\u2022 Caso necessite de suporte para aplica\u00e7\u00e3o ou, logomarca FAACZ em outro formato gr\u00e1fico, entre em contato \u2013<\/span><strong class=\"destaque\" style=\"color: var( --e-global-color-text ); font-family: var( --e-global-typography-text-font-family ), Sans-serif; font-size: var( --e-global-typography-text-font-size ); letter-spacing: var( --e-global-typography-text-letter-spacing ); text-align: var(--text-align); background-color: var( --e-global-color-a5dd0fd );\"><a href=\"mailt:comunicacao@fsjb.edu.br\">\u00a0comunicacao@fsjb.edu.br.<\/a><\/strong><\/p>\t\t\t\t\t\t\t\t<\/div>\n\t\t\t\t<\/div>\n\t\t\t\t\t<\/div>\n\t\t\t\t<\/div>\n\t\t<div class=\"elementor-element elementor-element-3d55bea4 e-flex e-con-boxed wpr-particle-no wpr-jarallax-no wpr-parallax-no wpr-sticky-section-no e-con e-child\" data-id=\"3d55bea4\" data-element_type=\"container\">\n\t\t\t\t\t<div class=\"e-con-inner\">\n\t\t\t\t<div class=\"elementor-element elementor-element-5008fdac elementor-invisible elementor-widget elementor-widget-image\" data-id=\"5008fdac\" data-element_type=\"widget\" data-settings=\"{&quot;_animation&quot;:&quot;slideInDown&quot;}\" data-widget_type=\"image.default\">\n\t\t\t\t<div class=\"elementor-widget-container\">\n\t\t\t\t\t\t\t\t\t\t\t\t\t\t\t\t<a href=\"https:\/\/faacz.com.br\/portal\/conteudo\/logo_faacz\/logo_faacz.docx\" target=\"_blank\">\n\t\t\t\t\t\t\t<img fetchpriority=\"high\" decoding=\"async\" width=\"301\" height=\"213\" src=\"https:\/\/faacz.com.br\/portal\/wp-content\/uploads\/2024\/09\/arquivo-docx.png\" class=\"attachment-full size-full wp-image-23887\" alt=\"\" srcset=\"https:\/\/faacz.com.br\/portal\/wp-content\/uploads\/2024\/09\/arquivo-docx.png 301w, https:\/\/faacz.com.br\/portal\/wp-content\/uploads\/2024\/09\/arquivo-docx-24x17.png 24w, https:\/\/faacz.com.br\/portal\/wp-content\/uploads\/2024\/09\/arquivo-docx-36x25.png 36w, https:\/\/faacz.com.br\/portal\/wp-content\/uploads\/2024\/09\/arquivo-docx-48x34.png 48w\" sizes=\"(max-width: 301px) 100vw, 301px\" \/>\t\t\t\t\t\t\t\t<\/a>\n\t\t\t\t\t\t\t\t\t\t\t\t\t\t\t<\/div>\n\t\t\t\t<\/div>\n\t\t\t\t<div class=\"elementor-element elementor-element-09b4f6c elementor-invisible elementor-widget elementor-widget-image\" data-id=\"09b4f6c\" data-element_type=\"widget\" data-settings=\"{&quot;_animation&quot;:&quot;slideInDown&quot;}\" data-widget_type=\"image.default\">\n\t\t\t\t<div class=\"elementor-widget-container\">\n\t\t\t\t\t\t\t\t\t\t\t\t\t\t\t\t<a href=\"https:\/\/faacz.com.br\/portal\/wp-content\/uploads\/2023\/05\/modelo_apresentacao_ppt_faacz.pptx\" target=\"_blank\">\n\t\t\t\t\t\t\t<img decoding=\"async\" width=\"301\" height=\"213\" src=\"https:\/\/faacz.com.br\/portal\/wp-content\/uploads\/2024\/09\/modelo-pptx.png\" class=\"attachment-full size-full wp-image-23880\" alt=\"\" srcset=\"https:\/\/faacz.com.br\/portal\/wp-content\/uploads\/2024\/09\/modelo-pptx.png 301w, https:\/\/faacz.com.br\/portal\/wp-content\/uploads\/2024\/09\/modelo-pptx-24x17.png 24w, https:\/\/faacz.com.br\/portal\/wp-content\/uploads\/2024\/09\/modelo-pptx-36x25.png 36w, https:\/\/faacz.com.br\/portal\/wp-content\/uploads\/2024\/09\/modelo-pptx-48x34.png 48w\" sizes=\"(max-width: 301px) 100vw, 301px\" \/>\t\t\t\t\t\t\t\t<\/a>\n\t\t\t\t\t\t\t\t\t\t\t\t\t\t\t<\/div>\n\t\t\t\t<\/div>\n\t\t\t\t<div class=\"elementor-element elementor-element-1a9a3d07 elementor-invisible elementor-widget elementor-widget-image\" data-id=\"1a9a3d07\" data-element_type=\"widget\" data-settings=\"{&quot;_animation&quot;:&quot;slideInDown&quot;}\" data-widget_type=\"image.default\">\n\t\t\t\t<div class=\"elementor-widget-container\">\n\t\t\t\t\t\t\t\t\t\t\t\t\t\t\t\t<a href=\"https:\/\/faacz.com.br\/portal\/conteudo\/logo_faacz\/logo_faacz.rar\">\n\t\t\t\t\t\t\t<img decoding=\"async\" width=\"301\" height=\"213\" src=\"https:\/\/faacz.com.br\/portal\/wp-content\/uploads\/2024\/09\/logo-faacz.png\" class=\"attachment-full size-full wp-image-23879\" alt=\"\" srcset=\"https:\/\/faacz.com.br\/portal\/wp-content\/uploads\/2024\/09\/logo-faacz.png 301w, https:\/\/faacz.com.br\/portal\/wp-content\/uploads\/2024\/09\/logo-faacz-24x17.png 24w, https:\/\/faacz.com.br\/portal\/wp-content\/uploads\/2024\/09\/logo-faacz-36x25.png 36w, https:\/\/faacz.com.br\/portal\/wp-content\/uploads\/2024\/09\/logo-faacz-48x34.png 48w\" sizes=\"(max-width: 301px) 100vw, 301px\" \/>\t\t\t\t\t\t\t\t<\/a>\n\t\t\t\t\t\t\t\t\t\t\t\t\t\t\t<\/div>\n\t\t\t\t<\/div>\n\t\t\t\t\t<\/div>\n\t\t\t\t<\/div>\n\t\t\t\t\t<\/div>\n\t\t\t\t<\/div>\n\t\t\t\t<\/div>\n\t\t","protected":false},"excerpt":{"rendered":"<p>Algumas orienta\u00e7\u00f5es importantes \u2022 Os anexos cont\u00e9m\u00a0logomarca oficial da FAACZ, modelo de aplica\u00e7\u00e3o DOCx, modelo PPTx e est\u00e3o comprimidos para facilitar seu download; \u2022 Evite a distor\u00e7\u00e3o das dimens\u00f5es da logomarca FAACZ ao aplic\u00e1-la em seus documentos; \u2022 Evite altera\u00e7\u00e3o das cores padr\u00e3o assim como assinatura da logomarca FAACZ; \u2022 Os anexos cont\u00e9m orienta\u00e7\u00f5es sobre aplica\u00e7\u00e3o, siga-as; \u2022 Caso necessite de suporte para aplica\u00e7\u00e3o ou, logomarca FAACZ em outro formato gr\u00e1fico, entre em contato \u2013\u00a0comunicacao@fsjb.edu.br.<\/p>\n","protected":false},"author":1,"featured_media":0,"parent":0,"menu_order":49,"comment_status":"closed","ping_status":"closed","template":"elementor_header_footer","meta":{"_exactmetrics_skip_tracking":false,"_exactmetrics_sitenote_active":false,"_exactmetrics_sitenote_note":"","_exactmetrics_sitenote_category":0,"footnotes":""},"class_list":["post-22605","page","type-page","status-publish","hentry"],"aioseo_notices":[],"_links":{"self":[{"href":"https:\/\/faacz.com.br\/portal\/wp-json\/wp\/v2\/pages\/22605"}],"collection":[{"href":"https:\/\/faacz.com.br\/portal\/wp-json\/wp\/v2\/pages"}],"about":[{"href":"https:\/\/faacz.com.br\/portal\/wp-json\/wp\/v2\/types\/page"}],"author":[{"embeddable":true,"href":"https:\/\/faacz.com.br\/portal\/wp-json\/wp\/v2\/users\/1"}],"replies":[{"embeddable":true,"href":"https:\/\/faacz.com.br\/portal\/wp-json\/wp\/v2\/comments?post=22605"}],"version-history":[{"count":43,"href":"https:\/\/faacz.com.br\/portal\/wp-json\/wp\/v2\/pages\/22605\/revisions"}],"predecessor-version":[{"id":26476,"href":"https:\/\/faacz.com.br\/portal\/wp-json\/wp\/v2\/pages\/22605\/revisions\/26476"}],"wp:attachment":[{"href":"https:\/\/faacz.com.br\/portal\/wp-json\/wp\/v2\/media?parent=22605"}],"curies":[{"name":"wp","href":"https:\/\/api.w.org\/{rel}","templated":true}]}}