{"id":22601,"date":"2024-09-17T03:36:53","date_gmt":"2024-09-17T06:36:53","guid":{"rendered":"https:\/\/faacz.com.br\/portal\/npj-nucleo-de-praticas-juridicas\/"},"modified":"2024-10-18T08:41:33","modified_gmt":"2024-10-18T11:41:33","slug":"npj","status":"publish","type":"page","link":"https:\/\/faacz.com.br\/portal\/npj\/","title":{"rendered":"NPJ &#8211; N\u00facleo de Pr\u00e1ticas Jur\u00eddicas"},"content":{"rendered":"\t\t<div data-elementor-type=\"wp-page\" data-elementor-id=\"22601\" class=\"elementor elementor-22601\" data-elementor-settings=\"{&quot;ha_cmc_init_switcher&quot;:&quot;no&quot;}\" data-elementor-post-type=\"page\">\n\t\t\t\t<div class=\"elementor-element elementor-element-6f2f7762 bg-roxo e-flex e-con-boxed wpr-particle-no wpr-jarallax-no wpr-parallax-no wpr-sticky-section-no e-con e-parent\" data-id=\"6f2f7762\" data-element_type=\"container\" data-settings=\"{&quot;background_background&quot;:&quot;classic&quot;}\">\n\t\t\t\t\t<div class=\"e-con-inner\">\n\t\t<div class=\"elementor-element elementor-element-5e1ac83 e-flex e-con-boxed wpr-particle-no wpr-jarallax-no wpr-parallax-no wpr-sticky-section-no e-con e-child\" data-id=\"5e1ac83\" data-element_type=\"container\">\n\t\t\t\t\t<div class=\"e-con-inner\">\n\t\t\t\t<div class=\"elementor-element elementor-element-1508d840 elementor-invisible elementor-widget elementor-widget-heading\" data-id=\"1508d840\" data-element_type=\"widget\" data-settings=\"{&quot;_animation&quot;:&quot;fadeInLeft&quot;}\" data-widget_type=\"heading.default\">\n\t\t\t\t<div class=\"elementor-widget-container\">\n\t\t\t\t\t<h1 class=\"elementor-heading-title elementor-size-default\">NPJ &#8211; N\u00facleo de Pr\u00e1ticas Jur\u00eddicas<\/h1>\t\t\t\t<\/div>\n\t\t\t\t<\/div>\n\t\t\t\t<div class=\"elementor-element elementor-element-32f82033 elementor-widget-divider--view-line elementor-invisible elementor-widget elementor-widget-divider\" data-id=\"32f82033\" data-element_type=\"widget\" data-settings=\"{&quot;_animation&quot;:&quot;fadeInDown&quot;}\" data-widget_type=\"divider.default\">\n\t\t\t\t<div class=\"elementor-widget-container\">\n\t\t\t\t\t\t\t<div class=\"elementor-divider\">\n\t\t\t<span class=\"elementor-divider-separator\">\n\t\t\t\t\t\t<\/span>\n\t\t<\/div>\n\t\t\t\t\t\t<\/div>\n\t\t\t\t<\/div>\n\t\t\t\t\t<\/div>\n\t\t\t\t<\/div>\n\t\t\t\t\t<\/div>\n\t\t\t\t<\/div>\n\t\t<div class=\"elementor-element elementor-element-6fb5781 e-flex e-con-boxed wpr-particle-no wpr-jarallax-no wpr-parallax-no wpr-sticky-section-no e-con e-parent\" data-id=\"6fb5781\" data-element_type=\"container\">\n\t\t\t\t\t<div class=\"e-con-inner\">\n\t\t\t\t<div class=\"elementor-element elementor-element-3e29597a elementor-invisible elementor-widget elementor-widget-image\" data-id=\"3e29597a\" data-element_type=\"widget\" data-settings=\"{&quot;_animation&quot;:&quot;fadeIn&quot;}\" data-widget_type=\"image.default\">\n\t\t\t\t<div class=\"elementor-widget-container\">\n\t\t\t\t\t\t\t\t\t\t\t\t\t\t\t<img fetchpriority=\"high\" decoding=\"async\" width=\"960\" height=\"340\" src=\"https:\/\/faacz.com.br\/portal\/wp-content\/uploads\/2024\/09\/NPJ-img.webp\" class=\"attachment-full size-full wp-image-22602\" alt=\"\" srcset=\"https:\/\/faacz.com.br\/portal\/wp-content\/uploads\/2024\/09\/NPJ-img.webp 960w, https:\/\/faacz.com.br\/portal\/wp-content\/uploads\/2024\/09\/NPJ-img-800x283.webp 800w, https:\/\/faacz.com.br\/portal\/wp-content\/uploads\/2024\/09\/NPJ-img-768x272.webp 768w, https:\/\/faacz.com.br\/portal\/wp-content\/uploads\/2024\/09\/NPJ-img-24x9.webp 24w, https:\/\/faacz.com.br\/portal\/wp-content\/uploads\/2024\/09\/NPJ-img-36x13.webp 36w, https:\/\/faacz.com.br\/portal\/wp-content\/uploads\/2024\/09\/NPJ-img-48x17.webp 48w\" sizes=\"(max-width: 960px) 100vw, 960px\" \/>\t\t\t\t\t\t\t\t\t\t\t\t\t\t\t<\/div>\n\t\t\t\t<\/div>\n\t\t\t\t<div class=\"elementor-element elementor-element-206a0b0 animated-slow elementor-invisible elementor-widget elementor-widget-text-editor\" data-id=\"206a0b0\" data-element_type=\"widget\" data-settings=\"{&quot;_animation&quot;:&quot;fadeInDown&quot;}\" data-widget_type=\"text-editor.default\">\n\t\t\t\t<div class=\"elementor-widget-container\">\n\t\t\t\t\t\t\t\t\t<p>O N\u00facleo de Pr\u00e1tica Jur\u00eddica (NPJ) \u00e9 reconhecido pelo seu car\u00e1ter pedag\u00f3gico, ao passo em que estabelece o primeiro contato do aluno com quest\u00f5es pr\u00e1ticas \u2013 e, muitas vezes, seu \u00fanico contato com a realidade social vivenciada por pessoas carentes\u2013, auxiliando tanto em sua forma\u00e7\u00e3o acad\u00eamica quanto profissional. \u00c9 patente o compromisso da FAACZ na promo\u00e7\u00e3o de a\u00e7\u00f5es socialmente respons\u00e1veis, al\u00e9m da garantia de participa\u00e7\u00e3o do corpo discente em tais pr\u00e1ticas, quando podem refletir e intervir de modo ativo na realidade social em que est\u00e3o inseridos. A jornada \u00e9 longa e cont\u00ednua, mas os objetivos s\u00e3o sempre alcan\u00e7ados com dedica\u00e7\u00e3o e empenho, na medida das possibilidades.<\/p><p>Os jornalistas que necessitem de informa\u00e7\u00f5es e indica\u00e7\u00e3o de professores e demais colaboradores da FAACZ para entrevista entrem em contato com a Assessoria de Imprensa e receber\u00e3o o suporte necess\u00e1rio para sua not\u00edcia e reportagem.<\/p>\t\t\t\t\t\t\t\t<\/div>\n\t\t\t\t<\/div>\n\t\t\t\t<div class=\"elementor-element elementor-element-753946c6 elementor-invisible elementor-widget elementor-widget-heading\" data-id=\"753946c6\" data-element_type=\"widget\" data-settings=\"{&quot;_animation&quot;:&quot;fadeInDown&quot;}\" data-widget_type=\"heading.default\">\n\t\t\t\t<div class=\"elementor-widget-container\">\n\t\t\t\t\t<h2 class=\"elementor-heading-title elementor-size-default\">\u00c1reas de atendimento<\/h2>\t\t\t\t<\/div>\n\t\t\t\t<\/div>\n\t\t\t\t<div class=\"elementor-element elementor-element-7998ae38 animated-slow elementor-invisible elementor-widget elementor-widget-text-editor\" data-id=\"7998ae38\" data-element_type=\"widget\" data-settings=\"{&quot;_animation&quot;:&quot;fadeInDown&quot;}\" data-widget_type=\"text-editor.default\">\n\t\t\t\t<div class=\"elementor-widget-container\">\n\t\t\t\t\t\t\t\t\tAs principais \u00e1reas de atendimento do NPJ abrangem:\n\t\t\t\t\t\t\t\t<\/div>\n\t\t\t\t<\/div>\n\t\t\t\t<div class=\"elementor-element elementor-element-2a816568 animated-slow elementor-invisible elementor-widget elementor-widget-text-editor\" data-id=\"2a816568\" data-element_type=\"widget\" data-settings=\"{&quot;_animation&quot;:&quot;fadeInDown&quot;}\" data-widget_type=\"text-editor.default\">\n\t\t\t\t<div class=\"elementor-widget-container\">\n\t\t\t\t\t\t\t\t\t<ul class=\"alinhalista\">\n \t<li>c\u00edveis, que compreendem<\/li>\n \t<li>fam\u00edlia;<\/li>\n \t<li>trabalho;<\/li>\n \t<li>consumidor;<\/li>\n \t<li>juizado especial.<\/li>\n<\/ul>\t\t\t\t\t\t\t\t<\/div>\n\t\t\t\t<\/div>\n\t\t\t\t<div class=\"elementor-element elementor-element-4ff4de26 elementor-invisible elementor-widget elementor-widget-heading\" data-id=\"4ff4de26\" data-element_type=\"widget\" data-settings=\"{&quot;_animation&quot;:&quot;fadeInDown&quot;}\" data-widget_type=\"heading.default\">\n\t\t\t\t<div class=\"elementor-widget-container\">\n\t\t\t\t\t<h2 class=\"elementor-heading-title elementor-size-default\">Servi\u00e7os oferecidos pelo NPJ FAACZ:<\/h2>\t\t\t\t<\/div>\n\t\t\t\t<\/div>\n\t\t\t\t<div class=\"elementor-element elementor-element-29410f4d animated-slow elementor-invisible elementor-widget elementor-widget-text-editor\" data-id=\"29410f4d\" data-element_type=\"widget\" data-settings=\"{&quot;_animation&quot;:&quot;fadeInDown&quot;}\" data-widget_type=\"text-editor.default\">\n\t\t\t\t<div class=\"elementor-widget-container\">\n\t\t\t\t\t\t\t\t\t<ul class=\"alinhalista\">\n \t<li>Orienta\u00e7\u00e3o e presta\u00e7\u00e3o de servi\u00e7os jur\u00eddicos nas areas c\u00edvel e trabalhista;<\/li>\n \t<li>Pr\u00e1tica de atividades de media\u00e7\u00e3o, negocia\u00e7\u00e3o e concilia\u00e7\u00e3o;<\/li>\n \t<li>acompanhamento em audi\u00eancias.<\/li>\n<\/ul>\t\t\t\t\t\t\t\t<\/div>\n\t\t\t\t<\/div>\n\t\t\t\t<div class=\"elementor-element elementor-element-7ddb5164 elementor-invisible elementor-widget elementor-widget-heading\" data-id=\"7ddb5164\" data-element_type=\"widget\" data-settings=\"{&quot;_animation&quot;:&quot;fadeInDown&quot;}\" data-widget_type=\"heading.default\">\n\t\t\t\t<div class=\"elementor-widget-container\">\n\t\t\t\t\t<h2 class=\"elementor-heading-title elementor-size-default\">Quem pode usufruir destes servi\u00e7os:<\/h2>\t\t\t\t<\/div>\n\t\t\t\t<\/div>\n\t\t\t\t<div class=\"elementor-element elementor-element-1505a6cf animated-slow elementor-invisible elementor-widget elementor-widget-text-editor\" data-id=\"1505a6cf\" data-element_type=\"widget\" data-settings=\"{&quot;_animation&quot;:&quot;fadeInDown&quot;}\" data-widget_type=\"text-editor.default\">\n\t\t\t\t<div class=\"elementor-widget-container\">\n\t\t\t\t\t\t\t\t\t<p>O NPJ, enquanto agente de inclus\u00e3o social, oferece seus servi\u00e7os mais especificamente \u00e0 popula\u00e7\u00e3o considerada de baixa renda, com renda de at\u00e9 3 sal\u00e1rios m\u00ednimos mensais.<\/p>\t\t\t\t\t\t\t\t<\/div>\n\t\t\t\t<\/div>\n\t\t\t\t\t<\/div>\n\t\t\t\t<\/div>\n\t\t\t\t<\/div>\n\t\t","protected":false},"excerpt":{"rendered":"<p>O N\u00facleo de Pr\u00e1tica Jur\u00eddica (NPJ) \u00e9 reconhecido pelo seu car\u00e1ter pedag\u00f3gico, ao passo em que estabelece o primeiro contato do aluno com quest\u00f5es pr\u00e1ticas \u2013 e, muitas vezes, seu \u00fanico contato com a realidade social vivenciada por pessoas carentes\u2013, auxiliando tanto em sua forma\u00e7\u00e3o acad\u00eamica quanto profissional. \u00c9 patente o compromisso da FAACZ na promo\u00e7\u00e3o de a\u00e7\u00f5es socialmente respons\u00e1veis, al\u00e9m da garantia de participa\u00e7\u00e3o do corpo discente em tais pr\u00e1ticas, quando podem refletir e intervir de modo ativo na realidade social em que est\u00e3o inseridos. A jornada \u00e9 longa e cont\u00ednua, mas os objetivos s\u00e3o sempre alcan\u00e7ados com dedica\u00e7\u00e3o e empenho, na medida das possibilidades. Os jornalistas que necessitem de informa\u00e7\u00f5es e indica\u00e7\u00e3o de professores e demais colaboradores da FAACZ para entrevista entrem em contato com a Assessoria de Imprensa e receber\u00e3o o suporte necess\u00e1rio para sua not\u00edcia e reportagem. \u00c1reas de atendimento As principais \u00e1reas de atendimento do NPJ abrangem: c\u00edveis, que compreendem fam\u00edlia; trabalho; consumidor; juizado especial. Servi\u00e7os oferecidos pelo NPJ FAACZ: Orienta\u00e7\u00e3o e presta\u00e7\u00e3o de servi\u00e7os jur\u00eddicos nas areas c\u00edvel e trabalhista; Pr\u00e1tica de atividades de media\u00e7\u00e3o, negocia\u00e7\u00e3o e concilia\u00e7\u00e3o; acompanhamento em audi\u00eancias. Quem pode usufruir destes servi\u00e7os: O NPJ, enquanto agente de inclus\u00e3o social, oferece seus servi\u00e7os mais especificamente \u00e0 popula\u00e7\u00e3o considerada de baixa renda, com renda de at\u00e9 3 sal\u00e1rios m\u00ednimos mensais.<\/p>\n","protected":false},"author":1,"featured_media":0,"parent":0,"menu_order":50,"comment_status":"closed","ping_status":"closed","template":"elementor_header_footer","meta":{"_exactmetrics_skip_tracking":false,"_exactmetrics_sitenote_active":false,"_exactmetrics_sitenote_note":"","_exactmetrics_sitenote_category":0,"footnotes":""},"class_list":["post-22601","page","type-page","status-publish","hentry"],"aioseo_notices":[],"_links":{"self":[{"href":"https:\/\/faacz.com.br\/portal\/wp-json\/wp\/v2\/pages\/22601"}],"collection":[{"href":"https:\/\/faacz.com.br\/portal\/wp-json\/wp\/v2\/pages"}],"about":[{"href":"https:\/\/faacz.com.br\/portal\/wp-json\/wp\/v2\/types\/page"}],"author":[{"embeddable":true,"href":"https:\/\/faacz.com.br\/portal\/wp-json\/wp\/v2\/users\/1"}],"replies":[{"embeddable":true,"href":"https:\/\/faacz.com.br\/portal\/wp-json\/wp\/v2\/comments?post=22601"}],"version-history":[{"count":20,"href":"https:\/\/faacz.com.br\/portal\/wp-json\/wp\/v2\/pages\/22601\/revisions"}],"predecessor-version":[{"id":26756,"href":"https:\/\/faacz.com.br\/portal\/wp-json\/wp\/v2\/pages\/22601\/revisions\/26756"}],"wp:attachment":[{"href":"https:\/\/faacz.com.br\/portal\/wp-json\/wp\/v2\/media?parent=22601"}],"curies":[{"name":"wp","href":"https:\/\/api.w.org\/{rel}","templated":true}]}}