{"id":22597,"date":"2024-09-17T03:36:52","date_gmt":"2024-09-17T06:36:52","guid":{"rendered":"https:\/\/faacz.com.br\/portal\/noaps-nucleo-de-orientacao-e-apoio-psicopedagogico\/"},"modified":"2025-08-22T10:53:40","modified_gmt":"2025-08-22T13:53:40","slug":"noaps","status":"publish","type":"page","link":"https:\/\/faacz.com.br\/portal\/noaps\/","title":{"rendered":"NOAPS &#8211; N\u00facleo de Orienta\u00e7\u00e3o e Apoio Psicopedag\u00f3gico"},"content":{"rendered":"\t\t<div data-elementor-type=\"wp-page\" data-elementor-id=\"22597\" class=\"elementor elementor-22597\" data-elementor-settings=\"{&quot;ha_cmc_init_switcher&quot;:&quot;no&quot;}\" data-elementor-post-type=\"page\">\n\t\t\t\t<div class=\"elementor-element elementor-element-173ca3ad bg-roxo e-flex e-con-boxed wpr-particle-no wpr-jarallax-no wpr-parallax-no wpr-sticky-section-no e-con e-parent\" data-id=\"173ca3ad\" data-element_type=\"container\" data-settings=\"{&quot;background_background&quot;:&quot;classic&quot;}\">\n\t\t\t\t\t<div class=\"e-con-inner\">\n\t\t<div class=\"elementor-element elementor-element-6b63858 e-flex e-con-boxed wpr-particle-no wpr-jarallax-no wpr-parallax-no wpr-sticky-section-no e-con e-child\" data-id=\"6b63858\" data-element_type=\"container\">\n\t\t\t\t\t<div class=\"e-con-inner\">\n\t\t\t\t<div class=\"elementor-element elementor-element-6762a116 elementor-invisible elementor-widget elementor-widget-heading\" data-id=\"6762a116\" data-element_type=\"widget\" data-settings=\"{&quot;_animation&quot;:&quot;fadeInLeft&quot;}\" data-widget_type=\"heading.default\">\n\t\t\t\t<div class=\"elementor-widget-container\">\n\t\t\t\t\t<h1 class=\"elementor-heading-title elementor-size-default\">NOAPS &#8211; N\u00facleo de Orienta\u00e7\u00e3o e Apoio Psicopedag\u00f3gico<\/h1>\t\t\t\t<\/div>\n\t\t\t\t<\/div>\n\t\t\t\t<div class=\"elementor-element elementor-element-43786ec7 elementor-widget-divider--view-line elementor-invisible elementor-widget elementor-widget-divider\" data-id=\"43786ec7\" data-element_type=\"widget\" data-settings=\"{&quot;_animation&quot;:&quot;fadeInDown&quot;}\" data-widget_type=\"divider.default\">\n\t\t\t\t<div class=\"elementor-widget-container\">\n\t\t\t\t\t\t\t<div class=\"elementor-divider\">\n\t\t\t<span class=\"elementor-divider-separator\">\n\t\t\t\t\t\t<\/span>\n\t\t<\/div>\n\t\t\t\t\t\t<\/div>\n\t\t\t\t<\/div>\n\t\t\t\t\t<\/div>\n\t\t\t\t<\/div>\n\t\t\t\t\t<\/div>\n\t\t\t\t<\/div>\n\t\t<div class=\"elementor-element elementor-element-20a8953a e-con-full e-flex wpr-particle-no wpr-jarallax-no wpr-parallax-no wpr-sticky-section-no e-con e-parent\" data-id=\"20a8953a\" data-element_type=\"container\">\n\t\t<div class=\"elementor-element elementor-element-5eaed8a0 e-con-full e-flex wpr-particle-no wpr-jarallax-no wpr-parallax-no wpr-sticky-section-no e-con e-child\" data-id=\"5eaed8a0\" data-element_type=\"container\" data-settings=\"{&quot;background_background&quot;:&quot;classic&quot;}\">\n\t\t<div class=\"elementor-element elementor-element-3adc46e9 e-con-full e-flex wpr-particle-no wpr-jarallax-no wpr-parallax-no wpr-sticky-section-no e-con e-child\" data-id=\"3adc46e9\" data-element_type=\"container\">\n\t\t\t\t<div class=\"elementor-element elementor-element-1a602246 elementor-invisible elementor-widget elementor-widget-heading\" data-id=\"1a602246\" data-element_type=\"widget\" data-settings=\"{&quot;_animation&quot;:&quot;fadeInDown&quot;}\" data-widget_type=\"heading.default\">\n\t\t\t\t<div class=\"elementor-widget-container\">\n\t\t\t\t\t<h2 class=\"elementor-heading-title elementor-size-default\">Fale com o NOAPS<\/h2>\t\t\t\t<\/div>\n\t\t\t\t<\/div>\n\t\t\t\t<div class=\"elementor-element elementor-element-6aed1cfe elementor-invisible elementor-widget elementor-widget-heading\" data-id=\"6aed1cfe\" data-element_type=\"widget\" data-settings=\"{&quot;_animation&quot;:&quot;fadeInDown&quot;}\" data-widget_type=\"heading.default\">\n\t\t\t\t<div class=\"elementor-widget-container\">\n\t\t\t\t\t<h2 class=\"elementor-heading-title elementor-size-default\"><b>Atendimento\u00a0ao p\u00fablico:<\/b> Agendando<\/h2>\t\t\t\t<\/div>\n\t\t\t\t<\/div>\n\t\t\t\t<div class=\"elementor-element elementor-element-1bfbacff elementor-invisible elementor-widget elementor-widget-button\" data-id=\"1bfbacff\" data-element_type=\"widget\" data-settings=\"{&quot;_animation&quot;:&quot;fadeInDown&quot;}\" data-widget_type=\"button.default\">\n\t\t\t\t<div class=\"elementor-widget-container\">\n\t\t\t\t\t\t\t\t\t<div class=\"elementor-button-wrapper\">\n\t\t\t\t\t<a class=\"elementor-button elementor-button-link elementor-size-sm\" href=\"https:\/\/faacz.com.br\/portal\/agendamento-noaps\/\">\n\t\t\t\t\t\t<span class=\"elementor-button-content-wrapper\">\n\t\t\t\t\t\t\t\t\t<span class=\"elementor-button-text\">Quero agendar<\/span>\n\t\t\t\t\t<\/span>\n\t\t\t\t\t<\/a>\n\t\t\t\t<\/div>\n\t\t\t\t\t\t\t\t<\/div>\n\t\t\t\t<\/div>\n\t\t\t\t<\/div>\n\t\t<div class=\"elementor-element elementor-element-3ad94daf e-con-full e-flex wpr-particle-no wpr-jarallax-no wpr-parallax-no wpr-sticky-section-no elementor-invisible e-con e-child\" data-id=\"3ad94daf\" data-element_type=\"container\" data-settings=\"{&quot;animation&quot;:&quot;fadeInRight&quot;}\">\n\t\t\t\t<div class=\"elementor-element elementor-element-643cacd9 elementor-invisible elementor-widget elementor-widget-image\" data-id=\"643cacd9\" data-element_type=\"widget\" data-settings=\"{&quot;_animation&quot;:&quot;fadeInRight&quot;}\" data-widget_type=\"image.default\">\n\t\t\t\t<div class=\"elementor-widget-container\">\n\t\t\t\t\t\t\t\t\t\t\t\t\t\t\t<img fetchpriority=\"high\" decoding=\"async\" width=\"452\" height=\"302\" src=\"https:\/\/faacz.com.br\/portal\/wp-content\/uploads\/2024\/09\/noaps-img.webp\" class=\"attachment-full size-full wp-image-22598\" alt=\"\" srcset=\"https:\/\/faacz.com.br\/portal\/wp-content\/uploads\/2024\/09\/noaps-img.webp 452w, https:\/\/faacz.com.br\/portal\/wp-content\/uploads\/2024\/09\/noaps-img-24x16.webp 24w, https:\/\/faacz.com.br\/portal\/wp-content\/uploads\/2024\/09\/noaps-img-36x24.webp 36w, https:\/\/faacz.com.br\/portal\/wp-content\/uploads\/2024\/09\/noaps-img-48x32.webp 48w, https:\/\/faacz.com.br\/portal\/wp-content\/uploads\/2024\/09\/noaps-img-272x182.webp 272w\" sizes=\"(max-width: 452px) 100vw, 452px\" \/>\t\t\t\t\t\t\t\t\t\t\t\t\t\t\t<\/div>\n\t\t\t\t<\/div>\n\t\t\t\t<\/div>\n\t\t\t\t<\/div>\n\t\t<div class=\"elementor-element elementor-element-3552d09 e-con-full e-flex wpr-particle-no wpr-jarallax-no wpr-parallax-no wpr-sticky-section-no elementor-invisible e-con e-child\" data-id=\"3552d09\" data-element_type=\"container\" data-settings=\"{&quot;animation&quot;:&quot;fadeInUp&quot;}\">\n\t\t\t\t<div class=\"elementor-element elementor-element-2d0ff449 elementor-widget elementor-widget-text-editor\" data-id=\"2d0ff449\" data-element_type=\"widget\" data-widget_type=\"text-editor.default\">\n\t\t\t\t<div class=\"elementor-widget-container\">\n\t\t\t\t\t\t\t\t\t<p>O N\u00facleo de Orienta\u00e7\u00e3o e Apoio Psicopedag\u00f3gico (NOAPS) \u00e9 um servi\u00e7o de apoio ao estudante de gradua\u00e7\u00e3o que tem como objetivo acolher e orientar o aluno em seus conflitos e dificuldades que podem estar interferindo na sua adapta\u00e7\u00e3o e desenvolvimento acad\u00eamico. Al\u00e9m dos acad\u00eamicos, o N\u00facleo tamb\u00e9m pode atender os docentes, bem como os funcion\u00e1rios t\u00e9cnicos-administrativos e operacionais da institui\u00e7\u00e3o.<\/p>\t\t\t\t\t\t\t\t<\/div>\n\t\t\t\t<\/div>\n\t\t\t\t<div class=\"elementor-element elementor-element-367cb849 elementor-widget elementor-widget-heading\" data-id=\"367cb849\" data-element_type=\"widget\" data-widget_type=\"heading.default\">\n\t\t\t\t<div class=\"elementor-widget-container\">\n\t\t\t\t\t<h2 class=\"elementor-heading-title elementor-size-default\">Como \u00e9 feito o atendimento?<\/h2>\t\t\t\t<\/div>\n\t\t\t\t<\/div>\n\t\t\t\t<div class=\"elementor-element elementor-element-6d0ada6 elementor-widget elementor-widget-text-editor\" data-id=\"6d0ada6\" data-element_type=\"widget\" data-widget_type=\"text-editor.default\">\n\t\t\t\t<div class=\"elementor-widget-container\">\n\t\t\t\t\t\t\t\t\tAtrav\u00e9s de uma escuta qualificada realizada por profissional especializado, o estudante \u00e9 estimulado a identificar situa\u00e7\u00f5es que podem estar gerando comprometimento emocional e cognitivo e, consequentemente, afetando a sua sa\u00fade mental e o seu desempenho acad\u00eamico. <strong class=\"destaque\">Os\u00a0atendimentos s\u00e3o individuais e t\u00eam dura\u00e7\u00e3o de 30 minutos<\/strong>,\u00a0podendo o aluno ou docente, bem como os funcion\u00e1rios t\u00e9cnicos-administrativos e operacionais terem\u00a0<strong class=\"destaque\">at\u00e9 3 (tr\u00eas) atendimentos por semestre.<\/strong>\t\t\t\t\t\t\t\t<\/div>\n\t\t\t\t<\/div>\n\t\t\t\t<div class=\"elementor-element elementor-element-670bdc73 elementor-widget elementor-widget-heading\" data-id=\"670bdc73\" data-element_type=\"widget\" data-widget_type=\"heading.default\">\n\t\t\t\t<div class=\"elementor-widget-container\">\n\t\t\t\t\t<h2 class=\"elementor-heading-title elementor-size-default\">Como posso ser atendido no NOAPS?<\/h2>\t\t\t\t<\/div>\n\t\t\t\t<\/div>\n\t\t\t\t<div class=\"elementor-element elementor-element-1ebaa85 elementor-widget elementor-widget-text-editor\" data-id=\"1ebaa85\" data-element_type=\"widget\" data-widget_type=\"text-editor.default\">\n\t\t\t\t<div class=\"elementor-widget-container\">\n\t\t\t\t\t\t\t\t\t<p>Todos os estudantes dos cursos superiores da FAACZ podem ser atendidos pelo NOAPS, desde que estejam com\u00a0<strong class=\"destaque\">situa\u00e7\u00e3o regular de matr\u00edcula<\/strong>.\u00a0Os atendimentos ocorrer\u00e3o nas\u00a0<strong class=\"destaque\">segundas-feiras<\/strong>, de forma presencial, com hor\u00e1rios previamente agendados entre <strong class=\"destaque\">18h e 19h.<\/strong><\/p><p><strong class=\"destaque\" style=\"letter-spacing: var( --e-global-typography-text-letter-spacing ); text-align: var(--text-align); background-color: var( --e-global-color-a5dd0fd );\">A solicita\u00e7\u00e3o de agendamento deve ser realizada pelo <strong>e-mail <u><a href=\"mailto:noaps@fsjb.edu.br\" data-linkindex=\"0\">noaps@fsjb.edu.br<\/a><\/u>\u00a0ou pelo site da faculdade no link do NOAPS<\/strong><\/strong>.<span style=\"color: var( --e-global-color-text ); letter-spacing: var( --e-global-typography-text-letter-spacing ); text-align: var(--text-align); background-color: var( --e-global-color-a5dd0fd );\">\u00a0Os agendamentos ser\u00e3o confirmados por e-mail, seguindo a ordem cronol\u00f3gica de solicita\u00e7\u00f5es.<\/span><\/p><p><span style=\"color: var( --e-global-color-text ); letter-spacing: var( --e-global-typography-text-letter-spacing ); text-align: var(--text-align); background-color: var( --e-global-color-a5dd0fd );\">Os alunos dos cursos de gradua\u00e7\u00e3o, podem ser encaminhados por professores e\/ou coordenadores de curso. J\u00e1 os colaboradores da institui\u00e7\u00e3o, podem ser encaminhados pelo gestor imediato, pelo Setor de RH, ou podem enviar um e-mail, diretamente, ao N\u00facleo que dar\u00e1 retorno, conforme o relato feito, nesse primeiro contato. Ap\u00f3s o envio do e-mail, \u00e9 necess\u00e1rio que o solicitante aguarde um retorno confirmando o dia e hor\u00e1rio do atendimento.<\/span><\/p><p><span style=\"color: var( --e-global-color-text ); letter-spacing: var( --e-global-typography-text-letter-spacing ); text-align: var(--text-align); background-color: var( --e-global-color-a5dd0fd );\">A\u00a0<\/span><strong class=\"destaque\" style=\"letter-spacing: var( --e-global-typography-text-letter-spacing ); text-align: var(--text-align); background-color: var( --e-global-color-a5dd0fd );\">sala do NOAPS est\u00e1 localizada no pr\u00e9dio Samoel Costa (Bloco D)<\/strong><span style=\"color: var( --e-global-color-text ); letter-spacing: var( --e-global-typography-text-letter-spacing ); text-align: var(--text-align); background-color: var( --e-global-color-a5dd0fd );\">, pr\u00f3xima a sala dos coordenadores de curso da FAACZ. Acreditamos em uma educa\u00e7\u00e3o acolhedora e, por isso, estamos dispon\u00edveis para receb\u00ea-lo nesse servi\u00e7o.<\/span><\/p>\t\t\t\t\t\t\t\t<\/div>\n\t\t\t\t<\/div>\n\t\t\t\t<\/div>\n\t\t\t\t<div class=\"elementor-element elementor-element-731a5fc2 elementor-widget elementor-widget-spacer\" data-id=\"731a5fc2\" data-element_type=\"widget\" data-widget_type=\"spacer.default\">\n\t\t\t\t<div class=\"elementor-widget-container\">\n\t\t\t\t\t\t\t<div class=\"elementor-spacer\">\n\t\t\t<div class=\"elementor-spacer-inner\"><\/div>\n\t\t<\/div>\n\t\t\t\t\t\t<\/div>\n\t\t\t\t<\/div>\n\t\t\t\t<\/div>\n\t\t<div class=\"elementor-element elementor-element-12fd8ff e-flex e-con-boxed wpr-particle-no wpr-jarallax-no wpr-parallax-no wpr-sticky-section-no e-con e-parent\" data-id=\"12fd8ff\" data-element_type=\"container\">\n\t\t\t\t\t<div class=\"e-con-inner\">\n\t\t\t\t<div class=\"elementor-element elementor-element-fceec95 elementor-widget elementor-widget-heading\" data-id=\"fceec95\" data-element_type=\"widget\" data-widget_type=\"heading.default\">\n\t\t\t\t<div class=\"elementor-widget-container\">\n\t\t\t\t\t<h2 class=\"elementor-heading-title elementor-size-default\"><a href=\"https:\/\/faacz.com.br\/portal\/wp-content\/uploads\/2025\/08\/REGULAMENTO-NOAPS-2021-1.pdf\" target=\"_blank\">Regulamento do NOAPS<\/a><\/h2>\t\t\t\t<\/div>\n\t\t\t\t<\/div>\n\t\t\t\t\t<\/div>\n\t\t\t\t<\/div>\n\t\t<div class=\"elementor-element elementor-element-529ff39 e-flex e-con-boxed wpr-particle-no wpr-jarallax-no wpr-parallax-no wpr-sticky-section-no e-con e-parent\" data-id=\"529ff39\" data-element_type=\"container\">\n\t\t\t\t\t<div class=\"e-con-inner\">\n\t\t\t\t\t<\/div>\n\t\t\t\t<\/div>\n\t\t\t\t<\/div>\n\t\t","protected":false},"excerpt":{"rendered":"<p>Fale com o NOAPS Atendimento\u00a0ao p\u00fablico: Agendando Quero agendar O N\u00facleo de Orienta\u00e7\u00e3o e Apoio Psicopedag\u00f3gico (NOAPS) \u00e9 um servi\u00e7o de apoio ao estudante de gradua\u00e7\u00e3o que tem como objetivo acolher e orientar o aluno em seus conflitos e dificuldades que podem estar interferindo na sua adapta\u00e7\u00e3o e desenvolvimento acad\u00eamico. Al\u00e9m dos acad\u00eamicos, o N\u00facleo tamb\u00e9m pode atender os docentes, bem como os funcion\u00e1rios t\u00e9cnicos-administrativos e operacionais da institui\u00e7\u00e3o. Como \u00e9 feito o atendimento? Atrav\u00e9s de uma escuta qualificada realizada por profissional especializado, o estudante \u00e9 estimulado a identificar situa\u00e7\u00f5es que podem estar gerando comprometimento emocional e cognitivo e, consequentemente, afetando a sua sa\u00fade mental e o seu desempenho acad\u00eamico. Os\u00a0atendimentos s\u00e3o individuais e t\u00eam dura\u00e7\u00e3o de 30 minutos,\u00a0podendo o aluno ou docente, bem como os funcion\u00e1rios t\u00e9cnicos-administrativos e operacionais terem\u00a0at\u00e9 3 (tr\u00eas) atendimentos por semestre. Como posso ser atendido no NOAPS? Todos os estudantes dos cursos superiores da FAACZ podem ser atendidos pelo NOAPS, desde que estejam com\u00a0situa\u00e7\u00e3o regular de matr\u00edcula.\u00a0Os atendimentos ocorrer\u00e3o nas\u00a0segundas-feiras, de forma presencial, com hor\u00e1rios previamente agendados entre 18h e 19h. A solicita\u00e7\u00e3o de agendamento deve ser realizada pelo e-mail noaps@fsjb.edu.br\u00a0ou pelo site da faculdade no link do NOAPS.\u00a0Os agendamentos ser\u00e3o confirmados por e-mail, seguindo a ordem cronol\u00f3gica de solicita\u00e7\u00f5es. Os alunos dos cursos de gradua\u00e7\u00e3o, podem ser encaminhados por professores e\/ou coordenadores de curso. J\u00e1 os colaboradores da institui\u00e7\u00e3o, podem ser encaminhados pelo gestor imediato, pelo Setor de RH, ou podem enviar um e-mail, diretamente, ao N\u00facleo que dar\u00e1 retorno, conforme o relato feito, nesse primeiro contato. Ap\u00f3s o envio do e-mail, \u00e9 necess\u00e1rio que o solicitante aguarde um retorno confirmando o dia e hor\u00e1rio do atendimento. A\u00a0sala do NOAPS est\u00e1 localizada no pr\u00e9dio Samoel Costa (Bloco D), pr\u00f3xima a sala dos coordenadores de curso da FAACZ. Acreditamos em uma educa\u00e7\u00e3o acolhedora e, por isso, estamos dispon\u00edveis para receb\u00ea-lo nesse servi\u00e7o. Regulamento do NOAPS<\/p>\n","protected":false},"author":1,"featured_media":0,"parent":0,"menu_order":51,"comment_status":"closed","ping_status":"closed","template":"elementor_header_footer","meta":{"_exactmetrics_skip_tracking":false,"_exactmetrics_sitenote_active":false,"_exactmetrics_sitenote_note":"","_exactmetrics_sitenote_category":0,"footnotes":""},"class_list":["post-22597","page","type-page","status-publish","hentry"],"aioseo_notices":[],"_links":{"self":[{"href":"https:\/\/faacz.com.br\/portal\/wp-json\/wp\/v2\/pages\/22597"}],"collection":[{"href":"https:\/\/faacz.com.br\/portal\/wp-json\/wp\/v2\/pages"}],"about":[{"href":"https:\/\/faacz.com.br\/portal\/wp-json\/wp\/v2\/types\/page"}],"author":[{"embeddable":true,"href":"https:\/\/faacz.com.br\/portal\/wp-json\/wp\/v2\/users\/1"}],"replies":[{"embeddable":true,"href":"https:\/\/faacz.com.br\/portal\/wp-json\/wp\/v2\/comments?post=22597"}],"version-history":[{"count":28,"href":"https:\/\/faacz.com.br\/portal\/wp-json\/wp\/v2\/pages\/22597\/revisions"}],"predecessor-version":[{"id":38391,"href":"https:\/\/faacz.com.br\/portal\/wp-json\/wp\/v2\/pages\/22597\/revisions\/38391"}],"wp:attachment":[{"href":"https:\/\/faacz.com.br\/portal\/wp-json\/wp\/v2\/media?parent=22597"}],"curies":[{"name":"wp","href":"https:\/\/api.w.org\/{rel}","templated":true}]}}